{"id":11886,"date":"2023-11-29T11:10:10","date_gmt":"2023-11-29T14:10:10","guid":{"rendered":"https:\/\/medicina.udd.cl\/icim\/?page_id=11886"},"modified":"2023-11-29T11:10:11","modified_gmt":"2023-11-29T14:10:11","slug":"instalaciones-centro-de-estudios-clinicos","status":"publish","type":"page","link":"https:\/\/medicina.udd.cl\/icim\/instalaciones-centro-de-estudios-clinicos\/","title":{"rendered":"Instalaciones Centro de Estudios Cl\u00ednicos"},"content":{"rendered":"\n<p>El Centro de Estudios Cl\u00ednicos cuenta con instalaciones construidas espec\u00edficamente para los estudios cl\u00ednicos a fines del a\u00f1o 2022.<\/p>\n\n\n\n<p>Durante el a\u00f1o 2023 recibi\u00f3 las aprobaciones pertinentes de la Secretar\u00eda Regional Ministerial del Servicio de Salud Oriente (SEREMI SSO) .<\/p>\n\n\n\n<p>Cuenta con:<\/p>\n\n\n\n<ul class=\"wp-block-list\"><li>\u00c1rea de Recepci\u00f3n<\/li><li>3 oficinas de atenci\u00f3n de participantes<\/li><li>1 sala de toma de muestras<\/li><li>1 sala de procedimientos<\/li><li>1 sala de trabajo para las coordinadoras<\/li><li>Ba\u00f1os para p\u00fablico general y para personas con necesidades especiales de desplazamiento<\/li><li>\u00c1rea separada del p\u00fablico con refrigeradores y freezers -20 y -70 y lugares de almacenamiento de productos de investigaci\u00f3n.<\/li><li>\u00c1rea de espera en patio interno techado con suficiente espacio para juego de ni\u00f1os.<\/li><\/ul>\n\n\n\n<figure class=\"wp-block-gallery has-nested-images columns-default is-cropped wp-block-gallery-1 is-layout-flex wp-block-gallery-is-layout-flex\">\n<figure class=\"wp-block-image size-large\"><img loading=\"lazy\" decoding=\"async\" width=\"768\" height=\"1024\" data-id=\"11891\" src=\"https:\/\/medicina.udd.cl\/icim\/files\/2023\/11\/img-7800-768x1024.jpg\" alt=\"\" class=\"wp-image-11891\" srcset=\"https:\/\/medicina.udd.cl\/icim\/files\/2023\/11\/img-7800-768x1024.jpg 768w, https:\/\/medicina.udd.cl\/icim\/files\/2023\/11\/img-7800-225x300.jpg 225w, https:\/\/medicina.udd.cl\/icim\/files\/2023\/11\/img-7800-1152x1536.jpg 1152w, https:\/\/medicina.udd.cl\/icim\/files\/2023\/11\/img-7800-1536x2048.jpg 1536w, https:\/\/medicina.udd.cl\/icim\/files\/2023\/11\/img-7800-scaled.jpg 1920w\" sizes=\"auto, (max-width: 768px) 100vw, 768px\" \/><\/figure>\n\n\n\n<figure class=\"wp-block-image size-large\"><img loading=\"lazy\" decoding=\"async\" width=\"768\" height=\"1024\" data-id=\"11889\" src=\"https:\/\/medicina.udd.cl\/icim\/files\/2023\/11\/img-7807-768x1024.jpg\" alt=\"\" class=\"wp-image-11889\" srcset=\"https:\/\/medicina.udd.cl\/icim\/files\/2023\/11\/img-7807-768x1024.jpg 768w, https:\/\/medicina.udd.cl\/icim\/files\/2023\/11\/img-7807-225x300.jpg 225w, https:\/\/medicina.udd.cl\/icim\/files\/2023\/11\/img-7807-1152x1536.jpg 1152w, https:\/\/medicina.udd.cl\/icim\/files\/2023\/11\/img-7807-1536x2048.jpg 1536w, https:\/\/medicina.udd.cl\/icim\/files\/2023\/11\/img-7807-scaled.jpg 1920w\" sizes=\"auto, (max-width: 768px) 100vw, 768px\" \/><\/figure>\n\n\n\n<figure class=\"wp-block-image size-large\"><img loading=\"lazy\" decoding=\"async\" width=\"1024\" height=\"768\" data-id=\"11892\" src=\"https:\/\/medicina.udd.cl\/icim\/files\/2023\/11\/recepcion-1024x768.jpg\" alt=\"\" class=\"wp-image-11892\" srcset=\"https:\/\/medicina.udd.cl\/icim\/files\/2023\/11\/recepcion-1024x768.jpg 1024w, https:\/\/medicina.udd.cl\/icim\/files\/2023\/11\/recepcion-300x225.jpg 300w, https:\/\/medicina.udd.cl\/icim\/files\/2023\/11\/recepcion-768x576.jpg 768w, https:\/\/medicina.udd.cl\/icim\/files\/2023\/11\/recepcion-1536x1152.jpg 1536w, https:\/\/medicina.udd.cl\/icim\/files\/2023\/11\/recepcion-2048x1536.jpg 2048w\" sizes=\"auto, (max-width: 1024px) 100vw, 1024px\" \/><\/figure>\n\n\n\n<figure class=\"wp-block-image size-large\"><img loading=\"lazy\" decoding=\"async\" width=\"1024\" height=\"768\" data-id=\"11887\" src=\"https:\/\/medicina.udd.cl\/icim\/files\/2023\/11\/img-7809-1024x768.jpg\" alt=\"\" class=\"wp-image-11887\" srcset=\"https:\/\/medicina.udd.cl\/icim\/files\/2023\/11\/img-7809-1024x768.jpg 1024w, https:\/\/medicina.udd.cl\/icim\/files\/2023\/11\/img-7809-300x225.jpg 300w, https:\/\/medicina.udd.cl\/icim\/files\/2023\/11\/img-7809-768x576.jpg 768w, https:\/\/medicina.udd.cl\/icim\/files\/2023\/11\/img-7809-1536x1152.jpg 1536w, https:\/\/medicina.udd.cl\/icim\/files\/2023\/11\/img-7809-2048x1536.jpg 2048w\" sizes=\"auto, (max-width: 1024px) 100vw, 1024px\" \/><\/figure>\n\n\n\n<figure class=\"wp-block-image size-large\"><img loading=\"lazy\" decoding=\"async\" width=\"1024\" height=\"768\" data-id=\"11888\" src=\"https:\/\/medicina.udd.cl\/icim\/files\/2023\/11\/sala-de-trabajo-coordinadoras-1024x768.jpg\" alt=\"\" class=\"wp-image-11888\" srcset=\"https:\/\/medicina.udd.cl\/icim\/files\/2023\/11\/sala-de-trabajo-coordinadoras-1024x768.jpg 1024w, https:\/\/medicina.udd.cl\/icim\/files\/2023\/11\/sala-de-trabajo-coordinadoras-300x225.jpg 300w, https:\/\/medicina.udd.cl\/icim\/files\/2023\/11\/sala-de-trabajo-coordinadoras-768x576.jpg 768w, https:\/\/medicina.udd.cl\/icim\/files\/2023\/11\/sala-de-trabajo-coordinadoras-1536x1152.jpg 1536w, https:\/\/medicina.udd.cl\/icim\/files\/2023\/11\/sala-de-trabajo-coordinadoras-2048x1536.jpg 2048w\" sizes=\"auto, (max-width: 1024px) 100vw, 1024px\" \/><\/figure>\n\n\n\n<figure class=\"wp-block-image size-large\"><img loading=\"lazy\" decoding=\"async\" width=\"1024\" height=\"768\" data-id=\"11890\" src=\"https:\/\/medicina.udd.cl\/icim\/files\/2023\/11\/toma-de-muestras-1024x768.jpg\" alt=\"\" class=\"wp-image-11890\" srcset=\"https:\/\/medicina.udd.cl\/icim\/files\/2023\/11\/toma-de-muestras-1024x768.jpg 1024w, https:\/\/medicina.udd.cl\/icim\/files\/2023\/11\/toma-de-muestras-300x225.jpg 300w, https:\/\/medicina.udd.cl\/icim\/files\/2023\/11\/toma-de-muestras-768x576.jpg 768w, https:\/\/medicina.udd.cl\/icim\/files\/2023\/11\/toma-de-muestras-1536x1152.jpg 1536w, https:\/\/medicina.udd.cl\/icim\/files\/2023\/11\/toma-de-muestras-2048x1536.jpg 2048w\" sizes=\"auto, (max-width: 1024px) 100vw, 1024px\" \/><\/figure>\n<\/figure>\n","protected":false},"excerpt":{"rendered":"<p>El Centro de Estudios Cl\u00ednicos cuenta con instalaciones construidas espec\u00edficamente para los estudios cl\u00ednicos a fines del a\u00f1o 2022. Durante el a\u00f1o 2023 recibi\u00f3 las aprobaciones pertinentes de la Secretar\u00eda Regional Ministerial del Servicio de Salud Oriente (SEREMI SSO) . Cuenta con: \u00c1rea de Recepci\u00f3n 3 oficinas de atenci\u00f3n de participantes 1 sala de toma [&hellip;]<\/p>\n","protected":false},"author":9192254,"featured_media":0,"parent":0,"menu_order":0,"comment_status":"closed","ping_status":"closed","template":"","meta":{"footnotes":""},"class_list":["post-11886","page","type-page","status-publish","hentry"],"yoast_head":"<!-- This site is optimized with the Yoast SEO plugin v26.9 - https:\/\/yoast.com\/product\/yoast-seo-wordpress\/ -->\n<title>Instalaciones Centro de Estudios Cl\u00ednicos - ICIM<\/title>\n<meta name=\"robots\" content=\"index, follow, max-snippet:-1, max-image-preview:large, max-video-preview:-1\" \/>\n<link rel=\"canonical\" href=\"https:\/\/medicina.udd.cl\/icim\/instalaciones-centro-de-estudios-clinicos\/\" \/>\n<meta property=\"og:locale\" content=\"es_ES\" \/>\n<meta property=\"og:type\" content=\"article\" \/>\n<meta property=\"og:title\" content=\"Instalaciones Centro de Estudios Cl\u00ednicos - ICIM\" \/>\n<meta property=\"og:description\" content=\"El Centro de Estudios Cl\u00ednicos cuenta con instalaciones construidas espec\u00edficamente para los estudios cl\u00ednicos a fines del a\u00f1o 2022. Durante el a\u00f1o 2023 recibi\u00f3 las aprobaciones pertinentes de la Secretar\u00eda Regional Ministerial del Servicio de Salud Oriente (SEREMI SSO) . Cuenta con: \u00c1rea de Recepci\u00f3n 3 oficinas de atenci\u00f3n de participantes 1 sala de toma [&hellip;]\" \/>\n<meta property=\"og:url\" content=\"https:\/\/medicina.udd.cl\/icim\/instalaciones-centro-de-estudios-clinicos\/\" \/>\n<meta property=\"og:site_name\" content=\"ICIM\" \/>\n<meta property=\"article:modified_time\" content=\"2023-11-29T14:10:11+00:00\" \/>\n<meta property=\"og:image\" content=\"https:\/\/medicina.udd.cl\/icim\/files\/2023\/11\/img-7800-768x1024.jpg\" \/>\n<meta name=\"twitter:card\" content=\"summary_large_image\" \/>\n<meta name=\"twitter:label1\" content=\"Tiempo de lectura\" \/>\n\t<meta name=\"twitter:data1\" content=\"2 minutos\" \/>\n<script type=\"application\/ld+json\" class=\"yoast-schema-graph\">{\"@context\":\"https:\/\/schema.org\",\"@graph\":[{\"@type\":\"WebPage\",\"@id\":\"https:\/\/medicina.udd.cl\/icim\/instalaciones-centro-de-estudios-clinicos\/\",\"url\":\"https:\/\/medicina.udd.cl\/icim\/instalaciones-centro-de-estudios-clinicos\/\",\"name\":\"Instalaciones Centro de Estudios Cl\u00ednicos - ICIM\",\"isPartOf\":{\"@id\":\"https:\/\/medicina.udd.cl\/icim\/#website\"},\"primaryImageOfPage\":{\"@id\":\"https:\/\/medicina.udd.cl\/icim\/instalaciones-centro-de-estudios-clinicos\/#primaryimage\"},\"image\":{\"@id\":\"https:\/\/medicina.udd.cl\/icim\/instalaciones-centro-de-estudios-clinicos\/#primaryimage\"},\"thumbnailUrl\":\"https:\/\/medicina.udd.cl\/icim\/files\/2023\/11\/img-7800-768x1024.jpg\",\"datePublished\":\"2023-11-29T14:10:10+00:00\",\"dateModified\":\"2023-11-29T14:10:11+00:00\",\"breadcrumb\":{\"@id\":\"https:\/\/medicina.udd.cl\/icim\/instalaciones-centro-de-estudios-clinicos\/#breadcrumb\"},\"inLanguage\":\"es\",\"potentialAction\":[{\"@type\":\"ReadAction\",\"target\":[\"https:\/\/medicina.udd.cl\/icim\/instalaciones-centro-de-estudios-clinicos\/\"]}]},{\"@type\":\"ImageObject\",\"inLanguage\":\"es\",\"@id\":\"https:\/\/medicina.udd.cl\/icim\/instalaciones-centro-de-estudios-clinicos\/#primaryimage\",\"url\":\"https:\/\/medicina.udd.cl\/icim\/files\/2023\/11\/img-7800-scaled.jpg\",\"contentUrl\":\"https:\/\/medicina.udd.cl\/icim\/files\/2023\/11\/img-7800-scaled.jpg\",\"width\":1920,\"height\":2560},{\"@type\":\"BreadcrumbList\",\"@id\":\"https:\/\/medicina.udd.cl\/icim\/instalaciones-centro-de-estudios-clinicos\/#breadcrumb\",\"itemListElement\":[{\"@type\":\"ListItem\",\"position\":1,\"name\":\"Inicio\",\"item\":\"https:\/\/medicina.udd.cl\/icim\/\"},{\"@type\":\"ListItem\",\"position\":2,\"name\":\"Instalaciones Centro de Estudios Cl\u00ednicos\"}]},{\"@type\":\"WebSite\",\"@id\":\"https:\/\/medicina.udd.cl\/icim\/#website\",\"url\":\"https:\/\/medicina.udd.cl\/icim\/\",\"name\":\"ICIM\",\"description\":\"Una iniciativa de Universidad del Desarrollo y Cl\u00ednica Alemana\",\"inLanguage\":\"es\"}]}<\/script>\n<!-- \/ Yoast SEO plugin. -->","yoast_head_json":{"title":"Instalaciones Centro de Estudios Cl\u00ednicos - ICIM","robots":{"index":"index","follow":"follow","max-snippet":"max-snippet:-1","max-image-preview":"max-image-preview:large","max-video-preview":"max-video-preview:-1"},"canonical":"https:\/\/medicina.udd.cl\/icim\/instalaciones-centro-de-estudios-clinicos\/","og_locale":"es_ES","og_type":"article","og_title":"Instalaciones Centro de Estudios Cl\u00ednicos - ICIM","og_description":"El Centro de Estudios Cl\u00ednicos cuenta con instalaciones construidas espec\u00edficamente para los estudios cl\u00ednicos a fines del a\u00f1o 2022. Durante el a\u00f1o 2023 recibi\u00f3 las aprobaciones pertinentes de la Secretar\u00eda Regional Ministerial del Servicio de Salud Oriente (SEREMI SSO) . Cuenta con: \u00c1rea de Recepci\u00f3n 3 oficinas de atenci\u00f3n de participantes 1 sala de toma [&hellip;]","og_url":"https:\/\/medicina.udd.cl\/icim\/instalaciones-centro-de-estudios-clinicos\/","og_site_name":"ICIM","article_modified_time":"2023-11-29T14:10:11+00:00","og_image":[{"url":"https:\/\/medicina.udd.cl\/icim\/files\/2023\/11\/img-7800-768x1024.jpg","type":"","width":"","height":""}],"twitter_card":"summary_large_image","twitter_misc":{"Tiempo de lectura":"2 minutos"},"schema":{"@context":"https:\/\/schema.org","@graph":[{"@type":"WebPage","@id":"https:\/\/medicina.udd.cl\/icim\/instalaciones-centro-de-estudios-clinicos\/","url":"https:\/\/medicina.udd.cl\/icim\/instalaciones-centro-de-estudios-clinicos\/","name":"Instalaciones Centro de Estudios Cl\u00ednicos - ICIM","isPartOf":{"@id":"https:\/\/medicina.udd.cl\/icim\/#website"},"primaryImageOfPage":{"@id":"https:\/\/medicina.udd.cl\/icim\/instalaciones-centro-de-estudios-clinicos\/#primaryimage"},"image":{"@id":"https:\/\/medicina.udd.cl\/icim\/instalaciones-centro-de-estudios-clinicos\/#primaryimage"},"thumbnailUrl":"https:\/\/medicina.udd.cl\/icim\/files\/2023\/11\/img-7800-768x1024.jpg","datePublished":"2023-11-29T14:10:10+00:00","dateModified":"2023-11-29T14:10:11+00:00","breadcrumb":{"@id":"https:\/\/medicina.udd.cl\/icim\/instalaciones-centro-de-estudios-clinicos\/#breadcrumb"},"inLanguage":"es","potentialAction":[{"@type":"ReadAction","target":["https:\/\/medicina.udd.cl\/icim\/instalaciones-centro-de-estudios-clinicos\/"]}]},{"@type":"ImageObject","inLanguage":"es","@id":"https:\/\/medicina.udd.cl\/icim\/instalaciones-centro-de-estudios-clinicos\/#primaryimage","url":"https:\/\/medicina.udd.cl\/icim\/files\/2023\/11\/img-7800-scaled.jpg","contentUrl":"https:\/\/medicina.udd.cl\/icim\/files\/2023\/11\/img-7800-scaled.jpg","width":1920,"height":2560},{"@type":"BreadcrumbList","@id":"https:\/\/medicina.udd.cl\/icim\/instalaciones-centro-de-estudios-clinicos\/#breadcrumb","itemListElement":[{"@type":"ListItem","position":1,"name":"Inicio","item":"https:\/\/medicina.udd.cl\/icim\/"},{"@type":"ListItem","position":2,"name":"Instalaciones Centro de Estudios Cl\u00ednicos"}]},{"@type":"WebSite","@id":"https:\/\/medicina.udd.cl\/icim\/#website","url":"https:\/\/medicina.udd.cl\/icim\/","name":"ICIM","description":"Una iniciativa de Universidad del Desarrollo y Cl\u00ednica Alemana","inLanguage":"es"}]}},"_links":{"self":[{"href":"https:\/\/medicina.udd.cl\/icim\/wp-json\/wp\/v2\/pages\/11886","targetHints":{"allow":["GET"]}}],"collection":[{"href":"https:\/\/medicina.udd.cl\/icim\/wp-json\/wp\/v2\/pages"}],"about":[{"href":"https:\/\/medicina.udd.cl\/icim\/wp-json\/wp\/v2\/types\/page"}],"author":[{"embeddable":true,"href":"https:\/\/medicina.udd.cl\/icim\/wp-json\/wp\/v2\/users\/9192254"}],"replies":[{"embeddable":true,"href":"https:\/\/medicina.udd.cl\/icim\/wp-json\/wp\/v2\/comments?post=11886"}],"version-history":[{"count":2,"href":"https:\/\/medicina.udd.cl\/icim\/wp-json\/wp\/v2\/pages\/11886\/revisions"}],"predecessor-version":[{"id":12129,"href":"https:\/\/medicina.udd.cl\/icim\/wp-json\/wp\/v2\/pages\/11886\/revisions\/12129"}],"wp:attachment":[{"href":"https:\/\/medicina.udd.cl\/icim\/wp-json\/wp\/v2\/media?parent=11886"}],"curies":[{"name":"wp","href":"https:\/\/api.w.org\/{rel}","templated":true}]}}