{"id":12546,"date":"2024-05-07T11:58:30","date_gmt":"2024-05-07T15:58:30","guid":{"rendered":"https:\/\/medicina.udd.cl\/icim\/?page_id=12546"},"modified":"2024-05-07T12:00:32","modified_gmt":"2024-05-07T16:00:32","slug":"programa-epidermolisis-bulosa","status":"publish","type":"page","link":"https:\/\/medicina.udd.cl\/icim\/areas-de-investigacion\/programa-epidermolisis-bulosa\/","title":{"rendered":"Programa Epiderm\u00f3lisis Bulosa"},"content":{"rendered":"\n<p>La Epidermolisis Bulosa (EB), tambi\u00e9n conocida como \u201cPiel de Cristal\u201d, es una enfermedad no contagiosa caracterizada por la formaci\u00f3n de ampollas y heridas en la piel y las mucosas. La piel es tan fr\u00e1gil, que frente a un peque\u00f1o trauma o roce se pueden formar ampollas y luego heridas.<\/p>\n\n\n\n<p>La piel est\u00e1 compuesta principalmente por dos capas, la m\u00e1s superficial se llama epidermis y la m\u00e1s profunda es conocida como dermis. La zona de uni\u00f3n de ambas capas se llama membrana basal. Hay distintos tipos de EB dependiendo si el defecto est\u00e1 sobre o bajo la zona de la membrana basal.<\/p>\n\n\n\n<p>El Instituto de Ciencias e Innovaci\u00f3n en Medicina (ICIM), en alianza con la Fundaci\u00f3n Debra Chile, cuenta con el \u00abPrograma de Epidermolisis Bulosa\u00bb. Este programa marca el inicio de una etapa m\u00e1s avanzada de colaboraci\u00f3n entre ambas instituciones, fortaleciendo nuestra larga historia de investigaci\u00f3n conjunta en beneficio de quienes padecen esta enfermedad.<\/p>\n\n\n\n<p>Los investigadores DEBRA-ICIM est\u00e1n ubicados en las nuevas instalaciones de la Fundaci\u00f3n Debra en Ciudad Empresarial, donde se encuentran las oficinas para atenci\u00f3n m\u00e9dica y el \u00e1rea de investigaci\u00f3n.<\/p>\n","protected":false},"excerpt":{"rendered":"<p>La Epidermolisis Bulosa (EB), tambi\u00e9n conocida como \u201cPiel de Cristal\u201d, es una enfermedad no contagiosa caracterizada por la formaci\u00f3n de ampollas y heridas en la piel y las mucosas. La piel es tan fr\u00e1gil, que frente a un peque\u00f1o trauma o roce se pueden formar ampollas y luego heridas. La piel est\u00e1 compuesta principalmente por [&hellip;]<\/p>\n","protected":false},"author":9192254,"featured_media":0,"parent":14,"menu_order":0,"comment_status":"closed","ping_status":"closed","template":"","meta":{"footnotes":""},"class_list":["post-12546","page","type-page","status-publish","hentry"],"yoast_head":"<!-- This site is optimized with the Yoast SEO plugin v26.9 - https:\/\/yoast.com\/product\/yoast-seo-wordpress\/ -->\n<title>Programa Epiderm\u00f3lisis Bulosa - ICIM<\/title>\n<meta name=\"robots\" content=\"index, follow, max-snippet:-1, max-image-preview:large, max-video-preview:-1\" \/>\n<link rel=\"canonical\" href=\"https:\/\/medicina.udd.cl\/icim\/areas-de-investigacion\/programa-epidermolisis-bulosa\/\" \/>\n<meta property=\"og:locale\" content=\"es_ES\" \/>\n<meta property=\"og:type\" content=\"article\" \/>\n<meta property=\"og:title\" content=\"Programa Epiderm\u00f3lisis Bulosa - ICIM\" \/>\n<meta property=\"og:description\" content=\"La Epidermolisis Bulosa (EB), tambi\u00e9n conocida como \u201cPiel de Cristal\u201d, es una enfermedad no contagiosa caracterizada por la formaci\u00f3n de ampollas y heridas en la piel y las mucosas. La piel es tan fr\u00e1gil, que frente a un peque\u00f1o trauma o roce se pueden formar ampollas y luego heridas. La piel est\u00e1 compuesta principalmente por [&hellip;]\" \/>\n<meta property=\"og:url\" content=\"https:\/\/medicina.udd.cl\/icim\/areas-de-investigacion\/programa-epidermolisis-bulosa\/\" \/>\n<meta property=\"og:site_name\" content=\"ICIM\" \/>\n<meta property=\"article:modified_time\" content=\"2024-05-07T16:00:32+00:00\" \/>\n<meta name=\"twitter:card\" content=\"summary_large_image\" \/>\n<meta name=\"twitter:label1\" content=\"Tiempo de lectura\" \/>\n\t<meta name=\"twitter:data1\" content=\"1 minuto\" \/>\n<script type=\"application\/ld+json\" class=\"yoast-schema-graph\">{\"@context\":\"https:\/\/schema.org\",\"@graph\":[{\"@type\":\"WebPage\",\"@id\":\"https:\/\/medicina.udd.cl\/icim\/areas-de-investigacion\/programa-epidermolisis-bulosa\/\",\"url\":\"https:\/\/medicina.udd.cl\/icim\/areas-de-investigacion\/programa-epidermolisis-bulosa\/\",\"name\":\"Programa Epiderm\u00f3lisis Bulosa - ICIM\",\"isPartOf\":{\"@id\":\"https:\/\/medicina.udd.cl\/icim\/#website\"},\"datePublished\":\"2024-05-07T15:58:30+00:00\",\"dateModified\":\"2024-05-07T16:00:32+00:00\",\"breadcrumb\":{\"@id\":\"https:\/\/medicina.udd.cl\/icim\/areas-de-investigacion\/programa-epidermolisis-bulosa\/#breadcrumb\"},\"inLanguage\":\"es\",\"potentialAction\":[{\"@type\":\"ReadAction\",\"target\":[\"https:\/\/medicina.udd.cl\/icim\/areas-de-investigacion\/programa-epidermolisis-bulosa\/\"]}]},{\"@type\":\"BreadcrumbList\",\"@id\":\"https:\/\/medicina.udd.cl\/icim\/areas-de-investigacion\/programa-epidermolisis-bulosa\/#breadcrumb\",\"itemListElement\":[{\"@type\":\"ListItem\",\"position\":1,\"name\":\"Inicio\",\"item\":\"https:\/\/medicina.udd.cl\/icim\/\"},{\"@type\":\"ListItem\",\"position\":2,\"name\":\"Centros y programas\",\"item\":\"https:\/\/medicina.udd.cl\/icim\/areas-de-investigacion\/\"},{\"@type\":\"ListItem\",\"position\":3,\"name\":\"Programa Epiderm\u00f3lisis Bulosa\"}]},{\"@type\":\"WebSite\",\"@id\":\"https:\/\/medicina.udd.cl\/icim\/#website\",\"url\":\"https:\/\/medicina.udd.cl\/icim\/\",\"name\":\"ICIM\",\"description\":\"Una iniciativa de Universidad del Desarrollo y Cl\u00ednica Alemana\",\"inLanguage\":\"es\"}]}<\/script>\n<!-- \/ Yoast SEO plugin. -->","yoast_head_json":{"title":"Programa Epiderm\u00f3lisis Bulosa - ICIM","robots":{"index":"index","follow":"follow","max-snippet":"max-snippet:-1","max-image-preview":"max-image-preview:large","max-video-preview":"max-video-preview:-1"},"canonical":"https:\/\/medicina.udd.cl\/icim\/areas-de-investigacion\/programa-epidermolisis-bulosa\/","og_locale":"es_ES","og_type":"article","og_title":"Programa Epiderm\u00f3lisis Bulosa - ICIM","og_description":"La Epidermolisis Bulosa (EB), tambi\u00e9n conocida como \u201cPiel de Cristal\u201d, es una enfermedad no contagiosa caracterizada por la formaci\u00f3n de ampollas y heridas en la piel y las mucosas. La piel es tan fr\u00e1gil, que frente a un peque\u00f1o trauma o roce se pueden formar ampollas y luego heridas. La piel est\u00e1 compuesta principalmente por [&hellip;]","og_url":"https:\/\/medicina.udd.cl\/icim\/areas-de-investigacion\/programa-epidermolisis-bulosa\/","og_site_name":"ICIM","article_modified_time":"2024-05-07T16:00:32+00:00","twitter_card":"summary_large_image","twitter_misc":{"Tiempo de lectura":"1 minuto"},"schema":{"@context":"https:\/\/schema.org","@graph":[{"@type":"WebPage","@id":"https:\/\/medicina.udd.cl\/icim\/areas-de-investigacion\/programa-epidermolisis-bulosa\/","url":"https:\/\/medicina.udd.cl\/icim\/areas-de-investigacion\/programa-epidermolisis-bulosa\/","name":"Programa Epiderm\u00f3lisis Bulosa - ICIM","isPartOf":{"@id":"https:\/\/medicina.udd.cl\/icim\/#website"},"datePublished":"2024-05-07T15:58:30+00:00","dateModified":"2024-05-07T16:00:32+00:00","breadcrumb":{"@id":"https:\/\/medicina.udd.cl\/icim\/areas-de-investigacion\/programa-epidermolisis-bulosa\/#breadcrumb"},"inLanguage":"es","potentialAction":[{"@type":"ReadAction","target":["https:\/\/medicina.udd.cl\/icim\/areas-de-investigacion\/programa-epidermolisis-bulosa\/"]}]},{"@type":"BreadcrumbList","@id":"https:\/\/medicina.udd.cl\/icim\/areas-de-investigacion\/programa-epidermolisis-bulosa\/#breadcrumb","itemListElement":[{"@type":"ListItem","position":1,"name":"Inicio","item":"https:\/\/medicina.udd.cl\/icim\/"},{"@type":"ListItem","position":2,"name":"Centros y programas","item":"https:\/\/medicina.udd.cl\/icim\/areas-de-investigacion\/"},{"@type":"ListItem","position":3,"name":"Programa Epiderm\u00f3lisis Bulosa"}]},{"@type":"WebSite","@id":"https:\/\/medicina.udd.cl\/icim\/#website","url":"https:\/\/medicina.udd.cl\/icim\/","name":"ICIM","description":"Una iniciativa de Universidad del Desarrollo y Cl\u00ednica Alemana","inLanguage":"es"}]}},"_links":{"self":[{"href":"https:\/\/medicina.udd.cl\/icim\/wp-json\/wp\/v2\/pages\/12546","targetHints":{"allow":["GET"]}}],"collection":[{"href":"https:\/\/medicina.udd.cl\/icim\/wp-json\/wp\/v2\/pages"}],"about":[{"href":"https:\/\/medicina.udd.cl\/icim\/wp-json\/wp\/v2\/types\/page"}],"author":[{"embeddable":true,"href":"https:\/\/medicina.udd.cl\/icim\/wp-json\/wp\/v2\/users\/9192254"}],"replies":[{"embeddable":true,"href":"https:\/\/medicina.udd.cl\/icim\/wp-json\/wp\/v2\/comments?post=12546"}],"version-history":[{"count":2,"href":"https:\/\/medicina.udd.cl\/icim\/wp-json\/wp\/v2\/pages\/12546\/revisions"}],"predecessor-version":[{"id":12556,"href":"https:\/\/medicina.udd.cl\/icim\/wp-json\/wp\/v2\/pages\/12546\/revisions\/12556"}],"up":[{"embeddable":true,"href":"https:\/\/medicina.udd.cl\/icim\/wp-json\/wp\/v2\/pages\/14"}],"wp:attachment":[{"href":"https:\/\/medicina.udd.cl\/icim\/wp-json\/wp\/v2\/media?parent=12546"}],"curies":[{"name":"wp","href":"https:\/\/api.w.org\/{rel}","templated":true}]}}