{"id":30,"date":"2016-09-30T14:41:42","date_gmt":"2016-09-30T14:41:42","guid":{"rendered":"http:\/\/medicina.udd.cl\/icim\/?page_id=30"},"modified":"2025-09-26T13:29:28","modified_gmt":"2025-09-26T16:29:28","slug":"oficina-de-apoyo-a-la-investigacion","status":"publish","type":"page","link":"https:\/\/medicina.udd.cl\/icim\/instituto-de-ciencias-e-innovacion-en-medicina-icim\/unidades-de-apoyo\/oficina-de-apoyo-a-la-investigacion\/","title":{"rendered":"Oficina de Apoyo a la Investigaci\u00f3n"},"content":{"rendered":"<p>Tiene como misi\u00f3n \u00a0ser una Unidad de apoyo a los investigadores de la Facultad de Medicina CAS-UDD en cuanto a la gesti\u00f3n administrativa y asuntos regulatorios, asistiendo de manera centralizada e informada en \u00a0las diferentes etapas de los proyectos que se desarrollan.<\/p>\n<p style=\"text-align: justify\">Esta oficina asiste a los investigadores en la postulaci\u00f3n a fondos concursables, en la solicitud de respaldo o Patrocinio de la Facultad y de la Universidad, y en la administraci\u00f3n y rendici\u00f3n financiera de proyectos. Entrega informaci\u00f3n sobre las actividades de investigaci\u00f3n y aspectos relevante de los temas relacionados. Por otro lado, mantiene registro de la actividad (publicaciones y proyectos) y gestiona incentivos de investigaci\u00f3n de la UDD.<\/p>\n<p style=\"text-align: justify\">Documentos de inter\u00e9s para descargar:<\/p>\n<ul>\n<li><strong><a class=\"pdf-download\" href=\"http:\/\/medicina.udd.cl\/files\/2016\/05\/INSTRUCTIVO-AFILIACION-FACULTAD-DE-MEDICINA-ICIM-2015.pdf\">Instructivo de Afiliaci\u00f3n para las publicaciones y libros de la Facultad de Medicina CAS-UDD<\/a><\/strong><\/li>\n<li><strong><a href=\"http:\/\/medicina.udd.cl\/icim\/asuntos-regulatorios-unidad-investigacion-estudiantes-2do-ano-medicina\/\" rel=\"noopener\">Asuntos regulatorios para Unidad de Investigaci\u00f3n 2do a\u00f1o de Medicina\u00a0<\/a><\/strong><\/li>\n<\/ul>\n<p style=\"text-align: left\">\n\n\n<p><strong>Contacto:<\/strong><\/p>\n\n\n\n<p>Tom\u00e1s Mardones<br>tmardones@udd.cl<br>Director Ejecutivo<br>ICIM<\/p>\n","protected":false},"excerpt":{"rendered":"<p>Tiene como misi\u00f3n \u00a0ser una Unidad de apoyo a los investigadores de la Facultad de Medicina CAS-UDD en cuanto a la gesti\u00f3n administrativa y asuntos regulatorios, asistiendo de manera centralizada e informada en \u00a0las diferentes etapas de los proyectos que se desarrollan. Esta oficina asiste a los investigadores en la postulaci\u00f3n a fondos concursables, en [&hellip;]<\/p>\n","protected":false},"author":42,"featured_media":0,"parent":5374,"menu_order":0,"comment_status":"closed","ping_status":"closed","template":"","meta":{"footnotes":""},"class_list":["post-30","page","type-page","status-publish","hentry"],"yoast_head":"<!-- This site is optimized with the Yoast SEO plugin v26.9 - https:\/\/yoast.com\/product\/yoast-seo-wordpress\/ -->\n<title>Oficina de Apoyo a la Investigaci\u00f3n - ICIM<\/title>\n<meta name=\"robots\" content=\"index, follow, max-snippet:-1, max-image-preview:large, max-video-preview:-1\" \/>\n<link rel=\"canonical\" href=\"https:\/\/medicina.udd.cl\/icim\/instituto-de-ciencias-e-innovacion-en-medicina-icim\/unidades-de-apoyo\/oficina-de-apoyo-a-la-investigacion\/\" \/>\n<meta property=\"og:locale\" content=\"es_ES\" \/>\n<meta property=\"og:type\" content=\"article\" \/>\n<meta property=\"og:title\" content=\"Oficina de Apoyo a la Investigaci\u00f3n - ICIM\" \/>\n<meta property=\"og:description\" content=\"Tiene como misi\u00f3n \u00a0ser una Unidad de apoyo a los investigadores de la Facultad de Medicina CAS-UDD en cuanto a la gesti\u00f3n administrativa y asuntos regulatorios, asistiendo de manera centralizada e informada en \u00a0las diferentes etapas de los proyectos que se desarrollan. Esta oficina asiste a los investigadores en la postulaci\u00f3n a fondos concursables, en [&hellip;]\" \/>\n<meta property=\"og:url\" content=\"https:\/\/medicina.udd.cl\/icim\/instituto-de-ciencias-e-innovacion-en-medicina-icim\/unidades-de-apoyo\/oficina-de-apoyo-a-la-investigacion\/\" \/>\n<meta property=\"og:site_name\" content=\"ICIM\" \/>\n<meta property=\"article:modified_time\" content=\"2025-09-26T16:29:28+00:00\" \/>\n<meta name=\"twitter:card\" content=\"summary_large_image\" \/>\n<meta name=\"twitter:label1\" content=\"Tiempo de lectura\" \/>\n\t<meta name=\"twitter:data1\" content=\"1 minuto\" \/>\n<script type=\"application\/ld+json\" class=\"yoast-schema-graph\">{\"@context\":\"https:\/\/schema.org\",\"@graph\":[{\"@type\":\"WebPage\",\"@id\":\"https:\/\/medicina.udd.cl\/icim\/instituto-de-ciencias-e-innovacion-en-medicina-icim\/unidades-de-apoyo\/oficina-de-apoyo-a-la-investigacion\/\",\"url\":\"https:\/\/medicina.udd.cl\/icim\/instituto-de-ciencias-e-innovacion-en-medicina-icim\/unidades-de-apoyo\/oficina-de-apoyo-a-la-investigacion\/\",\"name\":\"Oficina de Apoyo a la Investigaci\u00f3n - ICIM\",\"isPartOf\":{\"@id\":\"https:\/\/medicina.udd.cl\/icim\/#website\"},\"datePublished\":\"2016-09-30T14:41:42+00:00\",\"dateModified\":\"2025-09-26T16:29:28+00:00\",\"breadcrumb\":{\"@id\":\"https:\/\/medicina.udd.cl\/icim\/instituto-de-ciencias-e-innovacion-en-medicina-icim\/unidades-de-apoyo\/oficina-de-apoyo-a-la-investigacion\/#breadcrumb\"},\"inLanguage\":\"es\",\"potentialAction\":[{\"@type\":\"ReadAction\",\"target\":[\"https:\/\/medicina.udd.cl\/icim\/instituto-de-ciencias-e-innovacion-en-medicina-icim\/unidades-de-apoyo\/oficina-de-apoyo-a-la-investigacion\/\"]}]},{\"@type\":\"BreadcrumbList\",\"@id\":\"https:\/\/medicina.udd.cl\/icim\/instituto-de-ciencias-e-innovacion-en-medicina-icim\/unidades-de-apoyo\/oficina-de-apoyo-a-la-investigacion\/#breadcrumb\",\"itemListElement\":[{\"@type\":\"ListItem\",\"position\":1,\"name\":\"Inicio\",\"item\":\"https:\/\/medicina.udd.cl\/icim\/\"},{\"@type\":\"ListItem\",\"position\":2,\"name\":\"Instituto de Ciencias e Innovaci\u00f3n en Medicina (ICIM)\",\"item\":\"https:\/\/medicina.udd.cl\/icim\/instituto-de-ciencias-e-innovacion-en-medicina-icim\/\"},{\"@type\":\"ListItem\",\"position\":3,\"name\":\"Unidades de apoyo\",\"item\":\"https:\/\/medicina.udd.cl\/icim\/instituto-de-ciencias-e-innovacion-en-medicina-icim\/unidades-de-apoyo\/\"},{\"@type\":\"ListItem\",\"position\":4,\"name\":\"Oficina de Apoyo a la Investigaci\u00f3n\"}]},{\"@type\":\"WebSite\",\"@id\":\"https:\/\/medicina.udd.cl\/icim\/#website\",\"url\":\"https:\/\/medicina.udd.cl\/icim\/\",\"name\":\"ICIM\",\"description\":\"Una iniciativa de Universidad del Desarrollo y Cl\u00ednica Alemana\",\"inLanguage\":\"es\"}]}<\/script>\n<!-- \/ Yoast SEO plugin. -->","yoast_head_json":{"title":"Oficina de Apoyo a la Investigaci\u00f3n - ICIM","robots":{"index":"index","follow":"follow","max-snippet":"max-snippet:-1","max-image-preview":"max-image-preview:large","max-video-preview":"max-video-preview:-1"},"canonical":"https:\/\/medicina.udd.cl\/icim\/instituto-de-ciencias-e-innovacion-en-medicina-icim\/unidades-de-apoyo\/oficina-de-apoyo-a-la-investigacion\/","og_locale":"es_ES","og_type":"article","og_title":"Oficina de Apoyo a la Investigaci\u00f3n - ICIM","og_description":"Tiene como misi\u00f3n \u00a0ser una Unidad de apoyo a los investigadores de la Facultad de Medicina CAS-UDD en cuanto a la gesti\u00f3n administrativa y asuntos regulatorios, asistiendo de manera centralizada e informada en \u00a0las diferentes etapas de los proyectos que se desarrollan. Esta oficina asiste a los investigadores en la postulaci\u00f3n a fondos concursables, en [&hellip;]","og_url":"https:\/\/medicina.udd.cl\/icim\/instituto-de-ciencias-e-innovacion-en-medicina-icim\/unidades-de-apoyo\/oficina-de-apoyo-a-la-investigacion\/","og_site_name":"ICIM","article_modified_time":"2025-09-26T16:29:28+00:00","twitter_card":"summary_large_image","twitter_misc":{"Tiempo de lectura":"1 minuto"},"schema":{"@context":"https:\/\/schema.org","@graph":[{"@type":"WebPage","@id":"https:\/\/medicina.udd.cl\/icim\/instituto-de-ciencias-e-innovacion-en-medicina-icim\/unidades-de-apoyo\/oficina-de-apoyo-a-la-investigacion\/","url":"https:\/\/medicina.udd.cl\/icim\/instituto-de-ciencias-e-innovacion-en-medicina-icim\/unidades-de-apoyo\/oficina-de-apoyo-a-la-investigacion\/","name":"Oficina de Apoyo a la Investigaci\u00f3n - ICIM","isPartOf":{"@id":"https:\/\/medicina.udd.cl\/icim\/#website"},"datePublished":"2016-09-30T14:41:42+00:00","dateModified":"2025-09-26T16:29:28+00:00","breadcrumb":{"@id":"https:\/\/medicina.udd.cl\/icim\/instituto-de-ciencias-e-innovacion-en-medicina-icim\/unidades-de-apoyo\/oficina-de-apoyo-a-la-investigacion\/#breadcrumb"},"inLanguage":"es","potentialAction":[{"@type":"ReadAction","target":["https:\/\/medicina.udd.cl\/icim\/instituto-de-ciencias-e-innovacion-en-medicina-icim\/unidades-de-apoyo\/oficina-de-apoyo-a-la-investigacion\/"]}]},{"@type":"BreadcrumbList","@id":"https:\/\/medicina.udd.cl\/icim\/instituto-de-ciencias-e-innovacion-en-medicina-icim\/unidades-de-apoyo\/oficina-de-apoyo-a-la-investigacion\/#breadcrumb","itemListElement":[{"@type":"ListItem","position":1,"name":"Inicio","item":"https:\/\/medicina.udd.cl\/icim\/"},{"@type":"ListItem","position":2,"name":"Instituto de Ciencias e Innovaci\u00f3n en Medicina (ICIM)","item":"https:\/\/medicina.udd.cl\/icim\/instituto-de-ciencias-e-innovacion-en-medicina-icim\/"},{"@type":"ListItem","position":3,"name":"Unidades de apoyo","item":"https:\/\/medicina.udd.cl\/icim\/instituto-de-ciencias-e-innovacion-en-medicina-icim\/unidades-de-apoyo\/"},{"@type":"ListItem","position":4,"name":"Oficina de Apoyo a la Investigaci\u00f3n"}]},{"@type":"WebSite","@id":"https:\/\/medicina.udd.cl\/icim\/#website","url":"https:\/\/medicina.udd.cl\/icim\/","name":"ICIM","description":"Una iniciativa de Universidad del Desarrollo y Cl\u00ednica Alemana","inLanguage":"es"}]}},"_links":{"self":[{"href":"https:\/\/medicina.udd.cl\/icim\/wp-json\/wp\/v2\/pages\/30","targetHints":{"allow":["GET"]}}],"collection":[{"href":"https:\/\/medicina.udd.cl\/icim\/wp-json\/wp\/v2\/pages"}],"about":[{"href":"https:\/\/medicina.udd.cl\/icim\/wp-json\/wp\/v2\/types\/page"}],"author":[{"embeddable":true,"href":"https:\/\/medicina.udd.cl\/icim\/wp-json\/wp\/v2\/users\/42"}],"replies":[{"embeddable":true,"href":"https:\/\/medicina.udd.cl\/icim\/wp-json\/wp\/v2\/comments?post=30"}],"version-history":[{"count":44,"href":"https:\/\/medicina.udd.cl\/icim\/wp-json\/wp\/v2\/pages\/30\/revisions"}],"predecessor-version":[{"id":14351,"href":"https:\/\/medicina.udd.cl\/icim\/wp-json\/wp\/v2\/pages\/30\/revisions\/14351"}],"up":[{"embeddable":true,"href":"https:\/\/medicina.udd.cl\/icim\/wp-json\/wp\/v2\/pages\/5374"}],"wp:attachment":[{"href":"https:\/\/medicina.udd.cl\/icim\/wp-json\/wp\/v2\/media?parent=30"}],"curies":[{"name":"wp","href":"https:\/\/api.w.org\/{rel}","templated":true}]}}