{"id":34,"date":"2016-09-30T14:43:00","date_gmt":"2016-09-30T14:43:00","guid":{"rendered":"http:\/\/medicina.udd.cl\/icim\/?page_id=34"},"modified":"2022-02-28T16:16:33","modified_gmt":"2022-02-28T19:16:33","slug":"comites-regulatorios","status":"publish","type":"page","link":"https:\/\/medicina.udd.cl\/icim\/instituto-de-ciencias-e-innovacion-en-medicina-icim\/unidades-de-apoyo\/comites-regulatorios\/","title":{"rendered":"Comit\u00e9s regulatorios"},"content":{"rendered":"<p style=\"text-align: justify\">Todos los proyectos de investigaci\u00f3n, ensayos cl\u00ednicos, estudios epidemiol\u00f3gicos, servicios relaciones, etc. &nbsp;de nuestra facultad deben someterse a los comit\u00e9s regulatorios en investigaci\u00f3n seg\u00fan corresponda, como un compromiso al conocimiento de calidad y en el cumplimiento de las obligaciones \u00e9ticas en Investigaci\u00f3n.<\/p>\n<ul>\n<li style=\"text-align: justify\"><a href=\"https:\/\/medicina.udd.cl\/icim\/files\/2021\/01\/Revisi\u00f3n-regulatoria-para-proyectos-de-investigacion-28_01_2021.pdf\"><strong>\u00bfD\u00f3nde enviar los proyectos para revisi\u00f3n de comit\u00e9s regulatorios?<\/strong><\/a><\/li>\n<\/ul>\n<p style=\"text-align: justify\">Todo investigador debe presentar su proyecto de investigaci\u00f3n a revisi\u00f3n regulatoria, antes de comenzar cualquier protocolo, a&nbsp;diferentes Comit\u00e9s seg\u00fan corresponda por las caracter\u00edsticas del estudio.<\/p>\n<ul>\n<li style=\"text-align: justify\"><strong><a href=\"http:\/\/www.udd.cl\/wp-content\/uploads\/2014\/11\/Decreto-N%C2%B0-01-16-Reglamento-de-Investigaci%C3%B3n.pdf\" target=\"_blank\" rel=\"noopener noreferrer\">Reglamento de investigaci\u00f3n UDD<\/a><\/strong><\/li>\n<\/ul>\n<p style=\"text-align: justify\">La Facultad de Medicina cuenta con 3 comit\u00e9s regulatorios en investigaci\u00f3n, los cuales cumplen el objetivo de evaluar, revisar y hacer seguimientos a la investigaci\u00f3n que se desarrolla en nuestros centros, asegurando la calidad e integridad de nuestra investigaci\u00f3n:<\/p>\n<ul style=\"text-align: justify\">\n<li><a href=\"http:\/\/medicina.udd.cl\/icim\/unidades-integradas\/comites-regulatorios\/comite-institucional-de-bioseguridad\/\"><strong>Comit\u00e9 Institucional de Bioseguridad<\/strong><\/a><\/li>\n<\/ul>\n<p style=\"text-align: justify\">Tiene como objetivo implementar pol\u00edticas de bioseguridad, programas de vigilancia, apoyo y capacitaci\u00f3n, por medio de propuestas innovadoras y pertinentes, que permitan proteger la seguridad de nuestra comunidad universitaria.<\/p>\n<ul style=\"text-align: justify\">\n<li><a href=\"http:\/\/medicina.udd.cl\/centro-bioetica\/sobre-el-centro\/comite-de-etica\/\"><strong>Comit\u00e9 \u00c9tico Cient\u00edfico<\/strong><\/a><\/li>\n<\/ul>\n<p style=\"text-align: justify\">Este comit\u00e9 tiene como objetivo proteger la seguridad, los derechos, la dignidad y el bienestar de los participantes en la Investigaci\u00f3n Biom\u00e9dica, asegurando que \u00e9sta se desarrolle en un marco \u00e9tico y legal. Este comit\u00e9 est\u00e1 acreditado por Seremi \/Minsal en Julio de 2015 y reacreditado en el 2019.<\/p>\n<ul style=\"text-align: justify\">\n<li><a href=\"http:\/\/medicina.udd.cl\/icim\/unidades-integradas\/comites-regulatorios\/comite-cuidado-uso-animales-laboratorio-cicual\/\"><strong>Comit\u00e9 de Cuidado y Uso de Animales de Laboratorio (CICUAL)<\/strong><\/a><\/li>\n<\/ul>\n<p style=\"text-align: justify\">El CICUAL es uno de los Comit\u00e9s Regulatorios en Investigaci\u00f3n, cumpliendo una labor esencial en la ejecuci\u00f3n de la investigaci\u00f3n cient\u00edfica, el cual tiene como objetivo revisar, evaluar y supervisar los procedimientos que se realizan con animales en los proyectos de investigaci\u00f3n y docencia de la Facultad de Medicina CAS UDD, en lo relativo al cuidado y uso de ellos en las instalaciones en las que se reproducen, mantienen e intervienen. Adem\u00e1s de establecer las pol\u00edticas y programas que promueven y aseguren la capacitaci\u00f3n y calificaci\u00f3n del profesional de los investigadores usuarios de animales, as\u00ed como del personal responsable de su cuidado, conforme a las normativa jur\u00eddica vigente y a las gu\u00edas internacionales para el cuidado y uso de animales de laboratorio.<\/p>\n","protected":false},"excerpt":{"rendered":"<p>Todos los proyectos de investigaci\u00f3n, ensayos cl\u00ednicos, estudios epidemiol\u00f3gicos, servicios relaciones, etc. &nbsp;de nuestra facultad deben someterse a los comit\u00e9s regulatorios en investigaci\u00f3n seg\u00fan corresponda, como un compromiso al conocimiento de calidad y en el cumplimiento de las obligaciones \u00e9ticas en Investigaci\u00f3n. \u00bfD\u00f3nde enviar los proyectos para revisi\u00f3n de comit\u00e9s regulatorios? Todo investigador debe presentar [&hellip;]<\/p>\n","protected":false},"author":42,"featured_media":0,"parent":5374,"menu_order":0,"comment_status":"closed","ping_status":"closed","template":"","meta":{"footnotes":""},"class_list":["post-34","page","type-page","status-publish","hentry"],"yoast_head":"<!-- This site is optimized with the Yoast SEO plugin v26.9 - https:\/\/yoast.com\/product\/yoast-seo-wordpress\/ -->\n<title>Comit\u00e9s regulatorios - ICIM<\/title>\n<meta name=\"robots\" content=\"index, follow, max-snippet:-1, max-image-preview:large, max-video-preview:-1\" \/>\n<link rel=\"canonical\" href=\"https:\/\/medicina.udd.cl\/icim\/instituto-de-ciencias-e-innovacion-en-medicina-icim\/unidades-de-apoyo\/comites-regulatorios\/\" \/>\n<meta property=\"og:locale\" content=\"es_ES\" \/>\n<meta property=\"og:type\" content=\"article\" \/>\n<meta property=\"og:title\" content=\"Comit\u00e9s regulatorios - ICIM\" \/>\n<meta property=\"og:description\" content=\"Todos los proyectos de investigaci\u00f3n, ensayos cl\u00ednicos, estudios epidemiol\u00f3gicos, servicios relaciones, etc. &nbsp;de nuestra facultad deben someterse a los comit\u00e9s regulatorios en investigaci\u00f3n seg\u00fan corresponda, como un compromiso al conocimiento de calidad y en el cumplimiento de las obligaciones \u00e9ticas en Investigaci\u00f3n. \u00bfD\u00f3nde enviar los proyectos para revisi\u00f3n de comit\u00e9s regulatorios? Todo investigador debe presentar [&hellip;]\" \/>\n<meta property=\"og:url\" content=\"https:\/\/medicina.udd.cl\/icim\/instituto-de-ciencias-e-innovacion-en-medicina-icim\/unidades-de-apoyo\/comites-regulatorios\/\" \/>\n<meta property=\"og:site_name\" content=\"ICIM\" \/>\n<meta property=\"article:modified_time\" content=\"2022-02-28T19:16:33+00:00\" \/>\n<meta name=\"twitter:card\" content=\"summary_large_image\" \/>\n<meta name=\"twitter:label1\" content=\"Tiempo de lectura\" \/>\n\t<meta name=\"twitter:data1\" content=\"2 minutos\" \/>\n<script type=\"application\/ld+json\" class=\"yoast-schema-graph\">{\"@context\":\"https:\/\/schema.org\",\"@graph\":[{\"@type\":\"WebPage\",\"@id\":\"https:\/\/medicina.udd.cl\/icim\/instituto-de-ciencias-e-innovacion-en-medicina-icim\/unidades-de-apoyo\/comites-regulatorios\/\",\"url\":\"https:\/\/medicina.udd.cl\/icim\/instituto-de-ciencias-e-innovacion-en-medicina-icim\/unidades-de-apoyo\/comites-regulatorios\/\",\"name\":\"Comit\u00e9s regulatorios - ICIM\",\"isPartOf\":{\"@id\":\"https:\/\/medicina.udd.cl\/icim\/#website\"},\"datePublished\":\"2016-09-30T14:43:00+00:00\",\"dateModified\":\"2022-02-28T19:16:33+00:00\",\"breadcrumb\":{\"@id\":\"https:\/\/medicina.udd.cl\/icim\/instituto-de-ciencias-e-innovacion-en-medicina-icim\/unidades-de-apoyo\/comites-regulatorios\/#breadcrumb\"},\"inLanguage\":\"es\",\"potentialAction\":[{\"@type\":\"ReadAction\",\"target\":[\"https:\/\/medicina.udd.cl\/icim\/instituto-de-ciencias-e-innovacion-en-medicina-icim\/unidades-de-apoyo\/comites-regulatorios\/\"]}]},{\"@type\":\"BreadcrumbList\",\"@id\":\"https:\/\/medicina.udd.cl\/icim\/instituto-de-ciencias-e-innovacion-en-medicina-icim\/unidades-de-apoyo\/comites-regulatorios\/#breadcrumb\",\"itemListElement\":[{\"@type\":\"ListItem\",\"position\":1,\"name\":\"Inicio\",\"item\":\"https:\/\/medicina.udd.cl\/icim\/\"},{\"@type\":\"ListItem\",\"position\":2,\"name\":\"Instituto de Ciencias e Innovaci\u00f3n en Medicina (ICIM)\",\"item\":\"https:\/\/medicina.udd.cl\/icim\/instituto-de-ciencias-e-innovacion-en-medicina-icim\/\"},{\"@type\":\"ListItem\",\"position\":3,\"name\":\"Unidades de apoyo\",\"item\":\"https:\/\/medicina.udd.cl\/icim\/instituto-de-ciencias-e-innovacion-en-medicina-icim\/unidades-de-apoyo\/\"},{\"@type\":\"ListItem\",\"position\":4,\"name\":\"Comit\u00e9s regulatorios\"}]},{\"@type\":\"WebSite\",\"@id\":\"https:\/\/medicina.udd.cl\/icim\/#website\",\"url\":\"https:\/\/medicina.udd.cl\/icim\/\",\"name\":\"ICIM\",\"description\":\"Una iniciativa de Universidad del Desarrollo y Cl\u00ednica Alemana\",\"inLanguage\":\"es\"}]}<\/script>\n<!-- \/ Yoast SEO plugin. -->","yoast_head_json":{"title":"Comit\u00e9s regulatorios - ICIM","robots":{"index":"index","follow":"follow","max-snippet":"max-snippet:-1","max-image-preview":"max-image-preview:large","max-video-preview":"max-video-preview:-1"},"canonical":"https:\/\/medicina.udd.cl\/icim\/instituto-de-ciencias-e-innovacion-en-medicina-icim\/unidades-de-apoyo\/comites-regulatorios\/","og_locale":"es_ES","og_type":"article","og_title":"Comit\u00e9s regulatorios - ICIM","og_description":"Todos los proyectos de investigaci\u00f3n, ensayos cl\u00ednicos, estudios epidemiol\u00f3gicos, servicios relaciones, etc. &nbsp;de nuestra facultad deben someterse a los comit\u00e9s regulatorios en investigaci\u00f3n seg\u00fan corresponda, como un compromiso al conocimiento de calidad y en el cumplimiento de las obligaciones \u00e9ticas en Investigaci\u00f3n. \u00bfD\u00f3nde enviar los proyectos para revisi\u00f3n de comit\u00e9s regulatorios? Todo investigador debe presentar [&hellip;]","og_url":"https:\/\/medicina.udd.cl\/icim\/instituto-de-ciencias-e-innovacion-en-medicina-icim\/unidades-de-apoyo\/comites-regulatorios\/","og_site_name":"ICIM","article_modified_time":"2022-02-28T19:16:33+00:00","twitter_card":"summary_large_image","twitter_misc":{"Tiempo de lectura":"2 minutos"},"schema":{"@context":"https:\/\/schema.org","@graph":[{"@type":"WebPage","@id":"https:\/\/medicina.udd.cl\/icim\/instituto-de-ciencias-e-innovacion-en-medicina-icim\/unidades-de-apoyo\/comites-regulatorios\/","url":"https:\/\/medicina.udd.cl\/icim\/instituto-de-ciencias-e-innovacion-en-medicina-icim\/unidades-de-apoyo\/comites-regulatorios\/","name":"Comit\u00e9s regulatorios - ICIM","isPartOf":{"@id":"https:\/\/medicina.udd.cl\/icim\/#website"},"datePublished":"2016-09-30T14:43:00+00:00","dateModified":"2022-02-28T19:16:33+00:00","breadcrumb":{"@id":"https:\/\/medicina.udd.cl\/icim\/instituto-de-ciencias-e-innovacion-en-medicina-icim\/unidades-de-apoyo\/comites-regulatorios\/#breadcrumb"},"inLanguage":"es","potentialAction":[{"@type":"ReadAction","target":["https:\/\/medicina.udd.cl\/icim\/instituto-de-ciencias-e-innovacion-en-medicina-icim\/unidades-de-apoyo\/comites-regulatorios\/"]}]},{"@type":"BreadcrumbList","@id":"https:\/\/medicina.udd.cl\/icim\/instituto-de-ciencias-e-innovacion-en-medicina-icim\/unidades-de-apoyo\/comites-regulatorios\/#breadcrumb","itemListElement":[{"@type":"ListItem","position":1,"name":"Inicio","item":"https:\/\/medicina.udd.cl\/icim\/"},{"@type":"ListItem","position":2,"name":"Instituto de Ciencias e Innovaci\u00f3n en Medicina (ICIM)","item":"https:\/\/medicina.udd.cl\/icim\/instituto-de-ciencias-e-innovacion-en-medicina-icim\/"},{"@type":"ListItem","position":3,"name":"Unidades de apoyo","item":"https:\/\/medicina.udd.cl\/icim\/instituto-de-ciencias-e-innovacion-en-medicina-icim\/unidades-de-apoyo\/"},{"@type":"ListItem","position":4,"name":"Comit\u00e9s regulatorios"}]},{"@type":"WebSite","@id":"https:\/\/medicina.udd.cl\/icim\/#website","url":"https:\/\/medicina.udd.cl\/icim\/","name":"ICIM","description":"Una iniciativa de Universidad del Desarrollo y Cl\u00ednica Alemana","inLanguage":"es"}]}},"_links":{"self":[{"href":"https:\/\/medicina.udd.cl\/icim\/wp-json\/wp\/v2\/pages\/34","targetHints":{"allow":["GET"]}}],"collection":[{"href":"https:\/\/medicina.udd.cl\/icim\/wp-json\/wp\/v2\/pages"}],"about":[{"href":"https:\/\/medicina.udd.cl\/icim\/wp-json\/wp\/v2\/types\/page"}],"author":[{"embeddable":true,"href":"https:\/\/medicina.udd.cl\/icim\/wp-json\/wp\/v2\/users\/42"}],"replies":[{"embeddable":true,"href":"https:\/\/medicina.udd.cl\/icim\/wp-json\/wp\/v2\/comments?post=34"}],"version-history":[{"count":19,"href":"https:\/\/medicina.udd.cl\/icim\/wp-json\/wp\/v2\/pages\/34\/revisions"}],"predecessor-version":[{"id":10226,"href":"https:\/\/medicina.udd.cl\/icim\/wp-json\/wp\/v2\/pages\/34\/revisions\/10226"}],"up":[{"embeddable":true,"href":"https:\/\/medicina.udd.cl\/icim\/wp-json\/wp\/v2\/pages\/5374"}],"wp:attachment":[{"href":"https:\/\/medicina.udd.cl\/icim\/wp-json\/wp\/v2\/media?parent=34"}],"curies":[{"name":"wp","href":"https:\/\/api.w.org\/{rel}","templated":true}]}}