{"id":3958,"date":"2016-10-12T19:20:19","date_gmt":"2016-10-12T19:20:19","guid":{"rendered":"http:\/\/medicina.udd.cl\/icim\/?page_id=3958"},"modified":"2022-08-18T11:12:39","modified_gmt":"2022-08-18T15:12:39","slug":"asuntos-regulatorios-unidad-investigacion-estudiantes-2do-ano-medicina","status":"publish","type":"page","link":"https:\/\/medicina.udd.cl\/icim\/instituto-de-ciencias-e-innovacion-en-medicina-icim\/unidades-de-apoyo\/oficina-de-apoyo-a-la-investigacion\/asuntos-regulatorios-unidad-investigacion-estudiantes-2do-ano-medicina\/","title":{"rendered":"Asuntos Regulatorios para Unidad de Investigaci\u00f3n. Estudiantes 2do a\u00f1o Medicina"},"content":{"rendered":"<ul>\n<li>\n<h4><a href=\"http:\/\/medicina.udd.cl\/icim\/files\/2017\/08\/Cuestionario-\u00danico-informativo-sobre-las-actividades-cient\u00edficas-2017-1.1.pdf\">CUESTIONARIO \u00daNICO INFORMATIVO SOBRE LAS ACTIVIDADES CIENT\u00cdFICAS<\/a><\/h4>\n<\/li>\n<li>\n<h4><a href=\"https:\/\/medicina.udd.cl\/icim\/files\/2022\/08\/Seminario-Regulaciones-en-Investigaci\u00f3n-2022.pdf\">PROGRAMA SEMINARIO ASUNTOS REGULATORIOS<\/a><\/h4>\n<\/li>\n<li>\n<h4><a href=\"https:\/\/medicina.udd.cl\/icim\/files\/2022\/08\/Acuerdo-confidencialidad.pdf\">ACUERDO DE CONFIDENCIALIDAD<\/a><\/h4>\n<\/li>\n<li>\n<h4><a href=\"https:\/\/medicina.udd.cl\/icim\/files\/2022\/08\/CI_Informaci\u00f3n-y-Decisi\u00f3n-modelo.doc\">CONSENTIMIENTO INFORMADO<\/a><\/h4>\n<\/li>\n<li>\n<h4><a href=\"https:\/\/medicina.udd.cl\/icim\/files\/2022\/08\/COMPROMISO-CONFIDENCIALIDAD-Investigador-Paciente_oct.2020.doc\">CARTA COMPROMISO DE CONFIDENCIALIDAD PROYECTO DE INVESTIGACI\u00d3N<\/a><\/h4>\n<\/li>\n<li>\n<h4><a href=\"https:\/\/medicina.udd.cl\/icim\/files\/2022\/08\/guia-del-investigador.pdf\">GU\u00cdA DEL INVESTIGADOR<\/a><\/h4>\n<\/li>\n<li>\n<h4><a href=\"https:\/\/medicina.udd.cl\/icim\/files\/2022\/08\/MANUAL-DE-BIOSEGURIDAD-pdf-web.pdf\">MANUAL DE BIOSEGURIDAD<\/a><\/h4>\n<\/li>\n<li>\n<h4><a href=\"https:\/\/medicina.udd.cl\/icim\/files\/2022\/08\/MODELO_INVITACION-Y-CI-on-line.docx\">INVITACI\u00d3N Y CONSENTIMIENTO INFORMADO<\/a><\/h4>\n<\/li>\n<li>\n<h4><a href=\"https:\/\/medicina.udd.cl\/icim\/files\/2022\/08\/VIDEOS-PARA-EL-SEMINARIO-DE-ASUNTOS-REGULATORIOS-2018.pdf\">VIDEOS Y DOCUMENTOS IMPORTANTES<\/a><\/h4>\n<\/li>\n<\/ul>\n","protected":false},"excerpt":{"rendered":"<p>CUESTIONARIO \u00daNICO INFORMATIVO SOBRE LAS ACTIVIDADES CIENT\u00cdFICAS PROGRAMA SEMINARIO ASUNTOS REGULATORIOS ACUERDO DE CONFIDENCIALIDAD CONSENTIMIENTO INFORMADO CARTA COMPROMISO DE CONFIDENCIALIDAD PROYECTO DE INVESTIGACI\u00d3N GU\u00cdA DEL INVESTIGADOR MANUAL DE BIOSEGURIDAD INVITACI\u00d3N Y CONSENTIMIENTO INFORMADO VIDEOS Y DOCUMENTOS IMPORTANTES<\/p>\n","protected":false},"author":42,"featured_media":0,"parent":30,"menu_order":0,"comment_status":"closed","ping_status":"closed","template":"","meta":{"footnotes":""},"class_list":["post-3958","page","type-page","status-publish","hentry"],"yoast_head":"<!-- This site is optimized with the Yoast SEO plugin v26.9 - https:\/\/yoast.com\/product\/yoast-seo-wordpress\/ -->\n<title>Asuntos Regulatorios para Unidad de Investigaci\u00f3n. Estudiantes 2do a\u00f1o Medicina - ICIM<\/title>\n<meta name=\"robots\" content=\"index, follow, max-snippet:-1, max-image-preview:large, max-video-preview:-1\" \/>\n<link rel=\"canonical\" href=\"https:\/\/medicina.udd.cl\/icim\/instituto-de-ciencias-e-innovacion-en-medicina-icim\/unidades-de-apoyo\/oficina-de-apoyo-a-la-investigacion\/asuntos-regulatorios-unidad-investigacion-estudiantes-2do-ano-medicina\/\" \/>\n<meta property=\"og:locale\" content=\"es_ES\" \/>\n<meta property=\"og:type\" content=\"article\" \/>\n<meta property=\"og:title\" content=\"Asuntos Regulatorios para Unidad de Investigaci\u00f3n. Estudiantes 2do a\u00f1o Medicina - ICIM\" \/>\n<meta property=\"og:description\" content=\"CUESTIONARIO \u00daNICO INFORMATIVO SOBRE LAS ACTIVIDADES CIENT\u00cdFICAS PROGRAMA SEMINARIO ASUNTOS REGULATORIOS ACUERDO DE CONFIDENCIALIDAD CONSENTIMIENTO INFORMADO CARTA COMPROMISO DE CONFIDENCIALIDAD PROYECTO DE INVESTIGACI\u00d3N GU\u00cdA DEL INVESTIGADOR MANUAL DE BIOSEGURIDAD INVITACI\u00d3N Y CONSENTIMIENTO INFORMADO VIDEOS Y DOCUMENTOS IMPORTANTES\" \/>\n<meta property=\"og:url\" content=\"https:\/\/medicina.udd.cl\/icim\/instituto-de-ciencias-e-innovacion-en-medicina-icim\/unidades-de-apoyo\/oficina-de-apoyo-a-la-investigacion\/asuntos-regulatorios-unidad-investigacion-estudiantes-2do-ano-medicina\/\" \/>\n<meta property=\"og:site_name\" content=\"ICIM\" \/>\n<meta property=\"article:modified_time\" content=\"2022-08-18T15:12:39+00:00\" \/>\n<meta name=\"twitter:card\" content=\"summary_large_image\" \/>\n<script type=\"application\/ld+json\" class=\"yoast-schema-graph\">{\"@context\":\"https:\/\/schema.org\",\"@graph\":[{\"@type\":\"WebPage\",\"@id\":\"https:\/\/medicina.udd.cl\/icim\/instituto-de-ciencias-e-innovacion-en-medicina-icim\/unidades-de-apoyo\/oficina-de-apoyo-a-la-investigacion\/asuntos-regulatorios-unidad-investigacion-estudiantes-2do-ano-medicina\/\",\"url\":\"https:\/\/medicina.udd.cl\/icim\/instituto-de-ciencias-e-innovacion-en-medicina-icim\/unidades-de-apoyo\/oficina-de-apoyo-a-la-investigacion\/asuntos-regulatorios-unidad-investigacion-estudiantes-2do-ano-medicina\/\",\"name\":\"Asuntos Regulatorios para Unidad de Investigaci\u00f3n. Estudiantes 2do a\u00f1o Medicina - ICIM\",\"isPartOf\":{\"@id\":\"https:\/\/medicina.udd.cl\/icim\/#website\"},\"datePublished\":\"2016-10-12T19:20:19+00:00\",\"dateModified\":\"2022-08-18T15:12:39+00:00\",\"breadcrumb\":{\"@id\":\"https:\/\/medicina.udd.cl\/icim\/instituto-de-ciencias-e-innovacion-en-medicina-icim\/unidades-de-apoyo\/oficina-de-apoyo-a-la-investigacion\/asuntos-regulatorios-unidad-investigacion-estudiantes-2do-ano-medicina\/#breadcrumb\"},\"inLanguage\":\"es\",\"potentialAction\":[{\"@type\":\"ReadAction\",\"target\":[\"https:\/\/medicina.udd.cl\/icim\/instituto-de-ciencias-e-innovacion-en-medicina-icim\/unidades-de-apoyo\/oficina-de-apoyo-a-la-investigacion\/asuntos-regulatorios-unidad-investigacion-estudiantes-2do-ano-medicina\/\"]}]},{\"@type\":\"BreadcrumbList\",\"@id\":\"https:\/\/medicina.udd.cl\/icim\/instituto-de-ciencias-e-innovacion-en-medicina-icim\/unidades-de-apoyo\/oficina-de-apoyo-a-la-investigacion\/asuntos-regulatorios-unidad-investigacion-estudiantes-2do-ano-medicina\/#breadcrumb\",\"itemListElement\":[{\"@type\":\"ListItem\",\"position\":1,\"name\":\"Inicio\",\"item\":\"https:\/\/medicina.udd.cl\/icim\/\"},{\"@type\":\"ListItem\",\"position\":2,\"name\":\"Instituto de Ciencias e Innovaci\u00f3n en Medicina (ICIM)\",\"item\":\"https:\/\/medicina.udd.cl\/icim\/instituto-de-ciencias-e-innovacion-en-medicina-icim\/\"},{\"@type\":\"ListItem\",\"position\":3,\"name\":\"Unidades de apoyo\",\"item\":\"https:\/\/medicina.udd.cl\/icim\/instituto-de-ciencias-e-innovacion-en-medicina-icim\/unidades-de-apoyo\/\"},{\"@type\":\"ListItem\",\"position\":4,\"name\":\"Oficina de Apoyo a la Investigaci\u00f3n\",\"item\":\"https:\/\/medicina.udd.cl\/icim\/instituto-de-ciencias-e-innovacion-en-medicina-icim\/unidades-de-apoyo\/oficina-de-apoyo-a-la-investigacion\/\"},{\"@type\":\"ListItem\",\"position\":5,\"name\":\"Asuntos Regulatorios para Unidad de Investigaci\u00f3n. Estudiantes 2do a\u00f1o Medicina\"}]},{\"@type\":\"WebSite\",\"@id\":\"https:\/\/medicina.udd.cl\/icim\/#website\",\"url\":\"https:\/\/medicina.udd.cl\/icim\/\",\"name\":\"ICIM\",\"description\":\"Una iniciativa de Universidad del Desarrollo y Cl\u00ednica Alemana\",\"inLanguage\":\"es\"}]}<\/script>\n<!-- \/ Yoast SEO plugin. -->","yoast_head_json":{"title":"Asuntos Regulatorios para Unidad de Investigaci\u00f3n. Estudiantes 2do a\u00f1o Medicina - ICIM","robots":{"index":"index","follow":"follow","max-snippet":"max-snippet:-1","max-image-preview":"max-image-preview:large","max-video-preview":"max-video-preview:-1"},"canonical":"https:\/\/medicina.udd.cl\/icim\/instituto-de-ciencias-e-innovacion-en-medicina-icim\/unidades-de-apoyo\/oficina-de-apoyo-a-la-investigacion\/asuntos-regulatorios-unidad-investigacion-estudiantes-2do-ano-medicina\/","og_locale":"es_ES","og_type":"article","og_title":"Asuntos Regulatorios para Unidad de Investigaci\u00f3n. Estudiantes 2do a\u00f1o Medicina - ICIM","og_description":"CUESTIONARIO \u00daNICO INFORMATIVO SOBRE LAS ACTIVIDADES CIENT\u00cdFICAS PROGRAMA SEMINARIO ASUNTOS REGULATORIOS ACUERDO DE CONFIDENCIALIDAD CONSENTIMIENTO INFORMADO CARTA COMPROMISO DE CONFIDENCIALIDAD PROYECTO DE INVESTIGACI\u00d3N GU\u00cdA DEL INVESTIGADOR MANUAL DE BIOSEGURIDAD INVITACI\u00d3N Y CONSENTIMIENTO INFORMADO VIDEOS Y DOCUMENTOS IMPORTANTES","og_url":"https:\/\/medicina.udd.cl\/icim\/instituto-de-ciencias-e-innovacion-en-medicina-icim\/unidades-de-apoyo\/oficina-de-apoyo-a-la-investigacion\/asuntos-regulatorios-unidad-investigacion-estudiantes-2do-ano-medicina\/","og_site_name":"ICIM","article_modified_time":"2022-08-18T15:12:39+00:00","twitter_card":"summary_large_image","schema":{"@context":"https:\/\/schema.org","@graph":[{"@type":"WebPage","@id":"https:\/\/medicina.udd.cl\/icim\/instituto-de-ciencias-e-innovacion-en-medicina-icim\/unidades-de-apoyo\/oficina-de-apoyo-a-la-investigacion\/asuntos-regulatorios-unidad-investigacion-estudiantes-2do-ano-medicina\/","url":"https:\/\/medicina.udd.cl\/icim\/instituto-de-ciencias-e-innovacion-en-medicina-icim\/unidades-de-apoyo\/oficina-de-apoyo-a-la-investigacion\/asuntos-regulatorios-unidad-investigacion-estudiantes-2do-ano-medicina\/","name":"Asuntos Regulatorios para Unidad de Investigaci\u00f3n. Estudiantes 2do a\u00f1o Medicina - ICIM","isPartOf":{"@id":"https:\/\/medicina.udd.cl\/icim\/#website"},"datePublished":"2016-10-12T19:20:19+00:00","dateModified":"2022-08-18T15:12:39+00:00","breadcrumb":{"@id":"https:\/\/medicina.udd.cl\/icim\/instituto-de-ciencias-e-innovacion-en-medicina-icim\/unidades-de-apoyo\/oficina-de-apoyo-a-la-investigacion\/asuntos-regulatorios-unidad-investigacion-estudiantes-2do-ano-medicina\/#breadcrumb"},"inLanguage":"es","potentialAction":[{"@type":"ReadAction","target":["https:\/\/medicina.udd.cl\/icim\/instituto-de-ciencias-e-innovacion-en-medicina-icim\/unidades-de-apoyo\/oficina-de-apoyo-a-la-investigacion\/asuntos-regulatorios-unidad-investigacion-estudiantes-2do-ano-medicina\/"]}]},{"@type":"BreadcrumbList","@id":"https:\/\/medicina.udd.cl\/icim\/instituto-de-ciencias-e-innovacion-en-medicina-icim\/unidades-de-apoyo\/oficina-de-apoyo-a-la-investigacion\/asuntos-regulatorios-unidad-investigacion-estudiantes-2do-ano-medicina\/#breadcrumb","itemListElement":[{"@type":"ListItem","position":1,"name":"Inicio","item":"https:\/\/medicina.udd.cl\/icim\/"},{"@type":"ListItem","position":2,"name":"Instituto de Ciencias e Innovaci\u00f3n en Medicina (ICIM)","item":"https:\/\/medicina.udd.cl\/icim\/instituto-de-ciencias-e-innovacion-en-medicina-icim\/"},{"@type":"ListItem","position":3,"name":"Unidades de apoyo","item":"https:\/\/medicina.udd.cl\/icim\/instituto-de-ciencias-e-innovacion-en-medicina-icim\/unidades-de-apoyo\/"},{"@type":"ListItem","position":4,"name":"Oficina de Apoyo a la Investigaci\u00f3n","item":"https:\/\/medicina.udd.cl\/icim\/instituto-de-ciencias-e-innovacion-en-medicina-icim\/unidades-de-apoyo\/oficina-de-apoyo-a-la-investigacion\/"},{"@type":"ListItem","position":5,"name":"Asuntos Regulatorios para Unidad de Investigaci\u00f3n. Estudiantes 2do a\u00f1o Medicina"}]},{"@type":"WebSite","@id":"https:\/\/medicina.udd.cl\/icim\/#website","url":"https:\/\/medicina.udd.cl\/icim\/","name":"ICIM","description":"Una iniciativa de Universidad del Desarrollo y Cl\u00ednica Alemana","inLanguage":"es"}]}},"_links":{"self":[{"href":"https:\/\/medicina.udd.cl\/icim\/wp-json\/wp\/v2\/pages\/3958","targetHints":{"allow":["GET"]}}],"collection":[{"href":"https:\/\/medicina.udd.cl\/icim\/wp-json\/wp\/v2\/pages"}],"about":[{"href":"https:\/\/medicina.udd.cl\/icim\/wp-json\/wp\/v2\/types\/page"}],"author":[{"embeddable":true,"href":"https:\/\/medicina.udd.cl\/icim\/wp-json\/wp\/v2\/users\/42"}],"replies":[{"embeddable":true,"href":"https:\/\/medicina.udd.cl\/icim\/wp-json\/wp\/v2\/comments?post=3958"}],"version-history":[{"count":6,"href":"https:\/\/medicina.udd.cl\/icim\/wp-json\/wp\/v2\/pages\/3958\/revisions"}],"predecessor-version":[{"id":10921,"href":"https:\/\/medicina.udd.cl\/icim\/wp-json\/wp\/v2\/pages\/3958\/revisions\/10921"}],"up":[{"embeddable":true,"href":"https:\/\/medicina.udd.cl\/icim\/wp-json\/wp\/v2\/pages\/30"}],"wp:attachment":[{"href":"https:\/\/medicina.udd.cl\/icim\/wp-json\/wp\/v2\/media?parent=3958"}],"curies":[{"name":"wp","href":"https:\/\/api.w.org\/{rel}","templated":true}]}}