{"id":3968,"date":"2016-10-12T19:45:06","date_gmt":"2016-10-12T19:45:06","guid":{"rendered":"http:\/\/medicina.udd.cl\/icim\/?page_id=3968"},"modified":"2025-04-14T14:37:14","modified_gmt":"2025-04-14T18:37:14","slug":"comite-institucional-de-bioseguridad","status":"publish","type":"page","link":"https:\/\/medicina.udd.cl\/icim\/instituto-de-ciencias-e-innovacion-en-medicina-icim\/unidades-de-apoyo\/comites-regulatorios\/comite-institucional-de-bioseguridad\/","title":{"rendered":"Comit\u00e9 Institucional de Bioseguridad"},"content":{"rendered":"\n<p>El <strong>Comit\u00e9 Institucional de Bioseguridad (CIB)<\/strong> tiene como objetivo implementar pol\u00edticas de bioseguridad, programas de vigilancia, apoyo y capacitaci\u00f3n, por medio de propuestas innovadoras y pertinentes, que permitan proteger la seguridad de nuestra comunidad universitaria.<\/p>\n\n\n\n<p>La bioseguridad es un conjunto de normas, medidas y protocolos que son aplicados en m\u00faltiples procedimientos realizados en investigaciones cient\u00edficas y trabajos docentes con el objetivo de contribuir a la prevenci\u00f3n de riesgos o infecciones derivadas de la exposici\u00f3n a agentes potencialmente infecciosos o con cargas significativas de riesgo biol\u00f3gico, qu\u00edmico y\/ f\u00edsicos, como por ejemplo el manejo de residuos especiales, almacenamiento de reactivos y uso de barreras protectoras entre otros (CIB-CAS-UDD).<\/p>\n\n\n<!-- WP Block: UDD - Cards Alternate -->\n<section class=\"wp-block-udd-cards\" style=\"--udd-blocks-has-columns-number: 2\">\n\t<div class=\"container\">\n\t\t\t\t\t\t\t\t\t<div class=\"block__content\">\n\t\t\t<div class=\"cards\">\n\t\t\t\t\t\t\t\t\t\t\t\t\t\t\t\t\t<div class=\"card-wrapper\">\n\t\t\t\t\t\t<div class=\"card\">\n\t\t\t\t\t\t\t<h3 class=\"card__title\">MISI\u00d3N<\/h3>\n\t\t\t\t\t\t\t\t\t\t\t\t\t\t<div class=\"card__description\">\n\t\t\t\t\t\t\t\t<p>Constituirse como un Comit\u00e9 que velar\u00e1 por la bioseguridad de la Facultad de Medicina Cl\u00ednica Alemana Universidad del Desarrollo, mediante la creaci\u00f3n de programas de vigilancia, apoyo y capacitaci\u00f3n acorde a las necesidades de la comunidad cient\u00edfica universitaria, y seg\u00fan normas nacionales e internacionales relacionadas con el tema.<\/p>\n<p>De esta manera, se fomentar\u00e1 la implementaci\u00f3n de las buenas pr\u00e1cticas en los laboratorios, asesorando los procedimientos que representen un riesgo para la salud de nuestra comunidad, como por ejemplo; manejo de residuos especiales, residuos peligrosos, trabajos con pat\u00f3genos, protecci\u00f3n del personal, entre otros.<\/p>\n\t\t\t\t\t\t\t<\/div>\n\t\t\t\t\t\t\t\t\t\t\t\t\t<\/div>\n\t\t\t\t\t<\/div>\n\t\t\t\t\t\t\t\t\t\t\t\t\t\t\t\t\t\t\t\t\t<div class=\"card-wrapper\">\n\t\t\t\t\t\t<div class=\"card\">\n\t\t\t\t\t\t\t<h3 class=\"card__title\">VISI\u00d3N<\/h3>\n\t\t\t\t\t\t\t\t\t\t\t\t\t\t<div class=\"card__description\">\n\t\t\t\t\t\t\t\t<p>Incorporar la bioseguridad como un procedimiento natural y cotidiano, en el desarrollo de todo trabajo cient\u00edfico y docente, acorde con est\u00e1ndares universales que nos permita velar por la seguridad de nuestra comunidad universitaria y medio ambiente que nos rodea.<\/p>\n\t\t\t\t\t\t\t<\/div>\n\t\t\t\t\t\t\t\t\t\t\t\t\t<\/div>\n\t\t\t\t\t<\/div>\n\t\t\t\t\t\t\t\t\t\t<\/div>\n\t\t<\/div>\n\t<\/div>\n<\/section>\n\n\n\n<h2 class=\"wp-block-heading\">Objetivos<\/h2>\n\n\n\n<p><strong>Educaci\u00f3n:<\/strong><\/p>\n\n\n\n<p><strong><a href=\"https:\/\/forms.office.com\/pages\/responsepage.aspx?id=J4nXtdAlqUSDcNhuV8e6lpZX84dk9MtCjsYWDpUYQEhUNFBYTURLNldISFBISVIzS0VaSEcyTUtONi4u&amp;route=shorturl\">Curso de Bioseguridad para Laboratorios UDD<\/a><\/strong><\/p>\n\n\n\n<ul class=\"wp-block-list\">\n<li>Otorgar asesoramiento t\u00e9cnico en Bioseguridad<\/li>\n\n\n\n<li>Dise\u00f1ar programas de capacitaci\u00f3n en Bioseguridad<\/li>\n\n\n\n<li>Fomentar las buenas pr\u00e1cticas de laboratorio<\/li>\n\n\n\n<li>El curso de Bioseguridad se renueva cada 2 a\u00f1os<\/li>\n<\/ul>\n\n\n\n<p><strong>Procedimientos:<\/strong><\/p>\n\n\n\n<ul class=\"wp-block-list\">\n<li>Determinar las condiciones actuales en la que se realizan los procedimientos en los diferentes Centros de Investigaci\u00f3n, mediante una pauta de observaci\u00f3n.<\/li>\n\n\n\n<li>Dise\u00f1ar e implementar&nbsp; normas generales de&nbsp; bioseguridad, por medio de Procedimientos Operativos Est\u00e1ndar (SOP).<\/li>\n\n\n\n<li>Elaborar y actualizar un Manual de Bioseguridad Institucional.<\/li>\n<\/ul>\n\n\n\n<p><strong>Certificaci\u00f3n:<\/strong><\/p>\n\n\n\n<ul class=\"wp-block-list\">\n<li>Certificar proyectos de investigaci\u00f3n en su \u00e1mbito de competencia, adem\u00e1s de Ingenier\u00eda y Dise\u00f1o<\/li>\n\n\n\n<li>Esto tiene un costo de 7 UF a otras facultades por revisi\u00f3n de proyectos<\/li>\n\n\n\n<li>Esto tiene un costo de 10 UF a empresas asociadas a investigadores UDD por revisi\u00f3n del proyecto&nbsp;<\/li>\n\n\n\n<li>Esto tiene un costo de 20 UF a empresas externas por revisi\u00f3n de proyecto<\/li>\n<\/ul>\n\n\n\n<p><strong>Prevenci\u00f3n de riesgos biol\u00f3gicos<\/strong><\/p>\n\n\n\n<ul class=\"wp-block-list\">\n<li>Velar por la seguridad del personal por medio de programas de prevenci\u00f3n y vacunaci\u00f3n.<\/li>\n\n\n\n<li>Vigilar el cumplimiento de las normas establecidas en el Manual de Bioseguridad Institucional.<\/li>\n<\/ul>\n\n\n\n<h4 class=\"wp-block-heading\"><strong>Equipo<\/strong><\/h4>\n\n\n\n<figure class=\"wp-block-image aligncenter size-full\"><img loading=\"lazy\" decoding=\"async\" width=\"2560\" height=\"1707\" src=\"https:\/\/medicina.udd.cl\/icim\/files\/2024\/08\/comite-institucional-de-bioseguridad-2-scaled.jpg\" alt=\"\" class=\"wp-image-13641\" srcset=\"https:\/\/medicina.udd.cl\/icim\/files\/2024\/08\/comite-institucional-de-bioseguridad-2-scaled.jpg 2560w, https:\/\/medicina.udd.cl\/icim\/files\/2024\/08\/comite-institucional-de-bioseguridad-2-300x200.jpg 300w, https:\/\/medicina.udd.cl\/icim\/files\/2024\/08\/comite-institucional-de-bioseguridad-2-1024x683.jpg 1024w, https:\/\/medicina.udd.cl\/icim\/files\/2024\/08\/comite-institucional-de-bioseguridad-2-768x512.jpg 768w, https:\/\/medicina.udd.cl\/icim\/files\/2024\/08\/comite-institucional-de-bioseguridad-2-1536x1024.jpg 1536w, https:\/\/medicina.udd.cl\/icim\/files\/2024\/08\/comite-institucional-de-bioseguridad-2-2048x1365.jpg 2048w\" sizes=\"auto, (max-width: 2560px) 100vw, 2560px\" \/><\/figure>\n\n\n\n<ul class=\"wp-block-list\">\n<li><strong>Presidente:<\/strong> Biotec. Mar\u00eda Elena P\u00e9rez.<\/li>\n\n\n\n<li><strong>Past President:<\/strong> MCs. TM. N\u00e9stor Correa Leiva.<\/li>\n\n\n\n<li><strong>Secretario Ejecutivo:<\/strong> Ing. en Alimentos Natalia Vega.<\/li>\n<\/ul>\n\n\n\n<p><strong>Integrantes del Comit\u00e9:<\/strong><\/p>\n\n\n\n<ul class=\"wp-block-list\">\n<li>Carmen Gloria Le\u00f3n<\/li>\n\n\n\n<li>Lina Rivas<\/li>\n\n\n\n<li>Isidora Solar<\/li>\n\n\n\n<li>Nicole Navarro<\/li>\n\n\n\n<li>Sara Morales Rojas<\/li>\n\n\n\n<li>Jos\u00e9 Ignacio Contreras<\/li>\n<\/ul>\n\n\n\n<h3 class=\"wp-block-heading\"><strong>D<\/strong>OCUMENTOS PARA DESCARGA<\/h3>\n\n\n\n<ul class=\"wp-block-list\">\n<li><a href=\"http:\/\/medicina.udd.cl\/files\/2013\/07\/a.-Decreto-de-Creaci%C3%B3n-del-CIB.pdf\" target=\"_blank\" rel=\"noreferrer noopener\">CREACI\u00d3N DEL COMIT\u00c9<\/a><\/li>\n\n\n\n<li>FORMULARIOS PARA CERTIFICADOS\n<ul class=\"wp-block-list\">\n<li><a href=\"http:\/\/www.udd.cl\/dircom\/web\/CIB-FORM-01A.V.01Solicitudcartarecepcion.docx\">Solicitud para carta de recepci\u00f3n (disponible s\u00f3lo para PC)<\/a><\/li>\n\n\n\n<li><a href=\"https:\/\/medicina.udd.cl\/icim\/files\/2025\/04\/cib-form-01b-v-03-solicitud-para-certificados-de-bioseguridad-modificado.docx\">Solicitud para certificados de bioseguridad\u00a0(disponible s\u00f3lo para PC)<\/a><\/li>\n<\/ul>\n<\/li>\n<\/ul>\n\n\n\n<ul class=\"wp-block-list\">\n<li>DOCUMENTOS FACULTAD DE MEDICINA CL\u00cdNICA ALEMANA UDD\n<ul class=\"wp-block-list\">\n<li><a href=\"http:\/\/medicina.udd.cl\/files\/2016\/10\/CIB-PG-01.V04-Bases-para-la-elaboraci%C3%B3n-de-un-SOP.pdf\" target=\"_blank\" rel=\"noreferrer noopener\">Bases para la elaboraci\u00f3n de un SOP<\/a><\/li>\n\n\n\n<li><a href=\"https:\/\/medicina.udd.cl\/icim\/files\/2019\/09\/MANUAL-DE-BIOSEGURIDAD-pdf-web.pdf\">Manual de Bioseguridad<\/a><\/li>\n\n\n\n<li><a href=\"https:\/\/medicina.udd.cl\/icim\/files\/2019\/09\/Situaciones-de-Emergencia-M\u00e9dica-y-Procedimientos-de-Acci\u00f3n.pdf\">Situaciones de Emergencia M\u00e9dica y Procedimientos de Acci\u00f3n<\/a><\/li>\n<\/ul>\n<\/li>\n\n\n\n<li>MANUALES Y MATERIALES\n<ul class=\"wp-block-list\">\n<li><a href=\"https:\/\/medicina.udd.cl\/icim\/files\/2019\/06\/MANUAL-DE-NORMAS-DE-BIOSEGURIDAD.pdf\">Manual de Normas de Bioseguridad&nbsp;y Riesgos Asociados CONICYT 2018<\/a><\/li>\n\n\n\n<li><a href=\"http:\/\/medicina.udd.cl\/files\/2013\/07\/2.-Manual-de-Bioseguridad-CDC.pdf\">Manual de Bioseguridad CDC<\/a><\/li>\n\n\n\n<li><a href=\"http:\/\/medicina.udd.cl\/files\/2013\/07\/3.-Manual-de-Bioseguridad-OMS.pdf\">Manual de Bioseguridad de la OMS<\/a><\/li>\n\n\n\n<li><a href=\"http:\/\/medicina.udd.cl\/files\/2013\/07\/4.-IATA-Packing-instruction.pdf\">Packing Instruction<\/a><\/li>\n\n\n\n<li><a href=\"http:\/\/medicina.udd.cl\/files\/2013\/07\/4b.-Transporte-muestras-biol%C3%B3gicas.pdf\">Normas para el embalaje y transporte de muestras biol\u00f3gicas<\/a><\/li>\n<\/ul>\n<\/li>\n<\/ul>\n","protected":false},"excerpt":{"rendered":"<p>El Comit\u00e9 Institucional de Bioseguridad (CIB) tiene como objetivo implementar pol\u00edticas de bioseguridad, programas de vigilancia, apoyo y capacitaci\u00f3n, por medio de propuestas innovadoras y pertinentes, que permitan proteger la seguridad de nuestra comunidad universitaria. La bioseguridad es un conjunto de normas, medidas y protocolos que son aplicados en m\u00faltiples procedimientos realizados en investigaciones cient\u00edficas [&hellip;]<\/p>\n","protected":false},"author":42,"featured_media":0,"parent":34,"menu_order":0,"comment_status":"closed","ping_status":"closed","template":"","meta":{"footnotes":""},"class_list":["post-3968","page","type-page","status-publish","hentry"],"yoast_head":"<!-- This site is optimized with the Yoast SEO plugin v26.9 - https:\/\/yoast.com\/product\/yoast-seo-wordpress\/ -->\n<title>Comit\u00e9 Institucional de Bioseguridad - ICIM<\/title>\n<meta name=\"robots\" content=\"index, follow, max-snippet:-1, max-image-preview:large, max-video-preview:-1\" \/>\n<link rel=\"canonical\" href=\"https:\/\/medicina.udd.cl\/icim\/instituto-de-ciencias-e-innovacion-en-medicina-icim\/unidades-de-apoyo\/comites-regulatorios\/comite-institucional-de-bioseguridad\/\" \/>\n<meta property=\"og:locale\" content=\"es_ES\" \/>\n<meta property=\"og:type\" content=\"article\" \/>\n<meta property=\"og:title\" content=\"Comit\u00e9 Institucional de Bioseguridad - ICIM\" \/>\n<meta property=\"og:description\" content=\"El Comit\u00e9 Institucional de Bioseguridad (CIB) tiene como objetivo implementar pol\u00edticas de bioseguridad, programas de vigilancia, apoyo y capacitaci\u00f3n, por medio de propuestas innovadoras y pertinentes, que permitan proteger la seguridad de nuestra comunidad universitaria. La bioseguridad es un conjunto de normas, medidas y protocolos que son aplicados en m\u00faltiples procedimientos realizados en investigaciones cient\u00edficas [&hellip;]\" \/>\n<meta property=\"og:url\" content=\"https:\/\/medicina.udd.cl\/icim\/instituto-de-ciencias-e-innovacion-en-medicina-icim\/unidades-de-apoyo\/comites-regulatorios\/comite-institucional-de-bioseguridad\/\" \/>\n<meta property=\"og:site_name\" content=\"ICIM\" \/>\n<meta property=\"article:modified_time\" content=\"2025-04-14T18:37:14+00:00\" \/>\n<meta property=\"og:image\" content=\"https:\/\/medicina.udd.cl\/icim\/files\/2024\/08\/comite-institucional-de-bioseguridad-2-scaled.jpg\" \/>\n<meta name=\"twitter:card\" content=\"summary_large_image\" \/>\n<meta name=\"twitter:label1\" content=\"Tiempo de lectura\" \/>\n\t<meta name=\"twitter:data1\" content=\"3 minutos\" \/>\n<script type=\"application\/ld+json\" class=\"yoast-schema-graph\">{\"@context\":\"https:\/\/schema.org\",\"@graph\":[{\"@type\":\"WebPage\",\"@id\":\"https:\/\/medicina.udd.cl\/icim\/instituto-de-ciencias-e-innovacion-en-medicina-icim\/unidades-de-apoyo\/comites-regulatorios\/comite-institucional-de-bioseguridad\/\",\"url\":\"https:\/\/medicina.udd.cl\/icim\/instituto-de-ciencias-e-innovacion-en-medicina-icim\/unidades-de-apoyo\/comites-regulatorios\/comite-institucional-de-bioseguridad\/\",\"name\":\"Comit\u00e9 Institucional de Bioseguridad - ICIM\",\"isPartOf\":{\"@id\":\"https:\/\/medicina.udd.cl\/icim\/#website\"},\"primaryImageOfPage\":{\"@id\":\"https:\/\/medicina.udd.cl\/icim\/instituto-de-ciencias-e-innovacion-en-medicina-icim\/unidades-de-apoyo\/comites-regulatorios\/comite-institucional-de-bioseguridad\/#primaryimage\"},\"image\":{\"@id\":\"https:\/\/medicina.udd.cl\/icim\/instituto-de-ciencias-e-innovacion-en-medicina-icim\/unidades-de-apoyo\/comites-regulatorios\/comite-institucional-de-bioseguridad\/#primaryimage\"},\"thumbnailUrl\":\"https:\/\/medicina.udd.cl\/icim\/files\/2024\/08\/comite-institucional-de-bioseguridad-2-scaled.jpg\",\"datePublished\":\"2016-10-12T19:45:06+00:00\",\"dateModified\":\"2025-04-14T18:37:14+00:00\",\"breadcrumb\":{\"@id\":\"https:\/\/medicina.udd.cl\/icim\/instituto-de-ciencias-e-innovacion-en-medicina-icim\/unidades-de-apoyo\/comites-regulatorios\/comite-institucional-de-bioseguridad\/#breadcrumb\"},\"inLanguage\":\"es\",\"potentialAction\":[{\"@type\":\"ReadAction\",\"target\":[\"https:\/\/medicina.udd.cl\/icim\/instituto-de-ciencias-e-innovacion-en-medicina-icim\/unidades-de-apoyo\/comites-regulatorios\/comite-institucional-de-bioseguridad\/\"]}]},{\"@type\":\"ImageObject\",\"inLanguage\":\"es\",\"@id\":\"https:\/\/medicina.udd.cl\/icim\/instituto-de-ciencias-e-innovacion-en-medicina-icim\/unidades-de-apoyo\/comites-regulatorios\/comite-institucional-de-bioseguridad\/#primaryimage\",\"url\":\"https:\/\/medicina.udd.cl\/icim\/files\/2024\/08\/comite-institucional-de-bioseguridad-2-scaled.jpg\",\"contentUrl\":\"https:\/\/medicina.udd.cl\/icim\/files\/2024\/08\/comite-institucional-de-bioseguridad-2-scaled.jpg\",\"width\":2560,\"height\":1707},{\"@type\":\"BreadcrumbList\",\"@id\":\"https:\/\/medicina.udd.cl\/icim\/instituto-de-ciencias-e-innovacion-en-medicina-icim\/unidades-de-apoyo\/comites-regulatorios\/comite-institucional-de-bioseguridad\/#breadcrumb\",\"itemListElement\":[{\"@type\":\"ListItem\",\"position\":1,\"name\":\"Inicio\",\"item\":\"https:\/\/medicina.udd.cl\/icim\/\"},{\"@type\":\"ListItem\",\"position\":2,\"name\":\"Instituto de Ciencias e Innovaci\u00f3n en Medicina (ICIM)\",\"item\":\"https:\/\/medicina.udd.cl\/icim\/instituto-de-ciencias-e-innovacion-en-medicina-icim\/\"},{\"@type\":\"ListItem\",\"position\":3,\"name\":\"Unidades de apoyo\",\"item\":\"https:\/\/medicina.udd.cl\/icim\/instituto-de-ciencias-e-innovacion-en-medicina-icim\/unidades-de-apoyo\/\"},{\"@type\":\"ListItem\",\"position\":4,\"name\":\"Comit\u00e9s regulatorios\",\"item\":\"https:\/\/medicina.udd.cl\/icim\/instituto-de-ciencias-e-innovacion-en-medicina-icim\/unidades-de-apoyo\/comites-regulatorios\/\"},{\"@type\":\"ListItem\",\"position\":5,\"name\":\"Comit\u00e9 Institucional de Bioseguridad\"}]},{\"@type\":\"WebSite\",\"@id\":\"https:\/\/medicina.udd.cl\/icim\/#website\",\"url\":\"https:\/\/medicina.udd.cl\/icim\/\",\"name\":\"ICIM\",\"description\":\"Una iniciativa de Universidad del Desarrollo y Cl\u00ednica Alemana\",\"inLanguage\":\"es\"}]}<\/script>\n<!-- \/ Yoast SEO plugin. -->","yoast_head_json":{"title":"Comit\u00e9 Institucional de Bioseguridad - ICIM","robots":{"index":"index","follow":"follow","max-snippet":"max-snippet:-1","max-image-preview":"max-image-preview:large","max-video-preview":"max-video-preview:-1"},"canonical":"https:\/\/medicina.udd.cl\/icim\/instituto-de-ciencias-e-innovacion-en-medicina-icim\/unidades-de-apoyo\/comites-regulatorios\/comite-institucional-de-bioseguridad\/","og_locale":"es_ES","og_type":"article","og_title":"Comit\u00e9 Institucional de Bioseguridad - ICIM","og_description":"El Comit\u00e9 Institucional de Bioseguridad (CIB) tiene como objetivo implementar pol\u00edticas de bioseguridad, programas de vigilancia, apoyo y capacitaci\u00f3n, por medio de propuestas innovadoras y pertinentes, que permitan proteger la seguridad de nuestra comunidad universitaria. La bioseguridad es un conjunto de normas, medidas y protocolos que son aplicados en m\u00faltiples procedimientos realizados en investigaciones cient\u00edficas [&hellip;]","og_url":"https:\/\/medicina.udd.cl\/icim\/instituto-de-ciencias-e-innovacion-en-medicina-icim\/unidades-de-apoyo\/comites-regulatorios\/comite-institucional-de-bioseguridad\/","og_site_name":"ICIM","article_modified_time":"2025-04-14T18:37:14+00:00","og_image":[{"url":"https:\/\/medicina.udd.cl\/icim\/files\/2024\/08\/comite-institucional-de-bioseguridad-2-scaled.jpg","type":"","width":"","height":""}],"twitter_card":"summary_large_image","twitter_misc":{"Tiempo de lectura":"3 minutos"},"schema":{"@context":"https:\/\/schema.org","@graph":[{"@type":"WebPage","@id":"https:\/\/medicina.udd.cl\/icim\/instituto-de-ciencias-e-innovacion-en-medicina-icim\/unidades-de-apoyo\/comites-regulatorios\/comite-institucional-de-bioseguridad\/","url":"https:\/\/medicina.udd.cl\/icim\/instituto-de-ciencias-e-innovacion-en-medicina-icim\/unidades-de-apoyo\/comites-regulatorios\/comite-institucional-de-bioseguridad\/","name":"Comit\u00e9 Institucional de Bioseguridad - ICIM","isPartOf":{"@id":"https:\/\/medicina.udd.cl\/icim\/#website"},"primaryImageOfPage":{"@id":"https:\/\/medicina.udd.cl\/icim\/instituto-de-ciencias-e-innovacion-en-medicina-icim\/unidades-de-apoyo\/comites-regulatorios\/comite-institucional-de-bioseguridad\/#primaryimage"},"image":{"@id":"https:\/\/medicina.udd.cl\/icim\/instituto-de-ciencias-e-innovacion-en-medicina-icim\/unidades-de-apoyo\/comites-regulatorios\/comite-institucional-de-bioseguridad\/#primaryimage"},"thumbnailUrl":"https:\/\/medicina.udd.cl\/icim\/files\/2024\/08\/comite-institucional-de-bioseguridad-2-scaled.jpg","datePublished":"2016-10-12T19:45:06+00:00","dateModified":"2025-04-14T18:37:14+00:00","breadcrumb":{"@id":"https:\/\/medicina.udd.cl\/icim\/instituto-de-ciencias-e-innovacion-en-medicina-icim\/unidades-de-apoyo\/comites-regulatorios\/comite-institucional-de-bioseguridad\/#breadcrumb"},"inLanguage":"es","potentialAction":[{"@type":"ReadAction","target":["https:\/\/medicina.udd.cl\/icim\/instituto-de-ciencias-e-innovacion-en-medicina-icim\/unidades-de-apoyo\/comites-regulatorios\/comite-institucional-de-bioseguridad\/"]}]},{"@type":"ImageObject","inLanguage":"es","@id":"https:\/\/medicina.udd.cl\/icim\/instituto-de-ciencias-e-innovacion-en-medicina-icim\/unidades-de-apoyo\/comites-regulatorios\/comite-institucional-de-bioseguridad\/#primaryimage","url":"https:\/\/medicina.udd.cl\/icim\/files\/2024\/08\/comite-institucional-de-bioseguridad-2-scaled.jpg","contentUrl":"https:\/\/medicina.udd.cl\/icim\/files\/2024\/08\/comite-institucional-de-bioseguridad-2-scaled.jpg","width":2560,"height":1707},{"@type":"BreadcrumbList","@id":"https:\/\/medicina.udd.cl\/icim\/instituto-de-ciencias-e-innovacion-en-medicina-icim\/unidades-de-apoyo\/comites-regulatorios\/comite-institucional-de-bioseguridad\/#breadcrumb","itemListElement":[{"@type":"ListItem","position":1,"name":"Inicio","item":"https:\/\/medicina.udd.cl\/icim\/"},{"@type":"ListItem","position":2,"name":"Instituto de Ciencias e Innovaci\u00f3n en Medicina (ICIM)","item":"https:\/\/medicina.udd.cl\/icim\/instituto-de-ciencias-e-innovacion-en-medicina-icim\/"},{"@type":"ListItem","position":3,"name":"Unidades de apoyo","item":"https:\/\/medicina.udd.cl\/icim\/instituto-de-ciencias-e-innovacion-en-medicina-icim\/unidades-de-apoyo\/"},{"@type":"ListItem","position":4,"name":"Comit\u00e9s regulatorios","item":"https:\/\/medicina.udd.cl\/icim\/instituto-de-ciencias-e-innovacion-en-medicina-icim\/unidades-de-apoyo\/comites-regulatorios\/"},{"@type":"ListItem","position":5,"name":"Comit\u00e9 Institucional de Bioseguridad"}]},{"@type":"WebSite","@id":"https:\/\/medicina.udd.cl\/icim\/#website","url":"https:\/\/medicina.udd.cl\/icim\/","name":"ICIM","description":"Una iniciativa de Universidad del Desarrollo y Cl\u00ednica Alemana","inLanguage":"es"}]}},"_links":{"self":[{"href":"https:\/\/medicina.udd.cl\/icim\/wp-json\/wp\/v2\/pages\/3968","targetHints":{"allow":["GET"]}}],"collection":[{"href":"https:\/\/medicina.udd.cl\/icim\/wp-json\/wp\/v2\/pages"}],"about":[{"href":"https:\/\/medicina.udd.cl\/icim\/wp-json\/wp\/v2\/types\/page"}],"author":[{"embeddable":true,"href":"https:\/\/medicina.udd.cl\/icim\/wp-json\/wp\/v2\/users\/42"}],"replies":[{"embeddable":true,"href":"https:\/\/medicina.udd.cl\/icim\/wp-json\/wp\/v2\/comments?post=3968"}],"version-history":[{"count":49,"href":"https:\/\/medicina.udd.cl\/icim\/wp-json\/wp\/v2\/pages\/3968\/revisions"}],"predecessor-version":[{"id":14041,"href":"https:\/\/medicina.udd.cl\/icim\/wp-json\/wp\/v2\/pages\/3968\/revisions\/14041"}],"up":[{"embeddable":true,"href":"https:\/\/medicina.udd.cl\/icim\/wp-json\/wp\/v2\/pages\/34"}],"wp:attachment":[{"href":"https:\/\/medicina.udd.cl\/icim\/wp-json\/wp\/v2\/media?parent=3968"}],"curies":[{"name":"wp","href":"https:\/\/api.w.org\/{rel}","templated":true}]}}