{"id":3980,"date":"2016-10-12T19:55:16","date_gmt":"2016-10-12T19:55:16","guid":{"rendered":"http:\/\/medicina.udd.cl\/icim\/?page_id=3980"},"modified":"2021-06-22T17:33:32","modified_gmt":"2021-06-22T21:33:32","slug":"comite-cuidado-uso-animales-laboratorio-cicual","status":"publish","type":"page","link":"https:\/\/medicina.udd.cl\/icim\/instituto-de-ciencias-e-innovacion-en-medicina-icim\/unidades-de-apoyo\/comites-regulatorios\/comite-cuidado-uso-animales-laboratorio-cicual\/","title":{"rendered":"Comit\u00e9 de Cuidado y Uso de Animales de Laboratorio (CICUAL)"},"content":{"rendered":"<table>\n<tbody>\n<tr>\n<td width=\"196\"><strong>Informaci\u00f3n a considerar:<\/strong><\/td>\n<td width=\"196\"><strong>\u00a0<\/strong><\/td>\n<td width=\"196\"><strong>\u00a0<\/strong><\/td>\n<\/tr>\n<tr>\n<td width=\"196\"><strong>Fechas de Reuniones CICUAL<\/strong><\/td>\n<td width=\"196\">Primera semana de cada mes<\/td>\n<td width=\"196\">\u00a0<\/td>\n<\/tr>\n<tr>\n<td width=\"196\"><strong>Per\u00edodo de recepci\u00f3n de Proyectos para revisi\u00f3n<\/strong><\/td>\n<td width=\"196\">Hasta los d\u00edas 15 de cada mes<\/td>\n<td width=\"196\">\u00a0<\/td>\n<\/tr>\n<tr>\n<td width=\"196\"><strong>Tiempo promedio hasta la aprobaci\u00f3n<\/strong><\/td>\n<td width=\"196\">2 meses<\/td>\n<td width=\"196\">\u00a0<\/td>\n<\/tr>\n<tr>\n<td width=\"196\"><strong>Cont\u00e1ctenos para solicitar el formulario \u201cProtocolo de Manejo y Cuidado de animales de laboratorio\u201d<\/strong><\/td>\n<td width=\"196\">cicual@udd.cl<\/td>\n<td width=\"196\">\u00a0<\/td>\n<\/tr>\n<\/tbody>\n<\/table>\n<ul>\n<li>\n<h4><a class=\"pdf-download\" href=\"http:\/\/medicina.udd.cl\/files\/2016\/05\/Reglamento-Interno-CICUAL.pdf\" target=\"_blank\" rel=\"noopener noreferrer\">REGLAMENTO INTERNO CICUAL\u00a0<\/a><\/h4>\n<\/li>\n<li>\n<h4><a class=\"pdf-download\" href=\"http:\/\/medicina.udd.cl\/files\/2016\/05\/Acta-de-Costituci%C3%B3n-CICUAL-2014.pdf\" target=\"_blank\" rel=\"noopener noreferrer\">ACTA DE CONSTITUCI\u00d3N CICUAL 2014\u00a0<\/a><\/h4>\n<\/li>\n<li>\n<h4><a class=\"pdf-download\" href=\"http:\/\/medicina.udd.cl\/files\/2016\/05\/Decreto-N%C2%B0-119-14-y-Reglamento-Interno-del-CICUAL.pdf\" target=\"_blank\" rel=\"noopener noreferrer\">DECRETO N\u00b0 119-14 CICUAL\u00a0<\/a><\/h4>\n<\/li>\n<li>\n<h4><a href=\"https:\/\/medicina.udd.cl\/icim\/protocolo-de-manejo-y-cuidado-de-animales-de-laboratorio\/\">FORMULARIOS PARA SOLICITAR USO DE ANIMALES<\/a><\/h4>\n<\/li>\n<\/ul>\n<ul>\n<li>\n<h4><a href=\"http:\/\/medicina.udd.cl\/icim\/files\/2016\/10\/Procedimiento-para-solicitar-Revisi\u00c3\u00b3n-CICUAL-2017-1.pdf\" target=\"_blank\" rel=\"noopener noreferrer\">PROCEDIMIENTO PARA SOLICITAR REVISI\u00d3N EN EL CICUAL 2017<\/a><\/h4>\n<\/li>\n<li>\n<h4><a class=\"pdf-download\" href=\"http:\/\/medicina.udd.cl\/files\/2016\/08\/Gu%C3%ADa-para-el-Cuidado-y-Uso-de-los-Animales-de-Laboratorio.pdf\" target=\"_blank\" rel=\"noopener noreferrer\">GU\u00cdA PARA CUIDADO Y USO DE ANIMALES DE LABORATORIO<\/a><\/h4>\n<\/li>\n<li>\n<h4><a href=\"http:\/\/medicina.udd.cl\/icim\/files\/2016\/10\/Guide-for-the-Care-and-Use-of-Laboratory-Animals-Eighth-Edition.pdf\" target=\"_blank\" rel=\"noopener noreferrer\">Guide for the Care and Use of Laboratory Animals &#8211; Eighth Edition<\/a><\/h4>\n<\/li>\n<li>\n<h4><a class=\"pdf-download\" href=\"http:\/\/medicina.udd.cl\/files\/2016\/08\/Ley20380.pdf\" target=\"_blank\" rel=\"noopener noreferrer\">LEY 20.380: SOBRE PROTECCI\u00d3N DE ANIMALES<\/a><\/h4>\n<\/li>\n<li>\n<h4><a class=\"pdf-download\" href=\"http:\/\/medicina.udd.cl\/files\/2016\/08\/Protecci%C3%B3n-de-los-animales-utilizados-para-fines-cient%C3%ADficos-UE-Diario-oficial.pdf\" target=\"_blank\" rel=\"noopener noreferrer\">PROTECCI\u00d3N DE LOS ANIMALES UTILIZADOS PARA FINES CIENT\u00cdFICOS (DIARIO OFICIAL \u2013 UE)<\/a><\/h4>\n<\/li>\n<li>\n<h4><a class=\"pdf-download\" href=\"http:\/\/medicina.udd.cl\/files\/2016\/08\/Libro-5-%C3%89tica-de-los-Comit%C3%A9s-de-%C3%89tica-y-Bio%C3%A9tica-en-Investigaci%C3%B3n-Cient%C3%ADfica-Biom%C3%A9dica-y-Social.pdf\" target=\"_blank\" rel=\"noopener noreferrer\">\u00c9TICA DE LOS COMIT\u00c9S DE\u00a0\u00c9TICA Y BIO\u00c9TICA EN INVESTIGACI\u00d3N\u00a0CIENT\u00cdFICA BIOM\u00c9DICA Y SOCIAL<\/a><\/h4>\n<\/li>\n<li>\n<h4><a href=\"https:\/\/medicina.udd.cl\/icim\/files\/2021\/06\/Memoria-anual-2020-CICUAL-UDD-versi\u00f3n-Web.pdf\">MEMORIA ANUAL 2020<\/a><\/h4>\n<\/li>\n<\/ul>\n\n\n<p><\/p>\n","protected":false},"excerpt":{"rendered":"<p>Informaci\u00f3n a considerar: \u00a0 \u00a0 Fechas de Reuniones CICUAL Primera semana de cada mes \u00a0 Per\u00edodo de recepci\u00f3n de Proyectos para revisi\u00f3n Hasta los d\u00edas 15 de cada mes \u00a0 Tiempo promedio hasta la aprobaci\u00f3n 2 meses \u00a0 Cont\u00e1ctenos para solicitar el formulario \u201cProtocolo de Manejo y Cuidado de animales de laboratorio\u201d cicual@udd.cl \u00a0 REGLAMENTO [&hellip;]<\/p>\n","protected":false},"author":42,"featured_media":0,"parent":34,"menu_order":0,"comment_status":"closed","ping_status":"closed","template":"","meta":{"footnotes":""},"class_list":["post-3980","page","type-page","status-publish","hentry"],"yoast_head":"<!-- This site is optimized with the Yoast SEO plugin v26.9 - https:\/\/yoast.com\/product\/yoast-seo-wordpress\/ -->\n<title>Comit\u00e9 de Cuidado y Uso de Animales de Laboratorio (CICUAL) - ICIM<\/title>\n<meta name=\"robots\" content=\"index, follow, max-snippet:-1, max-image-preview:large, max-video-preview:-1\" \/>\n<link rel=\"canonical\" href=\"https:\/\/medicina.udd.cl\/icim\/instituto-de-ciencias-e-innovacion-en-medicina-icim\/unidades-de-apoyo\/comites-regulatorios\/comite-cuidado-uso-animales-laboratorio-cicual\/\" \/>\n<meta property=\"og:locale\" content=\"es_ES\" \/>\n<meta property=\"og:type\" content=\"article\" \/>\n<meta property=\"og:title\" content=\"Comit\u00e9 de Cuidado y Uso de Animales de Laboratorio (CICUAL) - ICIM\" \/>\n<meta property=\"og:description\" content=\"Informaci\u00f3n a considerar: \u00a0 \u00a0 Fechas de Reuniones CICUAL Primera semana de cada mes \u00a0 Per\u00edodo de recepci\u00f3n de Proyectos para revisi\u00f3n Hasta los d\u00edas 15 de cada mes \u00a0 Tiempo promedio hasta la aprobaci\u00f3n 2 meses \u00a0 Cont\u00e1ctenos para solicitar el formulario \u201cProtocolo de Manejo y Cuidado de animales de laboratorio\u201d cicual@udd.cl \u00a0 REGLAMENTO [&hellip;]\" \/>\n<meta property=\"og:url\" content=\"https:\/\/medicina.udd.cl\/icim\/instituto-de-ciencias-e-innovacion-en-medicina-icim\/unidades-de-apoyo\/comites-regulatorios\/comite-cuidado-uso-animales-laboratorio-cicual\/\" \/>\n<meta property=\"og:site_name\" content=\"ICIM\" \/>\n<meta property=\"article:modified_time\" content=\"2021-06-22T21:33:32+00:00\" \/>\n<meta name=\"twitter:card\" content=\"summary_large_image\" \/>\n<meta name=\"twitter:label1\" content=\"Tiempo de lectura\" \/>\n\t<meta name=\"twitter:data1\" content=\"1 minuto\" \/>\n<script type=\"application\/ld+json\" class=\"yoast-schema-graph\">{\"@context\":\"https:\/\/schema.org\",\"@graph\":[{\"@type\":\"WebPage\",\"@id\":\"https:\/\/medicina.udd.cl\/icim\/instituto-de-ciencias-e-innovacion-en-medicina-icim\/unidades-de-apoyo\/comites-regulatorios\/comite-cuidado-uso-animales-laboratorio-cicual\/\",\"url\":\"https:\/\/medicina.udd.cl\/icim\/instituto-de-ciencias-e-innovacion-en-medicina-icim\/unidades-de-apoyo\/comites-regulatorios\/comite-cuidado-uso-animales-laboratorio-cicual\/\",\"name\":\"Comit\u00e9 de Cuidado y Uso de Animales de Laboratorio (CICUAL) - ICIM\",\"isPartOf\":{\"@id\":\"https:\/\/medicina.udd.cl\/icim\/#website\"},\"datePublished\":\"2016-10-12T19:55:16+00:00\",\"dateModified\":\"2021-06-22T21:33:32+00:00\",\"breadcrumb\":{\"@id\":\"https:\/\/medicina.udd.cl\/icim\/instituto-de-ciencias-e-innovacion-en-medicina-icim\/unidades-de-apoyo\/comites-regulatorios\/comite-cuidado-uso-animales-laboratorio-cicual\/#breadcrumb\"},\"inLanguage\":\"es\",\"potentialAction\":[{\"@type\":\"ReadAction\",\"target\":[\"https:\/\/medicina.udd.cl\/icim\/instituto-de-ciencias-e-innovacion-en-medicina-icim\/unidades-de-apoyo\/comites-regulatorios\/comite-cuidado-uso-animales-laboratorio-cicual\/\"]}]},{\"@type\":\"BreadcrumbList\",\"@id\":\"https:\/\/medicina.udd.cl\/icim\/instituto-de-ciencias-e-innovacion-en-medicina-icim\/unidades-de-apoyo\/comites-regulatorios\/comite-cuidado-uso-animales-laboratorio-cicual\/#breadcrumb\",\"itemListElement\":[{\"@type\":\"ListItem\",\"position\":1,\"name\":\"Inicio\",\"item\":\"https:\/\/medicina.udd.cl\/icim\/\"},{\"@type\":\"ListItem\",\"position\":2,\"name\":\"Instituto de Ciencias e Innovaci\u00f3n en Medicina (ICIM)\",\"item\":\"https:\/\/medicina.udd.cl\/icim\/instituto-de-ciencias-e-innovacion-en-medicina-icim\/\"},{\"@type\":\"ListItem\",\"position\":3,\"name\":\"Unidades de apoyo\",\"item\":\"https:\/\/medicina.udd.cl\/icim\/instituto-de-ciencias-e-innovacion-en-medicina-icim\/unidades-de-apoyo\/\"},{\"@type\":\"ListItem\",\"position\":4,\"name\":\"Comit\u00e9s regulatorios\",\"item\":\"https:\/\/medicina.udd.cl\/icim\/instituto-de-ciencias-e-innovacion-en-medicina-icim\/unidades-de-apoyo\/comites-regulatorios\/\"},{\"@type\":\"ListItem\",\"position\":5,\"name\":\"Comit\u00e9 de Cuidado y Uso de Animales de Laboratorio (CICUAL)\"}]},{\"@type\":\"WebSite\",\"@id\":\"https:\/\/medicina.udd.cl\/icim\/#website\",\"url\":\"https:\/\/medicina.udd.cl\/icim\/\",\"name\":\"ICIM\",\"description\":\"Una iniciativa de Universidad del Desarrollo y Cl\u00ednica Alemana\",\"inLanguage\":\"es\"}]}<\/script>\n<!-- \/ Yoast SEO plugin. -->","yoast_head_json":{"title":"Comit\u00e9 de Cuidado y Uso de Animales de Laboratorio (CICUAL) - ICIM","robots":{"index":"index","follow":"follow","max-snippet":"max-snippet:-1","max-image-preview":"max-image-preview:large","max-video-preview":"max-video-preview:-1"},"canonical":"https:\/\/medicina.udd.cl\/icim\/instituto-de-ciencias-e-innovacion-en-medicina-icim\/unidades-de-apoyo\/comites-regulatorios\/comite-cuidado-uso-animales-laboratorio-cicual\/","og_locale":"es_ES","og_type":"article","og_title":"Comit\u00e9 de Cuidado y Uso de Animales de Laboratorio (CICUAL) - ICIM","og_description":"Informaci\u00f3n a considerar: \u00a0 \u00a0 Fechas de Reuniones CICUAL Primera semana de cada mes \u00a0 Per\u00edodo de recepci\u00f3n de Proyectos para revisi\u00f3n Hasta los d\u00edas 15 de cada mes \u00a0 Tiempo promedio hasta la aprobaci\u00f3n 2 meses \u00a0 Cont\u00e1ctenos para solicitar el formulario \u201cProtocolo de Manejo y Cuidado de animales de laboratorio\u201d cicual@udd.cl \u00a0 REGLAMENTO [&hellip;]","og_url":"https:\/\/medicina.udd.cl\/icim\/instituto-de-ciencias-e-innovacion-en-medicina-icim\/unidades-de-apoyo\/comites-regulatorios\/comite-cuidado-uso-animales-laboratorio-cicual\/","og_site_name":"ICIM","article_modified_time":"2021-06-22T21:33:32+00:00","twitter_card":"summary_large_image","twitter_misc":{"Tiempo de lectura":"1 minuto"},"schema":{"@context":"https:\/\/schema.org","@graph":[{"@type":"WebPage","@id":"https:\/\/medicina.udd.cl\/icim\/instituto-de-ciencias-e-innovacion-en-medicina-icim\/unidades-de-apoyo\/comites-regulatorios\/comite-cuidado-uso-animales-laboratorio-cicual\/","url":"https:\/\/medicina.udd.cl\/icim\/instituto-de-ciencias-e-innovacion-en-medicina-icim\/unidades-de-apoyo\/comites-regulatorios\/comite-cuidado-uso-animales-laboratorio-cicual\/","name":"Comit\u00e9 de Cuidado y Uso de Animales de Laboratorio (CICUAL) - ICIM","isPartOf":{"@id":"https:\/\/medicina.udd.cl\/icim\/#website"},"datePublished":"2016-10-12T19:55:16+00:00","dateModified":"2021-06-22T21:33:32+00:00","breadcrumb":{"@id":"https:\/\/medicina.udd.cl\/icim\/instituto-de-ciencias-e-innovacion-en-medicina-icim\/unidades-de-apoyo\/comites-regulatorios\/comite-cuidado-uso-animales-laboratorio-cicual\/#breadcrumb"},"inLanguage":"es","potentialAction":[{"@type":"ReadAction","target":["https:\/\/medicina.udd.cl\/icim\/instituto-de-ciencias-e-innovacion-en-medicina-icim\/unidades-de-apoyo\/comites-regulatorios\/comite-cuidado-uso-animales-laboratorio-cicual\/"]}]},{"@type":"BreadcrumbList","@id":"https:\/\/medicina.udd.cl\/icim\/instituto-de-ciencias-e-innovacion-en-medicina-icim\/unidades-de-apoyo\/comites-regulatorios\/comite-cuidado-uso-animales-laboratorio-cicual\/#breadcrumb","itemListElement":[{"@type":"ListItem","position":1,"name":"Inicio","item":"https:\/\/medicina.udd.cl\/icim\/"},{"@type":"ListItem","position":2,"name":"Instituto de Ciencias e Innovaci\u00f3n en Medicina (ICIM)","item":"https:\/\/medicina.udd.cl\/icim\/instituto-de-ciencias-e-innovacion-en-medicina-icim\/"},{"@type":"ListItem","position":3,"name":"Unidades de apoyo","item":"https:\/\/medicina.udd.cl\/icim\/instituto-de-ciencias-e-innovacion-en-medicina-icim\/unidades-de-apoyo\/"},{"@type":"ListItem","position":4,"name":"Comit\u00e9s regulatorios","item":"https:\/\/medicina.udd.cl\/icim\/instituto-de-ciencias-e-innovacion-en-medicina-icim\/unidades-de-apoyo\/comites-regulatorios\/"},{"@type":"ListItem","position":5,"name":"Comit\u00e9 de Cuidado y Uso de Animales de Laboratorio (CICUAL)"}]},{"@type":"WebSite","@id":"https:\/\/medicina.udd.cl\/icim\/#website","url":"https:\/\/medicina.udd.cl\/icim\/","name":"ICIM","description":"Una iniciativa de Universidad del Desarrollo y Cl\u00ednica Alemana","inLanguage":"es"}]}},"_links":{"self":[{"href":"https:\/\/medicina.udd.cl\/icim\/wp-json\/wp\/v2\/pages\/3980","targetHints":{"allow":["GET"]}}],"collection":[{"href":"https:\/\/medicina.udd.cl\/icim\/wp-json\/wp\/v2\/pages"}],"about":[{"href":"https:\/\/medicina.udd.cl\/icim\/wp-json\/wp\/v2\/types\/page"}],"author":[{"embeddable":true,"href":"https:\/\/medicina.udd.cl\/icim\/wp-json\/wp\/v2\/users\/42"}],"replies":[{"embeddable":true,"href":"https:\/\/medicina.udd.cl\/icim\/wp-json\/wp\/v2\/comments?post=3980"}],"version-history":[{"count":18,"href":"https:\/\/medicina.udd.cl\/icim\/wp-json\/wp\/v2\/pages\/3980\/revisions"}],"predecessor-version":[{"id":9656,"href":"https:\/\/medicina.udd.cl\/icim\/wp-json\/wp\/v2\/pages\/3980\/revisions\/9656"}],"up":[{"embeddable":true,"href":"https:\/\/medicina.udd.cl\/icim\/wp-json\/wp\/v2\/pages\/34"}],"wp:attachment":[{"href":"https:\/\/medicina.udd.cl\/icim\/wp-json\/wp\/v2\/media?parent=3980"}],"curies":[{"name":"wp","href":"https:\/\/api.w.org\/{rel}","templated":true}]}}