{"id":4905,"date":"2017-06-29T22:29:25","date_gmt":"2017-06-29T22:29:25","guid":{"rendered":"http:\/\/medicina.udd.cl\/icim\/?page_id=4905"},"modified":"2022-02-24T16:04:03","modified_gmt":"2022-02-24T19:04:03","slug":"historia","status":"publish","type":"page","link":"https:\/\/medicina.udd.cl\/icim\/instituto-de-ciencias-e-innovacion-en-medicina-icim\/historia\/","title":{"rendered":"Historia"},"content":{"rendered":"\n<p>La investigaci\u00f3n cient\u00edfica ha representado un pilar fundamental de la <strong>Facultad de Medicina Cl\u00ednica Alemana Universidad del Desarrollo<\/strong> desde su fundaci\u00f3n. Inicialmente, esta actividad se organiz\u00f3 en torno a la contrataci\u00f3n de investigadores (doctores en ciencias) de \u00e1reas espec\u00edficas, que formaron sus equipos y laboratorios.<\/p>\n\n\n\n<p>Una vez alcanzado cierto grado de madurez, desde el a\u00f1o 2004, estos grupos se organizaron en torno a centros disciplinarios, incrementando progresivamente el n\u00famero de investigadores, \u00e1rea de laboratorios y equipamiento. Coherente con este desarrollo, se observ\u00f3 un importante aumento de las publicaciones cient\u00edficas y la adjudicaci\u00f3n de proyectos en fondos concursables.<\/p>\n\n\n\n<p>De hecho, un estudio de la Academia Chilena de Medicina el a\u00f1o 2012 establece que la Facultad de Medicina ocupa el tercer lugar en productividad cient\u00edfica en el \u00e1rea de biomedicina, despu\u00e9s de la Universidad Cat\u00f3lica y Universidad de Chile (Vald\u00e9s G., Aramas R., Reyes H., Principales Caracter\u00edsticas de la Investigaci\u00f3n Biom\u00e9dica Actual en Chile, Rev Med Chile, 2012, 140:484-92).<\/p>\n\n\n\n<p>La consolidaci\u00f3n de la actividad de investigaci\u00f3n fue generando progresivamente una cultura de enfoques disciplinarios que se centran en problemas de salud definidos como prioritarios. Desde el punto de vista institucional, se produjo la necesidad de organizar toda la actividad de investigaci\u00f3n en la Facultad de Medicina bajo el alero de una sola estructura acad\u00e9mica.<\/p>\n\n\n\n<p>De esta forma se estableci\u00f3 la creaci\u00f3n del <strong>Instituto de Ciencias e Innovaci\u00f3n en Medicina (ICIM)<\/strong>, en noviembre del 2013, y se defini\u00f3 como un ecosistema de investigaci\u00f3n de clase mundial que desarrolla investigaci\u00f3n traslacional de vanguardia y, a trav\u00e9s de soluciones innovadoras, busca impactar positivamente en la salud de las personas con su modelo de trabajo en alianza que comprende a Cl\u00ednica Alemana y Hospital Padre Hurtado (HPH) entre otros.<\/p>\n\n\n\n<p>En 2017, el ICIM ya desarrollaba su labor en un espacio f\u00edsico aproximado de 2.500 m2, albergando a m\u00e1s de 100 profesionales (42 de ellos con PhD), t\u00e9cnicos y administrativos de apoyo y permite espacios de encuentro entre ellos y con otros (socios del ICIM, otros centros cl\u00ednicos, una amplia red interdisciplinaria cient\u00edfica nacional e internacional, empresas y emprendedores, y la comunidad en su conjunto). Con esto, se han potenciado las sinergias que permitan avanzar con mayor rapidez y excelencia en las investigaciones a los que se aboca el ICIM.<\/p>\n\n\n\n<p>La consolidaci\u00f3n de la actividad de investigaci\u00f3n fue generando progresivamente una cultura de enfoques disciplinarios que se focalizan y colaboran en torno a problemas definidos como prioritarios. Desde el punto de vista institucional, se produjo la necesidad de organizar toda la actividad de investigaci\u00f3n en la Facultad de Medicina bajo el alero de una sola estructura acad\u00e9mica.<\/p>\n\n\n\n<p>De esta forma se estableci\u00f3 la creaci\u00f3n del Instituto de Ciencias e Innovaci\u00f3n en Medicina (ICIM),en noviembre del 2013, y se defini\u00f3 como un ecosistema de investigaci\u00f3n de clase mundial que desarrolla investigaci\u00f3n traslacional de vanguardia y, a trav\u00e9s de soluciones innovadoras, busca impactar positivamente en la salud de las personas con su modelo de trabajo en alianza que comprende a Cl\u00ednica Alemana y Hospital Padre Hurtado (HPH) entre otros.<\/p>\n\n\n\n<p>Al momento de la creaci\u00f3n del ICIM, se establecieron algunos de los siguientes objetivos estrat\u00e9gicos:<\/p>\n\n\n<!-- WP Block: UDD - Cards Alternate -->\n<section class=\"wp-block-udd-cards\" style=\"--udd-blocks-has-columns-number: 4\">\n\t<div class=\"container\">\n\t\t\t\t<div class=\"block__content\">\n\t\t\t<div class=\"cards\">\n\t\t\t\t\t\t\t\t\t\t\t\t\t\t\t\t\t<div class=\"card-wrapper\">\n\t\t\t\t\t\t<div class=\"card\">\n\t\t\t\t\t\t\t<h3 class=\"card__title\">1.<\/h3>\n\t\t\t\t\t\t\t\t\t\t\t\t\t\t<div class=\"card__description\">\n\t\t\t\t\t\t\t\t<p>Integrar en una sola estructura geogr\u00e1fica y administrativa todas las actividades de investigaci\u00f3n de la Facultad de Medicina.<\/p>\n\t\t\t\t\t\t\t<\/div>\n\t\t\t\t\t\t\t\t\t\t\t\t\t<\/div>\n\t\t\t\t\t<\/div>\n\t\t\t\t\t\t\t\t\t\t\t\t\t\t\t\t\t\t\t\t\t<div class=\"card-wrapper\">\n\t\t\t\t\t\t<div class=\"card\">\n\t\t\t\t\t\t\t<h3 class=\"card__title\">2.<\/h3>\n\t\t\t\t\t\t\t\t\t\t\t\t\t\t<div class=\"card__description\">\n\t\t\t\t\t\t\t\t<p>Convertirse en un punto de encuentro de m\u00e9dicos y cient\u00edficos, y crear un entorno para el desarrollo de una cultura de colaboraci\u00f3n e integraci\u00f3n, cumpliendo estrictamente las buenas pr\u00e1cticas de investigaci\u00f3n.<\/p>\n\t\t\t\t\t\t\t<\/div>\n\t\t\t\t\t\t\t\t\t\t\t\t\t<\/div>\n\t\t\t\t\t<\/div>\n\t\t\t\t\t\t\t\t\t\t\t\t\t\t\t\t\t\t\t\t\t<div class=\"card-wrapper\">\n\t\t\t\t\t\t<div class=\"card\">\n\t\t\t\t\t\t\t<h3 class=\"card__title\">3.<\/h3>\n\t\t\t\t\t\t\t\t\t\t\t\t\t\t<div class=\"card__description\">\n\t\t\t\t\t\t\t\t<p>Alinear los esfuerzos de investigaci\u00f3n y las necesidades de salud p\u00fablica, aumentar la eficacia y la rapidez de la investigaci\u00f3n cl\u00ednica y traslacional en la soluci\u00f3n de problemas de salud beneficiando a los pacientes y a la comunidad.<\/p>\n\t\t\t\t\t\t\t<\/div>\n\t\t\t\t\t\t\t\t\t\t\t\t\t<\/div>\n\t\t\t\t\t<\/div>\n\t\t\t\t\t\t\t\t\t\t\t\t\t\t\t\t\t\t\t\t\t<div class=\"card-wrapper\">\n\t\t\t\t\t\t<div class=\"card\">\n\t\t\t\t\t\t\t<h3 class=\"card__title\">4.<\/h3>\n\t\t\t\t\t\t\t\t\t\t\t\t\t\t<div class=\"card__description\">\n\t\t\t\t\t\t\t\t<p>Desarrollar programas de postgrado y contribuir a la formaci\u00f3n de recursos humanos altamente calificados; junto con aumentar la productividad cient\u00edfica (publicaciones de alto impacto, pol\u00edticas p\u00fablicas y patentes).<\/p>\n\t\t\t\t\t\t\t<\/div>\n\t\t\t\t\t\t\t\t\t\t\t\t\t<\/div>\n\t\t\t\t\t<\/div>\n\t\t\t\t\t\t\t\t\t\t<\/div>\n\t\t<\/div>\n\t<\/div>\n<\/section>\n\n\n\n<p>Actualmente, son m\u00e1s de 100 los profesionales que  conforman el Instituto de Ciencias e Innovaci\u00f3n en  Medicina, definido como un ecosistema de clase mundial, que se dedica a desarrollar investigaci\u00f3n traslacional de vanguardia para impactar en la salud de  las personas con soluciones concretas, contingentes e innovadoras. <\/p>\n\n\n\n<p><\/p>\n","protected":false},"excerpt":{"rendered":"<p>La investigaci\u00f3n cient\u00edfica ha representado un pilar fundamental de la Facultad de Medicina Cl\u00ednica Alemana Universidad del Desarrollo desde su fundaci\u00f3n. Inicialmente, esta actividad se organiz\u00f3 en torno a la contrataci\u00f3n de investigadores (doctores en ciencias) de \u00e1reas espec\u00edficas, que formaron sus equipos y laboratorios. Una vez alcanzado cierto grado de madurez, desde el a\u00f1o [&hellip;]<\/p>\n","protected":false},"author":42,"featured_media":0,"parent":8277,"menu_order":0,"comment_status":"closed","ping_status":"closed","template":"","meta":{"footnotes":""},"class_list":["post-4905","page","type-page","status-publish","hentry"],"yoast_head":"<!-- This site is optimized with the Yoast SEO plugin v26.9 - https:\/\/yoast.com\/product\/yoast-seo-wordpress\/ -->\n<title>Historia - ICIM<\/title>\n<meta name=\"robots\" content=\"index, follow, max-snippet:-1, max-image-preview:large, max-video-preview:-1\" \/>\n<link rel=\"canonical\" href=\"https:\/\/medicina.udd.cl\/icim\/instituto-de-ciencias-e-innovacion-en-medicina-icim\/historia\/\" \/>\n<meta property=\"og:locale\" content=\"es_ES\" \/>\n<meta property=\"og:type\" content=\"article\" \/>\n<meta property=\"og:title\" content=\"Historia - ICIM\" \/>\n<meta property=\"og:description\" content=\"La investigaci\u00f3n cient\u00edfica ha representado un pilar fundamental de la Facultad de Medicina Cl\u00ednica Alemana Universidad del Desarrollo desde su fundaci\u00f3n. Inicialmente, esta actividad se organiz\u00f3 en torno a la contrataci\u00f3n de investigadores (doctores en ciencias) de \u00e1reas espec\u00edficas, que formaron sus equipos y laboratorios. Una vez alcanzado cierto grado de madurez, desde el a\u00f1o [&hellip;]\" \/>\n<meta property=\"og:url\" content=\"https:\/\/medicina.udd.cl\/icim\/instituto-de-ciencias-e-innovacion-en-medicina-icim\/historia\/\" \/>\n<meta property=\"og:site_name\" content=\"ICIM\" \/>\n<meta property=\"article:modified_time\" content=\"2022-02-24T19:04:03+00:00\" \/>\n<meta name=\"twitter:card\" content=\"summary_large_image\" \/>\n<meta name=\"twitter:label1\" content=\"Tiempo de lectura\" \/>\n\t<meta name=\"twitter:data1\" content=\"3 minutos\" \/>\n<script type=\"application\/ld+json\" class=\"yoast-schema-graph\">{\"@context\":\"https:\/\/schema.org\",\"@graph\":[{\"@type\":\"WebPage\",\"@id\":\"https:\/\/medicina.udd.cl\/icim\/instituto-de-ciencias-e-innovacion-en-medicina-icim\/historia\/\",\"url\":\"https:\/\/medicina.udd.cl\/icim\/instituto-de-ciencias-e-innovacion-en-medicina-icim\/historia\/\",\"name\":\"Historia - ICIM\",\"isPartOf\":{\"@id\":\"https:\/\/medicina.udd.cl\/icim\/#website\"},\"datePublished\":\"2017-06-29T22:29:25+00:00\",\"dateModified\":\"2022-02-24T19:04:03+00:00\",\"breadcrumb\":{\"@id\":\"https:\/\/medicina.udd.cl\/icim\/instituto-de-ciencias-e-innovacion-en-medicina-icim\/historia\/#breadcrumb\"},\"inLanguage\":\"es\",\"potentialAction\":[{\"@type\":\"ReadAction\",\"target\":[\"https:\/\/medicina.udd.cl\/icim\/instituto-de-ciencias-e-innovacion-en-medicina-icim\/historia\/\"]}]},{\"@type\":\"BreadcrumbList\",\"@id\":\"https:\/\/medicina.udd.cl\/icim\/instituto-de-ciencias-e-innovacion-en-medicina-icim\/historia\/#breadcrumb\",\"itemListElement\":[{\"@type\":\"ListItem\",\"position\":1,\"name\":\"Inicio\",\"item\":\"https:\/\/medicina.udd.cl\/icim\/\"},{\"@type\":\"ListItem\",\"position\":2,\"name\":\"Instituto de Ciencias e Innovaci\u00f3n en Medicina (ICIM)\",\"item\":\"https:\/\/medicina.udd.cl\/icim\/instituto-de-ciencias-e-innovacion-en-medicina-icim\/\"},{\"@type\":\"ListItem\",\"position\":3,\"name\":\"Historia\"}]},{\"@type\":\"WebSite\",\"@id\":\"https:\/\/medicina.udd.cl\/icim\/#website\",\"url\":\"https:\/\/medicina.udd.cl\/icim\/\",\"name\":\"ICIM\",\"description\":\"Una iniciativa de Universidad del Desarrollo y Cl\u00ednica Alemana\",\"inLanguage\":\"es\"}]}<\/script>\n<!-- \/ Yoast SEO plugin. -->","yoast_head_json":{"title":"Historia - ICIM","robots":{"index":"index","follow":"follow","max-snippet":"max-snippet:-1","max-image-preview":"max-image-preview:large","max-video-preview":"max-video-preview:-1"},"canonical":"https:\/\/medicina.udd.cl\/icim\/instituto-de-ciencias-e-innovacion-en-medicina-icim\/historia\/","og_locale":"es_ES","og_type":"article","og_title":"Historia - ICIM","og_description":"La investigaci\u00f3n cient\u00edfica ha representado un pilar fundamental de la Facultad de Medicina Cl\u00ednica Alemana Universidad del Desarrollo desde su fundaci\u00f3n. Inicialmente, esta actividad se organiz\u00f3 en torno a la contrataci\u00f3n de investigadores (doctores en ciencias) de \u00e1reas espec\u00edficas, que formaron sus equipos y laboratorios. Una vez alcanzado cierto grado de madurez, desde el a\u00f1o [&hellip;]","og_url":"https:\/\/medicina.udd.cl\/icim\/instituto-de-ciencias-e-innovacion-en-medicina-icim\/historia\/","og_site_name":"ICIM","article_modified_time":"2022-02-24T19:04:03+00:00","twitter_card":"summary_large_image","twitter_misc":{"Tiempo de lectura":"3 minutos"},"schema":{"@context":"https:\/\/schema.org","@graph":[{"@type":"WebPage","@id":"https:\/\/medicina.udd.cl\/icim\/instituto-de-ciencias-e-innovacion-en-medicina-icim\/historia\/","url":"https:\/\/medicina.udd.cl\/icim\/instituto-de-ciencias-e-innovacion-en-medicina-icim\/historia\/","name":"Historia - ICIM","isPartOf":{"@id":"https:\/\/medicina.udd.cl\/icim\/#website"},"datePublished":"2017-06-29T22:29:25+00:00","dateModified":"2022-02-24T19:04:03+00:00","breadcrumb":{"@id":"https:\/\/medicina.udd.cl\/icim\/instituto-de-ciencias-e-innovacion-en-medicina-icim\/historia\/#breadcrumb"},"inLanguage":"es","potentialAction":[{"@type":"ReadAction","target":["https:\/\/medicina.udd.cl\/icim\/instituto-de-ciencias-e-innovacion-en-medicina-icim\/historia\/"]}]},{"@type":"BreadcrumbList","@id":"https:\/\/medicina.udd.cl\/icim\/instituto-de-ciencias-e-innovacion-en-medicina-icim\/historia\/#breadcrumb","itemListElement":[{"@type":"ListItem","position":1,"name":"Inicio","item":"https:\/\/medicina.udd.cl\/icim\/"},{"@type":"ListItem","position":2,"name":"Instituto de Ciencias e Innovaci\u00f3n en Medicina (ICIM)","item":"https:\/\/medicina.udd.cl\/icim\/instituto-de-ciencias-e-innovacion-en-medicina-icim\/"},{"@type":"ListItem","position":3,"name":"Historia"}]},{"@type":"WebSite","@id":"https:\/\/medicina.udd.cl\/icim\/#website","url":"https:\/\/medicina.udd.cl\/icim\/","name":"ICIM","description":"Una iniciativa de Universidad del Desarrollo y Cl\u00ednica Alemana","inLanguage":"es"}]}},"_links":{"self":[{"href":"https:\/\/medicina.udd.cl\/icim\/wp-json\/wp\/v2\/pages\/4905","targetHints":{"allow":["GET"]}}],"collection":[{"href":"https:\/\/medicina.udd.cl\/icim\/wp-json\/wp\/v2\/pages"}],"about":[{"href":"https:\/\/medicina.udd.cl\/icim\/wp-json\/wp\/v2\/types\/page"}],"author":[{"embeddable":true,"href":"https:\/\/medicina.udd.cl\/icim\/wp-json\/wp\/v2\/users\/42"}],"replies":[{"embeddable":true,"href":"https:\/\/medicina.udd.cl\/icim\/wp-json\/wp\/v2\/comments?post=4905"}],"version-history":[{"count":50,"href":"https:\/\/medicina.udd.cl\/icim\/wp-json\/wp\/v2\/pages\/4905\/revisions"}],"predecessor-version":[{"id":10223,"href":"https:\/\/medicina.udd.cl\/icim\/wp-json\/wp\/v2\/pages\/4905\/revisions\/10223"}],"up":[{"embeddable":true,"href":"https:\/\/medicina.udd.cl\/icim\/wp-json\/wp\/v2\/pages\/8277"}],"wp:attachment":[{"href":"https:\/\/medicina.udd.cl\/icim\/wp-json\/wp\/v2\/media?parent=4905"}],"curies":[{"name":"wp","href":"https:\/\/api.w.org\/{rel}","templated":true}]}}