{"id":5055,"date":"2017-07-05T14:22:09","date_gmt":"2017-07-05T14:22:09","guid":{"rendered":"http:\/\/medicina.udd.cl\/icim\/?page_id=5055"},"modified":"2022-02-22T15:24:34","modified_gmt":"2022-02-22T18:24:34","slug":"innovacion","status":"publish","type":"page","link":"https:\/\/medicina.udd.cl\/icim\/instituto-de-ciencias-e-innovacion-en-medicina-icim\/innovacion\/","title":{"rendered":"Innovaci\u00f3n"},"content":{"rendered":"<section\n\tclass=\"wp-block-udd-text-row block--bg-gray\"\n\t\t>\n\t<div class=\"text-row\">\n\t\t<div class=\"text-row__content\">\n\t\t\t<div class=\"text-row__content-inner text\">\n\t\t\t\t\t\t\t\t<h2>ICIM y su Modelo de Innovaci\u00f3n Basado en Ciencias<\/h2>\n\t\t\t\t\t\t\t\t\n<p>El <strong>Instituto de Ciencias e Innovaci\u00f3n en Medicina (ICIM)<\/strong> persigue generar impacto en el \u00e1mbito de la salud a trav\u00e9s del desarrollo de innovaci\u00f3n basada en ciencias. El enfoque de la investigaci\u00f3n en problemas relevantes de salud a nivel nacional y con proyecci\u00f3n internacional, es un elemento diferenciador de la actividad del ICIM. Para implementar estas capacidades, esta instituci\u00f3n trabaja en conjunto con la <strong><a href=\"http:\/\/icono.udd.cl\/\">Direcci\u00f3n de Desarrollo Tecnol\u00f3gico iCono UDD<\/a><\/strong> en la identificaci\u00f3n temprana de oportunidades de aplicaci\u00f3n de los resultados de investigaci\u00f3n, en la b\u00fasqueda de socios para el desarrollo de las tecnolog\u00edas, e interesados en la transferencia y utilizaci\u00f3n de las tecnolog\u00edas y conocimientos que se generan.<\/p>\n\n<p>ICIM ya cuenta con un portafolio de tecnolog\u00edas y de propiedad intelectual disponibles para establecer acuerdos de I+D para su maduraci\u00f3n, para su comercializaci\u00f3n y para la adopci\u00f3n en el caso de transferencias sin \u00e1nimo de retribuci\u00f3n comercial.<\/p>\n\t\t\t<\/div>\n\t\t<\/div>\n\t\t<div class=\"text-row__media\">\n\t\t\t<img loading=\"lazy\" decoding=\"async\" width=\"801\" height=\"534\" src=\"https:\/\/medicina.udd.cl\/icim\/files\/2017\/03\/Investigaci\u00f3n-440x245.jpg\" class=\"text-row__media-image lazyload\" alt=\"\" sizes=\"auto, (max-width: 801px) 100vw, 801px\" data-src=\"https:\/\/medicina.udd.cl\/icim\/files\/2017\/03\/Investigaci\u00f3n.jpg\" data-srcset=\"https:\/\/medicina.udd.cl\/icim\/files\/2017\/03\/Investigaci\u00f3n.jpg 5616w, https:\/\/medicina.udd.cl\/icim\/files\/2017\/03\/Investigaci\u00f3n-300x200.jpg 300w, https:\/\/medicina.udd.cl\/icim\/files\/2017\/03\/Investigaci\u00f3n-768x512.jpg 768w, https:\/\/medicina.udd.cl\/icim\/files\/2017\/03\/Investigaci\u00f3n-1024x683.jpg 1024w\" \/>\t\t<\/div>\n\t<\/div>\n<\/section>\n\n\n\n<h2 class=\"wp-block-heading\">Tecnolog\u00edas en Desarrollo en ICIM<\/h2>\n\n\n\n<ul class=\"wp-block-list\"><li><strong>Terapia alcoholismo<\/strong>: Tratamiento de la reincidencia de alcoholismo con c\u00e9lulas madre mesenquimales.<\/li><li><strong>Terapia esteatosis hep\u00e1tica<\/strong>: Producto derivado de c\u00e9lulas troncales mesenquim\u00e1ticas que favorece la regeneraci\u00f3n del h\u00edgado.<\/li><li><strong>Biocida ap\u00edcola<\/strong>: Producto de origen vegetal para el control y prevenci\u00f3n de la infecci\u00f3n por <em>Paenibacillus larvae<\/em>.<\/li><li><strong>Terapia diabetes<\/strong>:\u00a0Administraci\u00f3n intravenosa de c\u00e9lulas madre alog\u00e9nicas para el tratamiento de pacientes con diabetes mellitus tipo 1. Estudio fase cl\u00ednica II.<\/li><li><strong>Diagn\u00f3stico Epiderm\u00f3lisis Bullosa<\/strong>:\u00a0Implementaci\u00f3n del m\u00e9todo de inmunofluorescencia para el diagn\u00f3stico de Epiderm\u00f3lisis Bullosa.<\/li><li><strong>Tratamiento Hanta<\/strong>:\u00a0Administraci\u00f3n de plasma con altos t\u00edtulos de anticuerpos contra Virus Andes como tratamiento emp\u00edrico para pacientes con infecci\u00f3n aguda por Hantavirus en Chile.<\/li><li><strong>Diagn\u00f3stico Hanta<\/strong>:\u00a0Protocolo de diagn\u00f3stico molecular de Hanta virus cepa viral Andes.<\/li><\/ul>\n\n\n<section\n\tclass=\"wp-block-udd-text-row block--bg-gray\"\n\t\t>\n\t<div class=\"text-row\">\n\t\t<div class=\"text-row__content\">\n\t\t\t<div class=\"text-row__content-inner text\">\n\t\t\t\t\t\t\t\t<h2>ICIM en el contexto nacional de innovaci\u00f3n <\/h2>\n\t\t\t\t\t\t\t\t\n<p>El<strong> ICIM\u00a0<\/strong>se fortaleci\u00f3 a partir de una iniciativa p\u00fablico-privada-acad\u00e9mica, impulsada por el Ministerio de Educaci\u00f3n, la Universidad del Desarrollo y su aliado estrat\u00e9gico en el \u00e1mbito de la salud, la Cl\u00ednica Alemana de Santiago. Esta iniciativa, denominada Plan de Mejoramiento Institucional de innovaci\u00f3n basada en ciencias (PMI-InES), ha permitido la implementaci\u00f3n de un modelo de trabajo interinstitucional con un foco com\u00fan y una misi\u00f3n clara de instalaci\u00f3n de capacidades de investigaci\u00f3n, transferencia tecnol\u00f3gica e innovaci\u00f3n.<\/p>\n\n<p>A casi cuatro a\u00f1os del inicio de este programa, es posible celebrar una implementaci\u00f3n exitosa de distintas estrategias que han permitido: a) iniciar profundos cambios culturales en la actividad de investigaci\u00f3n para la generaci\u00f3n de impacto; b) disponer de una institucionalidad en la UDD para la actividad de innovaci\u00f3n basada en ciencia y su relaci\u00f3n con el ecosistema; y c) resultados concretos que muestran la efectividad de esta alianza p\u00fablico-privada-acad\u00e9mica, com\u00fanmente identificado como el\u00a0\u201cModelo de triple h\u00e9lice\u201d.<\/p>\n\n<p>Este modelo p\u00fablico-privado-acad\u00e9mico (Modelo Triple H\u00e9lice) ha resultado ser un total \u00e9xito en prestigiosas organizaciones cient\u00edficas internacionales para encontrar avanzadas soluciones en salud. Es este escenario, investigadores acad\u00e9micos, p\u00fablicos y privados se convierten en \u201cempresarios\u201d de sus propias tecnolog\u00edas, desarrollando soluciones en laboratorios u oficinas de transferencia tecnol\u00f3gica. <\/p>\n\n<p>En el caso del ICIM, \u00e9ste se aplica gracias a la alianza entre la Universidad del Desarrollo con Cl\u00ednica Alemana -considerada una de las mejores cl\u00ednicas de Am\u00e9rica Latina-, las entidades p\u00fablicas Hospital Padre Hurtado, PMI, CONICYT, CORFO, el Ministerio de Salud y el Ministerio de Educaci\u00f3n. Por otra parte, tambi\u00e9n trabajamos en conjunto con instituciones privadas como la Fundaci\u00f3n DEBRA y Pfizer Chile y en equipo con otras universidades nacionales e internacionales.<\/p>\n\t\t\t<\/div>\n\t\t<\/div>\n\t\t<div class=\"text-row__media\">\n\t\t\t<img loading=\"lazy\" decoding=\"async\" width=\"952\" height=\"534\" src=\"https:\/\/medicina.udd.cl\/icim\/files\/2021\/11\/Medicina-de-precisio\u0301n-680x382.jpeg\" class=\"text-row__media-image lazyload\" alt=\"\" sizes=\"auto, (max-width: 952px) 100vw, 952px\" data-src=\"https:\/\/medicina.udd.cl\/icim\/files\/2021\/11\/Medicina-de-precisi\u00f3n-952x534.jpeg\" data-srcset=\"https:\/\/medicina.udd.cl\/icim\/files\/2021\/11\/Medicina-de-precisi\u00f3n-952x534.jpeg 952w, https:\/\/medicina.udd.cl\/icim\/files\/2021\/11\/Medicina-de-precisi\u00f3n-1366x768.jpeg 1366w, https:\/\/medicina.udd.cl\/icim\/files\/2021\/11\/Medicina-de-precisi\u00f3n-680x382.jpeg 680w\" \/>\t\t<\/div>\n\t<\/div>\n<\/section>\n","protected":false},"excerpt":{"rendered":"<p>Tecnolog\u00edas en Desarrollo en ICIM Terapia alcoholismo: Tratamiento de la reincidencia de alcoholismo con c\u00e9lulas madre mesenquimales. Terapia esteatosis hep\u00e1tica: Producto derivado de c\u00e9lulas troncales mesenquim\u00e1ticas que favorece la regeneraci\u00f3n del h\u00edgado. Biocida ap\u00edcola: Producto de origen vegetal para el control y prevenci\u00f3n de la infecci\u00f3n por Paenibacillus larvae. Terapia diabetes:\u00a0Administraci\u00f3n intravenosa de c\u00e9lulas madre [&hellip;]<\/p>\n","protected":false},"author":42,"featured_media":0,"parent":8277,"menu_order":0,"comment_status":"closed","ping_status":"closed","template":"","meta":{"footnotes":""},"class_list":["post-5055","page","type-page","status-publish","hentry"],"yoast_head":"<!-- This site is optimized with the Yoast SEO plugin v26.9 - https:\/\/yoast.com\/product\/yoast-seo-wordpress\/ -->\n<title>Innovaci\u00f3n - ICIM<\/title>\n<meta name=\"robots\" content=\"index, follow, max-snippet:-1, max-image-preview:large, max-video-preview:-1\" \/>\n<link rel=\"canonical\" href=\"https:\/\/medicina.udd.cl\/icim\/instituto-de-ciencias-e-innovacion-en-medicina-icim\/innovacion\/\" \/>\n<meta property=\"og:locale\" content=\"es_ES\" \/>\n<meta property=\"og:type\" content=\"article\" \/>\n<meta property=\"og:title\" content=\"Innovaci\u00f3n - ICIM\" \/>\n<meta property=\"og:description\" content=\"Tecnolog\u00edas en Desarrollo en ICIM Terapia alcoholismo: Tratamiento de la reincidencia de alcoholismo con c\u00e9lulas madre mesenquimales. Terapia esteatosis hep\u00e1tica: Producto derivado de c\u00e9lulas troncales mesenquim\u00e1ticas que favorece la regeneraci\u00f3n del h\u00edgado. Biocida ap\u00edcola: Producto de origen vegetal para el control y prevenci\u00f3n de la infecci\u00f3n por Paenibacillus larvae. Terapia diabetes:\u00a0Administraci\u00f3n intravenosa de c\u00e9lulas madre [&hellip;]\" \/>\n<meta property=\"og:url\" content=\"https:\/\/medicina.udd.cl\/icim\/instituto-de-ciencias-e-innovacion-en-medicina-icim\/innovacion\/\" \/>\n<meta property=\"og:site_name\" content=\"ICIM\" \/>\n<meta property=\"article:modified_time\" content=\"2022-02-22T18:24:34+00:00\" \/>\n<meta name=\"twitter:card\" content=\"summary_large_image\" \/>\n<meta name=\"twitter:label1\" content=\"Tiempo de lectura\" \/>\n\t<meta name=\"twitter:data1\" content=\"3 minutos\" \/>\n<script type=\"application\/ld+json\" class=\"yoast-schema-graph\">{\"@context\":\"https:\/\/schema.org\",\"@graph\":[{\"@type\":\"WebPage\",\"@id\":\"https:\/\/medicina.udd.cl\/icim\/instituto-de-ciencias-e-innovacion-en-medicina-icim\/innovacion\/\",\"url\":\"https:\/\/medicina.udd.cl\/icim\/instituto-de-ciencias-e-innovacion-en-medicina-icim\/innovacion\/\",\"name\":\"Innovaci\u00f3n - ICIM\",\"isPartOf\":{\"@id\":\"https:\/\/medicina.udd.cl\/icim\/#website\"},\"datePublished\":\"2017-07-05T14:22:09+00:00\",\"dateModified\":\"2022-02-22T18:24:34+00:00\",\"breadcrumb\":{\"@id\":\"https:\/\/medicina.udd.cl\/icim\/instituto-de-ciencias-e-innovacion-en-medicina-icim\/innovacion\/#breadcrumb\"},\"inLanguage\":\"es\",\"potentialAction\":[{\"@type\":\"ReadAction\",\"target\":[\"https:\/\/medicina.udd.cl\/icim\/instituto-de-ciencias-e-innovacion-en-medicina-icim\/innovacion\/\"]}]},{\"@type\":\"BreadcrumbList\",\"@id\":\"https:\/\/medicina.udd.cl\/icim\/instituto-de-ciencias-e-innovacion-en-medicina-icim\/innovacion\/#breadcrumb\",\"itemListElement\":[{\"@type\":\"ListItem\",\"position\":1,\"name\":\"Inicio\",\"item\":\"https:\/\/medicina.udd.cl\/icim\/\"},{\"@type\":\"ListItem\",\"position\":2,\"name\":\"Instituto de Ciencias e Innovaci\u00f3n en Medicina (ICIM)\",\"item\":\"https:\/\/medicina.udd.cl\/icim\/instituto-de-ciencias-e-innovacion-en-medicina-icim\/\"},{\"@type\":\"ListItem\",\"position\":3,\"name\":\"Innovaci\u00f3n\"}]},{\"@type\":\"WebSite\",\"@id\":\"https:\/\/medicina.udd.cl\/icim\/#website\",\"url\":\"https:\/\/medicina.udd.cl\/icim\/\",\"name\":\"ICIM\",\"description\":\"Una iniciativa de Universidad del Desarrollo y Cl\u00ednica Alemana\",\"inLanguage\":\"es\"}]}<\/script>\n<!-- \/ Yoast SEO plugin. -->","yoast_head_json":{"title":"Innovaci\u00f3n - ICIM","robots":{"index":"index","follow":"follow","max-snippet":"max-snippet:-1","max-image-preview":"max-image-preview:large","max-video-preview":"max-video-preview:-1"},"canonical":"https:\/\/medicina.udd.cl\/icim\/instituto-de-ciencias-e-innovacion-en-medicina-icim\/innovacion\/","og_locale":"es_ES","og_type":"article","og_title":"Innovaci\u00f3n - ICIM","og_description":"Tecnolog\u00edas en Desarrollo en ICIM Terapia alcoholismo: Tratamiento de la reincidencia de alcoholismo con c\u00e9lulas madre mesenquimales. Terapia esteatosis hep\u00e1tica: Producto derivado de c\u00e9lulas troncales mesenquim\u00e1ticas que favorece la regeneraci\u00f3n del h\u00edgado. Biocida ap\u00edcola: Producto de origen vegetal para el control y prevenci\u00f3n de la infecci\u00f3n por Paenibacillus larvae. Terapia diabetes:\u00a0Administraci\u00f3n intravenosa de c\u00e9lulas madre [&hellip;]","og_url":"https:\/\/medicina.udd.cl\/icim\/instituto-de-ciencias-e-innovacion-en-medicina-icim\/innovacion\/","og_site_name":"ICIM","article_modified_time":"2022-02-22T18:24:34+00:00","twitter_card":"summary_large_image","twitter_misc":{"Tiempo de lectura":"3 minutos"},"schema":{"@context":"https:\/\/schema.org","@graph":[{"@type":"WebPage","@id":"https:\/\/medicina.udd.cl\/icim\/instituto-de-ciencias-e-innovacion-en-medicina-icim\/innovacion\/","url":"https:\/\/medicina.udd.cl\/icim\/instituto-de-ciencias-e-innovacion-en-medicina-icim\/innovacion\/","name":"Innovaci\u00f3n - ICIM","isPartOf":{"@id":"https:\/\/medicina.udd.cl\/icim\/#website"},"datePublished":"2017-07-05T14:22:09+00:00","dateModified":"2022-02-22T18:24:34+00:00","breadcrumb":{"@id":"https:\/\/medicina.udd.cl\/icim\/instituto-de-ciencias-e-innovacion-en-medicina-icim\/innovacion\/#breadcrumb"},"inLanguage":"es","potentialAction":[{"@type":"ReadAction","target":["https:\/\/medicina.udd.cl\/icim\/instituto-de-ciencias-e-innovacion-en-medicina-icim\/innovacion\/"]}]},{"@type":"BreadcrumbList","@id":"https:\/\/medicina.udd.cl\/icim\/instituto-de-ciencias-e-innovacion-en-medicina-icim\/innovacion\/#breadcrumb","itemListElement":[{"@type":"ListItem","position":1,"name":"Inicio","item":"https:\/\/medicina.udd.cl\/icim\/"},{"@type":"ListItem","position":2,"name":"Instituto de Ciencias e Innovaci\u00f3n en Medicina (ICIM)","item":"https:\/\/medicina.udd.cl\/icim\/instituto-de-ciencias-e-innovacion-en-medicina-icim\/"},{"@type":"ListItem","position":3,"name":"Innovaci\u00f3n"}]},{"@type":"WebSite","@id":"https:\/\/medicina.udd.cl\/icim\/#website","url":"https:\/\/medicina.udd.cl\/icim\/","name":"ICIM","description":"Una iniciativa de Universidad del Desarrollo y Cl\u00ednica Alemana","inLanguage":"es"}]}},"_links":{"self":[{"href":"https:\/\/medicina.udd.cl\/icim\/wp-json\/wp\/v2\/pages\/5055","targetHints":{"allow":["GET"]}}],"collection":[{"href":"https:\/\/medicina.udd.cl\/icim\/wp-json\/wp\/v2\/pages"}],"about":[{"href":"https:\/\/medicina.udd.cl\/icim\/wp-json\/wp\/v2\/types\/page"}],"author":[{"embeddable":true,"href":"https:\/\/medicina.udd.cl\/icim\/wp-json\/wp\/v2\/users\/42"}],"replies":[{"embeddable":true,"href":"https:\/\/medicina.udd.cl\/icim\/wp-json\/wp\/v2\/comments?post=5055"}],"version-history":[{"count":38,"href":"https:\/\/medicina.udd.cl\/icim\/wp-json\/wp\/v2\/pages\/5055\/revisions"}],"predecessor-version":[{"id":10156,"href":"https:\/\/medicina.udd.cl\/icim\/wp-json\/wp\/v2\/pages\/5055\/revisions\/10156"}],"up":[{"embeddable":true,"href":"https:\/\/medicina.udd.cl\/icim\/wp-json\/wp\/v2\/pages\/8277"}],"wp:attachment":[{"href":"https:\/\/medicina.udd.cl\/icim\/wp-json\/wp\/v2\/media?parent=5055"}],"curies":[{"name":"wp","href":"https:\/\/api.w.org\/{rel}","templated":true}]}}