{"id":5521,"date":"2017-08-16T17:21:58","date_gmt":"2017-08-16T17:21:58","guid":{"rendered":"http:\/\/medicina.udd.cl\/icim\/?page_id=5521"},"modified":"2017-08-22T13:38:46","modified_gmt":"2017-08-22T13:38:46","slug":"diplomado-de-epidemiologia-aplicada","status":"publish","type":"page","link":"https:\/\/medicina.udd.cl\/icim\/diplomado-de-epidemiologia-aplicada\/","title":{"rendered":"Diplomado de Epidemiolog\u00eda de campo"},"content":{"rendered":"<p style=\"text-align: justify;\">Impartido por el Centro de Epidemiolog\u00eda y Pol\u00edticas de Salud (CEPS) de la Facultad de Medicina Cl\u00ednica Alemana Universidad del Desarrollo; inspirado en el programa del EIS (Epidemic Intelligence Service) del CDC (Centers for Diseases Control and Prevention Atlanta, E.E.U.U.) conocido como FETP (Field Epidemiology Training Program).<\/p>\n<p style=\"text-align: justify;\">El objetivo del diplomado es formar profesionales en epidemiolog\u00eda de terreno con un enfoque en el riesgo para la salud e intervenci\u00f3n oportuna, basado en el m\u00e9todo epidemiol\u00f3gico y con un especial \u00e9nfasis en la formaci\u00f3n en servicio y en el contacto directo con la comunidad.<\/p>\n<p style=\"text-align: justify;\">Para m\u00e1s informaci\u00f3n del Diplomado ingrese\u00a0<a href=\"http:\/\/medicina.udd.cl\/ver-diplomado\/diplomado-en-epidemiologia-de-campo\/\">aqu\u00ed.<\/a><\/p>\n","protected":false},"excerpt":{"rendered":"<p>Impartido por el Centro de Epidemiolog\u00eda y Pol\u00edticas de Salud (CEPS) de la Facultad de Medicina Cl\u00ednica Alemana Universidad del Desarrollo; inspirado en el programa del EIS (Epidemic Intelligence Service) del CDC (Centers for Diseases Control and Prevention Atlanta, E.E.U.U.) conocido como FETP (Field Epidemiology Training Program). El objetivo del diplomado es formar profesionales en [&hellip;]<\/p>\n","protected":false},"author":9192194,"featured_media":0,"parent":0,"menu_order":0,"comment_status":"closed","ping_status":"closed","template":"","meta":{"footnotes":""},"class_list":["post-5521","page","type-page","status-publish","hentry"],"yoast_head":"<!-- This site is optimized with the Yoast SEO plugin v26.9 - https:\/\/yoast.com\/product\/yoast-seo-wordpress\/ -->\n<title>Diplomado de Epidemiolog\u00eda de campo - ICIM<\/title>\n<meta name=\"robots\" content=\"index, follow, max-snippet:-1, max-image-preview:large, max-video-preview:-1\" \/>\n<link rel=\"canonical\" href=\"https:\/\/medicina.udd.cl\/icim\/diplomado-de-epidemiologia-aplicada\/\" \/>\n<meta property=\"og:locale\" content=\"es_ES\" \/>\n<meta property=\"og:type\" content=\"article\" \/>\n<meta property=\"og:title\" content=\"Diplomado de Epidemiolog\u00eda de campo - ICIM\" \/>\n<meta property=\"og:description\" content=\"Impartido por el Centro de Epidemiolog\u00eda y Pol\u00edticas de Salud (CEPS) de la Facultad de Medicina Cl\u00ednica Alemana Universidad del Desarrollo; inspirado en el programa del EIS (Epidemic Intelligence Service) del CDC (Centers for Diseases Control and Prevention Atlanta, E.E.U.U.) conocido como FETP (Field Epidemiology Training Program). El objetivo del diplomado es formar profesionales en [&hellip;]\" \/>\n<meta property=\"og:url\" content=\"https:\/\/medicina.udd.cl\/icim\/diplomado-de-epidemiologia-aplicada\/\" \/>\n<meta property=\"og:site_name\" content=\"ICIM\" \/>\n<meta property=\"article:modified_time\" content=\"2017-08-22T13:38:46+00:00\" \/>\n<meta name=\"twitter:card\" content=\"summary_large_image\" \/>\n<meta name=\"twitter:label1\" content=\"Tiempo de lectura\" \/>\n\t<meta name=\"twitter:data1\" content=\"1 minuto\" \/>\n<script type=\"application\/ld+json\" class=\"yoast-schema-graph\">{\"@context\":\"https:\/\/schema.org\",\"@graph\":[{\"@type\":\"WebPage\",\"@id\":\"https:\/\/medicina.udd.cl\/icim\/diplomado-de-epidemiologia-aplicada\/\",\"url\":\"https:\/\/medicina.udd.cl\/icim\/diplomado-de-epidemiologia-aplicada\/\",\"name\":\"Diplomado de Epidemiolog\u00eda de campo - ICIM\",\"isPartOf\":{\"@id\":\"https:\/\/medicina.udd.cl\/icim\/#website\"},\"datePublished\":\"2017-08-16T17:21:58+00:00\",\"dateModified\":\"2017-08-22T13:38:46+00:00\",\"breadcrumb\":{\"@id\":\"https:\/\/medicina.udd.cl\/icim\/diplomado-de-epidemiologia-aplicada\/#breadcrumb\"},\"inLanguage\":\"es\",\"potentialAction\":[{\"@type\":\"ReadAction\",\"target\":[\"https:\/\/medicina.udd.cl\/icim\/diplomado-de-epidemiologia-aplicada\/\"]}]},{\"@type\":\"BreadcrumbList\",\"@id\":\"https:\/\/medicina.udd.cl\/icim\/diplomado-de-epidemiologia-aplicada\/#breadcrumb\",\"itemListElement\":[{\"@type\":\"ListItem\",\"position\":1,\"name\":\"Inicio\",\"item\":\"https:\/\/medicina.udd.cl\/icim\/\"},{\"@type\":\"ListItem\",\"position\":2,\"name\":\"Diplomado de Epidemiolog\u00eda de campo\"}]},{\"@type\":\"WebSite\",\"@id\":\"https:\/\/medicina.udd.cl\/icim\/#website\",\"url\":\"https:\/\/medicina.udd.cl\/icim\/\",\"name\":\"ICIM\",\"description\":\"Una iniciativa de Universidad del Desarrollo y Cl\u00ednica Alemana\",\"inLanguage\":\"es\"}]}<\/script>\n<!-- \/ Yoast SEO plugin. -->","yoast_head_json":{"title":"Diplomado de Epidemiolog\u00eda de campo - ICIM","robots":{"index":"index","follow":"follow","max-snippet":"max-snippet:-1","max-image-preview":"max-image-preview:large","max-video-preview":"max-video-preview:-1"},"canonical":"https:\/\/medicina.udd.cl\/icim\/diplomado-de-epidemiologia-aplicada\/","og_locale":"es_ES","og_type":"article","og_title":"Diplomado de Epidemiolog\u00eda de campo - ICIM","og_description":"Impartido por el Centro de Epidemiolog\u00eda y Pol\u00edticas de Salud (CEPS) de la Facultad de Medicina Cl\u00ednica Alemana Universidad del Desarrollo; inspirado en el programa del EIS (Epidemic Intelligence Service) del CDC (Centers for Diseases Control and Prevention Atlanta, E.E.U.U.) conocido como FETP (Field Epidemiology Training Program). El objetivo del diplomado es formar profesionales en [&hellip;]","og_url":"https:\/\/medicina.udd.cl\/icim\/diplomado-de-epidemiologia-aplicada\/","og_site_name":"ICIM","article_modified_time":"2017-08-22T13:38:46+00:00","twitter_card":"summary_large_image","twitter_misc":{"Tiempo de lectura":"1 minuto"},"schema":{"@context":"https:\/\/schema.org","@graph":[{"@type":"WebPage","@id":"https:\/\/medicina.udd.cl\/icim\/diplomado-de-epidemiologia-aplicada\/","url":"https:\/\/medicina.udd.cl\/icim\/diplomado-de-epidemiologia-aplicada\/","name":"Diplomado de Epidemiolog\u00eda de campo - ICIM","isPartOf":{"@id":"https:\/\/medicina.udd.cl\/icim\/#website"},"datePublished":"2017-08-16T17:21:58+00:00","dateModified":"2017-08-22T13:38:46+00:00","breadcrumb":{"@id":"https:\/\/medicina.udd.cl\/icim\/diplomado-de-epidemiologia-aplicada\/#breadcrumb"},"inLanguage":"es","potentialAction":[{"@type":"ReadAction","target":["https:\/\/medicina.udd.cl\/icim\/diplomado-de-epidemiologia-aplicada\/"]}]},{"@type":"BreadcrumbList","@id":"https:\/\/medicina.udd.cl\/icim\/diplomado-de-epidemiologia-aplicada\/#breadcrumb","itemListElement":[{"@type":"ListItem","position":1,"name":"Inicio","item":"https:\/\/medicina.udd.cl\/icim\/"},{"@type":"ListItem","position":2,"name":"Diplomado de Epidemiolog\u00eda de campo"}]},{"@type":"WebSite","@id":"https:\/\/medicina.udd.cl\/icim\/#website","url":"https:\/\/medicina.udd.cl\/icim\/","name":"ICIM","description":"Una iniciativa de Universidad del Desarrollo y Cl\u00ednica Alemana","inLanguage":"es"}]}},"_links":{"self":[{"href":"https:\/\/medicina.udd.cl\/icim\/wp-json\/wp\/v2\/pages\/5521","targetHints":{"allow":["GET"]}}],"collection":[{"href":"https:\/\/medicina.udd.cl\/icim\/wp-json\/wp\/v2\/pages"}],"about":[{"href":"https:\/\/medicina.udd.cl\/icim\/wp-json\/wp\/v2\/types\/page"}],"author":[{"embeddable":true,"href":"https:\/\/medicina.udd.cl\/icim\/wp-json\/wp\/v2\/users\/9192194"}],"replies":[{"embeddable":true,"href":"https:\/\/medicina.udd.cl\/icim\/wp-json\/wp\/v2\/comments?post=5521"}],"version-history":[{"count":4,"href":"https:\/\/medicina.udd.cl\/icim\/wp-json\/wp\/v2\/pages\/5521\/revisions"}],"predecessor-version":[{"id":5541,"href":"https:\/\/medicina.udd.cl\/icim\/wp-json\/wp\/v2\/pages\/5521\/revisions\/5541"}],"wp:attachment":[{"href":"https:\/\/medicina.udd.cl\/icim\/wp-json\/wp\/v2\/media?parent=5521"}],"curies":[{"name":"wp","href":"https:\/\/api.w.org\/{rel}","templated":true}]}}