{"id":5523,"date":"2017-08-16T17:46:59","date_gmt":"2017-08-16T17:46:59","guid":{"rendered":"http:\/\/medicina.udd.cl\/icim\/?page_id=5523"},"modified":"2017-08-22T13:43:20","modified_gmt":"2017-08-22T13:43:20","slug":"curso-intensivo-internacional-de-bioetica","status":"publish","type":"page","link":"https:\/\/medicina.udd.cl\/icim\/curso-intensivo-internacional-de-bioetica\/","title":{"rendered":"Curso Intensivo Internacional de Bio\u00e9tica"},"content":{"rendered":"<p style=\"text-align: justify;\">La formaci\u00f3n en bio\u00e9tica es una necesidad actual, reconocida en todo el mundo tanto por su trascendencia para la toma de decisiones en la cl\u00ednica, como por el gran desarrollo de tecnolog\u00edas que deben ser usadas de forma proporcional y responsable con argumentos cl\u00ednicos y fundamentaci\u00f3n \u00e9tica. Esto implica una creciente necesidad de contar con docentes para la ense\u00f1anza de la bio\u00e9tica en pregrado en todas las carreras de la salud.<\/p>\n<p style=\"text-align: justify;\">Existen dos factores adicionales importantes: la obligaci\u00f3n de contar con comit\u00e9s de \u00e9tica asistencial en los servicios de salud y la obligaci\u00f3n de que toda investigaci\u00f3n con seres humanos sea aprobada por un comit\u00e9 de \u00e9tica cient\u00edfico, cada uno de los cuales debe a su vez estar constituido por personas con formaci\u00f3n en bio\u00e9tica.<\/p>\n<p style=\"text-align: justify;\">Este curso dirigido a miembros de comit\u00e9s de \u00e9tica asistencial y cient\u00edfico, docentes de bio\u00e9tica, profesionales de la salud, abogados, asistentes sociales y eticistas, nace con el objetivo de actualizar a sus alumnos en los fundamentos de la bio\u00e9tica y en temas seleccionados de la realidad cl\u00ednica y de la investigaci\u00f3n.<\/p>\n<p style=\"text-align: justify;\">Para m\u00e1s informaci\u00f3n sobre \u00a0y pr\u00f3ximas versiones del\u00a0Curso pinche <a href=\"http:\/\/medicina.udd.cl\/ver-curso\/xiii-curso-intensivo-internacional-de-bioetica\/\">aqu\u00ed<\/a>.<\/p>\n<h3><\/h3>\n<div class=\"dec-course-text-section-content\"><\/div>\n","protected":false},"excerpt":{"rendered":"<p>La formaci\u00f3n en bio\u00e9tica es una necesidad actual, reconocida en todo el mundo tanto por su trascendencia para la toma de decisiones en la cl\u00ednica, como por el gran desarrollo de tecnolog\u00edas que deben ser usadas de forma proporcional y responsable con argumentos cl\u00ednicos y fundamentaci\u00f3n \u00e9tica. Esto implica una creciente necesidad de contar con [&hellip;]<\/p>\n","protected":false},"author":9192194,"featured_media":0,"parent":0,"menu_order":0,"comment_status":"closed","ping_status":"closed","template":"","meta":{"footnotes":""},"class_list":["post-5523","page","type-page","status-publish","hentry"],"yoast_head":"<!-- This site is optimized with the Yoast SEO plugin v26.9 - https:\/\/yoast.com\/product\/yoast-seo-wordpress\/ -->\n<title>Curso Intensivo Internacional de Bio\u00e9tica - ICIM<\/title>\n<meta name=\"robots\" content=\"index, follow, max-snippet:-1, max-image-preview:large, max-video-preview:-1\" \/>\n<link rel=\"canonical\" href=\"https:\/\/medicina.udd.cl\/icim\/curso-intensivo-internacional-de-bioetica\/\" \/>\n<meta property=\"og:locale\" content=\"es_ES\" \/>\n<meta property=\"og:type\" content=\"article\" \/>\n<meta property=\"og:title\" content=\"Curso Intensivo Internacional de Bio\u00e9tica - ICIM\" \/>\n<meta property=\"og:description\" content=\"La formaci\u00f3n en bio\u00e9tica es una necesidad actual, reconocida en todo el mundo tanto por su trascendencia para la toma de decisiones en la cl\u00ednica, como por el gran desarrollo de tecnolog\u00edas que deben ser usadas de forma proporcional y responsable con argumentos cl\u00ednicos y fundamentaci\u00f3n \u00e9tica. Esto implica una creciente necesidad de contar con [&hellip;]\" \/>\n<meta property=\"og:url\" content=\"https:\/\/medicina.udd.cl\/icim\/curso-intensivo-internacional-de-bioetica\/\" \/>\n<meta property=\"og:site_name\" content=\"ICIM\" \/>\n<meta property=\"article:modified_time\" content=\"2017-08-22T13:43:20+00:00\" \/>\n<meta name=\"twitter:card\" content=\"summary_large_image\" \/>\n<meta name=\"twitter:label1\" content=\"Tiempo de lectura\" \/>\n\t<meta name=\"twitter:data1\" content=\"1 minuto\" \/>\n<script type=\"application\/ld+json\" class=\"yoast-schema-graph\">{\"@context\":\"https:\/\/schema.org\",\"@graph\":[{\"@type\":\"WebPage\",\"@id\":\"https:\/\/medicina.udd.cl\/icim\/curso-intensivo-internacional-de-bioetica\/\",\"url\":\"https:\/\/medicina.udd.cl\/icim\/curso-intensivo-internacional-de-bioetica\/\",\"name\":\"Curso Intensivo Internacional de Bio\u00e9tica - ICIM\",\"isPartOf\":{\"@id\":\"https:\/\/medicina.udd.cl\/icim\/#website\"},\"datePublished\":\"2017-08-16T17:46:59+00:00\",\"dateModified\":\"2017-08-22T13:43:20+00:00\",\"breadcrumb\":{\"@id\":\"https:\/\/medicina.udd.cl\/icim\/curso-intensivo-internacional-de-bioetica\/#breadcrumb\"},\"inLanguage\":\"es\",\"potentialAction\":[{\"@type\":\"ReadAction\",\"target\":[\"https:\/\/medicina.udd.cl\/icim\/curso-intensivo-internacional-de-bioetica\/\"]}]},{\"@type\":\"BreadcrumbList\",\"@id\":\"https:\/\/medicina.udd.cl\/icim\/curso-intensivo-internacional-de-bioetica\/#breadcrumb\",\"itemListElement\":[{\"@type\":\"ListItem\",\"position\":1,\"name\":\"Inicio\",\"item\":\"https:\/\/medicina.udd.cl\/icim\/\"},{\"@type\":\"ListItem\",\"position\":2,\"name\":\"Curso Intensivo Internacional de Bio\u00e9tica\"}]},{\"@type\":\"WebSite\",\"@id\":\"https:\/\/medicina.udd.cl\/icim\/#website\",\"url\":\"https:\/\/medicina.udd.cl\/icim\/\",\"name\":\"ICIM\",\"description\":\"Una iniciativa de Universidad del Desarrollo y Cl\u00ednica Alemana\",\"inLanguage\":\"es\"}]}<\/script>\n<!-- \/ Yoast SEO plugin. -->","yoast_head_json":{"title":"Curso Intensivo Internacional de Bio\u00e9tica - ICIM","robots":{"index":"index","follow":"follow","max-snippet":"max-snippet:-1","max-image-preview":"max-image-preview:large","max-video-preview":"max-video-preview:-1"},"canonical":"https:\/\/medicina.udd.cl\/icim\/curso-intensivo-internacional-de-bioetica\/","og_locale":"es_ES","og_type":"article","og_title":"Curso Intensivo Internacional de Bio\u00e9tica - ICIM","og_description":"La formaci\u00f3n en bio\u00e9tica es una necesidad actual, reconocida en todo el mundo tanto por su trascendencia para la toma de decisiones en la cl\u00ednica, como por el gran desarrollo de tecnolog\u00edas que deben ser usadas de forma proporcional y responsable con argumentos cl\u00ednicos y fundamentaci\u00f3n \u00e9tica. Esto implica una creciente necesidad de contar con [&hellip;]","og_url":"https:\/\/medicina.udd.cl\/icim\/curso-intensivo-internacional-de-bioetica\/","og_site_name":"ICIM","article_modified_time":"2017-08-22T13:43:20+00:00","twitter_card":"summary_large_image","twitter_misc":{"Tiempo de lectura":"1 minuto"},"schema":{"@context":"https:\/\/schema.org","@graph":[{"@type":"WebPage","@id":"https:\/\/medicina.udd.cl\/icim\/curso-intensivo-internacional-de-bioetica\/","url":"https:\/\/medicina.udd.cl\/icim\/curso-intensivo-internacional-de-bioetica\/","name":"Curso Intensivo Internacional de Bio\u00e9tica - ICIM","isPartOf":{"@id":"https:\/\/medicina.udd.cl\/icim\/#website"},"datePublished":"2017-08-16T17:46:59+00:00","dateModified":"2017-08-22T13:43:20+00:00","breadcrumb":{"@id":"https:\/\/medicina.udd.cl\/icim\/curso-intensivo-internacional-de-bioetica\/#breadcrumb"},"inLanguage":"es","potentialAction":[{"@type":"ReadAction","target":["https:\/\/medicina.udd.cl\/icim\/curso-intensivo-internacional-de-bioetica\/"]}]},{"@type":"BreadcrumbList","@id":"https:\/\/medicina.udd.cl\/icim\/curso-intensivo-internacional-de-bioetica\/#breadcrumb","itemListElement":[{"@type":"ListItem","position":1,"name":"Inicio","item":"https:\/\/medicina.udd.cl\/icim\/"},{"@type":"ListItem","position":2,"name":"Curso Intensivo Internacional de Bio\u00e9tica"}]},{"@type":"WebSite","@id":"https:\/\/medicina.udd.cl\/icim\/#website","url":"https:\/\/medicina.udd.cl\/icim\/","name":"ICIM","description":"Una iniciativa de Universidad del Desarrollo y Cl\u00ednica Alemana","inLanguage":"es"}]}},"_links":{"self":[{"href":"https:\/\/medicina.udd.cl\/icim\/wp-json\/wp\/v2\/pages\/5523","targetHints":{"allow":["GET"]}}],"collection":[{"href":"https:\/\/medicina.udd.cl\/icim\/wp-json\/wp\/v2\/pages"}],"about":[{"href":"https:\/\/medicina.udd.cl\/icim\/wp-json\/wp\/v2\/types\/page"}],"author":[{"embeddable":true,"href":"https:\/\/medicina.udd.cl\/icim\/wp-json\/wp\/v2\/users\/9192194"}],"replies":[{"embeddable":true,"href":"https:\/\/medicina.udd.cl\/icim\/wp-json\/wp\/v2\/comments?post=5523"}],"version-history":[{"count":2,"href":"https:\/\/medicina.udd.cl\/icim\/wp-json\/wp\/v2\/pages\/5523\/revisions"}],"predecessor-version":[{"id":5545,"href":"https:\/\/medicina.udd.cl\/icim\/wp-json\/wp\/v2\/pages\/5523\/revisions\/5545"}],"wp:attachment":[{"href":"https:\/\/medicina.udd.cl\/icim\/wp-json\/wp\/v2\/media?parent=5523"}],"curies":[{"name":"wp","href":"https:\/\/api.w.org\/{rel}","templated":true}]}}