{"id":6450,"date":"2018-01-18T13:38:51","date_gmt":"2018-01-18T13:38:51","guid":{"rendered":"http:\/\/medicina.udd.cl\/icim\/?page_id=6450"},"modified":"2018-01-19T13:14:10","modified_gmt":"2018-01-19T13:14:10","slug":"xv-concurso-nacional-de-proyectos-de-investigacion-y-desarrollo-fonis-2018","status":"publish","type":"page","link":"https:\/\/medicina.udd.cl\/icim\/xv-concurso-nacional-de-proyectos-de-investigacion-y-desarrollo-fonis-2018\/","title":{"rendered":"XV Concurso Nacional de Proyectos de Investigaci\u00f3n y Desarrollo FONIS 2018"},"content":{"rendered":"<div class=\"lead single-news__lead\">\n<p>La Comisi\u00f3n Nacional de Investigaci\u00f3n Cient\u00edfica y Tecnol\u00f3gica (CONICYT) y el Ministerio de Salud (MINSAL), invitan a participar en la convocatoria del\u00a0<strong>XV Concurso Nacional de Proyectos de Investigaci\u00f3n y Desarrollo en Salud Fonis 2018<\/strong>, iniciativa que busca generar conocimientos en salud aplicada necesarios para mejorar la salud de la poblaci\u00f3n en Chile.<\/p>\n<\/div>\n<div class=\"entry-content\">\n<p>Esta convocatoria apoya financieramente investigaciones con un fuerte componente cient\u00edfico para que, en un plazo relativamente breve, alcancen resultados que\u00a0<strong>se conviertan en protocolos, gu\u00edas cl\u00ednicas y recomendaciones, con probabilidad de contribuir a la mejora en la toma de decisiones gubernamentales, con aplicaciones cl\u00ednicas y de Salud P\u00fablica.<\/strong><\/p>\n<p>El plazo para presentar los proyectos vence el jueves 5 de abril de 2018, a las 17:00 horas de Chile continental. Los proyectos pueden optar a un monto m\u00e1ximo de financiamiento de 60 millones de pesos con una duraci\u00f3n m\u00e1xima de 30 meses de ejecuci\u00f3n.<\/p>\n<p>Las consultas relativas a esta convocatoria deber\u00e1n ser dirigidas a: Fondef, calle Moneda 1375, Santiago, o bien a trav\u00e9s de la p\u00e1gina web\u00a0<a href=\"https:\/\/oirsvirtual.conicyt.cl\/\">https:\/\/oirsvirtual.conicyt.cl\/<\/a>. Para m\u00e1s informaci\u00f3n y bases del concurso hacer click aqu\u00ed:\u00a0<a href=\"http:\/\/www.conicyt.cl\/fondef\/2018\/01\/09\/xv-concurso-nacional-de-proyectos-de-investigacion-y-desarrollo-en-salud-fonis-2018\/\">http:\/\/www.conicyt.cl\/fondef\/2018\/01\/09\/xv-concurso-nacional-de-proyectos-de-investigacion-y-desarrollo-en-salud-fonis-2018\/<\/a><\/p>\n<p>La fecha para presentar la propuesta para VB patrocinio Institucional es hasta el 14 de Marzo de 2018.<\/p>\n<p>Para postulaciones enviar los siguientes documentos a\u00a0<a href=\"mailto:iabarzua@udd.cl\">iabarzua@udd.cl<\/a>\u00a0y a\u00a0<a href=\"mailto:xballivian@udd.cl\">xballivian@udd.cl<\/a>:<\/p>\n<ul>\n<li>Declaraci\u00f3n simple del Director del Proyecto (formato FONIS).<\/li>\n<li>Carta de VB del director del centro o programa.<\/li>\n<li>Proyecto en etapa avanzada, con el presupuesto.<\/li>\n<li>Carta compromiso instituci\u00f3n beneficiaria (formato FONIS).<\/li>\n<\/ul>\n<p>Documentos:<\/p>\n<ul>\n<li><a href=\"http:\/\/www.udd.cl\/dircom\/web\/Declaracion-jurada-simple-Director-Proyecto.doc\">Declaraci\u00f3n jurada<\/a><\/li>\n<li><a href=\"http:\/\/www.udd.cl\/dircom\/web\/Carta-Institucion-BENEFICIARIA.doc\">Carta instituci\u00f3n beneficiaria<\/a><\/li>\n<\/ul>\n<\/div>\n","protected":false},"excerpt":{"rendered":"<p>La Comisi\u00f3n Nacional de Investigaci\u00f3n Cient\u00edfica y Tecnol\u00f3gica (CONICYT) y el Ministerio de Salud (MINSAL), invitan a participar en la convocatoria del\u00a0XV Concurso Nacional de Proyectos de Investigaci\u00f3n y Desarrollo en Salud Fonis 2018, iniciativa que busca generar conocimientos en salud aplicada necesarios para mejorar la salud de la poblaci\u00f3n en Chile. Esta convocatoria apoya [&hellip;]<\/p>\n","protected":false},"author":9192194,"featured_media":0,"parent":0,"menu_order":0,"comment_status":"closed","ping_status":"closed","template":"","meta":{"footnotes":""},"class_list":["post-6450","page","type-page","status-publish","hentry"],"yoast_head":"<!-- This site is optimized with the Yoast SEO plugin v26.9 - https:\/\/yoast.com\/product\/yoast-seo-wordpress\/ -->\n<title>XV Concurso Nacional de Proyectos de Investigaci\u00f3n y Desarrollo FONIS 2018 - ICIM<\/title>\n<meta name=\"robots\" content=\"index, follow, max-snippet:-1, max-image-preview:large, max-video-preview:-1\" \/>\n<link rel=\"canonical\" href=\"https:\/\/medicina.udd.cl\/icim\/xv-concurso-nacional-de-proyectos-de-investigacion-y-desarrollo-fonis-2018\/\" \/>\n<meta property=\"og:locale\" content=\"es_ES\" \/>\n<meta property=\"og:type\" content=\"article\" \/>\n<meta property=\"og:title\" content=\"XV Concurso Nacional de Proyectos de Investigaci\u00f3n y Desarrollo FONIS 2018 - ICIM\" \/>\n<meta property=\"og:description\" content=\"La Comisi\u00f3n Nacional de Investigaci\u00f3n Cient\u00edfica y Tecnol\u00f3gica (CONICYT) y el Ministerio de Salud (MINSAL), invitan a participar en la convocatoria del\u00a0XV Concurso Nacional de Proyectos de Investigaci\u00f3n y Desarrollo en Salud Fonis 2018, iniciativa que busca generar conocimientos en salud aplicada necesarios para mejorar la salud de la poblaci\u00f3n en Chile. Esta convocatoria apoya [&hellip;]\" \/>\n<meta property=\"og:url\" content=\"https:\/\/medicina.udd.cl\/icim\/xv-concurso-nacional-de-proyectos-de-investigacion-y-desarrollo-fonis-2018\/\" \/>\n<meta property=\"og:site_name\" content=\"ICIM\" \/>\n<meta property=\"article:modified_time\" content=\"2018-01-19T13:14:10+00:00\" \/>\n<meta name=\"twitter:card\" content=\"summary_large_image\" \/>\n<meta name=\"twitter:label1\" content=\"Tiempo de lectura\" \/>\n\t<meta name=\"twitter:data1\" content=\"1 minuto\" \/>\n<script type=\"application\/ld+json\" class=\"yoast-schema-graph\">{\"@context\":\"https:\/\/schema.org\",\"@graph\":[{\"@type\":\"WebPage\",\"@id\":\"https:\/\/medicina.udd.cl\/icim\/xv-concurso-nacional-de-proyectos-de-investigacion-y-desarrollo-fonis-2018\/\",\"url\":\"https:\/\/medicina.udd.cl\/icim\/xv-concurso-nacional-de-proyectos-de-investigacion-y-desarrollo-fonis-2018\/\",\"name\":\"XV Concurso Nacional de Proyectos de Investigaci\u00f3n y Desarrollo FONIS 2018 - ICIM\",\"isPartOf\":{\"@id\":\"https:\/\/medicina.udd.cl\/icim\/#website\"},\"datePublished\":\"2018-01-18T13:38:51+00:00\",\"dateModified\":\"2018-01-19T13:14:10+00:00\",\"breadcrumb\":{\"@id\":\"https:\/\/medicina.udd.cl\/icim\/xv-concurso-nacional-de-proyectos-de-investigacion-y-desarrollo-fonis-2018\/#breadcrumb\"},\"inLanguage\":\"es\",\"potentialAction\":[{\"@type\":\"ReadAction\",\"target\":[\"https:\/\/medicina.udd.cl\/icim\/xv-concurso-nacional-de-proyectos-de-investigacion-y-desarrollo-fonis-2018\/\"]}]},{\"@type\":\"BreadcrumbList\",\"@id\":\"https:\/\/medicina.udd.cl\/icim\/xv-concurso-nacional-de-proyectos-de-investigacion-y-desarrollo-fonis-2018\/#breadcrumb\",\"itemListElement\":[{\"@type\":\"ListItem\",\"position\":1,\"name\":\"Inicio\",\"item\":\"https:\/\/medicina.udd.cl\/icim\/\"},{\"@type\":\"ListItem\",\"position\":2,\"name\":\"XV Concurso Nacional de Proyectos de Investigaci\u00f3n y Desarrollo FONIS 2018\"}]},{\"@type\":\"WebSite\",\"@id\":\"https:\/\/medicina.udd.cl\/icim\/#website\",\"url\":\"https:\/\/medicina.udd.cl\/icim\/\",\"name\":\"ICIM\",\"description\":\"Una iniciativa de Universidad del Desarrollo y Cl\u00ednica Alemana\",\"inLanguage\":\"es\"}]}<\/script>\n<!-- \/ Yoast SEO plugin. -->","yoast_head_json":{"title":"XV Concurso Nacional de Proyectos de Investigaci\u00f3n y Desarrollo FONIS 2018 - ICIM","robots":{"index":"index","follow":"follow","max-snippet":"max-snippet:-1","max-image-preview":"max-image-preview:large","max-video-preview":"max-video-preview:-1"},"canonical":"https:\/\/medicina.udd.cl\/icim\/xv-concurso-nacional-de-proyectos-de-investigacion-y-desarrollo-fonis-2018\/","og_locale":"es_ES","og_type":"article","og_title":"XV Concurso Nacional de Proyectos de Investigaci\u00f3n y Desarrollo FONIS 2018 - ICIM","og_description":"La Comisi\u00f3n Nacional de Investigaci\u00f3n Cient\u00edfica y Tecnol\u00f3gica (CONICYT) y el Ministerio de Salud (MINSAL), invitan a participar en la convocatoria del\u00a0XV Concurso Nacional de Proyectos de Investigaci\u00f3n y Desarrollo en Salud Fonis 2018, iniciativa que busca generar conocimientos en salud aplicada necesarios para mejorar la salud de la poblaci\u00f3n en Chile. Esta convocatoria apoya [&hellip;]","og_url":"https:\/\/medicina.udd.cl\/icim\/xv-concurso-nacional-de-proyectos-de-investigacion-y-desarrollo-fonis-2018\/","og_site_name":"ICIM","article_modified_time":"2018-01-19T13:14:10+00:00","twitter_card":"summary_large_image","twitter_misc":{"Tiempo de lectura":"1 minuto"},"schema":{"@context":"https:\/\/schema.org","@graph":[{"@type":"WebPage","@id":"https:\/\/medicina.udd.cl\/icim\/xv-concurso-nacional-de-proyectos-de-investigacion-y-desarrollo-fonis-2018\/","url":"https:\/\/medicina.udd.cl\/icim\/xv-concurso-nacional-de-proyectos-de-investigacion-y-desarrollo-fonis-2018\/","name":"XV Concurso Nacional de Proyectos de Investigaci\u00f3n y Desarrollo FONIS 2018 - ICIM","isPartOf":{"@id":"https:\/\/medicina.udd.cl\/icim\/#website"},"datePublished":"2018-01-18T13:38:51+00:00","dateModified":"2018-01-19T13:14:10+00:00","breadcrumb":{"@id":"https:\/\/medicina.udd.cl\/icim\/xv-concurso-nacional-de-proyectos-de-investigacion-y-desarrollo-fonis-2018\/#breadcrumb"},"inLanguage":"es","potentialAction":[{"@type":"ReadAction","target":["https:\/\/medicina.udd.cl\/icim\/xv-concurso-nacional-de-proyectos-de-investigacion-y-desarrollo-fonis-2018\/"]}]},{"@type":"BreadcrumbList","@id":"https:\/\/medicina.udd.cl\/icim\/xv-concurso-nacional-de-proyectos-de-investigacion-y-desarrollo-fonis-2018\/#breadcrumb","itemListElement":[{"@type":"ListItem","position":1,"name":"Inicio","item":"https:\/\/medicina.udd.cl\/icim\/"},{"@type":"ListItem","position":2,"name":"XV Concurso Nacional de Proyectos de Investigaci\u00f3n y Desarrollo FONIS 2018"}]},{"@type":"WebSite","@id":"https:\/\/medicina.udd.cl\/icim\/#website","url":"https:\/\/medicina.udd.cl\/icim\/","name":"ICIM","description":"Una iniciativa de Universidad del Desarrollo y Cl\u00ednica Alemana","inLanguage":"es"}]}},"_links":{"self":[{"href":"https:\/\/medicina.udd.cl\/icim\/wp-json\/wp\/v2\/pages\/6450","targetHints":{"allow":["GET"]}}],"collection":[{"href":"https:\/\/medicina.udd.cl\/icim\/wp-json\/wp\/v2\/pages"}],"about":[{"href":"https:\/\/medicina.udd.cl\/icim\/wp-json\/wp\/v2\/types\/page"}],"author":[{"embeddable":true,"href":"https:\/\/medicina.udd.cl\/icim\/wp-json\/wp\/v2\/users\/9192194"}],"replies":[{"embeddable":true,"href":"https:\/\/medicina.udd.cl\/icim\/wp-json\/wp\/v2\/comments?post=6450"}],"version-history":[{"count":4,"href":"https:\/\/medicina.udd.cl\/icim\/wp-json\/wp\/v2\/pages\/6450\/revisions"}],"predecessor-version":[{"id":6464,"href":"https:\/\/medicina.udd.cl\/icim\/wp-json\/wp\/v2\/pages\/6450\/revisions\/6464"}],"wp:attachment":[{"href":"https:\/\/medicina.udd.cl\/icim\/wp-json\/wp\/v2\/media?parent=6450"}],"curies":[{"name":"wp","href":"https:\/\/api.w.org\/{rel}","templated":true}]}}