{"id":6500,"date":"2018-01-30T18:33:58","date_gmt":"2018-01-30T18:33:58","guid":{"rendered":"http:\/\/medicina.udd.cl\/icim\/?page_id=6500"},"modified":"2018-01-30T19:00:08","modified_gmt":"2018-01-30T19:00:08","slug":"convocatorias-de-innovacion-2018-corfo","status":"publish","type":"page","link":"https:\/\/medicina.udd.cl\/icim\/convocatorias-de-innovacion-2018-corfo\/","title":{"rendered":"Convocatorias de Innovaci\u00f3n 2018 CORFO"},"content":{"rendered":"<p><u style=\"font-weight: bold\">Las Convocatorias de Innovaci\u00f3n 2018 de CORFO son\u00a0concursos en los que postulan l<\/u><u style=\"font-weight: bold\">as empresas para luego contratar a universidades y centros de investigaci\u00f3n para su ejecuci\u00f3n (incluso si han\u00a0trabajado en conjunto desde el inicio).<\/u><\/p>\n<p style=\"font-weight: 400\">En investigaci\u00f3n y desarrollo (I+D) los temas relevantes son:<\/p>\n<p style=\"font-weight: 400\"><strong>En proyectos de innovaci\u00f3n:<\/strong><\/p>\n<ul>\n<li style=\"font-weight: 400\"><a href=\"https:\/\/www.corfo.cl\/sites\/cpp\/convocatorias\/2017_voucher_de_innovacion\" target=\"_blank\">Voucher para la innovaci\u00f3n<\/a><\/li>\n<li style=\"font-weight: 400\"><a href=\"https:\/\/www.corfo.cl\/sites\/cpp\/convocatorias\/inv-2017_prototipos_de_innovacion_-_empresarial_para_sectores_es\" target=\"_blank\">Prototipos de\u00a0Innovaci\u00f3n -i+I+D Empresarial para Sectores Estrat\u00e9gicos<\/a><\/li>\n<li style=\"font-weight: 400\"><a href=\"https:\/\/www.corfo.cl\/sites\/cpp\/convocatorias\/inv-2016-validaci%C3%B3n_y_empaquetamiento_\" target=\"_blank\">Validaci\u00f3n y Empaquetamiento de Innovaciones<\/a><\/li>\n<\/ul>\n<p style=\"font-weight: 400\"><strong>En proyectos de I+D:<\/strong><\/p>\n<ul>\n<li style=\"font-weight: 400\"><a href=\"https:\/\/www.corfo.cl\/sites\/cpp\/convocatorias\/inv-2017_contratos_tecnologicos_para_la_innovacion_-_empresarial?resolvetemplatefordevice=true\" target=\"_blank\">Contratos tecnol\u00f3gicos<\/a><\/li>\n<li style=\"font-weight: 400\"><a href=\"https:\/\/www.corfo.cl\/sites\/cpp\/convocatorias\/inv-2016-innovacion_empresarial_de_alta_tecnologia\">Innovaci\u00f3n de alta tecnolog\u00eda<\/a><\/li>\n<li style=\"font-weight: 400\"><a href=\"http:\/\/medicina.udd.cl\/icim\/files\/2018\/01\/IDAplicada2017GuiaPortafolio.pdf\" rel=\"\">I+D Aplicada a empresas<\/a><\/li>\n<\/ul>\n<p>Para ver el calendario de las postulaciones a proyectos de innovaci\u00f3n financiados por CORFO haz clic<b>\u00a0<\/b><a href=\"https:\/\/static.asech.cl\/site\/wp-content\/uploads\/2018\/01\/22155420\/Innova2018_calendario1.pdf\">aqu\u00ed<\/a>.<\/p>\n<p>Para orientaci\u00f3n en la postulaci\u00f3n de estos concursos, por favor comunicarse con Claudia Silva, gestora tecnol\u00f3gica de la Subdirecci\u00f3n de Transferencia Tecnol\u00f3gica iCono UDD, al correo <a href=\"mailto:claudiasilvaa@udd.cl\">claudiasilvaa@udd.cl<\/a><\/p>\n<p>Documentos solicitados:<\/p>\n<ul>\n<li><a href=\"http:\/\/medicina.udd.cl\/icim\/files\/2018\/01\/Revisi\u00f3n-regulatoria-para-proyectos-de-investigacion.pdf\" rel=\"\">Revisi\u00f3n regulatoria para proyectos de investigacion<\/a><\/li>\n<li><a href=\"http:\/\/medicina.udd.cl\/icim\/files\/2018\/01\/Norma-Realizaci\u00f3n-de-investigaci\u00f3n-biom\u00e9dica-en-seres-humanos-HPH.pdf\" rel=\"\">Norma Realizaci\u00f3n de investigaci\u00f3n biom\u00e9dica en seres humanos HPH<\/a><\/li>\n<\/ul>\n<p>&nbsp;<\/p>\n<p>&nbsp;<\/p>\n","protected":false},"excerpt":{"rendered":"<p>Las Convocatorias de Innovaci\u00f3n 2018 de CORFO son\u00a0concursos en los que postulan las empresas para luego contratar a universidades y centros de investigaci\u00f3n para su ejecuci\u00f3n (incluso si han\u00a0trabajado en conjunto desde el inicio). En investigaci\u00f3n y desarrollo (I+D) los temas relevantes son: En proyectos de innovaci\u00f3n: Voucher para la innovaci\u00f3n Prototipos de\u00a0Innovaci\u00f3n -i+I+D Empresarial [&hellip;]<\/p>\n","protected":false},"author":9192194,"featured_media":0,"parent":0,"menu_order":0,"comment_status":"closed","ping_status":"closed","template":"","meta":{"footnotes":""},"class_list":["post-6500","page","type-page","status-publish","hentry"],"yoast_head":"<!-- This site is optimized with the Yoast SEO plugin v26.9 - https:\/\/yoast.com\/product\/yoast-seo-wordpress\/ -->\n<title>Convocatorias de Innovaci\u00f3n 2018 CORFO - ICIM<\/title>\n<meta name=\"robots\" content=\"index, follow, max-snippet:-1, max-image-preview:large, max-video-preview:-1\" \/>\n<link rel=\"canonical\" href=\"https:\/\/medicina.udd.cl\/icim\/convocatorias-de-innovacion-2018-corfo\/\" \/>\n<meta property=\"og:locale\" content=\"es_ES\" \/>\n<meta property=\"og:type\" content=\"article\" \/>\n<meta property=\"og:title\" content=\"Convocatorias de Innovaci\u00f3n 2018 CORFO - ICIM\" \/>\n<meta property=\"og:description\" content=\"Las Convocatorias de Innovaci\u00f3n 2018 de CORFO son\u00a0concursos en los que postulan las empresas para luego contratar a universidades y centros de investigaci\u00f3n para su ejecuci\u00f3n (incluso si han\u00a0trabajado en conjunto desde el inicio). En investigaci\u00f3n y desarrollo (I+D) los temas relevantes son: En proyectos de innovaci\u00f3n: Voucher para la innovaci\u00f3n Prototipos de\u00a0Innovaci\u00f3n -i+I+D Empresarial [&hellip;]\" \/>\n<meta property=\"og:url\" content=\"https:\/\/medicina.udd.cl\/icim\/convocatorias-de-innovacion-2018-corfo\/\" \/>\n<meta property=\"og:site_name\" content=\"ICIM\" \/>\n<meta property=\"article:modified_time\" content=\"2018-01-30T19:00:08+00:00\" \/>\n<meta name=\"twitter:card\" content=\"summary_large_image\" \/>\n<meta name=\"twitter:label1\" content=\"Tiempo de lectura\" \/>\n\t<meta name=\"twitter:data1\" content=\"1 minuto\" \/>\n<script type=\"application\/ld+json\" class=\"yoast-schema-graph\">{\"@context\":\"https:\/\/schema.org\",\"@graph\":[{\"@type\":\"WebPage\",\"@id\":\"https:\/\/medicina.udd.cl\/icim\/convocatorias-de-innovacion-2018-corfo\/\",\"url\":\"https:\/\/medicina.udd.cl\/icim\/convocatorias-de-innovacion-2018-corfo\/\",\"name\":\"Convocatorias de Innovaci\u00f3n 2018 CORFO - ICIM\",\"isPartOf\":{\"@id\":\"https:\/\/medicina.udd.cl\/icim\/#website\"},\"datePublished\":\"2018-01-30T18:33:58+00:00\",\"dateModified\":\"2018-01-30T19:00:08+00:00\",\"breadcrumb\":{\"@id\":\"https:\/\/medicina.udd.cl\/icim\/convocatorias-de-innovacion-2018-corfo\/#breadcrumb\"},\"inLanguage\":\"es\",\"potentialAction\":[{\"@type\":\"ReadAction\",\"target\":[\"https:\/\/medicina.udd.cl\/icim\/convocatorias-de-innovacion-2018-corfo\/\"]}]},{\"@type\":\"BreadcrumbList\",\"@id\":\"https:\/\/medicina.udd.cl\/icim\/convocatorias-de-innovacion-2018-corfo\/#breadcrumb\",\"itemListElement\":[{\"@type\":\"ListItem\",\"position\":1,\"name\":\"Inicio\",\"item\":\"https:\/\/medicina.udd.cl\/icim\/\"},{\"@type\":\"ListItem\",\"position\":2,\"name\":\"Convocatorias de Innovaci\u00f3n 2018 CORFO\"}]},{\"@type\":\"WebSite\",\"@id\":\"https:\/\/medicina.udd.cl\/icim\/#website\",\"url\":\"https:\/\/medicina.udd.cl\/icim\/\",\"name\":\"ICIM\",\"description\":\"Una iniciativa de Universidad del Desarrollo y Cl\u00ednica Alemana\",\"inLanguage\":\"es\"}]}<\/script>\n<!-- \/ Yoast SEO plugin. -->","yoast_head_json":{"title":"Convocatorias de Innovaci\u00f3n 2018 CORFO - ICIM","robots":{"index":"index","follow":"follow","max-snippet":"max-snippet:-1","max-image-preview":"max-image-preview:large","max-video-preview":"max-video-preview:-1"},"canonical":"https:\/\/medicina.udd.cl\/icim\/convocatorias-de-innovacion-2018-corfo\/","og_locale":"es_ES","og_type":"article","og_title":"Convocatorias de Innovaci\u00f3n 2018 CORFO - ICIM","og_description":"Las Convocatorias de Innovaci\u00f3n 2018 de CORFO son\u00a0concursos en los que postulan las empresas para luego contratar a universidades y centros de investigaci\u00f3n para su ejecuci\u00f3n (incluso si han\u00a0trabajado en conjunto desde el inicio). En investigaci\u00f3n y desarrollo (I+D) los temas relevantes son: En proyectos de innovaci\u00f3n: Voucher para la innovaci\u00f3n Prototipos de\u00a0Innovaci\u00f3n -i+I+D Empresarial [&hellip;]","og_url":"https:\/\/medicina.udd.cl\/icim\/convocatorias-de-innovacion-2018-corfo\/","og_site_name":"ICIM","article_modified_time":"2018-01-30T19:00:08+00:00","twitter_card":"summary_large_image","twitter_misc":{"Tiempo de lectura":"1 minuto"},"schema":{"@context":"https:\/\/schema.org","@graph":[{"@type":"WebPage","@id":"https:\/\/medicina.udd.cl\/icim\/convocatorias-de-innovacion-2018-corfo\/","url":"https:\/\/medicina.udd.cl\/icim\/convocatorias-de-innovacion-2018-corfo\/","name":"Convocatorias de Innovaci\u00f3n 2018 CORFO - ICIM","isPartOf":{"@id":"https:\/\/medicina.udd.cl\/icim\/#website"},"datePublished":"2018-01-30T18:33:58+00:00","dateModified":"2018-01-30T19:00:08+00:00","breadcrumb":{"@id":"https:\/\/medicina.udd.cl\/icim\/convocatorias-de-innovacion-2018-corfo\/#breadcrumb"},"inLanguage":"es","potentialAction":[{"@type":"ReadAction","target":["https:\/\/medicina.udd.cl\/icim\/convocatorias-de-innovacion-2018-corfo\/"]}]},{"@type":"BreadcrumbList","@id":"https:\/\/medicina.udd.cl\/icim\/convocatorias-de-innovacion-2018-corfo\/#breadcrumb","itemListElement":[{"@type":"ListItem","position":1,"name":"Inicio","item":"https:\/\/medicina.udd.cl\/icim\/"},{"@type":"ListItem","position":2,"name":"Convocatorias de Innovaci\u00f3n 2018 CORFO"}]},{"@type":"WebSite","@id":"https:\/\/medicina.udd.cl\/icim\/#website","url":"https:\/\/medicina.udd.cl\/icim\/","name":"ICIM","description":"Una iniciativa de Universidad del Desarrollo y Cl\u00ednica Alemana","inLanguage":"es"}]}},"_links":{"self":[{"href":"https:\/\/medicina.udd.cl\/icim\/wp-json\/wp\/v2\/pages\/6500","targetHints":{"allow":["GET"]}}],"collection":[{"href":"https:\/\/medicina.udd.cl\/icim\/wp-json\/wp\/v2\/pages"}],"about":[{"href":"https:\/\/medicina.udd.cl\/icim\/wp-json\/wp\/v2\/types\/page"}],"author":[{"embeddable":true,"href":"https:\/\/medicina.udd.cl\/icim\/wp-json\/wp\/v2\/users\/9192194"}],"replies":[{"embeddable":true,"href":"https:\/\/medicina.udd.cl\/icim\/wp-json\/wp\/v2\/comments?post=6500"}],"version-history":[{"count":6,"href":"https:\/\/medicina.udd.cl\/icim\/wp-json\/wp\/v2\/pages\/6500\/revisions"}],"predecessor-version":[{"id":6509,"href":"https:\/\/medicina.udd.cl\/icim\/wp-json\/wp\/v2\/pages\/6500\/revisions\/6509"}],"wp:attachment":[{"href":"https:\/\/medicina.udd.cl\/icim\/wp-json\/wp\/v2\/media?parent=6500"}],"curies":[{"name":"wp","href":"https:\/\/api.w.org\/{rel}","templated":true}]}}