{"id":6557,"date":"2018-03-22T20:33:02","date_gmt":"2018-03-22T20:33:02","guid":{"rendered":"http:\/\/medicina.udd.cl\/icim\/?page_id=6557"},"modified":"2018-03-22T20:33:02","modified_gmt":"2018-03-22T20:33:02","slug":"6557-2","status":"publish","type":"page","link":"https:\/\/medicina.udd.cl\/icim\/6557-2\/","title":{"rendered":"CONCURSO PARA PROFESORES VISITANTES INTERNACIONALES 2018"},"content":{"rendered":"<p>La Direcci\u00f3n de Investigaci\u00f3n y Doctorados lanza el\u00a0<strong>Concurso para Profesores Visitantes Internacionales 2018<\/strong>\u00a0en apoyo a los Programas Doctorales y Mag\u00edster en Ciencias de la Ingenier\u00eda para traer investigadores del extranjero y reforzar alguna de sus l\u00edneas de investigaci\u00f3n.<\/p>\n<p>El concurso estar\u00e1 abierto desde el\u00a0<strong>20 de marzo hasta el 3 de mayo<\/strong>\u00a0y est\u00e1 dirigido a estad\u00edas superiores a 5 d\u00edas h\u00e1biles por un monto m\u00e1ximo de $3.000.000; para que los investigadores extranjeros participen como profesor, co-tutor en gu\u00eda de tesis o revisor internacional de alguna tesis en etapa de evaluaci\u00f3n.<\/p>\n<p>El profesor visitante podr\u00e1 realizar clases en los programas de Doctorado UDD o del Mag\u00edster, participar de un proyecto de investigaci\u00f3n con alguno de los profesores del claustro del doctorado, y en lo posible, incluir la participaci\u00f3n de estudiantes de doctorado o mag\u00edster. Adem\u00e1s, deber\u00e1 hacer una presentaci\u00f3n sobre sus investigaciones en curso, abierta a la comunidad universitaria durante su estad\u00eda.<\/p>\n<p>Mayores detalles est\u00e1n disponibles en las\u00a0<span class=\"file pdf\"><span class=\"file pdf\"><a href=\"http:\/\/www.udd.cl\/wp-content\/uploads\/2018\/03\/bases-concurso-profesores-visitantes-internacionales-2018-1.pdf\" rel=\"Alternate\">Bases concursales.<\/a>\u00a0<span class=\"file-info\"><em>PDF, 356 KB<\/em><\/span><\/span><\/span><\/p>\n<p>Postul\u00e9\u00a0<a class=\"out\" href=\"http:\/\/goo.gl\/QfmkMY\" rel=\"External\">aqu\u00ed<\/a><\/p>\n","protected":false},"excerpt":{"rendered":"<p>La Direcci\u00f3n de Investigaci\u00f3n y Doctorados lanza el\u00a0Concurso para Profesores Visitantes Internacionales 2018\u00a0en apoyo a los Programas Doctorales y Mag\u00edster en Ciencias de la Ingenier\u00eda para traer investigadores del extranjero y reforzar alguna de sus l\u00edneas de investigaci\u00f3n. El concurso estar\u00e1 abierto desde el\u00a020 de marzo hasta el 3 de mayo\u00a0y est\u00e1 dirigido a estad\u00edas [&hellip;]<\/p>\n","protected":false},"author":9192194,"featured_media":0,"parent":0,"menu_order":0,"comment_status":"closed","ping_status":"closed","template":"","meta":{"footnotes":""},"class_list":["post-6557","page","type-page","status-publish","hentry"],"yoast_head":"<!-- This site is optimized with the Yoast SEO plugin v26.9 - https:\/\/yoast.com\/product\/yoast-seo-wordpress\/ -->\n<title>CONCURSO PARA PROFESORES VISITANTES INTERNACIONALES 2018 - ICIM<\/title>\n<meta name=\"robots\" content=\"index, follow, max-snippet:-1, max-image-preview:large, max-video-preview:-1\" \/>\n<link rel=\"canonical\" href=\"https:\/\/medicina.udd.cl\/icim\/6557-2\/\" \/>\n<meta property=\"og:locale\" content=\"es_ES\" \/>\n<meta property=\"og:type\" content=\"article\" \/>\n<meta property=\"og:title\" content=\"CONCURSO PARA PROFESORES VISITANTES INTERNACIONALES 2018 - ICIM\" \/>\n<meta property=\"og:description\" content=\"La Direcci\u00f3n de Investigaci\u00f3n y Doctorados lanza el\u00a0Concurso para Profesores Visitantes Internacionales 2018\u00a0en apoyo a los Programas Doctorales y Mag\u00edster en Ciencias de la Ingenier\u00eda para traer investigadores del extranjero y reforzar alguna de sus l\u00edneas de investigaci\u00f3n. El concurso estar\u00e1 abierto desde el\u00a020 de marzo hasta el 3 de mayo\u00a0y est\u00e1 dirigido a estad\u00edas [&hellip;]\" \/>\n<meta property=\"og:url\" content=\"https:\/\/medicina.udd.cl\/icim\/6557-2\/\" \/>\n<meta property=\"og:site_name\" content=\"ICIM\" \/>\n<meta name=\"twitter:card\" content=\"summary_large_image\" \/>\n<meta name=\"twitter:label1\" content=\"Tiempo de lectura\" \/>\n\t<meta name=\"twitter:data1\" content=\"1 minuto\" \/>\n<script type=\"application\/ld+json\" class=\"yoast-schema-graph\">{\"@context\":\"https:\/\/schema.org\",\"@graph\":[{\"@type\":\"WebPage\",\"@id\":\"https:\/\/medicina.udd.cl\/icim\/6557-2\/\",\"url\":\"https:\/\/medicina.udd.cl\/icim\/6557-2\/\",\"name\":\"CONCURSO PARA PROFESORES VISITANTES INTERNACIONALES 2018 - ICIM\",\"isPartOf\":{\"@id\":\"https:\/\/medicina.udd.cl\/icim\/#website\"},\"datePublished\":\"2018-03-22T20:33:02+00:00\",\"breadcrumb\":{\"@id\":\"https:\/\/medicina.udd.cl\/icim\/6557-2\/#breadcrumb\"},\"inLanguage\":\"es\",\"potentialAction\":[{\"@type\":\"ReadAction\",\"target\":[\"https:\/\/medicina.udd.cl\/icim\/6557-2\/\"]}]},{\"@type\":\"BreadcrumbList\",\"@id\":\"https:\/\/medicina.udd.cl\/icim\/6557-2\/#breadcrumb\",\"itemListElement\":[{\"@type\":\"ListItem\",\"position\":1,\"name\":\"Inicio\",\"item\":\"https:\/\/medicina.udd.cl\/icim\/\"},{\"@type\":\"ListItem\",\"position\":2,\"name\":\"CONCURSO PARA PROFESORES VISITANTES INTERNACIONALES 2018\"}]},{\"@type\":\"WebSite\",\"@id\":\"https:\/\/medicina.udd.cl\/icim\/#website\",\"url\":\"https:\/\/medicina.udd.cl\/icim\/\",\"name\":\"ICIM\",\"description\":\"Una iniciativa de Universidad del Desarrollo y Cl\u00ednica Alemana\",\"inLanguage\":\"es\"}]}<\/script>\n<!-- \/ Yoast SEO plugin. -->","yoast_head_json":{"title":"CONCURSO PARA PROFESORES VISITANTES INTERNACIONALES 2018 - ICIM","robots":{"index":"index","follow":"follow","max-snippet":"max-snippet:-1","max-image-preview":"max-image-preview:large","max-video-preview":"max-video-preview:-1"},"canonical":"https:\/\/medicina.udd.cl\/icim\/6557-2\/","og_locale":"es_ES","og_type":"article","og_title":"CONCURSO PARA PROFESORES VISITANTES INTERNACIONALES 2018 - ICIM","og_description":"La Direcci\u00f3n de Investigaci\u00f3n y Doctorados lanza el\u00a0Concurso para Profesores Visitantes Internacionales 2018\u00a0en apoyo a los Programas Doctorales y Mag\u00edster en Ciencias de la Ingenier\u00eda para traer investigadores del extranjero y reforzar alguna de sus l\u00edneas de investigaci\u00f3n. El concurso estar\u00e1 abierto desde el\u00a020 de marzo hasta el 3 de mayo\u00a0y est\u00e1 dirigido a estad\u00edas [&hellip;]","og_url":"https:\/\/medicina.udd.cl\/icim\/6557-2\/","og_site_name":"ICIM","twitter_card":"summary_large_image","twitter_misc":{"Tiempo de lectura":"1 minuto"},"schema":{"@context":"https:\/\/schema.org","@graph":[{"@type":"WebPage","@id":"https:\/\/medicina.udd.cl\/icim\/6557-2\/","url":"https:\/\/medicina.udd.cl\/icim\/6557-2\/","name":"CONCURSO PARA PROFESORES VISITANTES INTERNACIONALES 2018 - ICIM","isPartOf":{"@id":"https:\/\/medicina.udd.cl\/icim\/#website"},"datePublished":"2018-03-22T20:33:02+00:00","breadcrumb":{"@id":"https:\/\/medicina.udd.cl\/icim\/6557-2\/#breadcrumb"},"inLanguage":"es","potentialAction":[{"@type":"ReadAction","target":["https:\/\/medicina.udd.cl\/icim\/6557-2\/"]}]},{"@type":"BreadcrumbList","@id":"https:\/\/medicina.udd.cl\/icim\/6557-2\/#breadcrumb","itemListElement":[{"@type":"ListItem","position":1,"name":"Inicio","item":"https:\/\/medicina.udd.cl\/icim\/"},{"@type":"ListItem","position":2,"name":"CONCURSO PARA PROFESORES VISITANTES INTERNACIONALES 2018"}]},{"@type":"WebSite","@id":"https:\/\/medicina.udd.cl\/icim\/#website","url":"https:\/\/medicina.udd.cl\/icim\/","name":"ICIM","description":"Una iniciativa de Universidad del Desarrollo y Cl\u00ednica Alemana","inLanguage":"es"}]}},"_links":{"self":[{"href":"https:\/\/medicina.udd.cl\/icim\/wp-json\/wp\/v2\/pages\/6557","targetHints":{"allow":["GET"]}}],"collection":[{"href":"https:\/\/medicina.udd.cl\/icim\/wp-json\/wp\/v2\/pages"}],"about":[{"href":"https:\/\/medicina.udd.cl\/icim\/wp-json\/wp\/v2\/types\/page"}],"author":[{"embeddable":true,"href":"https:\/\/medicina.udd.cl\/icim\/wp-json\/wp\/v2\/users\/9192194"}],"replies":[{"embeddable":true,"href":"https:\/\/medicina.udd.cl\/icim\/wp-json\/wp\/v2\/comments?post=6557"}],"version-history":[{"count":1,"href":"https:\/\/medicina.udd.cl\/icim\/wp-json\/wp\/v2\/pages\/6557\/revisions"}],"predecessor-version":[{"id":6558,"href":"https:\/\/medicina.udd.cl\/icim\/wp-json\/wp\/v2\/pages\/6557\/revisions\/6558"}],"wp:attachment":[{"href":"https:\/\/medicina.udd.cl\/icim\/wp-json\/wp\/v2\/media?parent=6557"}],"curies":[{"name":"wp","href":"https:\/\/api.w.org\/{rel}","templated":true}]}}