{"id":6729,"date":"2018-05-24T13:38:02","date_gmt":"2018-05-24T13:38:02","guid":{"rendered":"http:\/\/medicina.udd.cl\/icim\/?page_id=6729"},"modified":"2018-05-24T13:55:18","modified_gmt":"2018-05-24T13:55:18","slug":"concurso-subvencion-a-la-instalacion-a-la-academia","status":"publish","type":"page","link":"https:\/\/medicina.udd.cl\/icim\/concurso-subvencion-a-la-instalacion-a-la-academia\/","title":{"rendered":"Concurso Subvenci\u00f3n a la instalaci\u00f3n a la academia 2018"},"content":{"rendered":"<p style=\"font-weight: 400; text-align: justify;\">Esta segunda convocatoria posee modificaciones en sus bases que apuntan a entregar mayores recursos, adem\u00e1s de asegurar la calidad y la estabilidad laboral de los investigadores.<\/p>\n<p style=\"font-weight: 400; text-align: justify;\">Las casas de estudio deben ofrecer un cargo de jornada completa en jerarqu\u00eda de profesor asistente o equivalente; y bajo la modalidad de designaci\u00f3n a contrata, o regido por el c\u00f3digo del trabajo, seg\u00fan corresponda.<\/p>\n<p style=\"font-weight: 400; text-align: justify;\">Considerando la necesidad de contribuir al fortalecimiento institucional de las universidades chilenas mediante la contrataci\u00f3n de investigadores doctorales, CONICYT, a trav\u00e9s de su Programa de Atracci\u00f3n e Inserci\u00f3n, PAI, invita a postular al concurso Subvenci\u00f3n a la Instalaci\u00f3n en la Academia 2018.<\/p>\n<p style=\"font-weight: 400; text-align: justify;\">Este instrumento financia propuestas de contrataci\u00f3n de cient\u00edficos j\u00f3venes que inician su carrera independiente por 36 meses, con un monto m\u00e1ximo de $182 millones por propuesta. De esta forma, se busca aumentar las oportunidades de inserci\u00f3n laboral, emplazar su entorno de trabajo, desarrollar la base de relaciones de colaboraci\u00f3n y postular a concursos competitivos.<\/p>\n<p style=\"font-weight: 400; text-align: justify;\">Las casas de estudios podr\u00e1n presentar un m\u00e1ximo de cinco propuestas, en cualquier \u00e1rea del conocimiento, siempre que los doctores hayan sido seleccionados por concurso p\u00fablico y abierto, siendo sancionado durante los \u00faltimos cinco meses previos del cierre de la convocatoria.<\/p>\n<p style=\"font-weight: 400; text-align: justify;\">En este contexto, las bases estipulan que las casas de estudio deben ofrecer un cargo de jornada completa en jerarqu\u00eda de profesor asistente o equivalente; y bajo la modalidad de designaci\u00f3n a contrata, o regido por el c\u00f3digo del trabajo, seg\u00fan corresponda.<\/p>\n<p style=\"font-weight: 400; text-align: justify;\">Entre los requisitos de los investigadores a instalar est\u00e1n: ser chileno o extranjero con permanencia definitiva en el pa\u00eds; con grado acad\u00e9mico de doctor o, en el caso de profesionales del \u00e1rea de la salud, con post\u00edtulo de, al menos, tres a\u00f1os de certificaci\u00f3n universitaria. En ambas instancias los certificados deben haber sido obtenidos hasta siete a\u00f1os anteriores al cierre de esta convocatoria.<\/p>\n<p style=\"font-weight: 400; text-align: justify;\">Las postulaciones estar\u00e1n abiertas hasta el 5 de julio y solo se podr\u00e1n realizar a trav\u00e9s del Sistema de Postulaci\u00f3n en L\u00ednea de CONICYT. Las consultas deben ser dirigidas, hasta el jueves 28 de junio, a trav\u00e9s de la OIRS en\u00a0<a href=\"http:\/\/www.conicyt.cl\/oirs\" data-saferedirecturl=\"https:\/\/www.google.com\/url?hl=es&amp;q=http:\/\/www.conicyt.cl\/oirs&amp;source=gmail&amp;ust=1527254853065000&amp;usg=AFQjCNHYHA4q81IwYA0-rSRD14tzIW0Etw\">www.conicyt.cl\/oirs<\/a>\u00a0, secci\u00f3n del Programa de Atracci\u00f3n e Inserci\u00f3n de Capital Humano Avanzado.<\/p>\n<p style=\"font-weight: 400; text-align: justify;\"><strong>P\u00fablico Objetivo:<\/strong><\/p>\n<p style=\"font-weight: 400; text-align: justify;\">Universidades chilenas con acreditaci\u00f3n institucional de al menos tres a\u00f1os. Excepcionalmente podr\u00e1n postular las universidades estatales recientemente creadas, seg\u00fan lo dispuesto por el Decreto 414\/2015 del Ministerio de Educaci\u00f3n.<\/p>\n<p style=\"font-weight: 400; text-align: justify;\">Los requisitos de las y los investigadores a instalar son:<\/p>\n<p style=\"font-weight: 400; text-align: justify;\">-Ser chilena\/o extranjero\/a con permanencia definitiva en Chile al momento del cierre de la convocatoria.<\/p>\n<p style=\"font-weight: 400; text-align: justify;\">-Grado acad\u00e9mico de doctor obtenido hasta 7 a\u00f1os anterior al cierre de esta convocatoria<\/p>\n<p style=\"font-weight: 400; text-align: justify;\">-Profesionales del \u00e1rea de la salud con post\u00edtulo de al menos 3 a\u00f1os de certificaci\u00f3n universitaria (especialidad primaria o derivada) obtenido hasta 7 a\u00f1os anteriores del cierre de esta convocatoria.<\/p>\n<p style=\"font-weight: 400;\"><strong>M\u00e1s Informaci\u00f3n:\u00a0<\/strong><span style=\"color: #ff9900;\"><a style=\"color: #ff9900;\" href=\"http:\/\/www.conicyt.cl\/pai\/2018\/04\/20\/convocatoria-nacional-concurso-subvencion-a-la-instalacion-en-la-academia-2018\/#tab-01\" data-saferedirecturl=\"https:\/\/www.google.com\/url?hl=es&amp;q=http:\/\/www.conicyt.cl\/pai\/2018\/04\/20\/convocatoria-nacional-concurso-subvencion-a-la-instalacion-en-la-academia-2018\/%23tab-01&amp;source=gmail&amp;ust=1527254853065000&amp;usg=AFQjCNHwStk3r6vGcH8hitxggRygpfyICQ\">http:\/\/www.conicyt.cl\/pai\/2018\/04\/20\/convocatoria-nacional-concurso-subvencion-a-la-instalacion-en-la-academia-2018\/#tab-01<\/a><\/span><\/p>\n<p style=\"font-weight: 400; text-align: justify;\"><strong>Bases:\u00a0<\/strong><span style=\"color: #ff9900;\"><a style=\"color: #ff9900;\" href=\"http:\/\/www.conicyt.cl\/pai\/files\/2018\/04\/REX.4532_Aprueba-Bases-SIA.pdf\" data-saferedirecturl=\"https:\/\/www.google.com\/url?hl=es&amp;q=http:\/\/www.conicyt.cl\/pai\/files\/2018\/04\/REX.4532_Aprueba-Bases-SIA.pdf&amp;source=gmail&amp;ust=1527254853065000&amp;usg=AFQjCNHVWMRJWE7xxmj2jpvmPlPGpb6oBg\">http:\/\/www.conicyt.cl\/pai\/files\/2018\/04\/REX.4532_Aprueba-Bases-SIA.pdf<\/a><\/span><\/p>\n<p style=\"font-weight: 400; text-align: justify;\"><strong>Fechas importantes\u00a0<\/strong><\/p>\n<p style=\"font-weight: 400; text-align: justify;\">Fecha de inicio de Concurso: 20 de abril 2018<\/p>\n<p style=\"font-weight: 400; text-align: justify;\">Fecha de cierre de Concurso: 05 de julio de 2018, a las 16:00 hrs. (hora de Chile continental).<\/p>\n<p style=\"font-weight: 400; text-align: justify;\"><strong>Fecha recepci\u00f3n propuestas DID: 21 de junio<\/strong><\/p>\n","protected":false},"excerpt":{"rendered":"<p>Esta segunda convocatoria posee modificaciones en sus bases que apuntan a entregar mayores recursos, adem\u00e1s de asegurar la calidad y la estabilidad laboral de los investigadores. Las casas de estudio deben ofrecer un cargo de jornada completa en jerarqu\u00eda de profesor asistente o equivalente; y bajo la modalidad de designaci\u00f3n a contrata, o regido por [&hellip;]<\/p>\n","protected":false},"author":42,"featured_media":0,"parent":0,"menu_order":0,"comment_status":"closed","ping_status":"closed","template":"","meta":{"footnotes":""},"class_list":["post-6729","page","type-page","status-publish","hentry"],"yoast_head":"<!-- This site is optimized with the Yoast SEO plugin v26.9 - https:\/\/yoast.com\/product\/yoast-seo-wordpress\/ -->\n<title>Concurso Subvenci\u00f3n a la instalaci\u00f3n a la academia 2018 - ICIM<\/title>\n<meta name=\"robots\" content=\"index, follow, max-snippet:-1, max-image-preview:large, max-video-preview:-1\" \/>\n<link rel=\"canonical\" href=\"https:\/\/medicina.udd.cl\/icim\/concurso-subvencion-a-la-instalacion-a-la-academia\/\" \/>\n<meta property=\"og:locale\" content=\"es_ES\" \/>\n<meta property=\"og:type\" content=\"article\" \/>\n<meta property=\"og:title\" content=\"Concurso Subvenci\u00f3n a la instalaci\u00f3n a la academia 2018 - ICIM\" \/>\n<meta property=\"og:description\" content=\"Esta segunda convocatoria posee modificaciones en sus bases que apuntan a entregar mayores recursos, adem\u00e1s de asegurar la calidad y la estabilidad laboral de los investigadores. Las casas de estudio deben ofrecer un cargo de jornada completa en jerarqu\u00eda de profesor asistente o equivalente; y bajo la modalidad de designaci\u00f3n a contrata, o regido por [&hellip;]\" \/>\n<meta property=\"og:url\" content=\"https:\/\/medicina.udd.cl\/icim\/concurso-subvencion-a-la-instalacion-a-la-academia\/\" \/>\n<meta property=\"og:site_name\" content=\"ICIM\" \/>\n<meta property=\"article:modified_time\" content=\"2018-05-24T13:55:18+00:00\" \/>\n<meta name=\"twitter:card\" content=\"summary_large_image\" \/>\n<meta name=\"twitter:label1\" content=\"Tiempo de lectura\" \/>\n\t<meta name=\"twitter:data1\" content=\"3 minutos\" \/>\n<script type=\"application\/ld+json\" class=\"yoast-schema-graph\">{\"@context\":\"https:\/\/schema.org\",\"@graph\":[{\"@type\":\"WebPage\",\"@id\":\"https:\/\/medicina.udd.cl\/icim\/concurso-subvencion-a-la-instalacion-a-la-academia\/\",\"url\":\"https:\/\/medicina.udd.cl\/icim\/concurso-subvencion-a-la-instalacion-a-la-academia\/\",\"name\":\"Concurso Subvenci\u00f3n a la instalaci\u00f3n a la academia 2018 - ICIM\",\"isPartOf\":{\"@id\":\"https:\/\/medicina.udd.cl\/icim\/#website\"},\"datePublished\":\"2018-05-24T13:38:02+00:00\",\"dateModified\":\"2018-05-24T13:55:18+00:00\",\"breadcrumb\":{\"@id\":\"https:\/\/medicina.udd.cl\/icim\/concurso-subvencion-a-la-instalacion-a-la-academia\/#breadcrumb\"},\"inLanguage\":\"es\",\"potentialAction\":[{\"@type\":\"ReadAction\",\"target\":[\"https:\/\/medicina.udd.cl\/icim\/concurso-subvencion-a-la-instalacion-a-la-academia\/\"]}]},{\"@type\":\"BreadcrumbList\",\"@id\":\"https:\/\/medicina.udd.cl\/icim\/concurso-subvencion-a-la-instalacion-a-la-academia\/#breadcrumb\",\"itemListElement\":[{\"@type\":\"ListItem\",\"position\":1,\"name\":\"Inicio\",\"item\":\"https:\/\/medicina.udd.cl\/icim\/\"},{\"@type\":\"ListItem\",\"position\":2,\"name\":\"Concurso Subvenci\u00f3n a la instalaci\u00f3n a la academia 2018\"}]},{\"@type\":\"WebSite\",\"@id\":\"https:\/\/medicina.udd.cl\/icim\/#website\",\"url\":\"https:\/\/medicina.udd.cl\/icim\/\",\"name\":\"ICIM\",\"description\":\"Una iniciativa de Universidad del Desarrollo y Cl\u00ednica Alemana\",\"inLanguage\":\"es\"}]}<\/script>\n<!-- \/ Yoast SEO plugin. -->","yoast_head_json":{"title":"Concurso Subvenci\u00f3n a la instalaci\u00f3n a la academia 2018 - ICIM","robots":{"index":"index","follow":"follow","max-snippet":"max-snippet:-1","max-image-preview":"max-image-preview:large","max-video-preview":"max-video-preview:-1"},"canonical":"https:\/\/medicina.udd.cl\/icim\/concurso-subvencion-a-la-instalacion-a-la-academia\/","og_locale":"es_ES","og_type":"article","og_title":"Concurso Subvenci\u00f3n a la instalaci\u00f3n a la academia 2018 - ICIM","og_description":"Esta segunda convocatoria posee modificaciones en sus bases que apuntan a entregar mayores recursos, adem\u00e1s de asegurar la calidad y la estabilidad laboral de los investigadores. Las casas de estudio deben ofrecer un cargo de jornada completa en jerarqu\u00eda de profesor asistente o equivalente; y bajo la modalidad de designaci\u00f3n a contrata, o regido por [&hellip;]","og_url":"https:\/\/medicina.udd.cl\/icim\/concurso-subvencion-a-la-instalacion-a-la-academia\/","og_site_name":"ICIM","article_modified_time":"2018-05-24T13:55:18+00:00","twitter_card":"summary_large_image","twitter_misc":{"Tiempo de lectura":"3 minutos"},"schema":{"@context":"https:\/\/schema.org","@graph":[{"@type":"WebPage","@id":"https:\/\/medicina.udd.cl\/icim\/concurso-subvencion-a-la-instalacion-a-la-academia\/","url":"https:\/\/medicina.udd.cl\/icim\/concurso-subvencion-a-la-instalacion-a-la-academia\/","name":"Concurso Subvenci\u00f3n a la instalaci\u00f3n a la academia 2018 - ICIM","isPartOf":{"@id":"https:\/\/medicina.udd.cl\/icim\/#website"},"datePublished":"2018-05-24T13:38:02+00:00","dateModified":"2018-05-24T13:55:18+00:00","breadcrumb":{"@id":"https:\/\/medicina.udd.cl\/icim\/concurso-subvencion-a-la-instalacion-a-la-academia\/#breadcrumb"},"inLanguage":"es","potentialAction":[{"@type":"ReadAction","target":["https:\/\/medicina.udd.cl\/icim\/concurso-subvencion-a-la-instalacion-a-la-academia\/"]}]},{"@type":"BreadcrumbList","@id":"https:\/\/medicina.udd.cl\/icim\/concurso-subvencion-a-la-instalacion-a-la-academia\/#breadcrumb","itemListElement":[{"@type":"ListItem","position":1,"name":"Inicio","item":"https:\/\/medicina.udd.cl\/icim\/"},{"@type":"ListItem","position":2,"name":"Concurso Subvenci\u00f3n a la instalaci\u00f3n a la academia 2018"}]},{"@type":"WebSite","@id":"https:\/\/medicina.udd.cl\/icim\/#website","url":"https:\/\/medicina.udd.cl\/icim\/","name":"ICIM","description":"Una iniciativa de Universidad del Desarrollo y Cl\u00ednica Alemana","inLanguage":"es"}]}},"_links":{"self":[{"href":"https:\/\/medicina.udd.cl\/icim\/wp-json\/wp\/v2\/pages\/6729","targetHints":{"allow":["GET"]}}],"collection":[{"href":"https:\/\/medicina.udd.cl\/icim\/wp-json\/wp\/v2\/pages"}],"about":[{"href":"https:\/\/medicina.udd.cl\/icim\/wp-json\/wp\/v2\/types\/page"}],"author":[{"embeddable":true,"href":"https:\/\/medicina.udd.cl\/icim\/wp-json\/wp\/v2\/users\/42"}],"replies":[{"embeddable":true,"href":"https:\/\/medicina.udd.cl\/icim\/wp-json\/wp\/v2\/comments?post=6729"}],"version-history":[{"count":3,"href":"https:\/\/medicina.udd.cl\/icim\/wp-json\/wp\/v2\/pages\/6729\/revisions"}],"predecessor-version":[{"id":6748,"href":"https:\/\/medicina.udd.cl\/icim\/wp-json\/wp\/v2\/pages\/6729\/revisions\/6748"}],"wp:attachment":[{"href":"https:\/\/medicina.udd.cl\/icim\/wp-json\/wp\/v2\/media?parent=6729"}],"curies":[{"name":"wp","href":"https:\/\/api.w.org\/{rel}","templated":true}]}}