{"id":7386,"date":"2018-12-19T13:38:17","date_gmt":"2018-12-19T13:38:17","guid":{"rendered":"http:\/\/medicina.udd.cl\/icim\/?page_id=7386"},"modified":"2019-09-06T19:36:13","modified_gmt":"2019-09-06T19:36:13","slug":"mision-y-vision","status":"publish","type":"page","link":"https:\/\/medicina.udd.cl\/icim\/biosoluciones\/mision-y-vision\/","title":{"rendered":"Misi\u00f3n y visi\u00f3n"},"content":{"rendered":"<p><strong>MISI\u00d3N DEL LABORATORIO CL\u00cdNICO BIOSOLUCIONES.<\/strong><\/p>\n<p>Somos un laboratorio Cl\u00ednico que busca contribuir al mejoramiento de la salud de las personas, a trav\u00e9s de un servicio diagn\u00f3stico de alta complejidad, en las \u00e1reas de gen\u00e9tica e inmunolog\u00eda con un personal competente, respondiendo a las exigencias de la medicina y proporcionando resultados confiables, oportunos y de alta calidad.<\/p>\n<p><strong>VISI\u00d3N DEL LABORATORIO CL\u00cdNICO BIOSOLUCIONES.<\/strong><\/p>\n<p>Ser el laboratorio cl\u00ednico de referencia en el pa\u00eds en las \u00e1reas de gen\u00e9tica e inmunolog\u00eda de Latinoam\u00e9rica, siendo reconocidos por nuestros servicios de excelencia y calidad; siempre en beneficio de la salud de nuestros usuarios.<\/p>\n<p>&nbsp;<\/p>\n<div id=\"gallery-1\" class=\"carousel slide carousel-gallery\" data-ride=\"false\" data-interval=\"false\"><div class=\"carousel-inner\" role=\"listbox\"><figure class=\"carousel-item active\"><img loading=\"lazy\" decoding=\"async\" width=\"801\" height=\"534\" src=\"https:\/\/medicina.udd.cl\/icim\/files\/2019\/01\/IMG_7512-440x245.jpg\" class=\"attachment-landscape_952 size-landscape_952 lazyload\" alt=\"\" sizes=\"auto, (max-width: 801px) 100vw, 801px\" data-src=\"https:\/\/medicina.udd.cl\/icim\/files\/2019\/01\/IMG_7512.jpg\" data-srcset=\"https:\/\/medicina.udd.cl\/icim\/files\/2019\/01\/IMG_7512.jpg 5184w, https:\/\/medicina.udd.cl\/icim\/files\/2019\/01\/IMG_7512-300x200.jpg 300w, https:\/\/medicina.udd.cl\/icim\/files\/2019\/01\/IMG_7512-768x512.jpg 768w, https:\/\/medicina.udd.cl\/icim\/files\/2019\/01\/IMG_7512-1024x683.jpg 1024w, https:\/\/medicina.udd.cl\/icim\/files\/2019\/01\/IMG_7512-600x400.jpg 600w\" \/><\/figure><figure class=\"carousel-item\"><img loading=\"lazy\" decoding=\"async\" width=\"801\" height=\"534\" src=\"https:\/\/medicina.udd.cl\/icim\/files\/2019\/01\/IMG_7554-440x245.jpg\" class=\"attachment-landscape_952 size-landscape_952 lazyload\" alt=\"\" sizes=\"auto, (max-width: 801px) 100vw, 801px\" data-src=\"https:\/\/medicina.udd.cl\/icim\/files\/2019\/01\/IMG_7554.jpg\" data-srcset=\"https:\/\/medicina.udd.cl\/icim\/files\/2019\/01\/IMG_7554.jpg 5184w, https:\/\/medicina.udd.cl\/icim\/files\/2019\/01\/IMG_7554-300x200.jpg 300w, https:\/\/medicina.udd.cl\/icim\/files\/2019\/01\/IMG_7554-768x512.jpg 768w, https:\/\/medicina.udd.cl\/icim\/files\/2019\/01\/IMG_7554-1024x683.jpg 1024w, https:\/\/medicina.udd.cl\/icim\/files\/2019\/01\/IMG_7554-600x400.jpg 600w\" \/><\/figure><figure class=\"carousel-item\"><img loading=\"lazy\" decoding=\"async\" width=\"684\" height=\"534\" src=\"https:\/\/medicina.udd.cl\/icim\/files\/2019\/01\/IMG_7533-440x245.jpg\" class=\"attachment-landscape_952 size-landscape_952 lazyload\" alt=\"\" sizes=\"auto, (max-width: 684px) 100vw, 684px\" data-src=\"https:\/\/medicina.udd.cl\/icim\/files\/2019\/01\/IMG_7533.jpg\" data-srcset=\"https:\/\/medicina.udd.cl\/icim\/files\/2019\/01\/IMG_7533.jpg 4429w, https:\/\/medicina.udd.cl\/icim\/files\/2019\/01\/IMG_7533-300x234.jpg 300w, https:\/\/medicina.udd.cl\/icim\/files\/2019\/01\/IMG_7533-768x599.jpg 768w, https:\/\/medicina.udd.cl\/icim\/files\/2019\/01\/IMG_7533-1024x799.jpg 1024w\" \/><\/figure><figure class=\"carousel-item\"><img loading=\"lazy\" decoding=\"async\" width=\"914\" height=\"534\" src=\"https:\/\/medicina.udd.cl\/icim\/files\/2019\/01\/IMG_7506-440x245.jpg\" class=\"attachment-landscape_952 size-landscape_952 lazyload\" alt=\"\" sizes=\"auto, (max-width: 914px) 100vw, 914px\" data-src=\"https:\/\/medicina.udd.cl\/icim\/files\/2019\/01\/IMG_7506.jpg\" data-srcset=\"https:\/\/medicina.udd.cl\/icim\/files\/2019\/01\/IMG_7506.jpg 5184w, https:\/\/medicina.udd.cl\/icim\/files\/2019\/01\/IMG_7506-300x175.jpg 300w, https:\/\/medicina.udd.cl\/icim\/files\/2019\/01\/IMG_7506-768x449.jpg 768w, https:\/\/medicina.udd.cl\/icim\/files\/2019\/01\/IMG_7506-1024x598.jpg 1024w\" \/><\/figure><\/div><footer class=\"carousel-footer\"><div class=\"carousel-counter\"><span class=\"carousel-counter-current\"><\/span> \/ <span class=\"carousel-counter-total\"><\/span><\/div><a class=\"carousel-control-prev\" href=\"#gallery-1\" role=\"button\" data-slide=\"prev\"><svg aria-hidden=\"true\" class=\"svg-chevron-left-dims\"><use xlink:href='https:\/\/medicina.udd.cl\/icim\/wp-content\/themes\/facultades-2018\/assets\/img\/svg\/dist\/main.svg?version=1695853099#chevron-left'><\/use><\/svg><span class=\"sr-only\">Anterior<\/span><\/a><a class=\"carousel-control-next\" href=\"#gallery-1\" role=\"button\" data-slide=\"next\"><svg aria-hidden=\"true\" class=\"svg-chevron-right-dims\"><use xlink:href='https:\/\/medicina.udd.cl\/icim\/wp-content\/themes\/facultades-2018\/assets\/img\/svg\/dist\/main.svg?version=1695853099#chevron-right'><\/use><\/svg><span class=\"sr-only\">Siguiente<\/span><\/a><\/footer><\/div>\n<p>&nbsp;<\/p>\n","protected":false},"excerpt":{"rendered":"<p>MISI\u00d3N DEL LABORATORIO CL\u00cdNICO BIOSOLUCIONES. Somos un laboratorio Cl\u00ednico que busca contribuir al mejoramiento de la salud de las personas, a trav\u00e9s de un servicio diagn\u00f3stico de alta complejidad, en las \u00e1reas de gen\u00e9tica e inmunolog\u00eda con un personal competente, respondiendo a las exigencias de la medicina y proporcionando resultados confiables, oportunos y de alta [&hellip;]<\/p>\n","protected":false},"author":42,"featured_media":0,"parent":7379,"menu_order":0,"comment_status":"closed","ping_status":"closed","template":"","meta":{"footnotes":""},"class_list":["post-7386","page","type-page","status-publish","hentry"],"yoast_head":"<!-- This site is optimized with the Yoast SEO plugin v26.9 - https:\/\/yoast.com\/product\/yoast-seo-wordpress\/ -->\n<title>Misi\u00f3n y visi\u00f3n - ICIM<\/title>\n<meta name=\"robots\" content=\"index, follow, max-snippet:-1, max-image-preview:large, max-video-preview:-1\" \/>\n<link rel=\"canonical\" href=\"https:\/\/medicina.udd.cl\/icim\/biosoluciones\/mision-y-vision\/\" \/>\n<meta property=\"og:locale\" content=\"es_ES\" \/>\n<meta property=\"og:type\" content=\"article\" \/>\n<meta property=\"og:title\" content=\"Misi\u00f3n y visi\u00f3n - ICIM\" \/>\n<meta property=\"og:description\" content=\"MISI\u00d3N DEL LABORATORIO CL\u00cdNICO BIOSOLUCIONES. Somos un laboratorio Cl\u00ednico que busca contribuir al mejoramiento de la salud de las personas, a trav\u00e9s de un servicio diagn\u00f3stico de alta complejidad, en las \u00e1reas de gen\u00e9tica e inmunolog\u00eda con un personal competente, respondiendo a las exigencias de la medicina y proporcionando resultados confiables, oportunos y de alta [&hellip;]\" \/>\n<meta property=\"og:url\" content=\"https:\/\/medicina.udd.cl\/icim\/biosoluciones\/mision-y-vision\/\" \/>\n<meta property=\"og:site_name\" content=\"ICIM\" \/>\n<meta property=\"article:modified_time\" content=\"2019-09-06T19:36:13+00:00\" \/>\n<meta property=\"og:image\" content=\"https:\/\/medicina.udd.cl\/icim\/files\/2019\/01\/IMG_7512-440x245.jpg\" \/>\n<meta name=\"twitter:card\" content=\"summary_large_image\" \/>\n<meta name=\"twitter:label1\" content=\"Tiempo de lectura\" \/>\n\t<meta name=\"twitter:data1\" content=\"1 minuto\" \/>\n<script type=\"application\/ld+json\" class=\"yoast-schema-graph\">{\"@context\":\"https:\/\/schema.org\",\"@graph\":[{\"@type\":\"WebPage\",\"@id\":\"https:\/\/medicina.udd.cl\/icim\/biosoluciones\/mision-y-vision\/\",\"url\":\"https:\/\/medicina.udd.cl\/icim\/biosoluciones\/mision-y-vision\/\",\"name\":\"Misi\u00f3n y visi\u00f3n - ICIM\",\"isPartOf\":{\"@id\":\"https:\/\/medicina.udd.cl\/icim\/#website\"},\"datePublished\":\"2018-12-19T13:38:17+00:00\",\"dateModified\":\"2019-09-06T19:36:13+00:00\",\"breadcrumb\":{\"@id\":\"https:\/\/medicina.udd.cl\/icim\/biosoluciones\/mision-y-vision\/#breadcrumb\"},\"inLanguage\":\"es\",\"potentialAction\":[{\"@type\":\"ReadAction\",\"target\":[\"https:\/\/medicina.udd.cl\/icim\/biosoluciones\/mision-y-vision\/\"]}]},{\"@type\":\"BreadcrumbList\",\"@id\":\"https:\/\/medicina.udd.cl\/icim\/biosoluciones\/mision-y-vision\/#breadcrumb\",\"itemListElement\":[{\"@type\":\"ListItem\",\"position\":1,\"name\":\"Inicio\",\"item\":\"https:\/\/medicina.udd.cl\/icim\/\"},{\"@type\":\"ListItem\",\"position\":2,\"name\":\"Biosoluciones\",\"item\":\"https:\/\/medicina.udd.cl\/icim\/biosoluciones\/\"},{\"@type\":\"ListItem\",\"position\":3,\"name\":\"Misi\u00f3n y visi\u00f3n\"}]},{\"@type\":\"WebSite\",\"@id\":\"https:\/\/medicina.udd.cl\/icim\/#website\",\"url\":\"https:\/\/medicina.udd.cl\/icim\/\",\"name\":\"ICIM\",\"description\":\"Una iniciativa de Universidad del Desarrollo y Cl\u00ednica Alemana\",\"inLanguage\":\"es\"}]}<\/script>\n<!-- \/ Yoast SEO plugin. -->","yoast_head_json":{"title":"Misi\u00f3n y visi\u00f3n - ICIM","robots":{"index":"index","follow":"follow","max-snippet":"max-snippet:-1","max-image-preview":"max-image-preview:large","max-video-preview":"max-video-preview:-1"},"canonical":"https:\/\/medicina.udd.cl\/icim\/biosoluciones\/mision-y-vision\/","og_locale":"es_ES","og_type":"article","og_title":"Misi\u00f3n y visi\u00f3n - ICIM","og_description":"MISI\u00d3N DEL LABORATORIO CL\u00cdNICO BIOSOLUCIONES. Somos un laboratorio Cl\u00ednico que busca contribuir al mejoramiento de la salud de las personas, a trav\u00e9s de un servicio diagn\u00f3stico de alta complejidad, en las \u00e1reas de gen\u00e9tica e inmunolog\u00eda con un personal competente, respondiendo a las exigencias de la medicina y proporcionando resultados confiables, oportunos y de alta [&hellip;]","og_url":"https:\/\/medicina.udd.cl\/icim\/biosoluciones\/mision-y-vision\/","og_site_name":"ICIM","article_modified_time":"2019-09-06T19:36:13+00:00","og_image":[{"url":"https:\/\/medicina.udd.cl\/icim\/files\/2019\/01\/IMG_7512-440x245.jpg","type":"","width":"","height":""}],"twitter_card":"summary_large_image","twitter_misc":{"Tiempo de lectura":"1 minuto"},"schema":{"@context":"https:\/\/schema.org","@graph":[{"@type":"WebPage","@id":"https:\/\/medicina.udd.cl\/icim\/biosoluciones\/mision-y-vision\/","url":"https:\/\/medicina.udd.cl\/icim\/biosoluciones\/mision-y-vision\/","name":"Misi\u00f3n y visi\u00f3n - ICIM","isPartOf":{"@id":"https:\/\/medicina.udd.cl\/icim\/#website"},"datePublished":"2018-12-19T13:38:17+00:00","dateModified":"2019-09-06T19:36:13+00:00","breadcrumb":{"@id":"https:\/\/medicina.udd.cl\/icim\/biosoluciones\/mision-y-vision\/#breadcrumb"},"inLanguage":"es","potentialAction":[{"@type":"ReadAction","target":["https:\/\/medicina.udd.cl\/icim\/biosoluciones\/mision-y-vision\/"]}]},{"@type":"BreadcrumbList","@id":"https:\/\/medicina.udd.cl\/icim\/biosoluciones\/mision-y-vision\/#breadcrumb","itemListElement":[{"@type":"ListItem","position":1,"name":"Inicio","item":"https:\/\/medicina.udd.cl\/icim\/"},{"@type":"ListItem","position":2,"name":"Biosoluciones","item":"https:\/\/medicina.udd.cl\/icim\/biosoluciones\/"},{"@type":"ListItem","position":3,"name":"Misi\u00f3n y visi\u00f3n"}]},{"@type":"WebSite","@id":"https:\/\/medicina.udd.cl\/icim\/#website","url":"https:\/\/medicina.udd.cl\/icim\/","name":"ICIM","description":"Una iniciativa de Universidad del Desarrollo y Cl\u00ednica Alemana","inLanguage":"es"}]}},"_links":{"self":[{"href":"https:\/\/medicina.udd.cl\/icim\/wp-json\/wp\/v2\/pages\/7386","targetHints":{"allow":["GET"]}}],"collection":[{"href":"https:\/\/medicina.udd.cl\/icim\/wp-json\/wp\/v2\/pages"}],"about":[{"href":"https:\/\/medicina.udd.cl\/icim\/wp-json\/wp\/v2\/types\/page"}],"author":[{"embeddable":true,"href":"https:\/\/medicina.udd.cl\/icim\/wp-json\/wp\/v2\/users\/42"}],"replies":[{"embeddable":true,"href":"https:\/\/medicina.udd.cl\/icim\/wp-json\/wp\/v2\/comments?post=7386"}],"version-history":[{"count":4,"href":"https:\/\/medicina.udd.cl\/icim\/wp-json\/wp\/v2\/pages\/7386\/revisions"}],"predecessor-version":[{"id":7875,"href":"https:\/\/medicina.udd.cl\/icim\/wp-json\/wp\/v2\/pages\/7386\/revisions\/7875"}],"up":[{"embeddable":true,"href":"https:\/\/medicina.udd.cl\/icim\/wp-json\/wp\/v2\/pages\/7379"}],"wp:attachment":[{"href":"https:\/\/medicina.udd.cl\/icim\/wp-json\/wp\/v2\/media?parent=7386"}],"curies":[{"name":"wp","href":"https:\/\/api.w.org\/{rel}","templated":true}]}}