{"id":7399,"date":"2018-12-19T13:52:01","date_gmt":"2018-12-19T13:52:01","guid":{"rendered":"http:\/\/medicina.udd.cl\/icim\/?page_id=7399"},"modified":"2019-09-06T19:38:07","modified_gmt":"2019-09-06T19:38:07","slug":"politicas-de-calidad","status":"publish","type":"page","link":"https:\/\/medicina.udd.cl\/icim\/biosoluciones\/politicas-de-calidad\/","title":{"rendered":"Pol\u00edticas de calidad"},"content":{"rendered":"<p style=\"font-weight: 400\">El compromiso del Laboratorio Cl\u00ednico Biosoluciones, es garantizar una atenci\u00f3n integral, oportuna y segura a sus usuarios, considerando sus derechos y necesidades y confidencialidad a trav\u00e9s de un proceso de mejoramiento continuo y aseguramiento de la calidad a trav\u00e9s de programas de evaluaci\u00f3n tanto internos como externos de las prestaciones realizadas. Ofreciendo servicios de\u00a0apoyo cl\u00ednico diagn\u00f3stico de alta complejidad, en las \u00e1reas de Gen\u00e9tica e Inmunolog\u00eda, utilizando tecnolog\u00eda de alto nivel t\u00e9cnico \u2013 cient\u00edfico y con un equipo de colaboradores altamente competente, con el fin de generar la confianza de nuestros diversos usuarios.<\/p>\n<p style=\"font-weight: 400\">La Direcci\u00f3n de \u00e9sta instituci\u00f3n se compromete con sus colaboradores a:<\/p>\n<ul style=\"font-weight: 400\">\n<li>Entregar las condiciones seguras para el desempe\u00f1o de sus actividades y ejecuci\u00f3n de sus funciones.<\/li>\n<li>Mantener su capacitaci\u00f3n y formaci\u00f3n de manera permanente.<\/li>\n<li>Adem\u00e1s, nuestros colaboradores se comprometen a reconocer, comprender y ejecutar la pol\u00edtica de calidad implementada en la instituci\u00f3n.<\/li>\n<\/ul>\n<p style=\"font-weight: 400\">La implementaci\u00f3n de la pol\u00edtica de Calidad y del modelo de mejoramiento continuo, se construyeron conforme a los requisitos de \u201cEl Manual de\u00a0Est\u00e1ndar General de Acreditaci\u00f3n de Laboratorios Cl\u00ednicos\u201d, aprobados por el Ministerio de Salud.<\/p>\n<p>&nbsp;<\/p>\n<div id=\"gallery-1\" class=\"carousel slide carousel-gallery\" data-ride=\"false\" data-interval=\"false\"><div class=\"carousel-inner\" role=\"listbox\"><figure class=\"carousel-item active\"><img loading=\"lazy\" decoding=\"async\" width=\"763\" height=\"534\" src=\"https:\/\/medicina.udd.cl\/icim\/files\/2019\/01\/IMG_7496-440x245.jpg\" class=\"attachment-landscape_952 size-landscape_952 lazyload\" alt=\"\" sizes=\"auto, (max-width: 763px) 100vw, 763px\" data-src=\"https:\/\/medicina.udd.cl\/icim\/files\/2019\/01\/IMG_7496.jpg\" data-srcset=\"https:\/\/medicina.udd.cl\/icim\/files\/2019\/01\/IMG_7496.jpg 3744w, https:\/\/medicina.udd.cl\/icim\/files\/2019\/01\/IMG_7496-300x210.jpg 300w, https:\/\/medicina.udd.cl\/icim\/files\/2019\/01\/IMG_7496-768x537.jpg 768w, https:\/\/medicina.udd.cl\/icim\/files\/2019\/01\/IMG_7496-1024x716.jpg 1024w, https:\/\/medicina.udd.cl\/icim\/files\/2019\/01\/IMG_7496-87x62.jpg 87w\" \/><\/figure><figure class=\"carousel-item\"><img loading=\"lazy\" decoding=\"async\" width=\"801\" height=\"534\" src=\"https:\/\/medicina.udd.cl\/icim\/files\/2019\/01\/IMG_7546-440x245.jpg\" class=\"attachment-landscape_952 size-landscape_952 lazyload\" alt=\"\" sizes=\"auto, (max-width: 801px) 100vw, 801px\" data-src=\"https:\/\/medicina.udd.cl\/icim\/files\/2019\/01\/IMG_7546.jpg\" data-srcset=\"https:\/\/medicina.udd.cl\/icim\/files\/2019\/01\/IMG_7546.jpg 5184w, https:\/\/medicina.udd.cl\/icim\/files\/2019\/01\/IMG_7546-300x200.jpg 300w, https:\/\/medicina.udd.cl\/icim\/files\/2019\/01\/IMG_7546-768x512.jpg 768w, https:\/\/medicina.udd.cl\/icim\/files\/2019\/01\/IMG_7546-1024x683.jpg 1024w, https:\/\/medicina.udd.cl\/icim\/files\/2019\/01\/IMG_7546-600x400.jpg 600w\" \/><\/figure><figure class=\"carousel-item\"><img loading=\"lazy\" decoding=\"async\" width=\"801\" height=\"534\" src=\"https:\/\/medicina.udd.cl\/icim\/files\/2019\/01\/IMG_7551-440x245.jpg\" class=\"attachment-landscape_952 size-landscape_952 lazyload\" alt=\"\" sizes=\"auto, (max-width: 801px) 100vw, 801px\" data-src=\"https:\/\/medicina.udd.cl\/icim\/files\/2019\/01\/IMG_7551.jpg\" data-srcset=\"https:\/\/medicina.udd.cl\/icim\/files\/2019\/01\/IMG_7551.jpg 5184w, https:\/\/medicina.udd.cl\/icim\/files\/2019\/01\/IMG_7551-300x200.jpg 300w, https:\/\/medicina.udd.cl\/icim\/files\/2019\/01\/IMG_7551-768x512.jpg 768w, https:\/\/medicina.udd.cl\/icim\/files\/2019\/01\/IMG_7551-1024x683.jpg 1024w, https:\/\/medicina.udd.cl\/icim\/files\/2019\/01\/IMG_7551-600x400.jpg 600w\" \/><\/figure><figure class=\"carousel-item\"><img loading=\"lazy\" decoding=\"async\" width=\"694\" height=\"534\" src=\"https:\/\/medicina.udd.cl\/icim\/files\/2019\/01\/IMG_7529-440x245.jpg\" class=\"attachment-landscape_952 size-landscape_952 lazyload\" alt=\"\" sizes=\"auto, (max-width: 694px) 100vw, 694px\" data-src=\"https:\/\/medicina.udd.cl\/icim\/files\/2019\/01\/IMG_7529.jpg\" data-srcset=\"https:\/\/medicina.udd.cl\/icim\/files\/2019\/01\/IMG_7529.jpg 4493w, https:\/\/medicina.udd.cl\/icim\/files\/2019\/01\/IMG_7529-300x231.jpg 300w, https:\/\/medicina.udd.cl\/icim\/files\/2019\/01\/IMG_7529-768x591.jpg 768w, https:\/\/medicina.udd.cl\/icim\/files\/2019\/01\/IMG_7529-1024x788.jpg 1024w, https:\/\/medicina.udd.cl\/icim\/files\/2019\/01\/IMG_7529-182x140.jpg 182w\" \/><\/figure><\/div><footer class=\"carousel-footer\"><div class=\"carousel-counter\"><span class=\"carousel-counter-current\"><\/span> \/ <span class=\"carousel-counter-total\"><\/span><\/div><a class=\"carousel-control-prev\" href=\"#gallery-1\" role=\"button\" data-slide=\"prev\"><svg aria-hidden=\"true\" class=\"svg-chevron-left-dims\"><use xlink:href='https:\/\/medicina.udd.cl\/icim\/wp-content\/themes\/facultades-2018\/assets\/img\/svg\/dist\/main.svg?version=1695853099#chevron-left'><\/use><\/svg><span class=\"sr-only\">Anterior<\/span><\/a><a class=\"carousel-control-next\" href=\"#gallery-1\" role=\"button\" data-slide=\"next\"><svg aria-hidden=\"true\" class=\"svg-chevron-right-dims\"><use xlink:href='https:\/\/medicina.udd.cl\/icim\/wp-content\/themes\/facultades-2018\/assets\/img\/svg\/dist\/main.svg?version=1695853099#chevron-right'><\/use><\/svg><span class=\"sr-only\">Siguiente<\/span><\/a><\/footer><\/div>\n<p>&nbsp;<\/p>\n","protected":false},"excerpt":{"rendered":"<p>El compromiso del Laboratorio Cl\u00ednico Biosoluciones, es garantizar una atenci\u00f3n integral, oportuna y segura a sus usuarios, considerando sus derechos y necesidades y confidencialidad a trav\u00e9s de un proceso de mejoramiento continuo y aseguramiento de la calidad a trav\u00e9s de programas de evaluaci\u00f3n tanto internos como externos de las prestaciones realizadas. Ofreciendo servicios de\u00a0apoyo cl\u00ednico [&hellip;]<\/p>\n","protected":false},"author":42,"featured_media":0,"parent":7379,"menu_order":0,"comment_status":"closed","ping_status":"closed","template":"","meta":{"footnotes":""},"class_list":["post-7399","page","type-page","status-publish","hentry"],"yoast_head":"<!-- This site is optimized with the Yoast SEO plugin v26.9 - https:\/\/yoast.com\/product\/yoast-seo-wordpress\/ -->\n<title>Pol\u00edticas de calidad - ICIM<\/title>\n<meta name=\"robots\" content=\"index, follow, max-snippet:-1, max-image-preview:large, max-video-preview:-1\" \/>\n<link rel=\"canonical\" href=\"https:\/\/medicina.udd.cl\/icim\/biosoluciones\/politicas-de-calidad\/\" \/>\n<meta property=\"og:locale\" content=\"es_ES\" \/>\n<meta property=\"og:type\" content=\"article\" \/>\n<meta property=\"og:title\" content=\"Pol\u00edticas de calidad - ICIM\" \/>\n<meta property=\"og:description\" content=\"El compromiso del Laboratorio Cl\u00ednico Biosoluciones, es garantizar una atenci\u00f3n integral, oportuna y segura a sus usuarios, considerando sus derechos y necesidades y confidencialidad a trav\u00e9s de un proceso de mejoramiento continuo y aseguramiento de la calidad a trav\u00e9s de programas de evaluaci\u00f3n tanto internos como externos de las prestaciones realizadas. Ofreciendo servicios de\u00a0apoyo cl\u00ednico [&hellip;]\" \/>\n<meta property=\"og:url\" content=\"https:\/\/medicina.udd.cl\/icim\/biosoluciones\/politicas-de-calidad\/\" \/>\n<meta property=\"og:site_name\" content=\"ICIM\" \/>\n<meta property=\"article:modified_time\" content=\"2019-09-06T19:38:07+00:00\" \/>\n<meta property=\"og:image\" content=\"https:\/\/medicina.udd.cl\/icim\/files\/2019\/01\/IMG_7496-440x245.jpg\" \/>\n<meta name=\"twitter:card\" content=\"summary_large_image\" \/>\n<meta name=\"twitter:label1\" content=\"Tiempo de lectura\" \/>\n\t<meta name=\"twitter:data1\" content=\"1 minuto\" \/>\n<script type=\"application\/ld+json\" class=\"yoast-schema-graph\">{\"@context\":\"https:\/\/schema.org\",\"@graph\":[{\"@type\":\"WebPage\",\"@id\":\"https:\/\/medicina.udd.cl\/icim\/biosoluciones\/politicas-de-calidad\/\",\"url\":\"https:\/\/medicina.udd.cl\/icim\/biosoluciones\/politicas-de-calidad\/\",\"name\":\"Pol\u00edticas de calidad - ICIM\",\"isPartOf\":{\"@id\":\"https:\/\/medicina.udd.cl\/icim\/#website\"},\"datePublished\":\"2018-12-19T13:52:01+00:00\",\"dateModified\":\"2019-09-06T19:38:07+00:00\",\"breadcrumb\":{\"@id\":\"https:\/\/medicina.udd.cl\/icim\/biosoluciones\/politicas-de-calidad\/#breadcrumb\"},\"inLanguage\":\"es\",\"potentialAction\":[{\"@type\":\"ReadAction\",\"target\":[\"https:\/\/medicina.udd.cl\/icim\/biosoluciones\/politicas-de-calidad\/\"]}]},{\"@type\":\"BreadcrumbList\",\"@id\":\"https:\/\/medicina.udd.cl\/icim\/biosoluciones\/politicas-de-calidad\/#breadcrumb\",\"itemListElement\":[{\"@type\":\"ListItem\",\"position\":1,\"name\":\"Inicio\",\"item\":\"https:\/\/medicina.udd.cl\/icim\/\"},{\"@type\":\"ListItem\",\"position\":2,\"name\":\"Biosoluciones\",\"item\":\"https:\/\/medicina.udd.cl\/icim\/biosoluciones\/\"},{\"@type\":\"ListItem\",\"position\":3,\"name\":\"Pol\u00edticas de calidad\"}]},{\"@type\":\"WebSite\",\"@id\":\"https:\/\/medicina.udd.cl\/icim\/#website\",\"url\":\"https:\/\/medicina.udd.cl\/icim\/\",\"name\":\"ICIM\",\"description\":\"Una iniciativa de Universidad del Desarrollo y Cl\u00ednica Alemana\",\"inLanguage\":\"es\"}]}<\/script>\n<!-- \/ Yoast SEO plugin. -->","yoast_head_json":{"title":"Pol\u00edticas de calidad - ICIM","robots":{"index":"index","follow":"follow","max-snippet":"max-snippet:-1","max-image-preview":"max-image-preview:large","max-video-preview":"max-video-preview:-1"},"canonical":"https:\/\/medicina.udd.cl\/icim\/biosoluciones\/politicas-de-calidad\/","og_locale":"es_ES","og_type":"article","og_title":"Pol\u00edticas de calidad - ICIM","og_description":"El compromiso del Laboratorio Cl\u00ednico Biosoluciones, es garantizar una atenci\u00f3n integral, oportuna y segura a sus usuarios, considerando sus derechos y necesidades y confidencialidad a trav\u00e9s de un proceso de mejoramiento continuo y aseguramiento de la calidad a trav\u00e9s de programas de evaluaci\u00f3n tanto internos como externos de las prestaciones realizadas. Ofreciendo servicios de\u00a0apoyo cl\u00ednico [&hellip;]","og_url":"https:\/\/medicina.udd.cl\/icim\/biosoluciones\/politicas-de-calidad\/","og_site_name":"ICIM","article_modified_time":"2019-09-06T19:38:07+00:00","og_image":[{"url":"https:\/\/medicina.udd.cl\/icim\/files\/2019\/01\/IMG_7496-440x245.jpg","type":"","width":"","height":""}],"twitter_card":"summary_large_image","twitter_misc":{"Tiempo de lectura":"1 minuto"},"schema":{"@context":"https:\/\/schema.org","@graph":[{"@type":"WebPage","@id":"https:\/\/medicina.udd.cl\/icim\/biosoluciones\/politicas-de-calidad\/","url":"https:\/\/medicina.udd.cl\/icim\/biosoluciones\/politicas-de-calidad\/","name":"Pol\u00edticas de calidad - ICIM","isPartOf":{"@id":"https:\/\/medicina.udd.cl\/icim\/#website"},"datePublished":"2018-12-19T13:52:01+00:00","dateModified":"2019-09-06T19:38:07+00:00","breadcrumb":{"@id":"https:\/\/medicina.udd.cl\/icim\/biosoluciones\/politicas-de-calidad\/#breadcrumb"},"inLanguage":"es","potentialAction":[{"@type":"ReadAction","target":["https:\/\/medicina.udd.cl\/icim\/biosoluciones\/politicas-de-calidad\/"]}]},{"@type":"BreadcrumbList","@id":"https:\/\/medicina.udd.cl\/icim\/biosoluciones\/politicas-de-calidad\/#breadcrumb","itemListElement":[{"@type":"ListItem","position":1,"name":"Inicio","item":"https:\/\/medicina.udd.cl\/icim\/"},{"@type":"ListItem","position":2,"name":"Biosoluciones","item":"https:\/\/medicina.udd.cl\/icim\/biosoluciones\/"},{"@type":"ListItem","position":3,"name":"Pol\u00edticas de calidad"}]},{"@type":"WebSite","@id":"https:\/\/medicina.udd.cl\/icim\/#website","url":"https:\/\/medicina.udd.cl\/icim\/","name":"ICIM","description":"Una iniciativa de Universidad del Desarrollo y Cl\u00ednica Alemana","inLanguage":"es"}]}},"_links":{"self":[{"href":"https:\/\/medicina.udd.cl\/icim\/wp-json\/wp\/v2\/pages\/7399","targetHints":{"allow":["GET"]}}],"collection":[{"href":"https:\/\/medicina.udd.cl\/icim\/wp-json\/wp\/v2\/pages"}],"about":[{"href":"https:\/\/medicina.udd.cl\/icim\/wp-json\/wp\/v2\/types\/page"}],"author":[{"embeddable":true,"href":"https:\/\/medicina.udd.cl\/icim\/wp-json\/wp\/v2\/users\/42"}],"replies":[{"embeddable":true,"href":"https:\/\/medicina.udd.cl\/icim\/wp-json\/wp\/v2\/comments?post=7399"}],"version-history":[{"count":5,"href":"https:\/\/medicina.udd.cl\/icim\/wp-json\/wp\/v2\/pages\/7399\/revisions"}],"predecessor-version":[{"id":7877,"href":"https:\/\/medicina.udd.cl\/icim\/wp-json\/wp\/v2\/pages\/7399\/revisions\/7877"}],"up":[{"embeddable":true,"href":"https:\/\/medicina.udd.cl\/icim\/wp-json\/wp\/v2\/pages\/7379"}],"wp:attachment":[{"href":"https:\/\/medicina.udd.cl\/icim\/wp-json\/wp\/v2\/media?parent=7399"}],"curies":[{"name":"wp","href":"https:\/\/api.w.org\/{rel}","templated":true}]}}