{"id":7475,"date":"2019-01-28T13:45:52","date_gmt":"2019-01-28T13:45:52","guid":{"rendered":"http:\/\/medicina.udd.cl\/icim\/?page_id=7475"},"modified":"2019-01-28T14:41:16","modified_gmt":"2019-01-28T14:41:16","slug":"carta-de-derechos-y-deberes-de-los-usuarios","status":"publish","type":"page","link":"https:\/\/medicina.udd.cl\/icim\/biosoluciones\/carta-de-derechos-y-deberes-de-los-usuarios\/","title":{"rendered":"Carta de derechos y deberes de los usuarios"},"content":{"rendered":"<h2><img loading=\"lazy\" decoding=\"async\" class=\"aligncenter wp-image-7484\" src=\"\/\/medicina.udd.cl\/icim\/files\/2019\/01\/carta-derechos-y-deberes-1-300x298.jpg\" alt=\"\" width=\"750\" height=\"744\" srcset=\"https:\/\/medicina.udd.cl\/icim\/files\/2019\/01\/carta-derechos-y-deberes-1-300x298.jpg 300w, https:\/\/medicina.udd.cl\/icim\/files\/2019\/01\/carta-derechos-y-deberes-1-150x150.jpg 150w, https:\/\/medicina.udd.cl\/icim\/files\/2019\/01\/carta-derechos-y-deberes-1-768x762.jpg 768w, https:\/\/medicina.udd.cl\/icim\/files\/2019\/01\/carta-derechos-y-deberes-1-62x62.jpg 62w, https:\/\/medicina.udd.cl\/icim\/files\/2019\/01\/carta-derechos-y-deberes-1-126x126.jpg 126w, https:\/\/medicina.udd.cl\/icim\/files\/2019\/01\/carta-derechos-y-deberes-1.jpg 900w\" sizes=\"auto, (max-width: 750px) 100vw, 750px\" \/><\/h2>\n<h2><span style=\"color: #ff6600;\"><strong>DERECHOS DE LOS USUARIOS<\/strong><\/span><\/h2>\n<p>&nbsp;<\/p>\n<p><strong>I. NO DISCRIMINACI\u00d3N<\/strong><\/p>\n<p>Derecho a no ser discriminado arbitrariamente en la instituci\u00f3n, por exclusiones o preferencias basadas en motivos tales como la edad, g\u00e9nero, religi\u00f3n, creencia, discapacidad, etnia, condici\u00f3n socioecon\u00f3mica, estado civil o nacionalidad, que tengan por objetivo anular o priorizar por sobre otros usuarios los servicios del laboratorio. (Art. 2. Ley 20.584).<\/p>\n<p><strong>II. RESPETO A LA PRIVACIDAD Y AL PUDOR<\/strong><\/p>\n<p>Derecho a que la instituci\u00f3n respete y protega la vida privada y la honra de la persona durante los servicios de laboratorio. Se proporcionar\u00e1n al usuario las condiciones que permitan cautelar su privacidad y pudor. (Art. 5. Letra c.\u00a0 Ley 20.584).<\/p>\n<p><strong>III. RESPETO A LA CONFIDENCIALIDAD. <\/strong><\/p>\n<p>Derecho a que la informaci\u00f3n personal entregada para efectuar servicios de laboratorio sea confidencial (Art. 12. Ley. 20.584). Tanto la informaci\u00f3n de salud y\/o antecedentes m\u00e9dicos no ser\u00e1n entregados a otras personas sin autorizaci\u00f3n.<\/p>\n<p>Ser\u00e1n considerados como dato sensible, toda informaci\u00f3n que surja, de los estudios y dem\u00e1s documentos a donde se registren procedimientos. (Art. 2. Letra g. Ley. 19.628, Sobre Protecci\u00f3n de la Vida Privada).<\/p>\n<p>S\u00f3lo podr\u00e1 tener acceso a la informaci\u00f3n, el personal asistencial directo, funcionarios en caso de auditor\u00eda, el propio paciente o su representante legal,\u00a0 y las personas que el paciente autorice mediante un poder simple otorgado ante notario ( Art . 13. Ley 20.584).<\/p>\n<p><strong>IV. INFORMACI\u00d3N AL PACIENTE O RESPONSABLE.<\/strong><\/p>\n<p>Derecho a recibir y acceder a informaci\u00f3n y\/u orientaciones suficientes, oportunas, veraces y comprensibles de los servicios del laboratorio. (Art. 8. Ley. 20.584).<\/p>\n<p>Derecho a recibir informaci\u00f3n y\/u orientaci\u00f3n de la instituci\u00f3n, su horario de funcionamiento y las prestaciones disponibles.<\/p>\n<p>Los pacientes podr\u00e1n solicitar gratuitamente una copia de los ex\u00e1menes que se hayan realizado en la instituci\u00f3n.<\/p>\n<p><strong>V. TRATO DIGNO Y RESPETUOSO.<\/strong><\/p>\n<p>Derecho a recibir una atenci\u00f3n y trato digno y respetuoso con un lenguaje claro, adecuado y amable, por parte de todo el personal de la instituci\u00f3n, y en todas las etapas del servicio. (Art. 5. Letra c.\u00a0 Ley 20.584).<strong>\u00a0<\/strong><\/p>\n<p><strong>VI. IDENTIFICACI\u00d3N DEL PERSONAL.<\/strong><\/p>\n<p>Todo el personal de la instituci\u00f3n debe estar debidamente identificado y portar su credencial, que contiene nombre y cargo. (Art. 9. Ley. 20.584)<strong>\u00a0<\/strong><\/p>\n<p><strong>VII. INFORMACI\u00d3N RESPECTO AL CAR\u00c1CTER ASISTENCIAL DOCENTE. <\/strong><\/p>\n<p>Derecho a ser informado del car\u00e1cter asistencial docente de la instituci\u00f3n. La atenci\u00f3n de servicios realizada por estudiantes, suscrito por convenio de colaboraci\u00f3n, ser\u00e1 supervisada por un profesional de la salud de la instituci\u00f3n, y que corresponda seg\u00fan el tipo de prestaci\u00f3n. (Art. 5. Ley. 20.584)<\/p>\n<p><strong>VIII. DERECHO A RECLAMO.<\/strong><\/p>\n<p>Derecho del usuario a efectuar las consultas y reclamos que estime pertinentes, respecto de la atenci\u00f3n de salud recibida. Asimismo, los usuarios podr\u00e1n manifestar por escrito sus sugerencias y opiniones respecto de dicha atenci\u00f3n. (Art. 29. Ley. 20.584)<\/p>\n<p>&nbsp;<\/p>\n<h2><span style=\"color: #ff6600;\"><strong>DEBERES DE LOS USUARIOS<\/strong><\/span><\/h2>\n<p>&nbsp;<\/p>\n<p><strong>I. RESPETO AL PERSONAL DEL LABORATORIO<\/strong><\/p>\n<p>Los usuarios deber\u00e1n tratar respetuosamente a todo el personal de la instituci\u00f3n. Igual obligaci\u00f3n corresponde a familiares, representante legal y otras personas asociadas al usuario. (Art. 35. Ley. 20.584)<\/p>\n<p><strong>II. INFORMARSE ACERCA DEL FUNCIONAMIENTO DEL LABORATORIO.<\/strong><\/p>\n<p>Los usuarios deben informarse y dar cumplimiento acerca del funcionamiento del laboratorio, respecto de los horarios y modalidades de atenci\u00f3n, as\u00ed como sobre los mecanismos de financiamiento existente. Asimismo, deber\u00e1 informarse acerca de los procedimientos de consulta y reclamos establecidos. (Art. 34. Ley. 20.584)<\/p>\n<p><strong>III. ENTREGAR INFORMACI\u00d3N VERAZ Y ACTUALIZADA. <\/strong><\/p>\n<p>Los usuarios tienen el deber de informar de manera veraz acerca de sus necesidades y de todos los antecedentes que conozcan o les sean solicitados para lograr un adecuado servicio. (Art. 36. Ley. 20.584)<\/p>\n<p><strong>IV. CUIDAR LAS INSTALACIONES.<\/strong><\/p>\n<p>Los usuarios tienen el deber de cuidar las instalaciones y equipamientos que el Laboratorio Cl\u00ednico Biosoluciones mantiene a disposici\u00f3n para sus servicios. (Art. 35. Ley 20.584)<\/p>\n<p>&nbsp;<\/p>\n","protected":false},"excerpt":{"rendered":"<p>DERECHOS DE LOS USUARIOS &nbsp; I. NO DISCRIMINACI\u00d3N Derecho a no ser discriminado arbitrariamente en la instituci\u00f3n, por exclusiones o preferencias basadas en motivos tales como la edad, g\u00e9nero, religi\u00f3n, creencia, discapacidad, etnia, condici\u00f3n socioecon\u00f3mica, estado civil o nacionalidad, que tengan por objetivo anular o priorizar por sobre otros usuarios los servicios del laboratorio. (Art. [&hellip;]<\/p>\n","protected":false},"author":42,"featured_media":0,"parent":7379,"menu_order":0,"comment_status":"closed","ping_status":"closed","template":"","meta":{"footnotes":""},"class_list":["post-7475","page","type-page","status-publish","hentry"],"yoast_head":"<!-- This site is optimized with the Yoast SEO plugin v26.9 - https:\/\/yoast.com\/product\/yoast-seo-wordpress\/ -->\n<title>Carta de derechos y deberes de los usuarios - ICIM<\/title>\n<meta name=\"robots\" content=\"index, follow, max-snippet:-1, max-image-preview:large, max-video-preview:-1\" \/>\n<link rel=\"canonical\" href=\"https:\/\/medicina.udd.cl\/icim\/biosoluciones\/carta-de-derechos-y-deberes-de-los-usuarios\/\" \/>\n<meta property=\"og:locale\" content=\"es_ES\" \/>\n<meta property=\"og:type\" content=\"article\" \/>\n<meta property=\"og:title\" content=\"Carta de derechos y deberes de los usuarios - ICIM\" \/>\n<meta property=\"og:description\" content=\"DERECHOS DE LOS USUARIOS &nbsp; I. NO DISCRIMINACI\u00d3N Derecho a no ser discriminado arbitrariamente en la instituci\u00f3n, por exclusiones o preferencias basadas en motivos tales como la edad, g\u00e9nero, religi\u00f3n, creencia, discapacidad, etnia, condici\u00f3n socioecon\u00f3mica, estado civil o nacionalidad, que tengan por objetivo anular o priorizar por sobre otros usuarios los servicios del laboratorio. (Art. [&hellip;]\" \/>\n<meta property=\"og:url\" content=\"https:\/\/medicina.udd.cl\/icim\/biosoluciones\/carta-de-derechos-y-deberes-de-los-usuarios\/\" \/>\n<meta property=\"og:site_name\" content=\"ICIM\" \/>\n<meta property=\"article:modified_time\" content=\"2019-01-28T14:41:16+00:00\" \/>\n<meta name=\"twitter:card\" content=\"summary_large_image\" \/>\n<meta name=\"twitter:label1\" content=\"Tiempo de lectura\" \/>\n\t<meta name=\"twitter:data1\" content=\"3 minutos\" \/>\n<script type=\"application\/ld+json\" class=\"yoast-schema-graph\">{\"@context\":\"https:\/\/schema.org\",\"@graph\":[{\"@type\":\"WebPage\",\"@id\":\"https:\/\/medicina.udd.cl\/icim\/biosoluciones\/carta-de-derechos-y-deberes-de-los-usuarios\/\",\"url\":\"https:\/\/medicina.udd.cl\/icim\/biosoluciones\/carta-de-derechos-y-deberes-de-los-usuarios\/\",\"name\":\"Carta de derechos y deberes de los usuarios - ICIM\",\"isPartOf\":{\"@id\":\"https:\/\/medicina.udd.cl\/icim\/#website\"},\"datePublished\":\"2019-01-28T13:45:52+00:00\",\"dateModified\":\"2019-01-28T14:41:16+00:00\",\"breadcrumb\":{\"@id\":\"https:\/\/medicina.udd.cl\/icim\/biosoluciones\/carta-de-derechos-y-deberes-de-los-usuarios\/#breadcrumb\"},\"inLanguage\":\"es\",\"potentialAction\":[{\"@type\":\"ReadAction\",\"target\":[\"https:\/\/medicina.udd.cl\/icim\/biosoluciones\/carta-de-derechos-y-deberes-de-los-usuarios\/\"]}]},{\"@type\":\"BreadcrumbList\",\"@id\":\"https:\/\/medicina.udd.cl\/icim\/biosoluciones\/carta-de-derechos-y-deberes-de-los-usuarios\/#breadcrumb\",\"itemListElement\":[{\"@type\":\"ListItem\",\"position\":1,\"name\":\"Inicio\",\"item\":\"https:\/\/medicina.udd.cl\/icim\/\"},{\"@type\":\"ListItem\",\"position\":2,\"name\":\"Biosoluciones\",\"item\":\"https:\/\/medicina.udd.cl\/icim\/biosoluciones\/\"},{\"@type\":\"ListItem\",\"position\":3,\"name\":\"Carta de derechos y deberes de los usuarios\"}]},{\"@type\":\"WebSite\",\"@id\":\"https:\/\/medicina.udd.cl\/icim\/#website\",\"url\":\"https:\/\/medicina.udd.cl\/icim\/\",\"name\":\"ICIM\",\"description\":\"Una iniciativa de Universidad del Desarrollo y Cl\u00ednica Alemana\",\"inLanguage\":\"es\"}]}<\/script>\n<!-- \/ Yoast SEO plugin. -->","yoast_head_json":{"title":"Carta de derechos y deberes de los usuarios - ICIM","robots":{"index":"index","follow":"follow","max-snippet":"max-snippet:-1","max-image-preview":"max-image-preview:large","max-video-preview":"max-video-preview:-1"},"canonical":"https:\/\/medicina.udd.cl\/icim\/biosoluciones\/carta-de-derechos-y-deberes-de-los-usuarios\/","og_locale":"es_ES","og_type":"article","og_title":"Carta de derechos y deberes de los usuarios - ICIM","og_description":"DERECHOS DE LOS USUARIOS &nbsp; I. NO DISCRIMINACI\u00d3N Derecho a no ser discriminado arbitrariamente en la instituci\u00f3n, por exclusiones o preferencias basadas en motivos tales como la edad, g\u00e9nero, religi\u00f3n, creencia, discapacidad, etnia, condici\u00f3n socioecon\u00f3mica, estado civil o nacionalidad, que tengan por objetivo anular o priorizar por sobre otros usuarios los servicios del laboratorio. (Art. [&hellip;]","og_url":"https:\/\/medicina.udd.cl\/icim\/biosoluciones\/carta-de-derechos-y-deberes-de-los-usuarios\/","og_site_name":"ICIM","article_modified_time":"2019-01-28T14:41:16+00:00","twitter_card":"summary_large_image","twitter_misc":{"Tiempo de lectura":"3 minutos"},"schema":{"@context":"https:\/\/schema.org","@graph":[{"@type":"WebPage","@id":"https:\/\/medicina.udd.cl\/icim\/biosoluciones\/carta-de-derechos-y-deberes-de-los-usuarios\/","url":"https:\/\/medicina.udd.cl\/icim\/biosoluciones\/carta-de-derechos-y-deberes-de-los-usuarios\/","name":"Carta de derechos y deberes de los usuarios - ICIM","isPartOf":{"@id":"https:\/\/medicina.udd.cl\/icim\/#website"},"datePublished":"2019-01-28T13:45:52+00:00","dateModified":"2019-01-28T14:41:16+00:00","breadcrumb":{"@id":"https:\/\/medicina.udd.cl\/icim\/biosoluciones\/carta-de-derechos-y-deberes-de-los-usuarios\/#breadcrumb"},"inLanguage":"es","potentialAction":[{"@type":"ReadAction","target":["https:\/\/medicina.udd.cl\/icim\/biosoluciones\/carta-de-derechos-y-deberes-de-los-usuarios\/"]}]},{"@type":"BreadcrumbList","@id":"https:\/\/medicina.udd.cl\/icim\/biosoluciones\/carta-de-derechos-y-deberes-de-los-usuarios\/#breadcrumb","itemListElement":[{"@type":"ListItem","position":1,"name":"Inicio","item":"https:\/\/medicina.udd.cl\/icim\/"},{"@type":"ListItem","position":2,"name":"Biosoluciones","item":"https:\/\/medicina.udd.cl\/icim\/biosoluciones\/"},{"@type":"ListItem","position":3,"name":"Carta de derechos y deberes de los usuarios"}]},{"@type":"WebSite","@id":"https:\/\/medicina.udd.cl\/icim\/#website","url":"https:\/\/medicina.udd.cl\/icim\/","name":"ICIM","description":"Una iniciativa de Universidad del Desarrollo y Cl\u00ednica Alemana","inLanguage":"es"}]}},"_links":{"self":[{"href":"https:\/\/medicina.udd.cl\/icim\/wp-json\/wp\/v2\/pages\/7475","targetHints":{"allow":["GET"]}}],"collection":[{"href":"https:\/\/medicina.udd.cl\/icim\/wp-json\/wp\/v2\/pages"}],"about":[{"href":"https:\/\/medicina.udd.cl\/icim\/wp-json\/wp\/v2\/types\/page"}],"author":[{"embeddable":true,"href":"https:\/\/medicina.udd.cl\/icim\/wp-json\/wp\/v2\/users\/42"}],"replies":[{"embeddable":true,"href":"https:\/\/medicina.udd.cl\/icim\/wp-json\/wp\/v2\/comments?post=7475"}],"version-history":[{"count":11,"href":"https:\/\/medicina.udd.cl\/icim\/wp-json\/wp\/v2\/pages\/7475\/revisions"}],"predecessor-version":[{"id":7488,"href":"https:\/\/medicina.udd.cl\/icim\/wp-json\/wp\/v2\/pages\/7475\/revisions\/7488"}],"up":[{"embeddable":true,"href":"https:\/\/medicina.udd.cl\/icim\/wp-json\/wp\/v2\/pages\/7379"}],"wp:attachment":[{"href":"https:\/\/medicina.udd.cl\/icim\/wp-json\/wp\/v2\/media?parent=7475"}],"curies":[{"name":"wp","href":"https:\/\/api.w.org\/{rel}","templated":true}]}}