{"id":9347,"date":"2021-04-09T12:55:44","date_gmt":"2021-04-09T16:55:44","guid":{"rendered":"http:\/\/medicina.udd.cl\/icim\/?page_id=9347"},"modified":"2021-04-09T12:56:56","modified_gmt":"2021-04-09T16:56:56","slug":"centro-de-epidemiologia-y-politicas-de-salud","status":"publish","type":"page","link":"https:\/\/medicina.udd.cl\/icim\/areas-de-investigacion\/centro-de-epidemiologia-y-politicas-de-salud\/","title":{"rendered":"Centro de Epidemiolog\u00eda y Pol\u00edticas de Salud"},"content":{"rendered":"\n<p>Este centro se dedica al estudio de problemas de salud nacionales y mundiales, desarrollando docencia e investigaci\u00f3n de excelencia en el campo de la salud p\u00fablica y sus disciplinas asociadas. Participa de la comunidad universitaria y de la sociedad chilena, contribuyendo positivamente en las pol\u00edticas p\u00fablicas de salud, basados en los principios del respeto, tolerancia y equidad. Asimismo, contribuye a la discusi\u00f3n y evaluaci\u00f3n de pol\u00edticas de salud a nivel global.<\/p>\n\n\n\n<p>Nuestras \u00e1reas de investigaci\u00f3n son:<\/p>\n\n\n\n<ul class=\"wp-block-list\"><li>Situaci\u00f3n de la salud de Chile, sus tendencias y los factores que la determinan.<\/li><li>Funcionamiento del sistema de salud, con foco en la equidad.<\/li><li>Evaluaci\u00f3n de pol\u00edticas de salud y contribuir al dise\u00f1o de nuevas pol\u00edticas y programas.<\/li><\/ul>\n\n\n\n<p>Estas \u00e1reas de investigaci\u00f3n se traducen en 6 l\u00edneas de investigaci\u00f3n:<\/p>\n\n\n\n<ul class=\"wp-block-list\"><li>Salud Poblacional<\/li><li>Sistemas de salud con foco en equidad<\/li><li>Enfermedades Transmisibles\/Salud en prisiones<\/li><li>Envejecimiento\/Discapacidad<br>Enfermedades cr\u00f3nicas\/Tabaco<\/li><li>Salud Ambiental<\/li><\/ul>\n\n\n\n<p>Capacidades:<\/p>\n\n\n\n<ul class=\"wp-block-list\"><li>Investigaciones epidemiol\u00f3gicas en terreno.<\/li><li>An\u00e1lisis de problemas de salud p\u00fablica.<\/li><li>Evaluaciones econ\u00f3micas en salud.<\/li><li>Evaluaci\u00f3n de Pol\u00edticas sanitarias.<\/li><li>Investigaci\u00f3n cualitativa.<\/li><li>Desarrollo de instrumentos y encuestas poblacionales de salud.<\/li><li>An\u00e1lisis de equidad en acceso y cobertura de salud.<\/li><li>Colaborar con organismos internacionales en salud (OMS\/OPS).<\/li><\/ul>\n\n\n\n<p><strong><a href=\"http:\/\/medicina.udd.cl\/centro-epidemiologia-politicas-salud\/\" target=\"_blank\" rel=\"noopener noreferrer\">M\u00e1s informaci\u00f3n: visita el sitio web del Centro de Epidemiolog\u00eda y Pol\u00edticas de Salud<\/a> <\/strong><\/p>\n","protected":false},"excerpt":{"rendered":"<p>Este centro se dedica al estudio de problemas de salud nacionales y mundiales, desarrollando docencia e investigaci\u00f3n de excelencia en el campo de la salud p\u00fablica y sus disciplinas asociadas. Participa de la comunidad universitaria y de la sociedad chilena, contribuyendo positivamente en las pol\u00edticas p\u00fablicas de salud, basados en los principios del respeto, tolerancia [&hellip;]<\/p>\n","protected":false},"author":9192221,"featured_media":0,"parent":14,"menu_order":0,"comment_status":"closed","ping_status":"closed","template":"","meta":{"footnotes":""},"class_list":["post-9347","page","type-page","status-publish","hentry"],"yoast_head":"<!-- This site is optimized with the Yoast SEO plugin v26.9 - https:\/\/yoast.com\/product\/yoast-seo-wordpress\/ -->\n<title>Centro de Epidemiolog\u00eda y Pol\u00edticas de Salud - ICIM<\/title>\n<meta name=\"robots\" content=\"index, follow, max-snippet:-1, max-image-preview:large, max-video-preview:-1\" \/>\n<link rel=\"canonical\" href=\"https:\/\/medicina.udd.cl\/icim\/areas-de-investigacion\/centro-de-epidemiologia-y-politicas-de-salud\/\" \/>\n<meta property=\"og:locale\" content=\"es_ES\" \/>\n<meta property=\"og:type\" content=\"article\" \/>\n<meta property=\"og:title\" content=\"Centro de Epidemiolog\u00eda y Pol\u00edticas de Salud - ICIM\" \/>\n<meta property=\"og:description\" content=\"Este centro se dedica al estudio de problemas de salud nacionales y mundiales, desarrollando docencia e investigaci\u00f3n de excelencia en el campo de la salud p\u00fablica y sus disciplinas asociadas. Participa de la comunidad universitaria y de la sociedad chilena, contribuyendo positivamente en las pol\u00edticas p\u00fablicas de salud, basados en los principios del respeto, tolerancia [&hellip;]\" \/>\n<meta property=\"og:url\" content=\"https:\/\/medicina.udd.cl\/icim\/areas-de-investigacion\/centro-de-epidemiologia-y-politicas-de-salud\/\" \/>\n<meta property=\"og:site_name\" content=\"ICIM\" \/>\n<meta property=\"article:modified_time\" content=\"2021-04-09T16:56:56+00:00\" \/>\n<meta name=\"twitter:card\" content=\"summary_large_image\" \/>\n<meta name=\"twitter:label1\" content=\"Tiempo de lectura\" \/>\n\t<meta name=\"twitter:data1\" content=\"1 minuto\" \/>\n<script type=\"application\/ld+json\" class=\"yoast-schema-graph\">{\"@context\":\"https:\/\/schema.org\",\"@graph\":[{\"@type\":\"WebPage\",\"@id\":\"https:\/\/medicina.udd.cl\/icim\/areas-de-investigacion\/centro-de-epidemiologia-y-politicas-de-salud\/\",\"url\":\"https:\/\/medicina.udd.cl\/icim\/areas-de-investigacion\/centro-de-epidemiologia-y-politicas-de-salud\/\",\"name\":\"Centro de Epidemiolog\u00eda y Pol\u00edticas de Salud - ICIM\",\"isPartOf\":{\"@id\":\"https:\/\/medicina.udd.cl\/icim\/#website\"},\"datePublished\":\"2021-04-09T16:55:44+00:00\",\"dateModified\":\"2021-04-09T16:56:56+00:00\",\"breadcrumb\":{\"@id\":\"https:\/\/medicina.udd.cl\/icim\/areas-de-investigacion\/centro-de-epidemiologia-y-politicas-de-salud\/#breadcrumb\"},\"inLanguage\":\"es\",\"potentialAction\":[{\"@type\":\"ReadAction\",\"target\":[\"https:\/\/medicina.udd.cl\/icim\/areas-de-investigacion\/centro-de-epidemiologia-y-politicas-de-salud\/\"]}]},{\"@type\":\"BreadcrumbList\",\"@id\":\"https:\/\/medicina.udd.cl\/icim\/areas-de-investigacion\/centro-de-epidemiologia-y-politicas-de-salud\/#breadcrumb\",\"itemListElement\":[{\"@type\":\"ListItem\",\"position\":1,\"name\":\"Inicio\",\"item\":\"https:\/\/medicina.udd.cl\/icim\/\"},{\"@type\":\"ListItem\",\"position\":2,\"name\":\"Centros y programas\",\"item\":\"https:\/\/medicina.udd.cl\/icim\/areas-de-investigacion\/\"},{\"@type\":\"ListItem\",\"position\":3,\"name\":\"Centro de Epidemiolog\u00eda y Pol\u00edticas de Salud\"}]},{\"@type\":\"WebSite\",\"@id\":\"https:\/\/medicina.udd.cl\/icim\/#website\",\"url\":\"https:\/\/medicina.udd.cl\/icim\/\",\"name\":\"ICIM\",\"description\":\"Una iniciativa de Universidad del Desarrollo y Cl\u00ednica Alemana\",\"inLanguage\":\"es\"}]}<\/script>\n<!-- \/ Yoast SEO plugin. -->","yoast_head_json":{"title":"Centro de Epidemiolog\u00eda y Pol\u00edticas de Salud - ICIM","robots":{"index":"index","follow":"follow","max-snippet":"max-snippet:-1","max-image-preview":"max-image-preview:large","max-video-preview":"max-video-preview:-1"},"canonical":"https:\/\/medicina.udd.cl\/icim\/areas-de-investigacion\/centro-de-epidemiologia-y-politicas-de-salud\/","og_locale":"es_ES","og_type":"article","og_title":"Centro de Epidemiolog\u00eda y Pol\u00edticas de Salud - ICIM","og_description":"Este centro se dedica al estudio de problemas de salud nacionales y mundiales, desarrollando docencia e investigaci\u00f3n de excelencia en el campo de la salud p\u00fablica y sus disciplinas asociadas. Participa de la comunidad universitaria y de la sociedad chilena, contribuyendo positivamente en las pol\u00edticas p\u00fablicas de salud, basados en los principios del respeto, tolerancia [&hellip;]","og_url":"https:\/\/medicina.udd.cl\/icim\/areas-de-investigacion\/centro-de-epidemiologia-y-politicas-de-salud\/","og_site_name":"ICIM","article_modified_time":"2021-04-09T16:56:56+00:00","twitter_card":"summary_large_image","twitter_misc":{"Tiempo de lectura":"1 minuto"},"schema":{"@context":"https:\/\/schema.org","@graph":[{"@type":"WebPage","@id":"https:\/\/medicina.udd.cl\/icim\/areas-de-investigacion\/centro-de-epidemiologia-y-politicas-de-salud\/","url":"https:\/\/medicina.udd.cl\/icim\/areas-de-investigacion\/centro-de-epidemiologia-y-politicas-de-salud\/","name":"Centro de Epidemiolog\u00eda y Pol\u00edticas de Salud - ICIM","isPartOf":{"@id":"https:\/\/medicina.udd.cl\/icim\/#website"},"datePublished":"2021-04-09T16:55:44+00:00","dateModified":"2021-04-09T16:56:56+00:00","breadcrumb":{"@id":"https:\/\/medicina.udd.cl\/icim\/areas-de-investigacion\/centro-de-epidemiologia-y-politicas-de-salud\/#breadcrumb"},"inLanguage":"es","potentialAction":[{"@type":"ReadAction","target":["https:\/\/medicina.udd.cl\/icim\/areas-de-investigacion\/centro-de-epidemiologia-y-politicas-de-salud\/"]}]},{"@type":"BreadcrumbList","@id":"https:\/\/medicina.udd.cl\/icim\/areas-de-investigacion\/centro-de-epidemiologia-y-politicas-de-salud\/#breadcrumb","itemListElement":[{"@type":"ListItem","position":1,"name":"Inicio","item":"https:\/\/medicina.udd.cl\/icim\/"},{"@type":"ListItem","position":2,"name":"Centros y programas","item":"https:\/\/medicina.udd.cl\/icim\/areas-de-investigacion\/"},{"@type":"ListItem","position":3,"name":"Centro de Epidemiolog\u00eda y Pol\u00edticas de Salud"}]},{"@type":"WebSite","@id":"https:\/\/medicina.udd.cl\/icim\/#website","url":"https:\/\/medicina.udd.cl\/icim\/","name":"ICIM","description":"Una iniciativa de Universidad del Desarrollo y Cl\u00ednica Alemana","inLanguage":"es"}]}},"_links":{"self":[{"href":"https:\/\/medicina.udd.cl\/icim\/wp-json\/wp\/v2\/pages\/9347","targetHints":{"allow":["GET"]}}],"collection":[{"href":"https:\/\/medicina.udd.cl\/icim\/wp-json\/wp\/v2\/pages"}],"about":[{"href":"https:\/\/medicina.udd.cl\/icim\/wp-json\/wp\/v2\/types\/page"}],"author":[{"embeddable":true,"href":"https:\/\/medicina.udd.cl\/icim\/wp-json\/wp\/v2\/users\/9192221"}],"replies":[{"embeddable":true,"href":"https:\/\/medicina.udd.cl\/icim\/wp-json\/wp\/v2\/comments?post=9347"}],"version-history":[{"count":1,"href":"https:\/\/medicina.udd.cl\/icim\/wp-json\/wp\/v2\/pages\/9347\/revisions"}],"predecessor-version":[{"id":9348,"href":"https:\/\/medicina.udd.cl\/icim\/wp-json\/wp\/v2\/pages\/9347\/revisions\/9348"}],"up":[{"embeddable":true,"href":"https:\/\/medicina.udd.cl\/icim\/wp-json\/wp\/v2\/pages\/14"}],"wp:attachment":[{"href":"https:\/\/medicina.udd.cl\/icim\/wp-json\/wp\/v2\/media?parent=9347"}],"curies":[{"name":"wp","href":"https:\/\/api.w.org\/{rel}","templated":true}]}}