{"id":9357,"date":"2021-04-09T13:04:25","date_gmt":"2021-04-09T17:04:25","guid":{"rendered":"http:\/\/medicina.udd.cl\/icim\/?page_id=9357"},"modified":"2021-04-09T13:04:25","modified_gmt":"2021-04-09T17:04:25","slug":"centro-de-medicina-regenerativa","status":"publish","type":"page","link":"https:\/\/medicina.udd.cl\/icim\/areas-de-investigacion\/centro-de-medicina-regenerativa\/","title":{"rendered":"Centro de Medicina Regenerativa"},"content":{"rendered":"\n<p>Generar nuevos conocimientos en \u00e1reas biom\u00e9dicas con traslaci\u00f3n a la cl\u00ednica, con \u00e9nfasis en problemas de salud relevantes para los chilenos y con impacto internacional. Desarrollar y ofrecer soluciones biotecnol\u00f3gicas (servicios y\/o productos) que permitan resolver necesidades actuales en el \u00e1rea de la salud y afines. Tener una participaci\u00f3n activa en las actividades docentes de la Facultad de Medicina, utilizando la investigaci\u00f3n cient\u00edfica como un instrumento de formaci\u00f3n de los estudiantes de medicina.<\/p>\n\n\n\n<p><strong>L\u00edneas de investigaci\u00f3n:<\/strong><\/p>\n\n\n\n<ul class=\"wp-block-list\"><li>Medicina regenerativa: desarrollo de estrategias terap\u00e9uticas a nivel pre-cl\u00ednico\/cl\u00ednico basadas principalmente en el uso de c\u00e9lulas madre mesenquim\u00e1ticas o sus derivados, para el tratamiento de diversas patolog\u00edas, como adicciones, diabetes mellitus y sus complicaciones; alteraciones hep\u00e1ticas y epidermolisis bullosa. Participaci\u00f3n activa en el desarrollo de normativas nacionales que regulen el uso cl\u00ednico de las c\u00e9lulas madre.<\/li><li>Desarrollos biotecnol\u00f3gicos: desarrollar y ofrecer productos que permitan resolver necesidades actuales de la sociedad en \u00e1reas de la salud o de la industria: biof\u00e1rmaco para el tratamiento del alcoholismo; marcador temprano del desarrollo de carcinoma oral; sistema de administraci\u00f3n d\u00e9rmica para el tratamiento de heridas complejas; composici\u00f3n biocida para el control de plagas que afectan a la abeja mel\u00edfera; utilizaci\u00f3n de dispositivos de cobre como agente acaricida.<\/li><li>Plataforma para la producci\u00f3n de c\u00e9lulas pluripotentes inducidas (iPS): primera plataforma nacional para la producci\u00f3n de iPS utilizadas en el modelado de enfermedades y la evaluaci\u00f3n de f\u00e1rmacos.<\/li><\/ul>\n\n\n\n<p><strong>Capacidades:<\/strong><\/p>\n\n\n\n<ul class=\"wp-block-list\"><li>Reconocida trayectoria en el uso pre cl\u00ednico y cl\u00ednico de c\u00e9lulas madre mesenquim\u00e1ticas y sus derivados.<\/li><li>Pioneros a nivel nacional en el desarrollo de c\u00e9lulas pluripotentes inducidas.<\/li><li>Equipamiento de \u00faltima generaci\u00f3n para el desarrollo de biolog\u00eda celular y molecular.<\/li><li>Equipos multidisciplinarios que permiten la integraci\u00f3n del trabajo experimental de laboratorio con la cl\u00ednica.<\/li><li>Redes de colaboraci\u00f3n con centros referentes a nivel nacional e internacional en el \u00e1mbito de la medicina regenerativa.<\/li><\/ul>\n\n\n\n<p><strong><a href=\"http:\/\/medicina.udd.cl\/centro-medicina-regenerativa\/\" target=\"_blank\" rel=\"noopener noreferrer\">M\u00e1s informaci\u00f3n: visita el sitio web del Centro de Medicina Regenerativa<\/a><\/strong><\/p>\n","protected":false},"excerpt":{"rendered":"<p>Generar nuevos conocimientos en \u00e1reas biom\u00e9dicas con traslaci\u00f3n a la cl\u00ednica, con \u00e9nfasis en problemas de salud relevantes para los chilenos y con impacto internacional. Desarrollar y ofrecer soluciones biotecnol\u00f3gicas (servicios y\/o productos) que permitan resolver necesidades actuales en el \u00e1rea de la salud y afines. Tener una participaci\u00f3n activa en las actividades docentes de [&hellip;]<\/p>\n","protected":false},"author":9192221,"featured_media":0,"parent":14,"menu_order":0,"comment_status":"closed","ping_status":"closed","template":"","meta":{"footnotes":""},"class_list":["post-9357","page","type-page","status-publish","hentry"],"yoast_head":"<!-- This site is optimized with the Yoast SEO plugin v26.9 - https:\/\/yoast.com\/product\/yoast-seo-wordpress\/ -->\n<title>Centro de Medicina Regenerativa - ICIM<\/title>\n<meta name=\"robots\" content=\"index, follow, max-snippet:-1, max-image-preview:large, max-video-preview:-1\" \/>\n<link rel=\"canonical\" href=\"https:\/\/medicina.udd.cl\/icim\/areas-de-investigacion\/centro-de-medicina-regenerativa\/\" \/>\n<meta property=\"og:locale\" content=\"es_ES\" \/>\n<meta property=\"og:type\" content=\"article\" \/>\n<meta property=\"og:title\" content=\"Centro de Medicina Regenerativa - ICIM\" \/>\n<meta property=\"og:description\" content=\"Generar nuevos conocimientos en \u00e1reas biom\u00e9dicas con traslaci\u00f3n a la cl\u00ednica, con \u00e9nfasis en problemas de salud relevantes para los chilenos y con impacto internacional. Desarrollar y ofrecer soluciones biotecnol\u00f3gicas (servicios y\/o productos) que permitan resolver necesidades actuales en el \u00e1rea de la salud y afines. Tener una participaci\u00f3n activa en las actividades docentes de [&hellip;]\" \/>\n<meta property=\"og:url\" content=\"https:\/\/medicina.udd.cl\/icim\/areas-de-investigacion\/centro-de-medicina-regenerativa\/\" \/>\n<meta property=\"og:site_name\" content=\"ICIM\" \/>\n<meta name=\"twitter:card\" content=\"summary_large_image\" \/>\n<meta name=\"twitter:label1\" content=\"Tiempo de lectura\" \/>\n\t<meta name=\"twitter:data1\" content=\"2 minutos\" \/>\n<script type=\"application\/ld+json\" class=\"yoast-schema-graph\">{\"@context\":\"https:\/\/schema.org\",\"@graph\":[{\"@type\":\"WebPage\",\"@id\":\"https:\/\/medicina.udd.cl\/icim\/areas-de-investigacion\/centro-de-medicina-regenerativa\/\",\"url\":\"https:\/\/medicina.udd.cl\/icim\/areas-de-investigacion\/centro-de-medicina-regenerativa\/\",\"name\":\"Centro de Medicina Regenerativa - ICIM\",\"isPartOf\":{\"@id\":\"https:\/\/medicina.udd.cl\/icim\/#website\"},\"datePublished\":\"2021-04-09T17:04:25+00:00\",\"breadcrumb\":{\"@id\":\"https:\/\/medicina.udd.cl\/icim\/areas-de-investigacion\/centro-de-medicina-regenerativa\/#breadcrumb\"},\"inLanguage\":\"es\",\"potentialAction\":[{\"@type\":\"ReadAction\",\"target\":[\"https:\/\/medicina.udd.cl\/icim\/areas-de-investigacion\/centro-de-medicina-regenerativa\/\"]}]},{\"@type\":\"BreadcrumbList\",\"@id\":\"https:\/\/medicina.udd.cl\/icim\/areas-de-investigacion\/centro-de-medicina-regenerativa\/#breadcrumb\",\"itemListElement\":[{\"@type\":\"ListItem\",\"position\":1,\"name\":\"Inicio\",\"item\":\"https:\/\/medicina.udd.cl\/icim\/\"},{\"@type\":\"ListItem\",\"position\":2,\"name\":\"Centros y programas\",\"item\":\"https:\/\/medicina.udd.cl\/icim\/areas-de-investigacion\/\"},{\"@type\":\"ListItem\",\"position\":3,\"name\":\"Centro de Medicina Regenerativa\"}]},{\"@type\":\"WebSite\",\"@id\":\"https:\/\/medicina.udd.cl\/icim\/#website\",\"url\":\"https:\/\/medicina.udd.cl\/icim\/\",\"name\":\"ICIM\",\"description\":\"Una iniciativa de Universidad del Desarrollo y Cl\u00ednica Alemana\",\"inLanguage\":\"es\"}]}<\/script>\n<!-- \/ Yoast SEO plugin. -->","yoast_head_json":{"title":"Centro de Medicina Regenerativa - ICIM","robots":{"index":"index","follow":"follow","max-snippet":"max-snippet:-1","max-image-preview":"max-image-preview:large","max-video-preview":"max-video-preview:-1"},"canonical":"https:\/\/medicina.udd.cl\/icim\/areas-de-investigacion\/centro-de-medicina-regenerativa\/","og_locale":"es_ES","og_type":"article","og_title":"Centro de Medicina Regenerativa - ICIM","og_description":"Generar nuevos conocimientos en \u00e1reas biom\u00e9dicas con traslaci\u00f3n a la cl\u00ednica, con \u00e9nfasis en problemas de salud relevantes para los chilenos y con impacto internacional. Desarrollar y ofrecer soluciones biotecnol\u00f3gicas (servicios y\/o productos) que permitan resolver necesidades actuales en el \u00e1rea de la salud y afines. Tener una participaci\u00f3n activa en las actividades docentes de [&hellip;]","og_url":"https:\/\/medicina.udd.cl\/icim\/areas-de-investigacion\/centro-de-medicina-regenerativa\/","og_site_name":"ICIM","twitter_card":"summary_large_image","twitter_misc":{"Tiempo de lectura":"2 minutos"},"schema":{"@context":"https:\/\/schema.org","@graph":[{"@type":"WebPage","@id":"https:\/\/medicina.udd.cl\/icim\/areas-de-investigacion\/centro-de-medicina-regenerativa\/","url":"https:\/\/medicina.udd.cl\/icim\/areas-de-investigacion\/centro-de-medicina-regenerativa\/","name":"Centro de Medicina Regenerativa - ICIM","isPartOf":{"@id":"https:\/\/medicina.udd.cl\/icim\/#website"},"datePublished":"2021-04-09T17:04:25+00:00","breadcrumb":{"@id":"https:\/\/medicina.udd.cl\/icim\/areas-de-investigacion\/centro-de-medicina-regenerativa\/#breadcrumb"},"inLanguage":"es","potentialAction":[{"@type":"ReadAction","target":["https:\/\/medicina.udd.cl\/icim\/areas-de-investigacion\/centro-de-medicina-regenerativa\/"]}]},{"@type":"BreadcrumbList","@id":"https:\/\/medicina.udd.cl\/icim\/areas-de-investigacion\/centro-de-medicina-regenerativa\/#breadcrumb","itemListElement":[{"@type":"ListItem","position":1,"name":"Inicio","item":"https:\/\/medicina.udd.cl\/icim\/"},{"@type":"ListItem","position":2,"name":"Centros y programas","item":"https:\/\/medicina.udd.cl\/icim\/areas-de-investigacion\/"},{"@type":"ListItem","position":3,"name":"Centro de Medicina Regenerativa"}]},{"@type":"WebSite","@id":"https:\/\/medicina.udd.cl\/icim\/#website","url":"https:\/\/medicina.udd.cl\/icim\/","name":"ICIM","description":"Una iniciativa de Universidad del Desarrollo y Cl\u00ednica Alemana","inLanguage":"es"}]}},"_links":{"self":[{"href":"https:\/\/medicina.udd.cl\/icim\/wp-json\/wp\/v2\/pages\/9357","targetHints":{"allow":["GET"]}}],"collection":[{"href":"https:\/\/medicina.udd.cl\/icim\/wp-json\/wp\/v2\/pages"}],"about":[{"href":"https:\/\/medicina.udd.cl\/icim\/wp-json\/wp\/v2\/types\/page"}],"author":[{"embeddable":true,"href":"https:\/\/medicina.udd.cl\/icim\/wp-json\/wp\/v2\/users\/9192221"}],"replies":[{"embeddable":true,"href":"https:\/\/medicina.udd.cl\/icim\/wp-json\/wp\/v2\/comments?post=9357"}],"version-history":[{"count":1,"href":"https:\/\/medicina.udd.cl\/icim\/wp-json\/wp\/v2\/pages\/9357\/revisions"}],"predecessor-version":[{"id":9358,"href":"https:\/\/medicina.udd.cl\/icim\/wp-json\/wp\/v2\/pages\/9357\/revisions\/9358"}],"up":[{"embeddable":true,"href":"https:\/\/medicina.udd.cl\/icim\/wp-json\/wp\/v2\/pages\/14"}],"wp:attachment":[{"href":"https:\/\/medicina.udd.cl\/icim\/wp-json\/wp\/v2\/media?parent=9357"}],"curies":[{"name":"wp","href":"https:\/\/api.w.org\/{rel}","templated":true}]}}