{"id":9361,"date":"2021-04-09T13:21:03","date_gmt":"2021-04-09T17:21:03","guid":{"rendered":"http:\/\/medicina.udd.cl\/icim\/?page_id=9361"},"modified":"2021-04-09T13:22:10","modified_gmt":"2021-04-09T17:22:10","slug":"centro-de-fisiologia-celular-e-integrativa","status":"publish","type":"page","link":"https:\/\/medicina.udd.cl\/icim\/areas-de-investigacion\/centro-de-fisiologia-celular-e-integrativa\/","title":{"rendered":"Centro de Fisiolog\u00eda Celular e Integrativa"},"content":{"rendered":"\n<p>Su objetivo es estudiar las funciones b\u00e1sicas de los organismos vivos. Investigar las conexiones intercelulares, humorales y neurales entre distintas c\u00e9lulas de un mismo \u00f3rgano, como entre distintos \u00f3rganos y sistemas. Adiestramiento postdoctoral a investigadores del \u00e1rea de las ciencias biol\u00f3gicas o m\u00e9dicas. Docencia de pre y postgrado en la Facultad de Medicina Cl\u00ednica Alemana Universidad del Desarrollo.<\/p>\n\n\n\n<p><strong>L\u00edneas de investigaci\u00f3n:<\/strong><\/p>\n\n\n\n<ul class=\"wp-block-list\"><li>Estructura y funciones de las conexinas, elementos esenciales para la conexi\u00f3n intercelular, a trav\u00e9s del acoplamiento el\u00e9ctrico y metab\u00f3lico entre c\u00e9lulas vecinas de distintos tejidos y \u00f3rganos.<\/li><li>Actividad de quimiorreceptores arteriales, que detectan la presencia de ox\u00edgeno, di\u00f3xido de carbono e hidrogeniones de la sangre, y sus efectos reflejos sobre la ventilaci\u00f3n pulmonar, la actividad card\u00edaca, la presi\u00f3n arterial y la actividad eferente de neuronas simp\u00e1ticas.<\/li><\/ul>\n\n\n\n<p><strong>Capacidades:<\/strong><\/p>\n\n\n\n<ul class=\"wp-block-list\"><li style=\"text-align: justify;\">Exploraci\u00f3n y registros electrofisiol\u00f3gicos de las membranas de las c\u00e9lulas.<\/li><li style=\"text-align: justify;\">Exploraci\u00f3n y registros electrofisiol\u00f3gicos de las conexiones neurales entre receptores, sistema nervioso central y efectores musculares.<\/li><li style=\"text-align: justify;\">T\u00e9cnicas de exploraci\u00f3n de actividades biol\u00f3gicas en animales despiertos o anestesiados.<\/li><li style=\"text-align: justify;\">Exploraci\u00f3n farmacol\u00f3gica de reg\u00edmenes estacionarios y actividades biol\u00f3gicas.<\/li><li style=\"text-align: justify;\">Montaje y manejo de preparaciones de \u00f3rganos perfundidos, superfundidos o ba\u00f1ados en soluciones fisiol\u00f3gicas, in situ o in vitro.<\/li><li style=\"text-align: justify;\">Montaje y mantenci\u00f3n de cultivos de tejidos.<\/li><li style=\"text-align: justify;\">T\u00e9cnicas microsc\u00f3picas e histoqu\u00edmicas para el estudio de tejidos y c\u00e9lulas.<\/li><li style=\"text-align: justify;\">Recolecci\u00f3n (grabaci\u00f3n), recuperaci\u00f3n y an\u00e1lisis computacional de series largas de informaci\u00f3n sobre actividades biol\u00f3gicas.<\/li><li style=\"text-align: justify;\">Experiencia en redacci\u00f3n y revisi\u00f3n de art\u00edculos cient\u00edficos en ingl\u00e9s.<\/li><li style=\"text-align: justify;\">Docencia en Fisiolog\u00eda a nivel universitario.<\/li><\/ul>\n\n\n\n<p><strong><a href=\"http:\/\/medicina.udd.cl\/centro-fisiologia-celular-integrativa\/\" target=\"_blank\" rel=\"noopener noreferrer\">M\u00e1s informaci\u00f3n: visita el sitio web del Centro de Fisiolog\u00eda Celular e Integrativa<\/a><\/strong><\/p>\n","protected":false},"excerpt":{"rendered":"<p>Su objetivo es estudiar las funciones b\u00e1sicas de los organismos vivos. Investigar las conexiones intercelulares, humorales y neurales entre distintas c\u00e9lulas de un mismo \u00f3rgano, como entre distintos \u00f3rganos y sistemas. Adiestramiento postdoctoral a investigadores del \u00e1rea de las ciencias biol\u00f3gicas o m\u00e9dicas. Docencia de pre y postgrado en la Facultad de Medicina Cl\u00ednica Alemana [&hellip;]<\/p>\n","protected":false},"author":9192221,"featured_media":0,"parent":14,"menu_order":0,"comment_status":"closed","ping_status":"closed","template":"","meta":{"footnotes":""},"class_list":["post-9361","page","type-page","status-publish","hentry"],"yoast_head":"<!-- This site is optimized with the Yoast SEO plugin v26.9 - https:\/\/yoast.com\/product\/yoast-seo-wordpress\/ -->\n<title>Centro de Fisiolog\u00eda Celular e Integrativa - ICIM<\/title>\n<meta name=\"robots\" content=\"index, follow, max-snippet:-1, max-image-preview:large, max-video-preview:-1\" \/>\n<link rel=\"canonical\" href=\"https:\/\/medicina.udd.cl\/icim\/areas-de-investigacion\/centro-de-fisiologia-celular-e-integrativa\/\" \/>\n<meta property=\"og:locale\" content=\"es_ES\" \/>\n<meta property=\"og:type\" content=\"article\" \/>\n<meta property=\"og:title\" content=\"Centro de Fisiolog\u00eda Celular e Integrativa - ICIM\" \/>\n<meta property=\"og:description\" content=\"Su objetivo es estudiar las funciones b\u00e1sicas de los organismos vivos. Investigar las conexiones intercelulares, humorales y neurales entre distintas c\u00e9lulas de un mismo \u00f3rgano, como entre distintos \u00f3rganos y sistemas. Adiestramiento postdoctoral a investigadores del \u00e1rea de las ciencias biol\u00f3gicas o m\u00e9dicas. Docencia de pre y postgrado en la Facultad de Medicina Cl\u00ednica Alemana [&hellip;]\" \/>\n<meta property=\"og:url\" content=\"https:\/\/medicina.udd.cl\/icim\/areas-de-investigacion\/centro-de-fisiologia-celular-e-integrativa\/\" \/>\n<meta property=\"og:site_name\" content=\"ICIM\" \/>\n<meta property=\"article:modified_time\" content=\"2021-04-09T17:22:10+00:00\" \/>\n<meta name=\"twitter:card\" content=\"summary_large_image\" \/>\n<meta name=\"twitter:label1\" content=\"Tiempo de lectura\" \/>\n\t<meta name=\"twitter:data1\" content=\"2 minutos\" \/>\n<script type=\"application\/ld+json\" class=\"yoast-schema-graph\">{\"@context\":\"https:\/\/schema.org\",\"@graph\":[{\"@type\":\"WebPage\",\"@id\":\"https:\/\/medicina.udd.cl\/icim\/areas-de-investigacion\/centro-de-fisiologia-celular-e-integrativa\/\",\"url\":\"https:\/\/medicina.udd.cl\/icim\/areas-de-investigacion\/centro-de-fisiologia-celular-e-integrativa\/\",\"name\":\"Centro de Fisiolog\u00eda Celular e Integrativa - ICIM\",\"isPartOf\":{\"@id\":\"https:\/\/medicina.udd.cl\/icim\/#website\"},\"datePublished\":\"2021-04-09T17:21:03+00:00\",\"dateModified\":\"2021-04-09T17:22:10+00:00\",\"breadcrumb\":{\"@id\":\"https:\/\/medicina.udd.cl\/icim\/areas-de-investigacion\/centro-de-fisiologia-celular-e-integrativa\/#breadcrumb\"},\"inLanguage\":\"es\",\"potentialAction\":[{\"@type\":\"ReadAction\",\"target\":[\"https:\/\/medicina.udd.cl\/icim\/areas-de-investigacion\/centro-de-fisiologia-celular-e-integrativa\/\"]}]},{\"@type\":\"BreadcrumbList\",\"@id\":\"https:\/\/medicina.udd.cl\/icim\/areas-de-investigacion\/centro-de-fisiologia-celular-e-integrativa\/#breadcrumb\",\"itemListElement\":[{\"@type\":\"ListItem\",\"position\":1,\"name\":\"Inicio\",\"item\":\"https:\/\/medicina.udd.cl\/icim\/\"},{\"@type\":\"ListItem\",\"position\":2,\"name\":\"Centros y programas\",\"item\":\"https:\/\/medicina.udd.cl\/icim\/areas-de-investigacion\/\"},{\"@type\":\"ListItem\",\"position\":3,\"name\":\"Centro de Fisiolog\u00eda Celular e Integrativa\"}]},{\"@type\":\"WebSite\",\"@id\":\"https:\/\/medicina.udd.cl\/icim\/#website\",\"url\":\"https:\/\/medicina.udd.cl\/icim\/\",\"name\":\"ICIM\",\"description\":\"Una iniciativa de Universidad del Desarrollo y Cl\u00ednica Alemana\",\"inLanguage\":\"es\"}]}<\/script>\n<!-- \/ Yoast SEO plugin. -->","yoast_head_json":{"title":"Centro de Fisiolog\u00eda Celular e Integrativa - ICIM","robots":{"index":"index","follow":"follow","max-snippet":"max-snippet:-1","max-image-preview":"max-image-preview:large","max-video-preview":"max-video-preview:-1"},"canonical":"https:\/\/medicina.udd.cl\/icim\/areas-de-investigacion\/centro-de-fisiologia-celular-e-integrativa\/","og_locale":"es_ES","og_type":"article","og_title":"Centro de Fisiolog\u00eda Celular e Integrativa - ICIM","og_description":"Su objetivo es estudiar las funciones b\u00e1sicas de los organismos vivos. Investigar las conexiones intercelulares, humorales y neurales entre distintas c\u00e9lulas de un mismo \u00f3rgano, como entre distintos \u00f3rganos y sistemas. Adiestramiento postdoctoral a investigadores del \u00e1rea de las ciencias biol\u00f3gicas o m\u00e9dicas. Docencia de pre y postgrado en la Facultad de Medicina Cl\u00ednica Alemana [&hellip;]","og_url":"https:\/\/medicina.udd.cl\/icim\/areas-de-investigacion\/centro-de-fisiologia-celular-e-integrativa\/","og_site_name":"ICIM","article_modified_time":"2021-04-09T17:22:10+00:00","twitter_card":"summary_large_image","twitter_misc":{"Tiempo de lectura":"2 minutos"},"schema":{"@context":"https:\/\/schema.org","@graph":[{"@type":"WebPage","@id":"https:\/\/medicina.udd.cl\/icim\/areas-de-investigacion\/centro-de-fisiologia-celular-e-integrativa\/","url":"https:\/\/medicina.udd.cl\/icim\/areas-de-investigacion\/centro-de-fisiologia-celular-e-integrativa\/","name":"Centro de Fisiolog\u00eda Celular e Integrativa - ICIM","isPartOf":{"@id":"https:\/\/medicina.udd.cl\/icim\/#website"},"datePublished":"2021-04-09T17:21:03+00:00","dateModified":"2021-04-09T17:22:10+00:00","breadcrumb":{"@id":"https:\/\/medicina.udd.cl\/icim\/areas-de-investigacion\/centro-de-fisiologia-celular-e-integrativa\/#breadcrumb"},"inLanguage":"es","potentialAction":[{"@type":"ReadAction","target":["https:\/\/medicina.udd.cl\/icim\/areas-de-investigacion\/centro-de-fisiologia-celular-e-integrativa\/"]}]},{"@type":"BreadcrumbList","@id":"https:\/\/medicina.udd.cl\/icim\/areas-de-investigacion\/centro-de-fisiologia-celular-e-integrativa\/#breadcrumb","itemListElement":[{"@type":"ListItem","position":1,"name":"Inicio","item":"https:\/\/medicina.udd.cl\/icim\/"},{"@type":"ListItem","position":2,"name":"Centros y programas","item":"https:\/\/medicina.udd.cl\/icim\/areas-de-investigacion\/"},{"@type":"ListItem","position":3,"name":"Centro de Fisiolog\u00eda Celular e Integrativa"}]},{"@type":"WebSite","@id":"https:\/\/medicina.udd.cl\/icim\/#website","url":"https:\/\/medicina.udd.cl\/icim\/","name":"ICIM","description":"Una iniciativa de Universidad del Desarrollo y Cl\u00ednica Alemana","inLanguage":"es"}]}},"_links":{"self":[{"href":"https:\/\/medicina.udd.cl\/icim\/wp-json\/wp\/v2\/pages\/9361","targetHints":{"allow":["GET"]}}],"collection":[{"href":"https:\/\/medicina.udd.cl\/icim\/wp-json\/wp\/v2\/pages"}],"about":[{"href":"https:\/\/medicina.udd.cl\/icim\/wp-json\/wp\/v2\/types\/page"}],"author":[{"embeddable":true,"href":"https:\/\/medicina.udd.cl\/icim\/wp-json\/wp\/v2\/users\/9192221"}],"replies":[{"embeddable":true,"href":"https:\/\/medicina.udd.cl\/icim\/wp-json\/wp\/v2\/comments?post=9361"}],"version-history":[{"count":1,"href":"https:\/\/medicina.udd.cl\/icim\/wp-json\/wp\/v2\/pages\/9361\/revisions"}],"predecessor-version":[{"id":9362,"href":"https:\/\/medicina.udd.cl\/icim\/wp-json\/wp\/v2\/pages\/9361\/revisions\/9362"}],"up":[{"embeddable":true,"href":"https:\/\/medicina.udd.cl\/icim\/wp-json\/wp\/v2\/pages\/14"}],"wp:attachment":[{"href":"https:\/\/medicina.udd.cl\/icim\/wp-json\/wp\/v2\/media?parent=9361"}],"curies":[{"name":"wp","href":"https:\/\/api.w.org\/{rel}","templated":true}]}}