{"id":9366,"date":"2021-04-09T13:23:05","date_gmt":"2021-04-09T17:23:05","guid":{"rendered":"http:\/\/medicina.udd.cl\/icim\/?page_id=9366"},"modified":"2021-04-09T13:23:06","modified_gmt":"2021-04-09T17:23:06","slug":"centro-de-bioetica","status":"publish","type":"page","link":"https:\/\/medicina.udd.cl\/icim\/areas-de-investigacion\/centro-de-bioetica\/","title":{"rendered":"Centro de Bio\u00e9tica"},"content":{"rendered":"\n<p>El Centro de Bio\u00e9tica de la Facultad de Medicina Cl\u00ednica Alemana-Universidad del Desarrollo tiene la misi\u00f3n de contribuir al desarrollo de la bio\u00e9tica mediante la docencia de pre y postgrado, la investigaci\u00f3n te\u00f3rica y emp\u00edrica y la difusi\u00f3n y reflexi\u00f3n de esta disciplina.<\/p>\n\n\n\n<p><strong>L\u00edneas de investigaci\u00f3n:<\/strong><\/p>\n\n\n\n<ul class=\"wp-block-list\"><li>Bio\u00e9tica cl\u00ednica.<\/li><li>Comit\u00e9s de \u00e9tica asistencial &#8211; consultor\u00eda \u00e9tico cl\u00ednica.<\/li><li>\u00c9tica de la investigaci\u00f3n &#8211; Comit\u00e9s \u00e9tico cient\u00edficos.<\/li><li>Fundamentaci\u00f3n y ense\u00f1anza de la bio\u00e9tica.<\/li><li>\u00c9tica y salud p\u00fablica.<\/li><li>Bio\u00e9tica y derecho.<\/li><\/ul>\n\n\n\n<p><strong>Capacidades:<\/strong><\/p>\n\n\n\n<ul class=\"wp-block-list\"><li>Asesor\u00eda en la implementaci\u00f3n de pol\u00edticas de regulaciones en biomedicina.<\/li><li>Evaluaci\u00f3n \u00e9tica de proyectos de investigaci\u00f3n con seres humanos.<\/li><li>Desarrollo de programas docentes de pregrado y postgrado, para las carreras que imparte la Facultad de Medicina.<\/li><li>Formaci\u00f3n en bio\u00e9tica a profesionales de la salud en Chile y el extranjero.<\/li><li>Elaborar y desarrollar proyectos de investigaci\u00f3n en temas m\u00e9dicos y sociales de bio\u00e9tica.<\/li><li>Realizar actividades de extensi\u00f3n que incorporen a miembros de centros y comit\u00e9s de bio\u00e9tica nacionales, as\u00ed como a miembros de la comunidad.<\/li><li>Centro Colaborador OPS\/OMS<\/li><\/ul>\n\n\n\n<p><strong><a href=\"http:\/\/medicina.udd.cl\/centro-bioetica\/\" target=\"_blank\" rel=\"noopener noreferrer\">M\u00e1s informaci\u00f3n: visita el sitio web del Centro de Bio\u00e9tica<\/a><\/strong><\/p>\n","protected":false},"excerpt":{"rendered":"<p>El Centro de Bio\u00e9tica de la Facultad de Medicina Cl\u00ednica Alemana-Universidad del Desarrollo tiene la misi\u00f3n de contribuir al desarrollo de la bio\u00e9tica mediante la docencia de pre y postgrado, la investigaci\u00f3n te\u00f3rica y emp\u00edrica y la difusi\u00f3n y reflexi\u00f3n de esta disciplina. L\u00edneas de investigaci\u00f3n: Bio\u00e9tica cl\u00ednica. Comit\u00e9s de \u00e9tica asistencial &#8211; consultor\u00eda \u00e9tico [&hellip;]<\/p>\n","protected":false},"author":9192221,"featured_media":0,"parent":14,"menu_order":0,"comment_status":"closed","ping_status":"closed","template":"","meta":{"footnotes":""},"class_list":["post-9366","page","type-page","status-publish","hentry"],"yoast_head":"<!-- This site is optimized with the Yoast SEO plugin v26.9 - https:\/\/yoast.com\/product\/yoast-seo-wordpress\/ -->\n<title>Centro de Bio\u00e9tica - ICIM<\/title>\n<meta name=\"robots\" content=\"index, follow, max-snippet:-1, max-image-preview:large, max-video-preview:-1\" \/>\n<link rel=\"canonical\" href=\"https:\/\/medicina.udd.cl\/icim\/areas-de-investigacion\/centro-de-bioetica\/\" \/>\n<meta property=\"og:locale\" content=\"es_ES\" \/>\n<meta property=\"og:type\" content=\"article\" \/>\n<meta property=\"og:title\" content=\"Centro de Bio\u00e9tica - ICIM\" \/>\n<meta property=\"og:description\" content=\"El Centro de Bio\u00e9tica de la Facultad de Medicina Cl\u00ednica Alemana-Universidad del Desarrollo tiene la misi\u00f3n de contribuir al desarrollo de la bio\u00e9tica mediante la docencia de pre y postgrado, la investigaci\u00f3n te\u00f3rica y emp\u00edrica y la difusi\u00f3n y reflexi\u00f3n de esta disciplina. L\u00edneas de investigaci\u00f3n: Bio\u00e9tica cl\u00ednica. Comit\u00e9s de \u00e9tica asistencial &#8211; consultor\u00eda \u00e9tico [&hellip;]\" \/>\n<meta property=\"og:url\" content=\"https:\/\/medicina.udd.cl\/icim\/areas-de-investigacion\/centro-de-bioetica\/\" \/>\n<meta property=\"og:site_name\" content=\"ICIM\" \/>\n<meta property=\"article:modified_time\" content=\"2021-04-09T17:23:06+00:00\" \/>\n<meta name=\"twitter:card\" content=\"summary_large_image\" \/>\n<meta name=\"twitter:label1\" content=\"Tiempo de lectura\" \/>\n\t<meta name=\"twitter:data1\" content=\"1 minuto\" \/>\n<script type=\"application\/ld+json\" class=\"yoast-schema-graph\">{\"@context\":\"https:\/\/schema.org\",\"@graph\":[{\"@type\":\"WebPage\",\"@id\":\"https:\/\/medicina.udd.cl\/icim\/areas-de-investigacion\/centro-de-bioetica\/\",\"url\":\"https:\/\/medicina.udd.cl\/icim\/areas-de-investigacion\/centro-de-bioetica\/\",\"name\":\"Centro de Bio\u00e9tica - ICIM\",\"isPartOf\":{\"@id\":\"https:\/\/medicina.udd.cl\/icim\/#website\"},\"datePublished\":\"2021-04-09T17:23:05+00:00\",\"dateModified\":\"2021-04-09T17:23:06+00:00\",\"breadcrumb\":{\"@id\":\"https:\/\/medicina.udd.cl\/icim\/areas-de-investigacion\/centro-de-bioetica\/#breadcrumb\"},\"inLanguage\":\"es\",\"potentialAction\":[{\"@type\":\"ReadAction\",\"target\":[\"https:\/\/medicina.udd.cl\/icim\/areas-de-investigacion\/centro-de-bioetica\/\"]}]},{\"@type\":\"BreadcrumbList\",\"@id\":\"https:\/\/medicina.udd.cl\/icim\/areas-de-investigacion\/centro-de-bioetica\/#breadcrumb\",\"itemListElement\":[{\"@type\":\"ListItem\",\"position\":1,\"name\":\"Inicio\",\"item\":\"https:\/\/medicina.udd.cl\/icim\/\"},{\"@type\":\"ListItem\",\"position\":2,\"name\":\"Centros y programas\",\"item\":\"https:\/\/medicina.udd.cl\/icim\/areas-de-investigacion\/\"},{\"@type\":\"ListItem\",\"position\":3,\"name\":\"Centro de Bio\u00e9tica\"}]},{\"@type\":\"WebSite\",\"@id\":\"https:\/\/medicina.udd.cl\/icim\/#website\",\"url\":\"https:\/\/medicina.udd.cl\/icim\/\",\"name\":\"ICIM\",\"description\":\"Una iniciativa de Universidad del Desarrollo y Cl\u00ednica Alemana\",\"inLanguage\":\"es\"}]}<\/script>\n<!-- \/ Yoast SEO plugin. -->","yoast_head_json":{"title":"Centro de Bio\u00e9tica - ICIM","robots":{"index":"index","follow":"follow","max-snippet":"max-snippet:-1","max-image-preview":"max-image-preview:large","max-video-preview":"max-video-preview:-1"},"canonical":"https:\/\/medicina.udd.cl\/icim\/areas-de-investigacion\/centro-de-bioetica\/","og_locale":"es_ES","og_type":"article","og_title":"Centro de Bio\u00e9tica - ICIM","og_description":"El Centro de Bio\u00e9tica de la Facultad de Medicina Cl\u00ednica Alemana-Universidad del Desarrollo tiene la misi\u00f3n de contribuir al desarrollo de la bio\u00e9tica mediante la docencia de pre y postgrado, la investigaci\u00f3n te\u00f3rica y emp\u00edrica y la difusi\u00f3n y reflexi\u00f3n de esta disciplina. L\u00edneas de investigaci\u00f3n: Bio\u00e9tica cl\u00ednica. Comit\u00e9s de \u00e9tica asistencial &#8211; consultor\u00eda \u00e9tico [&hellip;]","og_url":"https:\/\/medicina.udd.cl\/icim\/areas-de-investigacion\/centro-de-bioetica\/","og_site_name":"ICIM","article_modified_time":"2021-04-09T17:23:06+00:00","twitter_card":"summary_large_image","twitter_misc":{"Tiempo de lectura":"1 minuto"},"schema":{"@context":"https:\/\/schema.org","@graph":[{"@type":"WebPage","@id":"https:\/\/medicina.udd.cl\/icim\/areas-de-investigacion\/centro-de-bioetica\/","url":"https:\/\/medicina.udd.cl\/icim\/areas-de-investigacion\/centro-de-bioetica\/","name":"Centro de Bio\u00e9tica - ICIM","isPartOf":{"@id":"https:\/\/medicina.udd.cl\/icim\/#website"},"datePublished":"2021-04-09T17:23:05+00:00","dateModified":"2021-04-09T17:23:06+00:00","breadcrumb":{"@id":"https:\/\/medicina.udd.cl\/icim\/areas-de-investigacion\/centro-de-bioetica\/#breadcrumb"},"inLanguage":"es","potentialAction":[{"@type":"ReadAction","target":["https:\/\/medicina.udd.cl\/icim\/areas-de-investigacion\/centro-de-bioetica\/"]}]},{"@type":"BreadcrumbList","@id":"https:\/\/medicina.udd.cl\/icim\/areas-de-investigacion\/centro-de-bioetica\/#breadcrumb","itemListElement":[{"@type":"ListItem","position":1,"name":"Inicio","item":"https:\/\/medicina.udd.cl\/icim\/"},{"@type":"ListItem","position":2,"name":"Centros y programas","item":"https:\/\/medicina.udd.cl\/icim\/areas-de-investigacion\/"},{"@type":"ListItem","position":3,"name":"Centro de Bio\u00e9tica"}]},{"@type":"WebSite","@id":"https:\/\/medicina.udd.cl\/icim\/#website","url":"https:\/\/medicina.udd.cl\/icim\/","name":"ICIM","description":"Una iniciativa de Universidad del Desarrollo y Cl\u00ednica Alemana","inLanguage":"es"}]}},"_links":{"self":[{"href":"https:\/\/medicina.udd.cl\/icim\/wp-json\/wp\/v2\/pages\/9366","targetHints":{"allow":["GET"]}}],"collection":[{"href":"https:\/\/medicina.udd.cl\/icim\/wp-json\/wp\/v2\/pages"}],"about":[{"href":"https:\/\/medicina.udd.cl\/icim\/wp-json\/wp\/v2\/types\/page"}],"author":[{"embeddable":true,"href":"https:\/\/medicina.udd.cl\/icim\/wp-json\/wp\/v2\/users\/9192221"}],"replies":[{"embeddable":true,"href":"https:\/\/medicina.udd.cl\/icim\/wp-json\/wp\/v2\/comments?post=9366"}],"version-history":[{"count":1,"href":"https:\/\/medicina.udd.cl\/icim\/wp-json\/wp\/v2\/pages\/9366\/revisions"}],"predecessor-version":[{"id":9367,"href":"https:\/\/medicina.udd.cl\/icim\/wp-json\/wp\/v2\/pages\/9366\/revisions\/9367"}],"up":[{"embeddable":true,"href":"https:\/\/medicina.udd.cl\/icim\/wp-json\/wp\/v2\/pages\/14"}],"wp:attachment":[{"href":"https:\/\/medicina.udd.cl\/icim\/wp-json\/wp\/v2\/media?parent=9366"}],"curies":[{"name":"wp","href":"https:\/\/api.w.org\/{rel}","templated":true}]}}