{"id":9370,"date":"2021-04-09T13:24:07","date_gmt":"2021-04-09T17:24:07","guid":{"rendered":"http:\/\/medicina.udd.cl\/icim\/?page_id=9370"},"modified":"2021-04-09T13:24:07","modified_gmt":"2021-04-09T17:24:07","slug":"centro-de-quimica-medica","status":"publish","type":"page","link":"https:\/\/medicina.udd.cl\/icim\/areas-de-investigacion\/centro-de-quimica-medica\/","title":{"rendered":"Centro de Qu\u00edmica M\u00e9dica"},"content":{"rendered":"\n<p>Grupo de investigadores multidisciplinarios que trabajan en qu\u00edmica y farmacolog\u00eda, desarrollando nuevos compuestos, formulaciones y estrategias, en el marco de la qu\u00edmica verde y la sustentabilidad.<\/p>\n\n\n\n<p><strong>L\u00edneas de Investigaci\u00f3n: <\/strong><\/p>\n\n\n\n<ul class=\"wp-block-list\"><li>Cin\u00e9tica y mecanismos de reacci\u00f3n en reacciones de sustituci\u00f3n arom\u00e1tica y medios de polaridad variable.<\/li><li>Estabilizaci\u00f3n de antibi\u00f3ticos del tipo Beta-lact\u00e1micos mediante el uso de solventes de eut\u00e9ctico profundo.<\/li><li>Qu\u00edmica cl\u00ednica.<\/li><li>S\u00edntesis y caracterizaci\u00f3n de propiedades de solventes alternativos: solventes de eut\u00e9ctico profundo y l\u00edquidos i\u00f3nicos.<\/li><\/ul>\n\n\n\n<p><strong>Capacidades<\/strong><\/p>\n\n\n\n<ul class=\"wp-block-list\"><li style=\"text-align: justify;\">Dise\u00f1o de sistemas de administraci\u00f3n de f\u00e1rmacos.<\/li><li style=\"text-align: justify;\">Capacidad antioxidante de sustancias naturales.<\/li><li style=\"text-align: justify;\">S\u00edntesis y caracterizaci\u00f3n de nanopart\u00edculas en solventes alternativos para uso en medicina.<\/li><li style=\"text-align: justify;\">S\u00edntesis y caracterizaci\u00f3n de materiales polim\u00e9ricos basados en PVA como vendajes modernos que permitan el transporte de bioactivos que promuevan la cicatrizaci\u00f3n.<\/li><li style=\"text-align: justify;\">Extracci\u00f3n y caracterizaci\u00f3n de los componentes bioactivos presentes en plantas medicinales tradicionales de chile y otras.<\/li><li style=\"text-align: justify;\">Extracci\u00f3n y caracterizaci\u00f3n de polisac\u00e1ridos de algas pardas del litoral chileno para su utilizaci\u00f3n en la preparaci\u00f3n de hidrogeles biodegradables como matrices transportadoras de drogas.<\/li><li style=\"text-align: justify;\">Separaci\u00f3n de f\u00e1rmacos esteroidales y no esteroidales tales como: propranolol, ibuprofeno y naproxeno mediante membranas l\u00edquidas basadas en l\u00edquidos i\u00f3nicos.<\/li><li style=\"text-align: justify;\">Bio-an\u00e1lisis y bio-marcadores: CQM tiene el conocimiento y capacidad para realizar:\n<ul>\n<li>Desarrollo y validaci\u00f3n de metodolog\u00edas anal\u00edticas para la determinaci\u00f3n cuantitativa de analitos en fluidos biol\u00f3gicos.<\/li>\n<li>Estudio de estabilidad de drogas.<\/li>\n<li>Establecimiento de sistemas de gesti\u00f3n de calidad requeridos por la industria farmac\u00e9utica.<\/li>\n<\/ul>\n<\/li><li style=\"text-align: justify;\">Estudios cin\u00e9ticos y determinaci\u00f3n de mecanismos de reacci\u00f3n en reacciones org\u00e1nicas mediante el uso de t\u00e9cnicas espectrosc\u00f3picas e integra la teor\u00eda mediante el uso de m\u00e9todos mec\u00e1nico-cu\u00e1nticos y qu\u00edmica computacional con miras a determinar interacciones espec\u00edficas que determinen las reactividades del par reaccionante.<\/li><li style=\"text-align: justify;\">Apoyo a la industria farmac\u00e9utica en la generaci\u00f3n de nuevos materiales de liberaci\u00f3n de drogas mediante el uso de materiales biodegradables y sustentables.<\/li><\/ul>\n\n\n\n<p><strong><a href=\"http:\/\/medicina.udd.cl\/centro-quimica-medica\/\" target=\"_blank\" rel=\"noopener noreferrer\">M\u00e1s informaci\u00f3n: visita el sitio web del Centro de Qu\u00edmica M\u00e9dica.<\/a><\/strong><\/p>\n","protected":false},"excerpt":{"rendered":"<p>Grupo de investigadores multidisciplinarios que trabajan en qu\u00edmica y farmacolog\u00eda, desarrollando nuevos compuestos, formulaciones y estrategias, en el marco de la qu\u00edmica verde y la sustentabilidad. L\u00edneas de Investigaci\u00f3n: Cin\u00e9tica y mecanismos de reacci\u00f3n en reacciones de sustituci\u00f3n arom\u00e1tica y medios de polaridad variable. Estabilizaci\u00f3n de antibi\u00f3ticos del tipo Beta-lact\u00e1micos mediante el uso de solventes [&hellip;]<\/p>\n","protected":false},"author":9192221,"featured_media":0,"parent":14,"menu_order":0,"comment_status":"closed","ping_status":"closed","template":"","meta":{"footnotes":""},"class_list":["post-9370","page","type-page","status-publish","hentry"],"yoast_head":"<!-- This site is optimized with the Yoast SEO plugin v26.9 - https:\/\/yoast.com\/product\/yoast-seo-wordpress\/ -->\n<title>Centro de Qu\u00edmica M\u00e9dica - ICIM<\/title>\n<meta name=\"robots\" content=\"index, follow, max-snippet:-1, max-image-preview:large, max-video-preview:-1\" \/>\n<link rel=\"canonical\" href=\"https:\/\/medicina.udd.cl\/icim\/areas-de-investigacion\/centro-de-quimica-medica\/\" \/>\n<meta property=\"og:locale\" content=\"es_ES\" \/>\n<meta property=\"og:type\" content=\"article\" \/>\n<meta property=\"og:title\" content=\"Centro de Qu\u00edmica M\u00e9dica - ICIM\" \/>\n<meta property=\"og:description\" content=\"Grupo de investigadores multidisciplinarios que trabajan en qu\u00edmica y farmacolog\u00eda, desarrollando nuevos compuestos, formulaciones y estrategias, en el marco de la qu\u00edmica verde y la sustentabilidad. L\u00edneas de Investigaci\u00f3n: Cin\u00e9tica y mecanismos de reacci\u00f3n en reacciones de sustituci\u00f3n arom\u00e1tica y medios de polaridad variable. Estabilizaci\u00f3n de antibi\u00f3ticos del tipo Beta-lact\u00e1micos mediante el uso de solventes [&hellip;]\" \/>\n<meta property=\"og:url\" content=\"https:\/\/medicina.udd.cl\/icim\/areas-de-investigacion\/centro-de-quimica-medica\/\" \/>\n<meta property=\"og:site_name\" content=\"ICIM\" \/>\n<meta name=\"twitter:card\" content=\"summary_large_image\" \/>\n<meta name=\"twitter:label1\" content=\"Tiempo de lectura\" \/>\n\t<meta name=\"twitter:data1\" content=\"2 minutos\" \/>\n<script type=\"application\/ld+json\" class=\"yoast-schema-graph\">{\"@context\":\"https:\/\/schema.org\",\"@graph\":[{\"@type\":\"WebPage\",\"@id\":\"https:\/\/medicina.udd.cl\/icim\/areas-de-investigacion\/centro-de-quimica-medica\/\",\"url\":\"https:\/\/medicina.udd.cl\/icim\/areas-de-investigacion\/centro-de-quimica-medica\/\",\"name\":\"Centro de Qu\u00edmica M\u00e9dica - ICIM\",\"isPartOf\":{\"@id\":\"https:\/\/medicina.udd.cl\/icim\/#website\"},\"datePublished\":\"2021-04-09T17:24:07+00:00\",\"breadcrumb\":{\"@id\":\"https:\/\/medicina.udd.cl\/icim\/areas-de-investigacion\/centro-de-quimica-medica\/#breadcrumb\"},\"inLanguage\":\"es\",\"potentialAction\":[{\"@type\":\"ReadAction\",\"target\":[\"https:\/\/medicina.udd.cl\/icim\/areas-de-investigacion\/centro-de-quimica-medica\/\"]}]},{\"@type\":\"BreadcrumbList\",\"@id\":\"https:\/\/medicina.udd.cl\/icim\/areas-de-investigacion\/centro-de-quimica-medica\/#breadcrumb\",\"itemListElement\":[{\"@type\":\"ListItem\",\"position\":1,\"name\":\"Inicio\",\"item\":\"https:\/\/medicina.udd.cl\/icim\/\"},{\"@type\":\"ListItem\",\"position\":2,\"name\":\"Centros y programas\",\"item\":\"https:\/\/medicina.udd.cl\/icim\/areas-de-investigacion\/\"},{\"@type\":\"ListItem\",\"position\":3,\"name\":\"Centro de Qu\u00edmica M\u00e9dica\"}]},{\"@type\":\"WebSite\",\"@id\":\"https:\/\/medicina.udd.cl\/icim\/#website\",\"url\":\"https:\/\/medicina.udd.cl\/icim\/\",\"name\":\"ICIM\",\"description\":\"Una iniciativa de Universidad del Desarrollo y Cl\u00ednica Alemana\",\"inLanguage\":\"es\"}]}<\/script>\n<!-- \/ Yoast SEO plugin. -->","yoast_head_json":{"title":"Centro de Qu\u00edmica M\u00e9dica - ICIM","robots":{"index":"index","follow":"follow","max-snippet":"max-snippet:-1","max-image-preview":"max-image-preview:large","max-video-preview":"max-video-preview:-1"},"canonical":"https:\/\/medicina.udd.cl\/icim\/areas-de-investigacion\/centro-de-quimica-medica\/","og_locale":"es_ES","og_type":"article","og_title":"Centro de Qu\u00edmica M\u00e9dica - ICIM","og_description":"Grupo de investigadores multidisciplinarios que trabajan en qu\u00edmica y farmacolog\u00eda, desarrollando nuevos compuestos, formulaciones y estrategias, en el marco de la qu\u00edmica verde y la sustentabilidad. L\u00edneas de Investigaci\u00f3n: Cin\u00e9tica y mecanismos de reacci\u00f3n en reacciones de sustituci\u00f3n arom\u00e1tica y medios de polaridad variable. Estabilizaci\u00f3n de antibi\u00f3ticos del tipo Beta-lact\u00e1micos mediante el uso de solventes [&hellip;]","og_url":"https:\/\/medicina.udd.cl\/icim\/areas-de-investigacion\/centro-de-quimica-medica\/","og_site_name":"ICIM","twitter_card":"summary_large_image","twitter_misc":{"Tiempo de lectura":"2 minutos"},"schema":{"@context":"https:\/\/schema.org","@graph":[{"@type":"WebPage","@id":"https:\/\/medicina.udd.cl\/icim\/areas-de-investigacion\/centro-de-quimica-medica\/","url":"https:\/\/medicina.udd.cl\/icim\/areas-de-investigacion\/centro-de-quimica-medica\/","name":"Centro de Qu\u00edmica M\u00e9dica - ICIM","isPartOf":{"@id":"https:\/\/medicina.udd.cl\/icim\/#website"},"datePublished":"2021-04-09T17:24:07+00:00","breadcrumb":{"@id":"https:\/\/medicina.udd.cl\/icim\/areas-de-investigacion\/centro-de-quimica-medica\/#breadcrumb"},"inLanguage":"es","potentialAction":[{"@type":"ReadAction","target":["https:\/\/medicina.udd.cl\/icim\/areas-de-investigacion\/centro-de-quimica-medica\/"]}]},{"@type":"BreadcrumbList","@id":"https:\/\/medicina.udd.cl\/icim\/areas-de-investigacion\/centro-de-quimica-medica\/#breadcrumb","itemListElement":[{"@type":"ListItem","position":1,"name":"Inicio","item":"https:\/\/medicina.udd.cl\/icim\/"},{"@type":"ListItem","position":2,"name":"Centros y programas","item":"https:\/\/medicina.udd.cl\/icim\/areas-de-investigacion\/"},{"@type":"ListItem","position":3,"name":"Centro de Qu\u00edmica M\u00e9dica"}]},{"@type":"WebSite","@id":"https:\/\/medicina.udd.cl\/icim\/#website","url":"https:\/\/medicina.udd.cl\/icim\/","name":"ICIM","description":"Una iniciativa de Universidad del Desarrollo y Cl\u00ednica Alemana","inLanguage":"es"}]}},"_links":{"self":[{"href":"https:\/\/medicina.udd.cl\/icim\/wp-json\/wp\/v2\/pages\/9370","targetHints":{"allow":["GET"]}}],"collection":[{"href":"https:\/\/medicina.udd.cl\/icim\/wp-json\/wp\/v2\/pages"}],"about":[{"href":"https:\/\/medicina.udd.cl\/icim\/wp-json\/wp\/v2\/types\/page"}],"author":[{"embeddable":true,"href":"https:\/\/medicina.udd.cl\/icim\/wp-json\/wp\/v2\/users\/9192221"}],"replies":[{"embeddable":true,"href":"https:\/\/medicina.udd.cl\/icim\/wp-json\/wp\/v2\/comments?post=9370"}],"version-history":[{"count":1,"href":"https:\/\/medicina.udd.cl\/icim\/wp-json\/wp\/v2\/pages\/9370\/revisions"}],"predecessor-version":[{"id":9371,"href":"https:\/\/medicina.udd.cl\/icim\/wp-json\/wp\/v2\/pages\/9370\/revisions\/9371"}],"up":[{"embeddable":true,"href":"https:\/\/medicina.udd.cl\/icim\/wp-json\/wp\/v2\/pages\/14"}],"wp:attachment":[{"href":"https:\/\/medicina.udd.cl\/icim\/wp-json\/wp\/v2\/media?parent=9370"}],"curies":[{"name":"wp","href":"https:\/\/api.w.org\/{rel}","templated":true}]}}