{"id":9374,"date":"2021-04-09T13:25:00","date_gmt":"2021-04-09T17:25:00","guid":{"rendered":"http:\/\/medicina.udd.cl\/icim\/?page_id=9374"},"modified":"2025-06-26T16:25:56","modified_gmt":"2025-06-26T20:25:56","slug":"centro-de-informatica-biomedica","status":"publish","type":"page","link":"https:\/\/medicina.udd.cl\/icim\/areas-de-investigacion\/centro-de-informatica-biomedica\/","title":{"rendered":"Centro de Evaluaci\u00f3n de Tecnolog\u00edas Sanitarias Digitales"},"content":{"rendered":"\n<p>Centro que trabaja en generar evidencia y desarrollar soluciones innovadoras que maximicen el impacto de las tecnolog\u00edas de la informaci\u00f3n en salud. Busca ser un referente en inform\u00e1tica biom\u00e9dica a nivel regional, reconocido por las l\u00edneas de innovaci\u00f3n, investigaci\u00f3n y desarrollo de capacidades.<\/p>\n\n\n\n<p><strong>L\u00edneas de investigaci\u00f3n: <\/strong><\/p>\n\n\n\n<p>Investigaci\u00f3n, desarrollo y transferencia de soluciones inform\u00e1ticas enfocadas al \u00e1rea salud.<\/p>\n\n\n\n<p><strong>Capacidades:<\/strong><\/p>\n\n\n\n<ul class=\"wp-block-list\">\n<li>Investigaci\u00f3n en inform\u00e1tica biom\u00e9dica.\n<ul class=\"wp-block-list\">\n<li>Time and Motion Studies.<\/li>\n\n\n\n<li>Terminolog\u00edas cl\u00ednicas y vocabularios controlados.<\/li>\n\n\n\n<li>Sistemas de soporte a la toma de decisiones cl\u00ednicas.<\/li>\n<\/ul>\n<\/li>\n\n\n\n<li>Soporte a la investigaci\u00f3n biom\u00e9dica\n<ul class=\"wp-block-list\">\n<li>REDCap. Plataforma captura electr\u00f3nica de datos para investigaci\u00f3n cl\u00ednica.<\/li>\n\n\n\n<li>Asesor\u00edas en dise\u00f1o de bases de datos para investigaci\u00f3n biom\u00e9dica.<\/li>\n<\/ul>\n<\/li>\n\n\n\n<li>Soporte a la docencia\n<ul class=\"wp-block-list\">\n<li>Moodle. Plataforma de educaci\u00f3n online.<\/li>\n\n\n\n<li>Desarrollo de soluciones y aplicaciones inform\u00e1ticas enfocadas al \u00e1rea salud.<\/li>\n<\/ul>\n<\/li>\n\n\n\n<li>Profesionales con capacidades en:\n<ul class=\"wp-block-list\">\n<li>Desarrolladores software.<\/li>\n\n\n\n<li>Dise\u00f1adores.<\/li>\n\n\n\n<li>Analistas de calidad en software.<\/li>\n\n\n\n<li>Telemedicina.<\/li>\n\n\n\n<li>Comunicaciones estrat\u00e9gicas.<\/li>\n\n\n\n<li>Inform\u00e1tica biom\u00e9dica.<\/li>\n<\/ul>\n<\/li>\n<\/ul>\n\n\n\n<p><strong><a href=\"http:\/\/medicina.udd.cl\/ci3\/\" target=\"_blank\" rel=\"noopener noreferrer\">M\u00e1s informaci\u00f3n: visita la p\u00e1gina web del Centro de Evaluaci\u00f3n de Tecnolog\u00edas Sanitarias Digitales<\/a><\/strong><\/p>\n","protected":false},"excerpt":{"rendered":"<p>Centro que trabaja en generar evidencia y desarrollar soluciones innovadoras que maximicen el impacto de las tecnolog\u00edas de la informaci\u00f3n en salud. Busca ser un referente en inform\u00e1tica biom\u00e9dica a nivel regional, reconocido por las l\u00edneas de innovaci\u00f3n, investigaci\u00f3n y desarrollo de capacidades. L\u00edneas de investigaci\u00f3n: Investigaci\u00f3n, desarrollo y transferencia de soluciones inform\u00e1ticas enfocadas al [&hellip;]<\/p>\n","protected":false},"author":9192221,"featured_media":0,"parent":14,"menu_order":0,"comment_status":"closed","ping_status":"closed","template":"","meta":{"footnotes":""},"class_list":["post-9374","page","type-page","status-publish","hentry"],"yoast_head":"<!-- This site is optimized with the Yoast SEO plugin v26.9 - https:\/\/yoast.com\/product\/yoast-seo-wordpress\/ -->\n<title>Centro de Evaluaci\u00f3n de Tecnolog\u00edas Sanitarias Digitales - ICIM<\/title>\n<meta name=\"robots\" content=\"index, follow, max-snippet:-1, max-image-preview:large, max-video-preview:-1\" \/>\n<link rel=\"canonical\" href=\"https:\/\/medicina.udd.cl\/icim\/areas-de-investigacion\/centro-de-informatica-biomedica\/\" \/>\n<meta property=\"og:locale\" content=\"es_ES\" \/>\n<meta property=\"og:type\" content=\"article\" \/>\n<meta property=\"og:title\" content=\"Centro de Evaluaci\u00f3n de Tecnolog\u00edas Sanitarias Digitales - ICIM\" \/>\n<meta property=\"og:description\" content=\"Centro que trabaja en generar evidencia y desarrollar soluciones innovadoras que maximicen el impacto de las tecnolog\u00edas de la informaci\u00f3n en salud. Busca ser un referente en inform\u00e1tica biom\u00e9dica a nivel regional, reconocido por las l\u00edneas de innovaci\u00f3n, investigaci\u00f3n y desarrollo de capacidades. L\u00edneas de investigaci\u00f3n: Investigaci\u00f3n, desarrollo y transferencia de soluciones inform\u00e1ticas enfocadas al [&hellip;]\" \/>\n<meta property=\"og:url\" content=\"https:\/\/medicina.udd.cl\/icim\/areas-de-investigacion\/centro-de-informatica-biomedica\/\" \/>\n<meta property=\"og:site_name\" content=\"ICIM\" \/>\n<meta property=\"article:modified_time\" content=\"2025-06-26T20:25:56+00:00\" \/>\n<meta name=\"twitter:card\" content=\"summary_large_image\" \/>\n<meta name=\"twitter:label1\" content=\"Tiempo de lectura\" \/>\n\t<meta name=\"twitter:data1\" content=\"1 minuto\" \/>\n<script type=\"application\/ld+json\" class=\"yoast-schema-graph\">{\"@context\":\"https:\/\/schema.org\",\"@graph\":[{\"@type\":\"WebPage\",\"@id\":\"https:\/\/medicina.udd.cl\/icim\/areas-de-investigacion\/centro-de-informatica-biomedica\/\",\"url\":\"https:\/\/medicina.udd.cl\/icim\/areas-de-investigacion\/centro-de-informatica-biomedica\/\",\"name\":\"Centro de Evaluaci\u00f3n de Tecnolog\u00edas Sanitarias Digitales - ICIM\",\"isPartOf\":{\"@id\":\"https:\/\/medicina.udd.cl\/icim\/#website\"},\"datePublished\":\"2021-04-09T17:25:00+00:00\",\"dateModified\":\"2025-06-26T20:25:56+00:00\",\"breadcrumb\":{\"@id\":\"https:\/\/medicina.udd.cl\/icim\/areas-de-investigacion\/centro-de-informatica-biomedica\/#breadcrumb\"},\"inLanguage\":\"es\",\"potentialAction\":[{\"@type\":\"ReadAction\",\"target\":[\"https:\/\/medicina.udd.cl\/icim\/areas-de-investigacion\/centro-de-informatica-biomedica\/\"]}]},{\"@type\":\"BreadcrumbList\",\"@id\":\"https:\/\/medicina.udd.cl\/icim\/areas-de-investigacion\/centro-de-informatica-biomedica\/#breadcrumb\",\"itemListElement\":[{\"@type\":\"ListItem\",\"position\":1,\"name\":\"Inicio\",\"item\":\"https:\/\/medicina.udd.cl\/icim\/\"},{\"@type\":\"ListItem\",\"position\":2,\"name\":\"Centros y programas\",\"item\":\"https:\/\/medicina.udd.cl\/icim\/areas-de-investigacion\/\"},{\"@type\":\"ListItem\",\"position\":3,\"name\":\"Centro de Evaluaci\u00f3n de Tecnolog\u00edas Sanitarias Digitales\"}]},{\"@type\":\"WebSite\",\"@id\":\"https:\/\/medicina.udd.cl\/icim\/#website\",\"url\":\"https:\/\/medicina.udd.cl\/icim\/\",\"name\":\"ICIM\",\"description\":\"Una iniciativa de Universidad del Desarrollo y Cl\u00ednica Alemana\",\"inLanguage\":\"es\"}]}<\/script>\n<!-- \/ Yoast SEO plugin. -->","yoast_head_json":{"title":"Centro de Evaluaci\u00f3n de Tecnolog\u00edas Sanitarias Digitales - ICIM","robots":{"index":"index","follow":"follow","max-snippet":"max-snippet:-1","max-image-preview":"max-image-preview:large","max-video-preview":"max-video-preview:-1"},"canonical":"https:\/\/medicina.udd.cl\/icim\/areas-de-investigacion\/centro-de-informatica-biomedica\/","og_locale":"es_ES","og_type":"article","og_title":"Centro de Evaluaci\u00f3n de Tecnolog\u00edas Sanitarias Digitales - ICIM","og_description":"Centro que trabaja en generar evidencia y desarrollar soluciones innovadoras que maximicen el impacto de las tecnolog\u00edas de la informaci\u00f3n en salud. Busca ser un referente en inform\u00e1tica biom\u00e9dica a nivel regional, reconocido por las l\u00edneas de innovaci\u00f3n, investigaci\u00f3n y desarrollo de capacidades. L\u00edneas de investigaci\u00f3n: Investigaci\u00f3n, desarrollo y transferencia de soluciones inform\u00e1ticas enfocadas al [&hellip;]","og_url":"https:\/\/medicina.udd.cl\/icim\/areas-de-investigacion\/centro-de-informatica-biomedica\/","og_site_name":"ICIM","article_modified_time":"2025-06-26T20:25:56+00:00","twitter_card":"summary_large_image","twitter_misc":{"Tiempo de lectura":"1 minuto"},"schema":{"@context":"https:\/\/schema.org","@graph":[{"@type":"WebPage","@id":"https:\/\/medicina.udd.cl\/icim\/areas-de-investigacion\/centro-de-informatica-biomedica\/","url":"https:\/\/medicina.udd.cl\/icim\/areas-de-investigacion\/centro-de-informatica-biomedica\/","name":"Centro de Evaluaci\u00f3n de Tecnolog\u00edas Sanitarias Digitales - ICIM","isPartOf":{"@id":"https:\/\/medicina.udd.cl\/icim\/#website"},"datePublished":"2021-04-09T17:25:00+00:00","dateModified":"2025-06-26T20:25:56+00:00","breadcrumb":{"@id":"https:\/\/medicina.udd.cl\/icim\/areas-de-investigacion\/centro-de-informatica-biomedica\/#breadcrumb"},"inLanguage":"es","potentialAction":[{"@type":"ReadAction","target":["https:\/\/medicina.udd.cl\/icim\/areas-de-investigacion\/centro-de-informatica-biomedica\/"]}]},{"@type":"BreadcrumbList","@id":"https:\/\/medicina.udd.cl\/icim\/areas-de-investigacion\/centro-de-informatica-biomedica\/#breadcrumb","itemListElement":[{"@type":"ListItem","position":1,"name":"Inicio","item":"https:\/\/medicina.udd.cl\/icim\/"},{"@type":"ListItem","position":2,"name":"Centros y programas","item":"https:\/\/medicina.udd.cl\/icim\/areas-de-investigacion\/"},{"@type":"ListItem","position":3,"name":"Centro de Evaluaci\u00f3n de Tecnolog\u00edas Sanitarias Digitales"}]},{"@type":"WebSite","@id":"https:\/\/medicina.udd.cl\/icim\/#website","url":"https:\/\/medicina.udd.cl\/icim\/","name":"ICIM","description":"Una iniciativa de Universidad del Desarrollo y Cl\u00ednica Alemana","inLanguage":"es"}]}},"_links":{"self":[{"href":"https:\/\/medicina.udd.cl\/icim\/wp-json\/wp\/v2\/pages\/9374","targetHints":{"allow":["GET"]}}],"collection":[{"href":"https:\/\/medicina.udd.cl\/icim\/wp-json\/wp\/v2\/pages"}],"about":[{"href":"https:\/\/medicina.udd.cl\/icim\/wp-json\/wp\/v2\/types\/page"}],"author":[{"embeddable":true,"href":"https:\/\/medicina.udd.cl\/icim\/wp-json\/wp\/v2\/users\/9192221"}],"replies":[{"embeddable":true,"href":"https:\/\/medicina.udd.cl\/icim\/wp-json\/wp\/v2\/comments?post=9374"}],"version-history":[{"count":2,"href":"https:\/\/medicina.udd.cl\/icim\/wp-json\/wp\/v2\/pages\/9374\/revisions"}],"predecessor-version":[{"id":14155,"href":"https:\/\/medicina.udd.cl\/icim\/wp-json\/wp\/v2\/pages\/9374\/revisions\/14155"}],"up":[{"embeddable":true,"href":"https:\/\/medicina.udd.cl\/icim\/wp-json\/wp\/v2\/pages\/14"}],"wp:attachment":[{"href":"https:\/\/medicina.udd.cl\/icim\/wp-json\/wp\/v2\/media?parent=9374"}],"curies":[{"name":"wp","href":"https:\/\/api.w.org\/{rel}","templated":true}]}}