{"id":9382,"date":"2021-04-09T13:28:27","date_gmt":"2021-04-09T17:28:27","guid":{"rendered":"http:\/\/medicina.udd.cl\/icim\/?page_id=9382"},"modified":"2021-06-04T10:42:28","modified_gmt":"2021-06-04T14:42:28","slug":"programa-de-genomica-microbiana","status":"publish","type":"page","link":"https:\/\/medicina.udd.cl\/icim\/areas-de-investigacion\/programa-de-genomica-microbiana\/","title":{"rendered":"Programa de Gen\u00f3mica Microbiana"},"content":{"rendered":"\n<div class=\"wp-block-image wp-image-9053\"><figure class=\"aligncenter is-resized\"><img loading=\"lazy\" decoding=\"async\" src=\"https:\/\/medicina.udd.cl\/icim\/files\/2016\/12\/n\u00facleo-Milenio-copia-300x127.jpg\" alt=\"\" class=\"wp-image-9053\" width=\"730\" height=\"309\" srcset=\"https:\/\/medicina.udd.cl\/icim\/files\/2016\/12\/n\u00facleo-Milenio-copia-300x127.jpg 300w, https:\/\/medicina.udd.cl\/icim\/files\/2016\/12\/n\u00facleo-Milenio-copia-1024x433.jpg 1024w, https:\/\/medicina.udd.cl\/icim\/files\/2016\/12\/n\u00facleo-Milenio-copia-768x325.jpg 768w, https:\/\/medicina.udd.cl\/icim\/files\/2016\/12\/n\u00facleo-Milenio-copia.jpg 1410w\" sizes=\"auto, (max-width: 730px) 100vw, 730px\" \/><figcaption>Foto: MICROB-R<\/figcaption><\/figure><\/div>\n\n\n\n<p class=\"has-text-align-center has-medium-font-size\"> <strong><a rel=\"noreferrer noopener\" href=\"https:\/\/microb-r.org\/\" target=\"_blank\">N\u00facleo Milenio para la Investigaci\u00f3n Colaborativa en Resistencia Antimicrobiana (MicroB-R)<\/a><\/strong> <\/p>\n\n\n\n<p>El descubrimiento y comercializaci\u00f3n de los antibi\u00f3ticos revolucion\u00f3 la medicina moderna, disminuyendo dram\u00e1ticamente la letalidad de infecciones consideradas hist\u00f3ricamente mortales. Adem\u00e1s, el uso de antimicrobianos ha sido una piedra angular para el desarrollo de los principales avances de la medicina, incluyendo la cirug\u00eda de alta complejidad, el trasplante de \u00f3rganos y el tratamiento de los pacientes con c\u00e1ncer, entre muchos otros.<\/p>\n\n\n\n<p>Desgraciadamente, la aparici\u00f3n y diseminaci\u00f3n de bacterias resistentes a la mayor\u00eda de los antimicrobianos disponibles se ha convertido en un problema global que amenaza con llevarnos a una era post antibi\u00f3tica. De hecho, la gravedad de esta situaci\u00f3n ha llevado a que la Organizaci\u00f3n Mundial de la Salud recientemente haya catalogado a la resistencia bacteriana como uno de los tres principales problemas de salud p\u00fablica a nivel mundial.<\/p>\n\n\n\n<p>El Programa de Gen\u00f3mica Microbiana tiene como foco principal el estudio de la resistencia bacteriana, -tratando de avanzar el conocimiento desde las distintas aristas que influyen en la aparici\u00f3n y desiminaci\u00f3n de cepas resitentes-, as\u00ed como tambi\u00e9n en el desarrollo de nuevas t\u00e9cnicas para diagnosticar y tratar infecciones producidas por bacterias resistentes a los antimicrobianos.<\/p>\n\n\n\n<p>L\u00edneas de investigaci\u00f3n en curso<strong>:<\/strong><\/p>\n\n\n\n<ul class=\"wp-block-list\"><li>Estudio de la evoluci\u00f3n gen\u00f3mica de <em>S. aureus<\/em> resistente a la meticilina en Chile y de los determinantes que le han permitido prevalecer en el pa\u00eds.<\/li><li>Desarrollo de una plataforma para diagn\u00f3stico r\u00e1pido de resistencia y de predicci\u00f3n de resultados cl\u00ednicos a partir de secuenciaci\u00f3n del genoma bacteriano completo.<\/li><li>Evaluaci\u00f3n de la actividad antibacteriana contra cepas cl\u00ednicamente relevantes de g\u00e9neros manufacturados con una aleaci\u00f3n de Cobre y Zinc.<\/li><li>Estudio del microbioma intestinal y su relaci\u00f3n con la resistencia a la colonizaci\u00f3n con cepas multiresistentes.<\/li><li>Desarrollo de una cohorte multic\u00e9ntrica y prospectiva de pacientes con bacteriemia por enterococo resistente a la vancomicina para la realizaci\u00f3n de ensayos cl\u00ednicos que respondan preguntas cl\u00ednicamente relevantes.<\/li><li>Estudio de actividad de nuevas mol\u00e9culas de antimicrobianos no disponibles en el pa\u00eds contra cepas chilenas y an\u00e1lisis molecular de las cepas resistentes.<\/li><\/ul>\n\n\n\n<p><strong>Capacidades:<\/strong><\/p>\n\n\n\n<p>Profesionales expertos en mecanismos de resistencia bacteriana, tratamiento de g\u00e9rmenes resistentes, estudio del genoma bacteriano, t\u00e9cnicas de secuenciaci\u00f3n de \u00faltima generaci\u00f3n y an\u00e1lisis bioinform\u00e1tico.<\/p>\n\n\n\n<p><\/p>\n","protected":false},"excerpt":{"rendered":"<p>N\u00facleo Milenio para la Investigaci\u00f3n Colaborativa en Resistencia Antimicrobiana (MicroB-R) El descubrimiento y comercializaci\u00f3n de los antibi\u00f3ticos revolucion\u00f3 la medicina moderna, disminuyendo dram\u00e1ticamente la letalidad de infecciones consideradas hist\u00f3ricamente mortales. Adem\u00e1s, el uso de antimicrobianos ha sido una piedra angular para el desarrollo de los principales avances de la medicina, incluyendo la cirug\u00eda de alta [&hellip;]<\/p>\n","protected":false},"author":9192221,"featured_media":0,"parent":14,"menu_order":0,"comment_status":"closed","ping_status":"closed","template":"","meta":{"footnotes":""},"class_list":["post-9382","page","type-page","status-publish","hentry"],"yoast_head":"<!-- This site is optimized with the Yoast SEO plugin v26.9 - https:\/\/yoast.com\/product\/yoast-seo-wordpress\/ -->\n<title>Programa de Gen\u00f3mica Microbiana - ICIM<\/title>\n<meta name=\"robots\" content=\"index, follow, max-snippet:-1, max-image-preview:large, max-video-preview:-1\" \/>\n<link rel=\"canonical\" href=\"https:\/\/medicina.udd.cl\/icim\/areas-de-investigacion\/programa-de-genomica-microbiana\/\" \/>\n<meta property=\"og:locale\" content=\"es_ES\" \/>\n<meta property=\"og:type\" content=\"article\" \/>\n<meta property=\"og:title\" content=\"Programa de Gen\u00f3mica Microbiana - ICIM\" \/>\n<meta property=\"og:description\" content=\"N\u00facleo Milenio para la Investigaci\u00f3n Colaborativa en Resistencia Antimicrobiana (MicroB-R) El descubrimiento y comercializaci\u00f3n de los antibi\u00f3ticos revolucion\u00f3 la medicina moderna, disminuyendo dram\u00e1ticamente la letalidad de infecciones consideradas hist\u00f3ricamente mortales. Adem\u00e1s, el uso de antimicrobianos ha sido una piedra angular para el desarrollo de los principales avances de la medicina, incluyendo la cirug\u00eda de alta [&hellip;]\" \/>\n<meta property=\"og:url\" content=\"https:\/\/medicina.udd.cl\/icim\/areas-de-investigacion\/programa-de-genomica-microbiana\/\" \/>\n<meta property=\"og:site_name\" content=\"ICIM\" \/>\n<meta property=\"article:modified_time\" content=\"2021-06-04T14:42:28+00:00\" \/>\n<meta name=\"twitter:card\" content=\"summary_large_image\" \/>\n<meta name=\"twitter:label1\" content=\"Tiempo de lectura\" \/>\n\t<meta name=\"twitter:data1\" content=\"2 minutos\" \/>\n<script type=\"application\/ld+json\" class=\"yoast-schema-graph\">{\"@context\":\"https:\/\/schema.org\",\"@graph\":[{\"@type\":\"WebPage\",\"@id\":\"https:\/\/medicina.udd.cl\/icim\/areas-de-investigacion\/programa-de-genomica-microbiana\/\",\"url\":\"https:\/\/medicina.udd.cl\/icim\/areas-de-investigacion\/programa-de-genomica-microbiana\/\",\"name\":\"Programa de Gen\u00f3mica Microbiana - ICIM\",\"isPartOf\":{\"@id\":\"https:\/\/medicina.udd.cl\/icim\/#website\"},\"datePublished\":\"2021-04-09T17:28:27+00:00\",\"dateModified\":\"2021-06-04T14:42:28+00:00\",\"breadcrumb\":{\"@id\":\"https:\/\/medicina.udd.cl\/icim\/areas-de-investigacion\/programa-de-genomica-microbiana\/#breadcrumb\"},\"inLanguage\":\"es\",\"potentialAction\":[{\"@type\":\"ReadAction\",\"target\":[\"https:\/\/medicina.udd.cl\/icim\/areas-de-investigacion\/programa-de-genomica-microbiana\/\"]}]},{\"@type\":\"BreadcrumbList\",\"@id\":\"https:\/\/medicina.udd.cl\/icim\/areas-de-investigacion\/programa-de-genomica-microbiana\/#breadcrumb\",\"itemListElement\":[{\"@type\":\"ListItem\",\"position\":1,\"name\":\"Inicio\",\"item\":\"https:\/\/medicina.udd.cl\/icim\/\"},{\"@type\":\"ListItem\",\"position\":2,\"name\":\"Centros y programas\",\"item\":\"https:\/\/medicina.udd.cl\/icim\/areas-de-investigacion\/\"},{\"@type\":\"ListItem\",\"position\":3,\"name\":\"Programa de Gen\u00f3mica Microbiana\"}]},{\"@type\":\"WebSite\",\"@id\":\"https:\/\/medicina.udd.cl\/icim\/#website\",\"url\":\"https:\/\/medicina.udd.cl\/icim\/\",\"name\":\"ICIM\",\"description\":\"Una iniciativa de Universidad del Desarrollo y Cl\u00ednica Alemana\",\"inLanguage\":\"es\"}]}<\/script>\n<!-- \/ Yoast SEO plugin. -->","yoast_head_json":{"title":"Programa de Gen\u00f3mica Microbiana - ICIM","robots":{"index":"index","follow":"follow","max-snippet":"max-snippet:-1","max-image-preview":"max-image-preview:large","max-video-preview":"max-video-preview:-1"},"canonical":"https:\/\/medicina.udd.cl\/icim\/areas-de-investigacion\/programa-de-genomica-microbiana\/","og_locale":"es_ES","og_type":"article","og_title":"Programa de Gen\u00f3mica Microbiana - ICIM","og_description":"N\u00facleo Milenio para la Investigaci\u00f3n Colaborativa en Resistencia Antimicrobiana (MicroB-R) El descubrimiento y comercializaci\u00f3n de los antibi\u00f3ticos revolucion\u00f3 la medicina moderna, disminuyendo dram\u00e1ticamente la letalidad de infecciones consideradas hist\u00f3ricamente mortales. Adem\u00e1s, el uso de antimicrobianos ha sido una piedra angular para el desarrollo de los principales avances de la medicina, incluyendo la cirug\u00eda de alta [&hellip;]","og_url":"https:\/\/medicina.udd.cl\/icim\/areas-de-investigacion\/programa-de-genomica-microbiana\/","og_site_name":"ICIM","article_modified_time":"2021-06-04T14:42:28+00:00","twitter_card":"summary_large_image","twitter_misc":{"Tiempo de lectura":"2 minutos"},"schema":{"@context":"https:\/\/schema.org","@graph":[{"@type":"WebPage","@id":"https:\/\/medicina.udd.cl\/icim\/areas-de-investigacion\/programa-de-genomica-microbiana\/","url":"https:\/\/medicina.udd.cl\/icim\/areas-de-investigacion\/programa-de-genomica-microbiana\/","name":"Programa de Gen\u00f3mica Microbiana - ICIM","isPartOf":{"@id":"https:\/\/medicina.udd.cl\/icim\/#website"},"datePublished":"2021-04-09T17:28:27+00:00","dateModified":"2021-06-04T14:42:28+00:00","breadcrumb":{"@id":"https:\/\/medicina.udd.cl\/icim\/areas-de-investigacion\/programa-de-genomica-microbiana\/#breadcrumb"},"inLanguage":"es","potentialAction":[{"@type":"ReadAction","target":["https:\/\/medicina.udd.cl\/icim\/areas-de-investigacion\/programa-de-genomica-microbiana\/"]}]},{"@type":"BreadcrumbList","@id":"https:\/\/medicina.udd.cl\/icim\/areas-de-investigacion\/programa-de-genomica-microbiana\/#breadcrumb","itemListElement":[{"@type":"ListItem","position":1,"name":"Inicio","item":"https:\/\/medicina.udd.cl\/icim\/"},{"@type":"ListItem","position":2,"name":"Centros y programas","item":"https:\/\/medicina.udd.cl\/icim\/areas-de-investigacion\/"},{"@type":"ListItem","position":3,"name":"Programa de Gen\u00f3mica Microbiana"}]},{"@type":"WebSite","@id":"https:\/\/medicina.udd.cl\/icim\/#website","url":"https:\/\/medicina.udd.cl\/icim\/","name":"ICIM","description":"Una iniciativa de Universidad del Desarrollo y Cl\u00ednica Alemana","inLanguage":"es"}]}},"_links":{"self":[{"href":"https:\/\/medicina.udd.cl\/icim\/wp-json\/wp\/v2\/pages\/9382","targetHints":{"allow":["GET"]}}],"collection":[{"href":"https:\/\/medicina.udd.cl\/icim\/wp-json\/wp\/v2\/pages"}],"about":[{"href":"https:\/\/medicina.udd.cl\/icim\/wp-json\/wp\/v2\/types\/page"}],"author":[{"embeddable":true,"href":"https:\/\/medicina.udd.cl\/icim\/wp-json\/wp\/v2\/users\/9192221"}],"replies":[{"embeddable":true,"href":"https:\/\/medicina.udd.cl\/icim\/wp-json\/wp\/v2\/comments?post=9382"}],"version-history":[{"count":6,"href":"https:\/\/medicina.udd.cl\/icim\/wp-json\/wp\/v2\/pages\/9382\/revisions"}],"predecessor-version":[{"id":9633,"href":"https:\/\/medicina.udd.cl\/icim\/wp-json\/wp\/v2\/pages\/9382\/revisions\/9633"}],"up":[{"embeddable":true,"href":"https:\/\/medicina.udd.cl\/icim\/wp-json\/wp\/v2\/pages\/14"}],"wp:attachment":[{"href":"https:\/\/medicina.udd.cl\/icim\/wp-json\/wp\/v2\/media?parent=9382"}],"curies":[{"name":"wp","href":"https:\/\/api.w.org\/{rel}","templated":true}]}}