{"id":9395,"date":"2021-04-09T13:34:35","date_gmt":"2021-04-09T17:34:35","guid":{"rendered":"http:\/\/medicina.udd.cl\/icim\/?page_id=9395"},"modified":"2022-12-13T12:32:00","modified_gmt":"2022-12-13T15:32:00","slug":"programa-de-inmunogenetica-e-inmunologia-traslacional","status":"publish","type":"page","link":"https:\/\/medicina.udd.cl\/icim\/areas-de-investigacion\/programa-de-inmunogenetica-e-inmunologia-traslacional\/","title":{"rendered":"Programa de Inmunogen\u00e9tica e Inmunolog\u00eda Traslacional"},"content":{"rendered":"\n<figure class=\"wp-block-image alignright size-large is-resized\"><img loading=\"lazy\" decoding=\"async\" src=\"https:\/\/medicina.udd.cl\/icim\/files\/2022\/12\/equipo-poli-2022-1024x683.jpg\" alt=\"\" class=\"wp-image-11174\" width=\"512\" height=\"342\" srcset=\"https:\/\/medicina.udd.cl\/icim\/files\/2022\/12\/equipo-poli-2022-1024x683.jpg 1024w, https:\/\/medicina.udd.cl\/icim\/files\/2022\/12\/equipo-poli-2022-300x200.jpg 300w, https:\/\/medicina.udd.cl\/icim\/files\/2022\/12\/equipo-poli-2022-768x512.jpg 768w, https:\/\/medicina.udd.cl\/icim\/files\/2022\/12\/equipo-poli-2022-1536x1024.jpg 1536w, https:\/\/medicina.udd.cl\/icim\/files\/2022\/12\/equipo-poli-2022-2048x1365.jpg 2048w\" sizes=\"auto, (max-width: 512px) 100vw, 512px\" \/><figcaption>Equipo Programa de Inmunogen\u00e9tica e Inmunolog\u00eda Traslacional<\/figcaption><\/figure>\n\n\n\n<p>La inmunolog\u00eda ha sido una de las \u00e1reas de mayor desarrollo cient\u00edfico y cl\u00ednico en este siglo. Hoy en d\u00eda los avances y conocimientos de la inmunolog\u00eda b\u00e1sica han sido aplicados y trasladados al entendimiento y tratamiento de numerosas patolog\u00edas humanas, tales como: inmunodeficiencias primarias, autoinmunidad, alergias y c\u00e1ncer, entre otras, lo que la ha convertido actualmente en una de las \u00e1reas cient\u00edficas con mayor aplicaci\u00f3n cl\u00ednica.<\/p>\n\n\n\n<p>El objetivo de este equipo es principalmente desarrollar e implementar en la Cl\u00ednica Alemana y en la Universidad del Desarrollo, un centro de investigaci\u00f3n multidisciplinario l\u00edder a nivel nacional y sudamericano en el \u00e1rea de la inmunolog\u00eda b\u00e1sica, con el fin de facilitar y transferir dicho conocimiento a la cl\u00ednica para el entendimiento y tratamiento de diversas patolog\u00edas humanas.  El Programa de Inmunogen\u00e9tica e Inmunolog\u00eda Traslacional  (PIGIT), es parte de la red de centros de la Jeffrey Modell Foundation Center para la investigaci\u00f3n y diagnostico de inmunodeficiencias primarias lo que lo posiciona como l\u00edder a nivel nacional y latino americano en est\u00e1 \u00e1rea. <\/p>\n\n\n\n<p>Este centro trabaja colaborativamente con Texas Children\u00b4s Center of Human Immunobiology de Houston, Texas;  Katholieke Universiteit Leuven; National Institute of Allergy and Infectious Diseases, National Institutes of Health; y con el Institut Imagine, INSERM. Estos centros se encuentran entre los m\u00e1s prestigiosos a nivel mundial en el estudio molecular y gen\u00e9tico de pacientes con defectos inmunol\u00f3gicos cong\u00e9nitos, lo que permite tener un acceso directo a las m\u00e1s avanzadas tecnolog\u00edas y a una formaci\u00f3n de la mejor calidad para sus profesionales de pre y post grado.<\/p>\n\n\n\n<p>El Programa de Inmunogen\u00e9tica e Inmunolog\u00eda Traslacional (PIGIT), colabora en investigaci\u00f3n y diagn\u00f3stico con centros cl\u00ednicos p\u00fablicos y privados a lo largo de Chile y en Latinoam\u00e9rica cumpliendo un rol formativo para los futuros profesionales.<\/p>\n\n\n<!-- WP Block: UDD - Cards Alternate -->\n<section class=\"wp-block-udd-access-cards\">\n\t<div class=\"container\">\n\t\t\t\t<div class=\"block__content\">\n\t\t\t<div class=\"access-cards\">\n\t\t\t\t\t\t\t<div class=\"access-card-wrapper\">\n\t\t\t\t\t\t\t\t\t\t<div class=\"access-card\">\n\t\t\t\t\t\t<h3 class=\"access-card__title\">Publicaciones<\/h3>\n\t\t\t\t\t\t<p class=\"access-card__description\">\n\t\t\t\t\t\t\t\t\t\t\t\t\t<\/p>\n\t\t\t\t\t\t\t\t\t\t\t\t\t\t\t\t\t\t<div class=\"access-card__link\">\n\t\t\t\t\t\t\t\t<a href=\"https:\/\/medicina.udd.cl\/icim\/files\/2022\/09\/Publicaciones-PIGIT-2017-2022.pdf\" class=\"access-card__link-text\" data-url=\"https:\/\/medicina.udd.cl\/icim\/files\/2022\/09\/Publicaciones-PIGIT-2017-2022.pdf\">Ver aqu\u00ed<\/a>\n\t\t\t\t\t\t\t<\/div>\n\t\t\t\t\t\t\t\t\t\t\t<\/div>\n\t\t\t\t<\/div>\n\t\t\t\t\t\t\t<div class=\"access-card-wrapper\">\n\t\t\t\t\t\t\t\t\t\t<div class=\"access-card\">\n\t\t\t\t\t\t<h3 class=\"access-card__title\">Proyectos<\/h3>\n\t\t\t\t\t\t<p class=\"access-card__description\">\n\t\t\t\t\t\t\t\t\t\t\t\t\t<\/p>\n\t\t\t\t\t\t\t\t\t\t\t\t\t\t\t\t\t\t<div class=\"access-card__link\">\n\t\t\t\t\t\t\t\t<a href=\"https:\/\/medicina.udd.cl\/icim\/files\/2022\/12\/proyectos-pigit.pdf\" class=\"access-card__link-text\" data-url=\"https:\/\/medicina.udd.cl\/icim\/files\/2022\/12\/proyectos-pigit.pdf\">Ver aqu\u00ed<\/a>\n\t\t\t\t\t\t\t<\/div>\n\t\t\t\t\t\t\t\t\t\t\t<\/div>\n\t\t\t\t<\/div>\n\t\t\t\t\t\t\t<div class=\"access-card-wrapper\">\n\t\t\t\t\t\t\t\t\t\t<div class=\"access-card\">\n\t\t\t\t\t\t<h3 class=\"access-card__title\">Equipo<\/h3>\n\t\t\t\t\t\t<p class=\"access-card__description\">\n\t\t\t\t\t\t\t\t\t\t\t\t\t<\/p>\n\t\t\t\t\t\t\t\t\t\t\t\t\t\t\t\t\t\t<div class=\"access-card__link\">\n\t\t\t\t\t\t\t\t<a href=\"https:\/\/medicina.udd.cl\/icim\/personas\/programa-de-inmunologia-traslacional\/#!\/page=1\" class=\"access-card__link-text\" data-url=\"https:\/\/medicina.udd.cl\/icim\/personas\/programa-de-inmunologia-traslacional\/#!\/page=1\">Ver aqu\u00ed<\/a>\n\t\t\t\t\t\t\t<\/div>\n\t\t\t\t\t\t\t\t\t\t\t<\/div>\n\t\t\t\t<\/div>\n\t\t\t\t\t\t<\/div>\n\t\t<\/div>\n\t<\/div>\n<\/section>\n\n\n\n<p><strong>Centros de Colaboraci\u00f3n<\/strong><\/p>\n\n\n\n<figure class=\"wp-block-image aligncenter size-large\"><img loading=\"lazy\" decoding=\"async\" width=\"952\" height=\"164\" src=\"https:\/\/medicina.udd.cl\/icim\/files\/2022\/09\/Logos-Pigit-ICIM-2022.-II.png\" alt=\"\" class=\"wp-image-10978\" srcset=\"https:\/\/medicina.udd.cl\/icim\/files\/2022\/09\/Logos-Pigit-ICIM-2022.-II.png 952w, https:\/\/medicina.udd.cl\/icim\/files\/2022\/09\/Logos-Pigit-ICIM-2022.-II-300x52.png 300w, https:\/\/medicina.udd.cl\/icim\/files\/2022\/09\/Logos-Pigit-ICIM-2022.-II-768x132.png 768w\" sizes=\"auto, (max-width: 952px) 100vw, 952px\" \/><\/figure>\n\n\n\n<p><\/p>\n","protected":false},"excerpt":{"rendered":"<p>La inmunolog\u00eda ha sido una de las \u00e1reas de mayor desarrollo cient\u00edfico y cl\u00ednico en este siglo. Hoy en d\u00eda los avances y conocimientos de la inmunolog\u00eda b\u00e1sica han sido aplicados y trasladados al entendimiento y tratamiento de numerosas patolog\u00edas humanas, tales como: inmunodeficiencias primarias, autoinmunidad, alergias y c\u00e1ncer, entre otras, lo que la ha [&hellip;]<\/p>\n","protected":false},"author":9192221,"featured_media":0,"parent":14,"menu_order":0,"comment_status":"closed","ping_status":"closed","template":"","meta":{"footnotes":""},"class_list":["post-9395","page","type-page","status-publish","hentry"],"yoast_head":"<!-- This site is optimized with the Yoast SEO plugin v26.9 - https:\/\/yoast.com\/product\/yoast-seo-wordpress\/ -->\n<title>Programa de Inmunogen\u00e9tica e Inmunolog\u00eda Traslacional - ICIM<\/title>\n<meta name=\"robots\" content=\"index, follow, max-snippet:-1, max-image-preview:large, max-video-preview:-1\" \/>\n<link rel=\"canonical\" href=\"https:\/\/medicina.udd.cl\/icim\/areas-de-investigacion\/programa-de-inmunogenetica-e-inmunologia-traslacional\/\" \/>\n<meta property=\"og:locale\" content=\"es_ES\" \/>\n<meta property=\"og:type\" content=\"article\" \/>\n<meta property=\"og:title\" content=\"Programa de Inmunogen\u00e9tica e Inmunolog\u00eda Traslacional - ICIM\" \/>\n<meta property=\"og:description\" content=\"La inmunolog\u00eda ha sido una de las \u00e1reas de mayor desarrollo cient\u00edfico y cl\u00ednico en este siglo. Hoy en d\u00eda los avances y conocimientos de la inmunolog\u00eda b\u00e1sica han sido aplicados y trasladados al entendimiento y tratamiento de numerosas patolog\u00edas humanas, tales como: inmunodeficiencias primarias, autoinmunidad, alergias y c\u00e1ncer, entre otras, lo que la ha [&hellip;]\" \/>\n<meta property=\"og:url\" content=\"https:\/\/medicina.udd.cl\/icim\/areas-de-investigacion\/programa-de-inmunogenetica-e-inmunologia-traslacional\/\" \/>\n<meta property=\"og:site_name\" content=\"ICIM\" \/>\n<meta property=\"article:modified_time\" content=\"2022-12-13T15:32:00+00:00\" \/>\n<meta property=\"og:image\" content=\"https:\/\/medicina.udd.cl\/icim\/files\/2022\/12\/equipo-poli-2022-1024x683.jpg\" \/>\n<meta name=\"twitter:card\" content=\"summary_large_image\" \/>\n<meta name=\"twitter:label1\" content=\"Tiempo de lectura\" \/>\n\t<meta name=\"twitter:data1\" content=\"3 minutos\" \/>\n<script type=\"application\/ld+json\" class=\"yoast-schema-graph\">{\"@context\":\"https:\/\/schema.org\",\"@graph\":[{\"@type\":\"WebPage\",\"@id\":\"https:\/\/medicina.udd.cl\/icim\/areas-de-investigacion\/programa-de-inmunogenetica-e-inmunologia-traslacional\/\",\"url\":\"https:\/\/medicina.udd.cl\/icim\/areas-de-investigacion\/programa-de-inmunogenetica-e-inmunologia-traslacional\/\",\"name\":\"Programa de Inmunogen\u00e9tica e Inmunolog\u00eda Traslacional - ICIM\",\"isPartOf\":{\"@id\":\"https:\/\/medicina.udd.cl\/icim\/#website\"},\"primaryImageOfPage\":{\"@id\":\"https:\/\/medicina.udd.cl\/icim\/areas-de-investigacion\/programa-de-inmunogenetica-e-inmunologia-traslacional\/#primaryimage\"},\"image\":{\"@id\":\"https:\/\/medicina.udd.cl\/icim\/areas-de-investigacion\/programa-de-inmunogenetica-e-inmunologia-traslacional\/#primaryimage\"},\"thumbnailUrl\":\"https:\/\/medicina.udd.cl\/icim\/files\/2022\/12\/equipo-poli-2022-1024x683.jpg\",\"datePublished\":\"2021-04-09T17:34:35+00:00\",\"dateModified\":\"2022-12-13T15:32:00+00:00\",\"breadcrumb\":{\"@id\":\"https:\/\/medicina.udd.cl\/icim\/areas-de-investigacion\/programa-de-inmunogenetica-e-inmunologia-traslacional\/#breadcrumb\"},\"inLanguage\":\"es\",\"potentialAction\":[{\"@type\":\"ReadAction\",\"target\":[\"https:\/\/medicina.udd.cl\/icim\/areas-de-investigacion\/programa-de-inmunogenetica-e-inmunologia-traslacional\/\"]}]},{\"@type\":\"ImageObject\",\"inLanguage\":\"es\",\"@id\":\"https:\/\/medicina.udd.cl\/icim\/areas-de-investigacion\/programa-de-inmunogenetica-e-inmunologia-traslacional\/#primaryimage\",\"url\":\"https:\/\/medicina.udd.cl\/icim\/files\/2022\/12\/equipo-poli-2022-scaled.jpg\",\"contentUrl\":\"https:\/\/medicina.udd.cl\/icim\/files\/2022\/12\/equipo-poli-2022-scaled.jpg\",\"width\":2560,\"height\":1707},{\"@type\":\"BreadcrumbList\",\"@id\":\"https:\/\/medicina.udd.cl\/icim\/areas-de-investigacion\/programa-de-inmunogenetica-e-inmunologia-traslacional\/#breadcrumb\",\"itemListElement\":[{\"@type\":\"ListItem\",\"position\":1,\"name\":\"Inicio\",\"item\":\"https:\/\/medicina.udd.cl\/icim\/\"},{\"@type\":\"ListItem\",\"position\":2,\"name\":\"Centros y programas\",\"item\":\"https:\/\/medicina.udd.cl\/icim\/areas-de-investigacion\/\"},{\"@type\":\"ListItem\",\"position\":3,\"name\":\"Programa de Inmunogen\u00e9tica e Inmunolog\u00eda Traslacional\"}]},{\"@type\":\"WebSite\",\"@id\":\"https:\/\/medicina.udd.cl\/icim\/#website\",\"url\":\"https:\/\/medicina.udd.cl\/icim\/\",\"name\":\"ICIM\",\"description\":\"Una iniciativa de Universidad del Desarrollo y Cl\u00ednica Alemana\",\"inLanguage\":\"es\"}]}<\/script>\n<!-- \/ Yoast SEO plugin. -->","yoast_head_json":{"title":"Programa de Inmunogen\u00e9tica e Inmunolog\u00eda Traslacional - ICIM","robots":{"index":"index","follow":"follow","max-snippet":"max-snippet:-1","max-image-preview":"max-image-preview:large","max-video-preview":"max-video-preview:-1"},"canonical":"https:\/\/medicina.udd.cl\/icim\/areas-de-investigacion\/programa-de-inmunogenetica-e-inmunologia-traslacional\/","og_locale":"es_ES","og_type":"article","og_title":"Programa de Inmunogen\u00e9tica e Inmunolog\u00eda Traslacional - ICIM","og_description":"La inmunolog\u00eda ha sido una de las \u00e1reas de mayor desarrollo cient\u00edfico y cl\u00ednico en este siglo. Hoy en d\u00eda los avances y conocimientos de la inmunolog\u00eda b\u00e1sica han sido aplicados y trasladados al entendimiento y tratamiento de numerosas patolog\u00edas humanas, tales como: inmunodeficiencias primarias, autoinmunidad, alergias y c\u00e1ncer, entre otras, lo que la ha [&hellip;]","og_url":"https:\/\/medicina.udd.cl\/icim\/areas-de-investigacion\/programa-de-inmunogenetica-e-inmunologia-traslacional\/","og_site_name":"ICIM","article_modified_time":"2022-12-13T15:32:00+00:00","og_image":[{"url":"https:\/\/medicina.udd.cl\/icim\/files\/2022\/12\/equipo-poli-2022-1024x683.jpg","type":"","width":"","height":""}],"twitter_card":"summary_large_image","twitter_misc":{"Tiempo de lectura":"3 minutos"},"schema":{"@context":"https:\/\/schema.org","@graph":[{"@type":"WebPage","@id":"https:\/\/medicina.udd.cl\/icim\/areas-de-investigacion\/programa-de-inmunogenetica-e-inmunologia-traslacional\/","url":"https:\/\/medicina.udd.cl\/icim\/areas-de-investigacion\/programa-de-inmunogenetica-e-inmunologia-traslacional\/","name":"Programa de Inmunogen\u00e9tica e Inmunolog\u00eda Traslacional - ICIM","isPartOf":{"@id":"https:\/\/medicina.udd.cl\/icim\/#website"},"primaryImageOfPage":{"@id":"https:\/\/medicina.udd.cl\/icim\/areas-de-investigacion\/programa-de-inmunogenetica-e-inmunologia-traslacional\/#primaryimage"},"image":{"@id":"https:\/\/medicina.udd.cl\/icim\/areas-de-investigacion\/programa-de-inmunogenetica-e-inmunologia-traslacional\/#primaryimage"},"thumbnailUrl":"https:\/\/medicina.udd.cl\/icim\/files\/2022\/12\/equipo-poli-2022-1024x683.jpg","datePublished":"2021-04-09T17:34:35+00:00","dateModified":"2022-12-13T15:32:00+00:00","breadcrumb":{"@id":"https:\/\/medicina.udd.cl\/icim\/areas-de-investigacion\/programa-de-inmunogenetica-e-inmunologia-traslacional\/#breadcrumb"},"inLanguage":"es","potentialAction":[{"@type":"ReadAction","target":["https:\/\/medicina.udd.cl\/icim\/areas-de-investigacion\/programa-de-inmunogenetica-e-inmunologia-traslacional\/"]}]},{"@type":"ImageObject","inLanguage":"es","@id":"https:\/\/medicina.udd.cl\/icim\/areas-de-investigacion\/programa-de-inmunogenetica-e-inmunologia-traslacional\/#primaryimage","url":"https:\/\/medicina.udd.cl\/icim\/files\/2022\/12\/equipo-poli-2022-scaled.jpg","contentUrl":"https:\/\/medicina.udd.cl\/icim\/files\/2022\/12\/equipo-poli-2022-scaled.jpg","width":2560,"height":1707},{"@type":"BreadcrumbList","@id":"https:\/\/medicina.udd.cl\/icim\/areas-de-investigacion\/programa-de-inmunogenetica-e-inmunologia-traslacional\/#breadcrumb","itemListElement":[{"@type":"ListItem","position":1,"name":"Inicio","item":"https:\/\/medicina.udd.cl\/icim\/"},{"@type":"ListItem","position":2,"name":"Centros y programas","item":"https:\/\/medicina.udd.cl\/icim\/areas-de-investigacion\/"},{"@type":"ListItem","position":3,"name":"Programa de Inmunogen\u00e9tica e Inmunolog\u00eda Traslacional"}]},{"@type":"WebSite","@id":"https:\/\/medicina.udd.cl\/icim\/#website","url":"https:\/\/medicina.udd.cl\/icim\/","name":"ICIM","description":"Una iniciativa de Universidad del Desarrollo y Cl\u00ednica Alemana","inLanguage":"es"}]}},"_links":{"self":[{"href":"https:\/\/medicina.udd.cl\/icim\/wp-json\/wp\/v2\/pages\/9395","targetHints":{"allow":["GET"]}}],"collection":[{"href":"https:\/\/medicina.udd.cl\/icim\/wp-json\/wp\/v2\/pages"}],"about":[{"href":"https:\/\/medicina.udd.cl\/icim\/wp-json\/wp\/v2\/types\/page"}],"author":[{"embeddable":true,"href":"https:\/\/medicina.udd.cl\/icim\/wp-json\/wp\/v2\/users\/9192221"}],"replies":[{"embeddable":true,"href":"https:\/\/medicina.udd.cl\/icim\/wp-json\/wp\/v2\/comments?post=9395"}],"version-history":[{"count":21,"href":"https:\/\/medicina.udd.cl\/icim\/wp-json\/wp\/v2\/pages\/9395\/revisions"}],"predecessor-version":[{"id":11177,"href":"https:\/\/medicina.udd.cl\/icim\/wp-json\/wp\/v2\/pages\/9395\/revisions\/11177"}],"up":[{"embeddable":true,"href":"https:\/\/medicina.udd.cl\/icim\/wp-json\/wp\/v2\/pages\/14"}],"wp:attachment":[{"href":"https:\/\/medicina.udd.cl\/icim\/wp-json\/wp\/v2\/media?parent=9395"}],"curies":[{"name":"wp","href":"https:\/\/api.w.org\/{rel}","templated":true}]}}