{"id":9399,"date":"2021-04-09T13:35:43","date_gmt":"2021-04-09T17:35:43","guid":{"rendered":"http:\/\/medicina.udd.cl\/icim\/?page_id=9399"},"modified":"2021-07-29T10:08:40","modified_gmt":"2021-07-29T14:08:40","slug":"programa-hantavirus-y-zoonosis","status":"publish","type":"page","link":"https:\/\/medicina.udd.cl\/icim\/areas-de-investigacion\/programa-hantavirus-y-zoonosis\/","title":{"rendered":"Programa Hantavirus y Zoonosis"},"content":{"rendered":"\n<p>Equipo multidisciplinario dedicado a investigar, capacitar y educar en relaci\u00f3n a transmisi\u00f3n, factores de riesgo y mecanismos de la infecci\u00f3n por hantavirus. Adem\u00e1s, busca generar conocimiento y preparaci\u00f3n para reducir la morbilidad y mortalidad de la infecci\u00f3n por hantavirus, as\u00ed como estimular la comunicaci\u00f3n y colaboraci\u00f3n entre la academia y autoridades de salud para desarrollar estrategias para el control y tratamiento de la enfermedad.<\/p>\n","protected":false},"excerpt":{"rendered":"<p>Equipo multidisciplinario dedicado a investigar, capacitar y educar en relaci\u00f3n a transmisi\u00f3n, factores de riesgo y mecanismos de la infecci\u00f3n por hantavirus. Adem\u00e1s, busca generar conocimiento y preparaci\u00f3n para reducir la morbilidad y mortalidad de la infecci\u00f3n por hantavirus, as\u00ed como estimular la comunicaci\u00f3n y colaboraci\u00f3n entre la academia y autoridades de salud para desarrollar [&hellip;]<\/p>\n","protected":false},"author":9192221,"featured_media":0,"parent":14,"menu_order":0,"comment_status":"closed","ping_status":"closed","template":"","meta":{"footnotes":""},"class_list":["post-9399","page","type-page","status-publish","hentry"],"yoast_head":"<!-- This site is optimized with the Yoast SEO plugin v26.9 - https:\/\/yoast.com\/product\/yoast-seo-wordpress\/ -->\n<title>Programa Hantavirus y Zoonosis - ICIM<\/title>\n<meta name=\"robots\" content=\"index, follow, max-snippet:-1, max-image-preview:large, max-video-preview:-1\" \/>\n<link rel=\"canonical\" href=\"https:\/\/medicina.udd.cl\/icim\/areas-de-investigacion\/programa-hantavirus-y-zoonosis\/\" \/>\n<meta property=\"og:locale\" content=\"es_ES\" \/>\n<meta property=\"og:type\" content=\"article\" \/>\n<meta property=\"og:title\" content=\"Programa Hantavirus y Zoonosis - ICIM\" \/>\n<meta property=\"og:description\" content=\"Equipo multidisciplinario dedicado a investigar, capacitar y educar en relaci\u00f3n a transmisi\u00f3n, factores de riesgo y mecanismos de la infecci\u00f3n por hantavirus. Adem\u00e1s, busca generar conocimiento y preparaci\u00f3n para reducir la morbilidad y mortalidad de la infecci\u00f3n por hantavirus, as\u00ed como estimular la comunicaci\u00f3n y colaboraci\u00f3n entre la academia y autoridades de salud para desarrollar [&hellip;]\" \/>\n<meta property=\"og:url\" content=\"https:\/\/medicina.udd.cl\/icim\/areas-de-investigacion\/programa-hantavirus-y-zoonosis\/\" \/>\n<meta property=\"og:site_name\" content=\"ICIM\" \/>\n<meta property=\"article:modified_time\" content=\"2021-07-29T14:08:40+00:00\" \/>\n<meta name=\"twitter:card\" content=\"summary_large_image\" \/>\n<script type=\"application\/ld+json\" class=\"yoast-schema-graph\">{\"@context\":\"https:\/\/schema.org\",\"@graph\":[{\"@type\":\"WebPage\",\"@id\":\"https:\/\/medicina.udd.cl\/icim\/areas-de-investigacion\/programa-hantavirus-y-zoonosis\/\",\"url\":\"https:\/\/medicina.udd.cl\/icim\/areas-de-investigacion\/programa-hantavirus-y-zoonosis\/\",\"name\":\"Programa Hantavirus y Zoonosis - ICIM\",\"isPartOf\":{\"@id\":\"https:\/\/medicina.udd.cl\/icim\/#website\"},\"datePublished\":\"2021-04-09T17:35:43+00:00\",\"dateModified\":\"2021-07-29T14:08:40+00:00\",\"breadcrumb\":{\"@id\":\"https:\/\/medicina.udd.cl\/icim\/areas-de-investigacion\/programa-hantavirus-y-zoonosis\/#breadcrumb\"},\"inLanguage\":\"es\",\"potentialAction\":[{\"@type\":\"ReadAction\",\"target\":[\"https:\/\/medicina.udd.cl\/icim\/areas-de-investigacion\/programa-hantavirus-y-zoonosis\/\"]}]},{\"@type\":\"BreadcrumbList\",\"@id\":\"https:\/\/medicina.udd.cl\/icim\/areas-de-investigacion\/programa-hantavirus-y-zoonosis\/#breadcrumb\",\"itemListElement\":[{\"@type\":\"ListItem\",\"position\":1,\"name\":\"Inicio\",\"item\":\"https:\/\/medicina.udd.cl\/icim\/\"},{\"@type\":\"ListItem\",\"position\":2,\"name\":\"Centros y programas\",\"item\":\"https:\/\/medicina.udd.cl\/icim\/areas-de-investigacion\/\"},{\"@type\":\"ListItem\",\"position\":3,\"name\":\"Programa Hantavirus y Zoonosis\"}]},{\"@type\":\"WebSite\",\"@id\":\"https:\/\/medicina.udd.cl\/icim\/#website\",\"url\":\"https:\/\/medicina.udd.cl\/icim\/\",\"name\":\"ICIM\",\"description\":\"Una iniciativa de Universidad del Desarrollo y Cl\u00ednica Alemana\",\"inLanguage\":\"es\"}]}<\/script>\n<!-- \/ Yoast SEO plugin. -->","yoast_head_json":{"title":"Programa Hantavirus y Zoonosis - ICIM","robots":{"index":"index","follow":"follow","max-snippet":"max-snippet:-1","max-image-preview":"max-image-preview:large","max-video-preview":"max-video-preview:-1"},"canonical":"https:\/\/medicina.udd.cl\/icim\/areas-de-investigacion\/programa-hantavirus-y-zoonosis\/","og_locale":"es_ES","og_type":"article","og_title":"Programa Hantavirus y Zoonosis - ICIM","og_description":"Equipo multidisciplinario dedicado a investigar, capacitar y educar en relaci\u00f3n a transmisi\u00f3n, factores de riesgo y mecanismos de la infecci\u00f3n por hantavirus. Adem\u00e1s, busca generar conocimiento y preparaci\u00f3n para reducir la morbilidad y mortalidad de la infecci\u00f3n por hantavirus, as\u00ed como estimular la comunicaci\u00f3n y colaboraci\u00f3n entre la academia y autoridades de salud para desarrollar [&hellip;]","og_url":"https:\/\/medicina.udd.cl\/icim\/areas-de-investigacion\/programa-hantavirus-y-zoonosis\/","og_site_name":"ICIM","article_modified_time":"2021-07-29T14:08:40+00:00","twitter_card":"summary_large_image","schema":{"@context":"https:\/\/schema.org","@graph":[{"@type":"WebPage","@id":"https:\/\/medicina.udd.cl\/icim\/areas-de-investigacion\/programa-hantavirus-y-zoonosis\/","url":"https:\/\/medicina.udd.cl\/icim\/areas-de-investigacion\/programa-hantavirus-y-zoonosis\/","name":"Programa Hantavirus y Zoonosis - ICIM","isPartOf":{"@id":"https:\/\/medicina.udd.cl\/icim\/#website"},"datePublished":"2021-04-09T17:35:43+00:00","dateModified":"2021-07-29T14:08:40+00:00","breadcrumb":{"@id":"https:\/\/medicina.udd.cl\/icim\/areas-de-investigacion\/programa-hantavirus-y-zoonosis\/#breadcrumb"},"inLanguage":"es","potentialAction":[{"@type":"ReadAction","target":["https:\/\/medicina.udd.cl\/icim\/areas-de-investigacion\/programa-hantavirus-y-zoonosis\/"]}]},{"@type":"BreadcrumbList","@id":"https:\/\/medicina.udd.cl\/icim\/areas-de-investigacion\/programa-hantavirus-y-zoonosis\/#breadcrumb","itemListElement":[{"@type":"ListItem","position":1,"name":"Inicio","item":"https:\/\/medicina.udd.cl\/icim\/"},{"@type":"ListItem","position":2,"name":"Centros y programas","item":"https:\/\/medicina.udd.cl\/icim\/areas-de-investigacion\/"},{"@type":"ListItem","position":3,"name":"Programa Hantavirus y Zoonosis"}]},{"@type":"WebSite","@id":"https:\/\/medicina.udd.cl\/icim\/#website","url":"https:\/\/medicina.udd.cl\/icim\/","name":"ICIM","description":"Una iniciativa de Universidad del Desarrollo y Cl\u00ednica Alemana","inLanguage":"es"}]}},"_links":{"self":[{"href":"https:\/\/medicina.udd.cl\/icim\/wp-json\/wp\/v2\/pages\/9399","targetHints":{"allow":["GET"]}}],"collection":[{"href":"https:\/\/medicina.udd.cl\/icim\/wp-json\/wp\/v2\/pages"}],"about":[{"href":"https:\/\/medicina.udd.cl\/icim\/wp-json\/wp\/v2\/types\/page"}],"author":[{"embeddable":true,"href":"https:\/\/medicina.udd.cl\/icim\/wp-json\/wp\/v2\/users\/9192221"}],"replies":[{"embeddable":true,"href":"https:\/\/medicina.udd.cl\/icim\/wp-json\/wp\/v2\/comments?post=9399"}],"version-history":[{"count":3,"href":"https:\/\/medicina.udd.cl\/icim\/wp-json\/wp\/v2\/pages\/9399\/revisions"}],"predecessor-version":[{"id":12270,"href":"https:\/\/medicina.udd.cl\/icim\/wp-json\/wp\/v2\/pages\/9399\/revisions\/12270"}],"up":[{"embeddable":true,"href":"https:\/\/medicina.udd.cl\/icim\/wp-json\/wp\/v2\/pages\/14"}],"wp:attachment":[{"href":"https:\/\/medicina.udd.cl\/icim\/wp-json\/wp\/v2\/media?parent=9399"}],"curies":[{"name":"wp","href":"https:\/\/api.w.org\/{rel}","templated":true}]}}