{"id":9404,"date":"2021-04-09T13:36:30","date_gmt":"2021-04-09T17:36:30","guid":{"rendered":"http:\/\/medicina.udd.cl\/icim\/?page_id=9404"},"modified":"2021-04-09T13:36:30","modified_gmt":"2021-04-09T17:36:30","slug":"programa-de-comunicacion-celular-en-cancer","status":"publish","type":"page","link":"https:\/\/medicina.udd.cl\/icim\/areas-de-investigacion\/programa-de-comunicacion-celular-en-cancer\/","title":{"rendered":"Programa de Comunicaci\u00f3n Celular en c\u00e1ncer"},"content":{"rendered":"\n<div class=\"wp-block-image\"><figure class=\"alignright\"><img loading=\"lazy\" decoding=\"async\" width=\"300\" height=\"192\" src=\"\/\/medicina.udd.cl\/icim\/files\/2018\/12\/IMG_7355-300x192.jpg\" alt=\"\" class=\"wp-image-7448\" srcset=\"https:\/\/medicina.udd.cl\/icim\/files\/2018\/12\/IMG_7355-300x192.jpg 300w, https:\/\/medicina.udd.cl\/icim\/files\/2018\/12\/IMG_7355-768x492.jpg 768w, https:\/\/medicina.udd.cl\/icim\/files\/2018\/12\/IMG_7355-1024x657.jpg 1024w\" sizes=\"auto, (max-width: 300px) 100vw, 300px\" \/><\/figure><\/div>\n\n\n\n<p>El c\u00e1ncer es la enfermedad que causa m\u00e1s muertes en el mundo y Chile no es ajeno a esto. A pesar de lo mucho que se ha avanzado en comprender la biolog\u00eda del c\u00e1ncer, en muchos casos a\u00fan sigue siendo una enfermedad incurable.<\/p>\n\n\n\n<p>En t\u00e9rminos simples, el c\u00e1ncer implica cambios biol\u00f3gicos en la c\u00e9lula, lo que causa una divisi\u00f3n descontrolada de \u00e9sta. Adicionalmente, otro fen\u00f3meno de esta enfermedad es la met\u00e1stasis, proceso por el cual las c\u00e9lulas del tumor viajan a otros tejidos sanos, se alojan y comienzan a proliferar y generar otro tumor. En todos estos procesos, la comunicaci\u00f3n celular tiene un rol fundamental.<\/p>\n\n\n\n<p>Nuestro programa est\u00e1 enfocado en la comunicaci\u00f3n celular mediada por conexinas, que son prote\u00ednas de membrana que forman canales que permiten tanto la comunicaci\u00f3n directa entre las c\u00e9lulas (mediante canales de uniones en hendidura), as\u00ed como la liberaci\u00f3n de se\u00f1ales al medio extracelular (mediante hemicanales).<\/p>\n\n\n\n<p>Un aspecto importante de la comunicaci\u00f3n celular en c\u00e1ncer es la producci\u00f3n y liberaci\u00f3n de exosomas, que son ves\u00edculas peque\u00f1as que, en su interior, contienen informaci\u00f3n como prote\u00ednas, miRNAs (micro RNAs) y l\u00edpidos, entre otros, la cual es vital para la generaci\u00f3n de nuevas met\u00e1stasis.<\/p>\n\n\n\n<p>En este contexto, nuestro objetivo como Programa de Comunicaci\u00f3n Celular en c\u00e1ncer es entender la c\u00f3mo conversan las c\u00e9lulas entre ellas en esta enfermedad, a trav\u00e9s del estudio de las conexinas, lo que no excluye nuestro inter\u00e9s en otras formas de comunicaci\u00f3n celular. Este conocimiento nos permitir\u00e1 descubrir nuevos biomarcadores y terapias coadyuvantes en el tratamiento del c\u00e1ncer, y as\u00ed contribuir con tratamientos m\u00e1s eficaces o con menos efectos secundarios, garantizando una mejora en la calidad de vida de los pacientes.<\/p>\n\n\n\n<p>Nuestro programa es parte del Centro de Fisiolog\u00eda Celular e Integrativa, perteneciente al Instituto de Ciencias e Innovaci\u00f3n en Medicina (ICIM) y tiene actualmente un proyecto en conjunto con Cl\u00ednica Alemana sobre c\u00e1ncer de mama, adem\u00e1s de un trabajo en ciencia b\u00e1sica financiado por un Fondecyt Regular sobre mecanismos de control de la Conexina 46 (Cx46). Adem\u00e1s, trabajan en el programa un postdoctorado y tres alumnas de doctorado, donde la tesis de dos de ellas est\u00e1 enfocada en el papel de la Cx46 en c\u00e1ncer.<\/p>\n\n\n\n<p>En todos estos proyectos se utilizan variadas y modernas t\u00e9cnicas que incluyen electrofisiolog\u00eda, biolog\u00eda celular y biolog\u00eda molecular.<\/p>\n","protected":false},"excerpt":{"rendered":"<p>El c\u00e1ncer es la enfermedad que causa m\u00e1s muertes en el mundo y Chile no es ajeno a esto. A pesar de lo mucho que se ha avanzado en comprender la biolog\u00eda del c\u00e1ncer, en muchos casos a\u00fan sigue siendo una enfermedad incurable. En t\u00e9rminos simples, el c\u00e1ncer implica cambios biol\u00f3gicos en la c\u00e9lula, lo [&hellip;]<\/p>\n","protected":false},"author":9192221,"featured_media":0,"parent":14,"menu_order":0,"comment_status":"closed","ping_status":"closed","template":"","meta":{"footnotes":""},"class_list":["post-9404","page","type-page","status-publish","hentry"],"yoast_head":"<!-- This site is optimized with the Yoast SEO plugin v26.9 - https:\/\/yoast.com\/product\/yoast-seo-wordpress\/ -->\n<title>Programa de Comunicaci\u00f3n Celular en c\u00e1ncer - ICIM<\/title>\n<meta name=\"robots\" content=\"index, follow, max-snippet:-1, max-image-preview:large, max-video-preview:-1\" \/>\n<link rel=\"canonical\" href=\"https:\/\/medicina.udd.cl\/icim\/areas-de-investigacion\/programa-de-comunicacion-celular-en-cancer\/\" \/>\n<meta property=\"og:locale\" content=\"es_ES\" \/>\n<meta property=\"og:type\" content=\"article\" \/>\n<meta property=\"og:title\" content=\"Programa de Comunicaci\u00f3n Celular en c\u00e1ncer - ICIM\" \/>\n<meta property=\"og:description\" content=\"El c\u00e1ncer es la enfermedad que causa m\u00e1s muertes en el mundo y Chile no es ajeno a esto. A pesar de lo mucho que se ha avanzado en comprender la biolog\u00eda del c\u00e1ncer, en muchos casos a\u00fan sigue siendo una enfermedad incurable. En t\u00e9rminos simples, el c\u00e1ncer implica cambios biol\u00f3gicos en la c\u00e9lula, lo [&hellip;]\" \/>\n<meta property=\"og:url\" content=\"https:\/\/medicina.udd.cl\/icim\/areas-de-investigacion\/programa-de-comunicacion-celular-en-cancer\/\" \/>\n<meta property=\"og:site_name\" content=\"ICIM\" \/>\n<meta name=\"twitter:card\" content=\"summary_large_image\" \/>\n<meta name=\"twitter:label1\" content=\"Tiempo de lectura\" \/>\n\t<meta name=\"twitter:data1\" content=\"2 minutos\" \/>\n<script type=\"application\/ld+json\" class=\"yoast-schema-graph\">{\"@context\":\"https:\/\/schema.org\",\"@graph\":[{\"@type\":\"WebPage\",\"@id\":\"https:\/\/medicina.udd.cl\/icim\/areas-de-investigacion\/programa-de-comunicacion-celular-en-cancer\/\",\"url\":\"https:\/\/medicina.udd.cl\/icim\/areas-de-investigacion\/programa-de-comunicacion-celular-en-cancer\/\",\"name\":\"Programa de Comunicaci\u00f3n Celular en c\u00e1ncer - ICIM\",\"isPartOf\":{\"@id\":\"https:\/\/medicina.udd.cl\/icim\/#website\"},\"datePublished\":\"2021-04-09T17:36:30+00:00\",\"breadcrumb\":{\"@id\":\"https:\/\/medicina.udd.cl\/icim\/areas-de-investigacion\/programa-de-comunicacion-celular-en-cancer\/#breadcrumb\"},\"inLanguage\":\"es\",\"potentialAction\":[{\"@type\":\"ReadAction\",\"target\":[\"https:\/\/medicina.udd.cl\/icim\/areas-de-investigacion\/programa-de-comunicacion-celular-en-cancer\/\"]}]},{\"@type\":\"BreadcrumbList\",\"@id\":\"https:\/\/medicina.udd.cl\/icim\/areas-de-investigacion\/programa-de-comunicacion-celular-en-cancer\/#breadcrumb\",\"itemListElement\":[{\"@type\":\"ListItem\",\"position\":1,\"name\":\"Inicio\",\"item\":\"https:\/\/medicina.udd.cl\/icim\/\"},{\"@type\":\"ListItem\",\"position\":2,\"name\":\"Centros y programas\",\"item\":\"https:\/\/medicina.udd.cl\/icim\/areas-de-investigacion\/\"},{\"@type\":\"ListItem\",\"position\":3,\"name\":\"Programa de Comunicaci\u00f3n Celular en c\u00e1ncer\"}]},{\"@type\":\"WebSite\",\"@id\":\"https:\/\/medicina.udd.cl\/icim\/#website\",\"url\":\"https:\/\/medicina.udd.cl\/icim\/\",\"name\":\"ICIM\",\"description\":\"Una iniciativa de Universidad del Desarrollo y Cl\u00ednica Alemana\",\"inLanguage\":\"es\"}]}<\/script>\n<!-- \/ Yoast SEO plugin. -->","yoast_head_json":{"title":"Programa de Comunicaci\u00f3n Celular en c\u00e1ncer - ICIM","robots":{"index":"index","follow":"follow","max-snippet":"max-snippet:-1","max-image-preview":"max-image-preview:large","max-video-preview":"max-video-preview:-1"},"canonical":"https:\/\/medicina.udd.cl\/icim\/areas-de-investigacion\/programa-de-comunicacion-celular-en-cancer\/","og_locale":"es_ES","og_type":"article","og_title":"Programa de Comunicaci\u00f3n Celular en c\u00e1ncer - ICIM","og_description":"El c\u00e1ncer es la enfermedad que causa m\u00e1s muertes en el mundo y Chile no es ajeno a esto. A pesar de lo mucho que se ha avanzado en comprender la biolog\u00eda del c\u00e1ncer, en muchos casos a\u00fan sigue siendo una enfermedad incurable. En t\u00e9rminos simples, el c\u00e1ncer implica cambios biol\u00f3gicos en la c\u00e9lula, lo [&hellip;]","og_url":"https:\/\/medicina.udd.cl\/icim\/areas-de-investigacion\/programa-de-comunicacion-celular-en-cancer\/","og_site_name":"ICIM","twitter_card":"summary_large_image","twitter_misc":{"Tiempo de lectura":"2 minutos"},"schema":{"@context":"https:\/\/schema.org","@graph":[{"@type":"WebPage","@id":"https:\/\/medicina.udd.cl\/icim\/areas-de-investigacion\/programa-de-comunicacion-celular-en-cancer\/","url":"https:\/\/medicina.udd.cl\/icim\/areas-de-investigacion\/programa-de-comunicacion-celular-en-cancer\/","name":"Programa de Comunicaci\u00f3n Celular en c\u00e1ncer - ICIM","isPartOf":{"@id":"https:\/\/medicina.udd.cl\/icim\/#website"},"datePublished":"2021-04-09T17:36:30+00:00","breadcrumb":{"@id":"https:\/\/medicina.udd.cl\/icim\/areas-de-investigacion\/programa-de-comunicacion-celular-en-cancer\/#breadcrumb"},"inLanguage":"es","potentialAction":[{"@type":"ReadAction","target":["https:\/\/medicina.udd.cl\/icim\/areas-de-investigacion\/programa-de-comunicacion-celular-en-cancer\/"]}]},{"@type":"BreadcrumbList","@id":"https:\/\/medicina.udd.cl\/icim\/areas-de-investigacion\/programa-de-comunicacion-celular-en-cancer\/#breadcrumb","itemListElement":[{"@type":"ListItem","position":1,"name":"Inicio","item":"https:\/\/medicina.udd.cl\/icim\/"},{"@type":"ListItem","position":2,"name":"Centros y programas","item":"https:\/\/medicina.udd.cl\/icim\/areas-de-investigacion\/"},{"@type":"ListItem","position":3,"name":"Programa de Comunicaci\u00f3n Celular en c\u00e1ncer"}]},{"@type":"WebSite","@id":"https:\/\/medicina.udd.cl\/icim\/#website","url":"https:\/\/medicina.udd.cl\/icim\/","name":"ICIM","description":"Una iniciativa de Universidad del Desarrollo y Cl\u00ednica Alemana","inLanguage":"es"}]}},"_links":{"self":[{"href":"https:\/\/medicina.udd.cl\/icim\/wp-json\/wp\/v2\/pages\/9404","targetHints":{"allow":["GET"]}}],"collection":[{"href":"https:\/\/medicina.udd.cl\/icim\/wp-json\/wp\/v2\/pages"}],"about":[{"href":"https:\/\/medicina.udd.cl\/icim\/wp-json\/wp\/v2\/types\/page"}],"author":[{"embeddable":true,"href":"https:\/\/medicina.udd.cl\/icim\/wp-json\/wp\/v2\/users\/9192221"}],"replies":[{"embeddable":true,"href":"https:\/\/medicina.udd.cl\/icim\/wp-json\/wp\/v2\/comments?post=9404"}],"version-history":[{"count":1,"href":"https:\/\/medicina.udd.cl\/icim\/wp-json\/wp\/v2\/pages\/9404\/revisions"}],"predecessor-version":[{"id":9405,"href":"https:\/\/medicina.udd.cl\/icim\/wp-json\/wp\/v2\/pages\/9404\/revisions\/9405"}],"up":[{"embeddable":true,"href":"https:\/\/medicina.udd.cl\/icim\/wp-json\/wp\/v2\/pages\/14"}],"wp:attachment":[{"href":"https:\/\/medicina.udd.cl\/icim\/wp-json\/wp\/v2\/media?parent=9404"}],"curies":[{"name":"wp","href":"https:\/\/api.w.org\/{rel}","templated":true}]}}