{"id":9406,"date":"2021-04-09T13:37:25","date_gmt":"2021-04-09T17:37:25","guid":{"rendered":"http:\/\/medicina.udd.cl\/icim\/?page_id=9406"},"modified":"2021-04-09T13:37:26","modified_gmt":"2021-04-09T17:37:26","slug":"observatorio-de-bioetica-y-derecho","status":"publish","type":"page","link":"https:\/\/medicina.udd.cl\/icim\/areas-de-investigacion\/observatorio-de-bioetica-y-derecho\/","title":{"rendered":"Observatorio de Bio\u00e9tica y Derecho"},"content":{"rendered":"\n<p>El <strong>Observatorio de Bio\u00e9tica y Derecho <\/strong>examina las regulaciones relativas a la investigaci\u00f3n biom\u00e9dica y la salud, comprendiendo los ensayos cl\u00ednicos con productos farmac\u00e9uticos y biol\u00f3gicos para uso humano, la protecci\u00f3n de datos personales y la telesalud, como asimismo las regulaciones de las biotecnolog\u00edas vegetal y animal, con la finalidad de evaluar los impactos \u00e9ticos, jur\u00eddicos y sociales, y contribuir a las pol\u00edticas p\u00fablicas regulatorias a nivel nacional.<\/p>\n\n\n\n<p><strong>Capacidades y servicios<\/strong><\/p>\n\n\n\n<ul class=\"wp-block-list\"><li>Efectuar diagn\u00f3sticos en torno a regulaciones existentes en el \u00e1mbito de la biomedicina y las aplicaciones biotecnol\u00f3gicas e identificar sus potenciales impactos \u00e9ticos, jur\u00eddicos, sociales y pol\u00edticos.<\/li><li>Elaborar propuestas normativas para mejorar la regulaci\u00f3n actual en el \u00e1mbito de la biomedicina, las aplicaciones biotecnol\u00f3gicas y la salud digital.<\/li><li>Participar y liderar mesas de trabajo nacionales e internacionales para el desarrollo e implementaci\u00f3n del marco regulatorio para telemedicina, medicina regenerativa, bancos de datos gen\u00e9tico y biobancos de recursos gen\u00e9ticos vegetal y animal en Chile cumpliendo con est\u00e1ndares<\/li><li>Asesorar en el \u00e1mbito regulatorio a proyectos de I+D y emprendimientos relacionados con biomedicina, salud digital y aplicaciones biotecnol\u00f3gicas.<\/li><li>Asesorar en la identificaci\u00f3n y documentaci\u00f3n jur\u00eddica que debe formar parte del dossier tecnol\u00f3gico de tecnolog\u00edas en desarrollo en el \u00e1rea de biomedicina, salud digital y aplicaciones biotecnol\u00f3gicas.<\/li><\/ul>\n\n\n\n<ul class=\"wp-block-list\"><li>Desarrollar y elaborar modelos de consentimiento informado y contenido regulatorio para el manejo de ensayos cl\u00ednicos, biobancos y gen\u00e9tica cl\u00ednica.<\/li><li>Facilitar a los investigadores la interpretaci\u00f3n de las regulaciones jur\u00eddicas vigentes que recaen sobre sus proyectos de investigaci\u00f3n.<\/li><li>Promover buenas pr\u00e1cticas y cumplimiento de est\u00e1ndares regulatorios con los investigadores que realizan proyectos de investigaci\u00f3n y desarrollo en materias biomedicina, salud digital y aplicaciones biotecnol\u00f3gicas.<\/li><li>Elaborar informes jur\u00eddicos que permitan identificar el camino regulatorio que deber\u00e1 seguir una tecnolog\u00eda tanto a nivel nacional como<\/li><li>Asesorar en la correcta planificaci\u00f3n, ejecuci\u00f3n e implementaci\u00f3n de un producto o servicio a partir de la investigaci\u00f3n en animales y seres humanos seg\u00fan marco regulatorio que lo<\/li><li>Difundir las nuevas pol\u00edticas y normas regulatorias en biomedicina, salud digital y aplicaciones biotecnol\u00f3gicas desarrolladas a nivel nacional e internacional a trav\u00e9s de cursos de pregrado y<\/li><\/ul>\n\n\n\n<p><strong><a href=\"http:\/\/medicina.udd.cl\/observatorio-bioetica-derecho\/\" target=\"_blank\" rel=\"noopener noreferrer\">M\u00e1s informaci\u00f3n: visita el sitio web del Observatorio de Bio\u00e9tica y Derecho<\/a><\/strong><\/p>\n","protected":false},"excerpt":{"rendered":"<p>El Observatorio de Bio\u00e9tica y Derecho examina las regulaciones relativas a la investigaci\u00f3n biom\u00e9dica y la salud, comprendiendo los ensayos cl\u00ednicos con productos farmac\u00e9uticos y biol\u00f3gicos para uso humano, la protecci\u00f3n de datos personales y la telesalud, como asimismo las regulaciones de las biotecnolog\u00edas vegetal y animal, con la finalidad de evaluar los impactos \u00e9ticos, [&hellip;]<\/p>\n","protected":false},"author":9192221,"featured_media":0,"parent":14,"menu_order":0,"comment_status":"closed","ping_status":"closed","template":"","meta":{"footnotes":""},"class_list":["post-9406","page","type-page","status-publish","hentry"],"yoast_head":"<!-- This site is optimized with the Yoast SEO plugin v26.9 - https:\/\/yoast.com\/product\/yoast-seo-wordpress\/ -->\n<title>Observatorio de Bio\u00e9tica y Derecho - ICIM<\/title>\n<meta name=\"robots\" content=\"index, follow, max-snippet:-1, max-image-preview:large, max-video-preview:-1\" \/>\n<link rel=\"canonical\" href=\"https:\/\/medicina.udd.cl\/icim\/areas-de-investigacion\/observatorio-de-bioetica-y-derecho\/\" \/>\n<meta property=\"og:locale\" content=\"es_ES\" \/>\n<meta property=\"og:type\" content=\"article\" \/>\n<meta property=\"og:title\" content=\"Observatorio de Bio\u00e9tica y Derecho - ICIM\" \/>\n<meta property=\"og:description\" content=\"El Observatorio de Bio\u00e9tica y Derecho examina las regulaciones relativas a la investigaci\u00f3n biom\u00e9dica y la salud, comprendiendo los ensayos cl\u00ednicos con productos farmac\u00e9uticos y biol\u00f3gicos para uso humano, la protecci\u00f3n de datos personales y la telesalud, como asimismo las regulaciones de las biotecnolog\u00edas vegetal y animal, con la finalidad de evaluar los impactos \u00e9ticos, [&hellip;]\" \/>\n<meta property=\"og:url\" content=\"https:\/\/medicina.udd.cl\/icim\/areas-de-investigacion\/observatorio-de-bioetica-y-derecho\/\" \/>\n<meta property=\"og:site_name\" content=\"ICIM\" \/>\n<meta property=\"article:modified_time\" content=\"2021-04-09T17:37:26+00:00\" \/>\n<meta name=\"twitter:card\" content=\"summary_large_image\" \/>\n<meta name=\"twitter:label1\" content=\"Tiempo de lectura\" \/>\n\t<meta name=\"twitter:data1\" content=\"2 minutos\" \/>\n<script type=\"application\/ld+json\" class=\"yoast-schema-graph\">{\"@context\":\"https:\/\/schema.org\",\"@graph\":[{\"@type\":\"WebPage\",\"@id\":\"https:\/\/medicina.udd.cl\/icim\/areas-de-investigacion\/observatorio-de-bioetica-y-derecho\/\",\"url\":\"https:\/\/medicina.udd.cl\/icim\/areas-de-investigacion\/observatorio-de-bioetica-y-derecho\/\",\"name\":\"Observatorio de Bio\u00e9tica y Derecho - ICIM\",\"isPartOf\":{\"@id\":\"https:\/\/medicina.udd.cl\/icim\/#website\"},\"datePublished\":\"2021-04-09T17:37:25+00:00\",\"dateModified\":\"2021-04-09T17:37:26+00:00\",\"breadcrumb\":{\"@id\":\"https:\/\/medicina.udd.cl\/icim\/areas-de-investigacion\/observatorio-de-bioetica-y-derecho\/#breadcrumb\"},\"inLanguage\":\"es\",\"potentialAction\":[{\"@type\":\"ReadAction\",\"target\":[\"https:\/\/medicina.udd.cl\/icim\/areas-de-investigacion\/observatorio-de-bioetica-y-derecho\/\"]}]},{\"@type\":\"BreadcrumbList\",\"@id\":\"https:\/\/medicina.udd.cl\/icim\/areas-de-investigacion\/observatorio-de-bioetica-y-derecho\/#breadcrumb\",\"itemListElement\":[{\"@type\":\"ListItem\",\"position\":1,\"name\":\"Inicio\",\"item\":\"https:\/\/medicina.udd.cl\/icim\/\"},{\"@type\":\"ListItem\",\"position\":2,\"name\":\"Centros y programas\",\"item\":\"https:\/\/medicina.udd.cl\/icim\/areas-de-investigacion\/\"},{\"@type\":\"ListItem\",\"position\":3,\"name\":\"Observatorio de Bio\u00e9tica y Derecho\"}]},{\"@type\":\"WebSite\",\"@id\":\"https:\/\/medicina.udd.cl\/icim\/#website\",\"url\":\"https:\/\/medicina.udd.cl\/icim\/\",\"name\":\"ICIM\",\"description\":\"Una iniciativa de Universidad del Desarrollo y Cl\u00ednica Alemana\",\"inLanguage\":\"es\"}]}<\/script>\n<!-- \/ Yoast SEO plugin. -->","yoast_head_json":{"title":"Observatorio de Bio\u00e9tica y Derecho - ICIM","robots":{"index":"index","follow":"follow","max-snippet":"max-snippet:-1","max-image-preview":"max-image-preview:large","max-video-preview":"max-video-preview:-1"},"canonical":"https:\/\/medicina.udd.cl\/icim\/areas-de-investigacion\/observatorio-de-bioetica-y-derecho\/","og_locale":"es_ES","og_type":"article","og_title":"Observatorio de Bio\u00e9tica y Derecho - ICIM","og_description":"El Observatorio de Bio\u00e9tica y Derecho examina las regulaciones relativas a la investigaci\u00f3n biom\u00e9dica y la salud, comprendiendo los ensayos cl\u00ednicos con productos farmac\u00e9uticos y biol\u00f3gicos para uso humano, la protecci\u00f3n de datos personales y la telesalud, como asimismo las regulaciones de las biotecnolog\u00edas vegetal y animal, con la finalidad de evaluar los impactos \u00e9ticos, [&hellip;]","og_url":"https:\/\/medicina.udd.cl\/icim\/areas-de-investigacion\/observatorio-de-bioetica-y-derecho\/","og_site_name":"ICIM","article_modified_time":"2021-04-09T17:37:26+00:00","twitter_card":"summary_large_image","twitter_misc":{"Tiempo de lectura":"2 minutos"},"schema":{"@context":"https:\/\/schema.org","@graph":[{"@type":"WebPage","@id":"https:\/\/medicina.udd.cl\/icim\/areas-de-investigacion\/observatorio-de-bioetica-y-derecho\/","url":"https:\/\/medicina.udd.cl\/icim\/areas-de-investigacion\/observatorio-de-bioetica-y-derecho\/","name":"Observatorio de Bio\u00e9tica y Derecho - ICIM","isPartOf":{"@id":"https:\/\/medicina.udd.cl\/icim\/#website"},"datePublished":"2021-04-09T17:37:25+00:00","dateModified":"2021-04-09T17:37:26+00:00","breadcrumb":{"@id":"https:\/\/medicina.udd.cl\/icim\/areas-de-investigacion\/observatorio-de-bioetica-y-derecho\/#breadcrumb"},"inLanguage":"es","potentialAction":[{"@type":"ReadAction","target":["https:\/\/medicina.udd.cl\/icim\/areas-de-investigacion\/observatorio-de-bioetica-y-derecho\/"]}]},{"@type":"BreadcrumbList","@id":"https:\/\/medicina.udd.cl\/icim\/areas-de-investigacion\/observatorio-de-bioetica-y-derecho\/#breadcrumb","itemListElement":[{"@type":"ListItem","position":1,"name":"Inicio","item":"https:\/\/medicina.udd.cl\/icim\/"},{"@type":"ListItem","position":2,"name":"Centros y programas","item":"https:\/\/medicina.udd.cl\/icim\/areas-de-investigacion\/"},{"@type":"ListItem","position":3,"name":"Observatorio de Bio\u00e9tica y Derecho"}]},{"@type":"WebSite","@id":"https:\/\/medicina.udd.cl\/icim\/#website","url":"https:\/\/medicina.udd.cl\/icim\/","name":"ICIM","description":"Una iniciativa de Universidad del Desarrollo y Cl\u00ednica Alemana","inLanguage":"es"}]}},"_links":{"self":[{"href":"https:\/\/medicina.udd.cl\/icim\/wp-json\/wp\/v2\/pages\/9406","targetHints":{"allow":["GET"]}}],"collection":[{"href":"https:\/\/medicina.udd.cl\/icim\/wp-json\/wp\/v2\/pages"}],"about":[{"href":"https:\/\/medicina.udd.cl\/icim\/wp-json\/wp\/v2\/types\/page"}],"author":[{"embeddable":true,"href":"https:\/\/medicina.udd.cl\/icim\/wp-json\/wp\/v2\/users\/9192221"}],"replies":[{"embeddable":true,"href":"https:\/\/medicina.udd.cl\/icim\/wp-json\/wp\/v2\/comments?post=9406"}],"version-history":[{"count":1,"href":"https:\/\/medicina.udd.cl\/icim\/wp-json\/wp\/v2\/pages\/9406\/revisions"}],"predecessor-version":[{"id":9407,"href":"https:\/\/medicina.udd.cl\/icim\/wp-json\/wp\/v2\/pages\/9406\/revisions\/9407"}],"up":[{"embeddable":true,"href":"https:\/\/medicina.udd.cl\/icim\/wp-json\/wp\/v2\/pages\/14"}],"wp:attachment":[{"href":"https:\/\/medicina.udd.cl\/icim\/wp-json\/wp\/v2\/media?parent=9406"}],"curies":[{"name":"wp","href":"https:\/\/api.w.org\/{rel}","templated":true}]}}