{"id":101,"date":"2025-09-05T14:24:15","date_gmt":"2025-09-05T18:24:15","guid":{"rendered":"https:\/\/medicina.udd.cl\/innovatm\/?page_id=101"},"modified":"2025-09-16T11:35:41","modified_gmt":"2025-09-16T14:35:41","slug":"prototipos-y-patentes","status":"publish","type":"page","link":"https:\/\/medicina.udd.cl\/innovatm\/prototipos-y-patentes\/","title":{"rendered":"Galer\u00eda de ideas"},"content":{"rendered":"\n<h2 class=\"wp-block-heading\"><strong>Modelos 3D: Pelvis y cadera para la comprensi\u00f3n anat\u00f3mica y de la patolog\u00eda del Pinzamiento Femoro-acetabular<\/strong>:<\/h2>\n\n\n\n<figure class=\"wp-block-gallery has-nested-images columns-default is-cropped wp-block-gallery-1 is-layout-flex wp-block-gallery-is-layout-flex\">\n<figure class=\"wp-block-image size-large\"><img loading=\"lazy\" decoding=\"async\" width=\"1024\" height=\"894\" data-id=\"227\" src=\"https:\/\/medicina.udd.cl\/innovatm\/files\/2025\/09\/cadera-1-1024x894.jpg\" alt=\"\" class=\"wp-image-227\" srcset=\"https:\/\/medicina.udd.cl\/innovatm\/files\/2025\/09\/cadera-1-1024x894.jpg 1024w, https:\/\/medicina.udd.cl\/innovatm\/files\/2025\/09\/cadera-1-300x262.jpg 300w, https:\/\/medicina.udd.cl\/innovatm\/files\/2025\/09\/cadera-1-768x671.jpg 768w, https:\/\/medicina.udd.cl\/innovatm\/files\/2025\/09\/cadera-1-1536x1341.jpg 1536w, https:\/\/medicina.udd.cl\/innovatm\/files\/2025\/09\/cadera-1-2048x1788.jpg 2048w\" sizes=\"auto, (max-width: 1024px) 100vw, 1024px\" \/><\/figure>\n\n\n\n<figure class=\"wp-block-image size-large\"><img loading=\"lazy\" decoding=\"async\" width=\"1024\" height=\"1014\" data-id=\"229\" src=\"https:\/\/medicina.udd.cl\/innovatm\/files\/2025\/09\/cadera-angulo-1024x1014.jpg\" alt=\"\" class=\"wp-image-229\" srcset=\"https:\/\/medicina.udd.cl\/innovatm\/files\/2025\/09\/cadera-angulo-1024x1014.jpg 1024w, https:\/\/medicina.udd.cl\/innovatm\/files\/2025\/09\/cadera-angulo-300x297.jpg 300w, https:\/\/medicina.udd.cl\/innovatm\/files\/2025\/09\/cadera-angulo-150x150.jpg 150w, https:\/\/medicina.udd.cl\/innovatm\/files\/2025\/09\/cadera-angulo-768x761.jpg 768w, https:\/\/medicina.udd.cl\/innovatm\/files\/2025\/09\/cadera-angulo-62x62.jpg 62w, https:\/\/medicina.udd.cl\/innovatm\/files\/2025\/09\/cadera-angulo-126x126.jpg 126w, https:\/\/medicina.udd.cl\/innovatm\/files\/2025\/09\/cadera-angulo.jpg 1442w\" sizes=\"auto, (max-width: 1024px) 100vw, 1024px\" \/><\/figure>\n\n\n\n<figure class=\"wp-block-image size-large\"><img loading=\"lazy\" decoding=\"async\" width=\"768\" height=\"1024\" data-id=\"228\" src=\"https:\/\/medicina.udd.cl\/innovatm\/files\/2025\/09\/femur-ap-768x1024.jpg\" alt=\"\" class=\"wp-image-228\" srcset=\"https:\/\/medicina.udd.cl\/innovatm\/files\/2025\/09\/femur-ap-768x1024.jpg 768w, https:\/\/medicina.udd.cl\/innovatm\/files\/2025\/09\/femur-ap-225x300.jpg 225w, https:\/\/medicina.udd.cl\/innovatm\/files\/2025\/09\/femur-ap-1152x1536.jpg 1152w, https:\/\/medicina.udd.cl\/innovatm\/files\/2025\/09\/femur-ap-1536x2048.jpg 1536w, https:\/\/medicina.udd.cl\/innovatm\/files\/2025\/09\/femur-ap-scaled.jpg 1920w\" sizes=\"auto, (max-width: 768px) 100vw, 768px\" \/><\/figure>\n<\/figure>\n\n\n\n<h2 class=\"wp-block-heading\"><strong>Modelos 3D: Pelvis y cadera para la comprensi\u00f3n anat\u00f3mico de la columna lumbar<\/strong>:<\/h2>\n\n\n\n<figure class=\"wp-block-gallery has-nested-images columns-default is-cropped wp-block-gallery-2 is-layout-flex wp-block-gallery-is-layout-flex\">\n<figure class=\"wp-block-image size-large\"><img loading=\"lazy\" decoding=\"async\" width=\"768\" height=\"1024\" data-id=\"231\" src=\"https:\/\/medicina.udd.cl\/innovatm\/files\/2025\/09\/col-lumbar-1-768x1024.jpg\" alt=\"\" class=\"wp-image-231\" srcset=\"https:\/\/medicina.udd.cl\/innovatm\/files\/2025\/09\/col-lumbar-1-768x1024.jpg 768w, https:\/\/medicina.udd.cl\/innovatm\/files\/2025\/09\/col-lumbar-1-225x300.jpg 225w, https:\/\/medicina.udd.cl\/innovatm\/files\/2025\/09\/col-lumbar-1.jpg 960w\" sizes=\"auto, (max-width: 768px) 100vw, 768px\" \/><\/figure>\n\n\n\n<figure class=\"wp-block-image size-large\"><img loading=\"lazy\" decoding=\"async\" width=\"768\" height=\"1024\" data-id=\"232\" src=\"https:\/\/medicina.udd.cl\/innovatm\/files\/2025\/09\/col-lumbar-2-768x1024.jpg\" alt=\"\" class=\"wp-image-232\" srcset=\"https:\/\/medicina.udd.cl\/innovatm\/files\/2025\/09\/col-lumbar-2-768x1024.jpg 768w, https:\/\/medicina.udd.cl\/innovatm\/files\/2025\/09\/col-lumbar-2-225x300.jpg 225w, https:\/\/medicina.udd.cl\/innovatm\/files\/2025\/09\/col-lumbar-2.jpg 960w\" sizes=\"auto, (max-width: 768px) 100vw, 768px\" \/><\/figure>\n<\/figure>\n","protected":false},"excerpt":{"rendered":"<p>Modelos 3D: Pelvis y cadera para la comprensi\u00f3n anat\u00f3mica y de la patolog\u00eda del Pinzamiento Femoro-acetabular: Modelos 3D: Pelvis y cadera para la comprensi\u00f3n anat\u00f3mico de la columna lumbar:<\/p>\n","protected":false},"author":9192254,"featured_media":0,"parent":0,"menu_order":0,"comment_status":"closed","ping_status":"closed","template":"","meta":{"footnotes":""},"class_list":["post-101","page","type-page","status-publish","hentry"],"yoast_head":"<!-- This site is optimized with the Yoast SEO plugin v26.9 - https:\/\/yoast.com\/product\/yoast-seo-wordpress\/ -->\n<title>Galer\u00eda de ideas - Innova Tecnolog\u00eda M\u00e9dica<\/title>\n<meta name=\"robots\" content=\"index, follow, max-snippet:-1, max-image-preview:large, max-video-preview:-1\" \/>\n<link rel=\"canonical\" href=\"https:\/\/medicina.udd.cl\/innovatm\/prototipos-y-patentes\/\" \/>\n<meta property=\"og:locale\" content=\"es_ES\" \/>\n<meta property=\"og:type\" content=\"article\" \/>\n<meta property=\"og:title\" content=\"Galer\u00eda de ideas - Innova Tecnolog\u00eda M\u00e9dica\" \/>\n<meta property=\"og:description\" content=\"Modelos 3D: Pelvis y cadera para la comprensi\u00f3n anat\u00f3mica y de la patolog\u00eda del Pinzamiento Femoro-acetabular: Modelos 3D: Pelvis y cadera para la comprensi\u00f3n anat\u00f3mico de la columna lumbar:\" \/>\n<meta property=\"og:url\" content=\"https:\/\/medicina.udd.cl\/innovatm\/prototipos-y-patentes\/\" \/>\n<meta property=\"og:site_name\" content=\"Innova Tecnolog\u00eda M\u00e9dica\" \/>\n<meta property=\"article:modified_time\" content=\"2025-09-16T14:35:41+00:00\" \/>\n<meta property=\"og:image\" content=\"https:\/\/medicina.udd.cl\/innovatm\/files\/2025\/09\/cadera-1.jpg\" \/>\n\t<meta property=\"og:image:width\" content=\"2200\" \/>\n\t<meta property=\"og:image:height\" content=\"1921\" \/>\n\t<meta property=\"og:image:type\" content=\"image\/jpeg\" \/>\n<meta name=\"twitter:card\" content=\"summary_large_image\" \/>\n<meta name=\"twitter:label1\" content=\"Tiempo de lectura\" \/>\n\t<meta name=\"twitter:data1\" content=\"2 minutos\" \/>\n<script type=\"application\/ld+json\" class=\"yoast-schema-graph\">{\"@context\":\"https:\/\/schema.org\",\"@graph\":[{\"@type\":\"WebPage\",\"@id\":\"https:\/\/medicina.udd.cl\/innovatm\/prototipos-y-patentes\/\",\"url\":\"https:\/\/medicina.udd.cl\/innovatm\/prototipos-y-patentes\/\",\"name\":\"Galer\u00eda de ideas - Innova Tecnolog\u00eda M\u00e9dica\",\"isPartOf\":{\"@id\":\"https:\/\/medicina.udd.cl\/innovatm\/#website\"},\"primaryImageOfPage\":{\"@id\":\"https:\/\/medicina.udd.cl\/innovatm\/prototipos-y-patentes\/#primaryimage\"},\"image\":{\"@id\":\"https:\/\/medicina.udd.cl\/innovatm\/prototipos-y-patentes\/#primaryimage\"},\"thumbnailUrl\":\"https:\/\/medicina.udd.cl\/innovatm\/files\/2025\/09\/cadera-1-1024x894.jpg\",\"datePublished\":\"2025-09-05T18:24:15+00:00\",\"dateModified\":\"2025-09-16T14:35:41+00:00\",\"inLanguage\":\"es\",\"potentialAction\":[{\"@type\":\"ReadAction\",\"target\":[\"https:\/\/medicina.udd.cl\/innovatm\/prototipos-y-patentes\/\"]}]},{\"@type\":\"ImageObject\",\"inLanguage\":\"es\",\"@id\":\"https:\/\/medicina.udd.cl\/innovatm\/prototipos-y-patentes\/#primaryimage\",\"url\":\"https:\/\/medicina.udd.cl\/innovatm\/files\/2025\/09\/cadera-1.jpg\",\"contentUrl\":\"https:\/\/medicina.udd.cl\/innovatm\/files\/2025\/09\/cadera-1.jpg\",\"width\":2200,\"height\":1921},{\"@type\":\"WebSite\",\"@id\":\"https:\/\/medicina.udd.cl\/innovatm\/#website\",\"url\":\"https:\/\/medicina.udd.cl\/innovatm\/\",\"name\":\"Innova Tecnolog\u00eda M\u00e9dica\",\"description\":\"\",\"inLanguage\":\"es\"}]}<\/script>\n<!-- \/ Yoast SEO plugin. -->","yoast_head_json":{"title":"Galer\u00eda de ideas - Innova Tecnolog\u00eda M\u00e9dica","robots":{"index":"index","follow":"follow","max-snippet":"max-snippet:-1","max-image-preview":"max-image-preview:large","max-video-preview":"max-video-preview:-1"},"canonical":"https:\/\/medicina.udd.cl\/innovatm\/prototipos-y-patentes\/","og_locale":"es_ES","og_type":"article","og_title":"Galer\u00eda de ideas - Innova Tecnolog\u00eda M\u00e9dica","og_description":"Modelos 3D: Pelvis y cadera para la comprensi\u00f3n anat\u00f3mica y de la patolog\u00eda del Pinzamiento Femoro-acetabular: Modelos 3D: Pelvis y cadera para la comprensi\u00f3n anat\u00f3mico de la columna lumbar:","og_url":"https:\/\/medicina.udd.cl\/innovatm\/prototipos-y-patentes\/","og_site_name":"Innova Tecnolog\u00eda M\u00e9dica","article_modified_time":"2025-09-16T14:35:41+00:00","og_image":[{"width":2200,"height":1921,"url":"https:\/\/medicina.udd.cl\/innovatm\/files\/2025\/09\/cadera-1.jpg","type":"image\/jpeg"}],"twitter_card":"summary_large_image","twitter_misc":{"Tiempo de lectura":"2 minutos"},"schema":{"@context":"https:\/\/schema.org","@graph":[{"@type":"WebPage","@id":"https:\/\/medicina.udd.cl\/innovatm\/prototipos-y-patentes\/","url":"https:\/\/medicina.udd.cl\/innovatm\/prototipos-y-patentes\/","name":"Galer\u00eda de ideas - Innova Tecnolog\u00eda M\u00e9dica","isPartOf":{"@id":"https:\/\/medicina.udd.cl\/innovatm\/#website"},"primaryImageOfPage":{"@id":"https:\/\/medicina.udd.cl\/innovatm\/prototipos-y-patentes\/#primaryimage"},"image":{"@id":"https:\/\/medicina.udd.cl\/innovatm\/prototipos-y-patentes\/#primaryimage"},"thumbnailUrl":"https:\/\/medicina.udd.cl\/innovatm\/files\/2025\/09\/cadera-1-1024x894.jpg","datePublished":"2025-09-05T18:24:15+00:00","dateModified":"2025-09-16T14:35:41+00:00","inLanguage":"es","potentialAction":[{"@type":"ReadAction","target":["https:\/\/medicina.udd.cl\/innovatm\/prototipos-y-patentes\/"]}]},{"@type":"ImageObject","inLanguage":"es","@id":"https:\/\/medicina.udd.cl\/innovatm\/prototipos-y-patentes\/#primaryimage","url":"https:\/\/medicina.udd.cl\/innovatm\/files\/2025\/09\/cadera-1.jpg","contentUrl":"https:\/\/medicina.udd.cl\/innovatm\/files\/2025\/09\/cadera-1.jpg","width":2200,"height":1921},{"@type":"WebSite","@id":"https:\/\/medicina.udd.cl\/innovatm\/#website","url":"https:\/\/medicina.udd.cl\/innovatm\/","name":"Innova Tecnolog\u00eda M\u00e9dica","description":"","inLanguage":"es"}]}},"_links":{"self":[{"href":"https:\/\/medicina.udd.cl\/innovatm\/wp-json\/wp\/v2\/pages\/101","targetHints":{"allow":["GET"]}}],"collection":[{"href":"https:\/\/medicina.udd.cl\/innovatm\/wp-json\/wp\/v2\/pages"}],"about":[{"href":"https:\/\/medicina.udd.cl\/innovatm\/wp-json\/wp\/v2\/types\/page"}],"author":[{"embeddable":true,"href":"https:\/\/medicina.udd.cl\/innovatm\/wp-json\/wp\/v2\/users\/9192254"}],"replies":[{"embeddable":true,"href":"https:\/\/medicina.udd.cl\/innovatm\/wp-json\/wp\/v2\/comments?post=101"}],"version-history":[{"count":5,"href":"https:\/\/medicina.udd.cl\/innovatm\/wp-json\/wp\/v2\/pages\/101\/revisions"}],"predecessor-version":[{"id":233,"href":"https:\/\/medicina.udd.cl\/innovatm\/wp-json\/wp\/v2\/pages\/101\/revisions\/233"}],"wp:attachment":[{"href":"https:\/\/medicina.udd.cl\/innovatm\/wp-json\/wp\/v2\/media?parent=101"}],"curies":[{"name":"wp","href":"https:\/\/api.w.org\/{rel}","templated":true}]}}