{"id":29,"date":"2025-09-04T14:39:03","date_gmt":"2025-09-04T18:39:03","guid":{"rendered":"https:\/\/medicina.udd.cl\/innovatm\/?page_id=29"},"modified":"2025-09-05T14:33:20","modified_gmt":"2025-09-05T18:33:20","slug":"historia-y-proposito","status":"publish","type":"page","link":"https:\/\/medicina.udd.cl\/innovatm\/historia-y-proposito\/","title":{"rendered":"Historia y prop\u00f3sito"},"content":{"rendered":"\n<p><strong>\u201cLa chispa y el puente\u00bb&nbsp;<\/strong><\/p>\n\n\n\n<p>Un d\u00eda, un grupo de estudiantes comparti\u00f3 una&nbsp;idea: quer\u00edan desarrollar un proyecto que&nbsp;impactara su entorno. La energ\u00eda era contagiosa,&nbsp;pero a\u00fan faltaba direcci\u00f3n. Como docentes,&nbsp;entendimos que no deb\u00edamos imponer, sino guiar.&nbsp;<br>Nos convertimos en puentes, no en muros. Ellos&nbsp;ten\u00edan la chispa, nosotros la experiencia. Y juntos,&nbsp;transformamos esa idea en realidad.&nbsp;<\/p>\n\n\n\n<p><strong>Cultura:<\/strong>&nbsp;<\/p>\n\n\n\n<p>Nuestro pasado, nos inspira en el presente y nos&nbsp;gu\u00eda hacia el futuro. Es en ella donde florecen&nbsp;nuestras ideas, valores y sue\u00f1os. Promoverla, <br>vivirla y transformarla es construir humanidad,&nbsp;es sembrar identidad y cosechar sentido en&nbsp;cada paso que damos como sociedad.&nbsp;<\/p>\n\n\n\n<p><strong>Prop\u00f3sito:<\/strong>&nbsp;<\/p>\n\n\n\n<ul class=\"wp-block-list\">\n<li>Dar visibilidad a los avances y logros alcanzados en distintas \u00e1reas de la carrera.\u00a0<\/li>\n<\/ul>\n\n\n\n<ul class=\"wp-block-list\">\n<li>Fortalecer la vinculaci\u00f3n con la comunidad acad\u00e9mica y profesional.\u00a0<\/li>\n<\/ul>\n\n\n\n<ul class=\"wp-block-list\">\n<li>Impulsar la participaci\u00f3n de estudiantes y docentes en instancias colaborativas que promuevan el desarrollo tecnol\u00f3gico y cient\u00edfico.\u00a0<\/li>\n<\/ul>\n","protected":false},"excerpt":{"rendered":"<p>\u201cLa chispa y el puente\u00bb&nbsp; Un d\u00eda, un grupo de estudiantes comparti\u00f3 una&nbsp;idea: quer\u00edan desarrollar un proyecto que&nbsp;impactara su entorno. La energ\u00eda era contagiosa,&nbsp;pero a\u00fan faltaba direcci\u00f3n. Como docentes,&nbsp;entendimos que no deb\u00edamos imponer, sino guiar.&nbsp;Nos convertimos en puentes, no en muros. Ellos&nbsp;ten\u00edan la chispa, nosotros la experiencia. Y juntos,&nbsp;transformamos esa idea en realidad.&nbsp; Cultura:&nbsp; Nuestro [&hellip;]<\/p>\n","protected":false},"author":9192254,"featured_media":0,"parent":0,"menu_order":0,"comment_status":"closed","ping_status":"closed","template":"","meta":{"footnotes":""},"class_list":["post-29","page","type-page","status-publish","hentry"],"yoast_head":"<!-- This site is optimized with the Yoast SEO plugin v26.9 - https:\/\/yoast.com\/product\/yoast-seo-wordpress\/ -->\n<title>Historia y prop\u00f3sito - Innova Tecnolog\u00eda M\u00e9dica<\/title>\n<meta name=\"robots\" content=\"index, follow, max-snippet:-1, max-image-preview:large, max-video-preview:-1\" \/>\n<link rel=\"canonical\" href=\"https:\/\/medicina.udd.cl\/innovatm\/historia-y-proposito\/\" \/>\n<meta property=\"og:locale\" content=\"es_ES\" \/>\n<meta property=\"og:type\" content=\"article\" \/>\n<meta property=\"og:title\" content=\"Historia y prop\u00f3sito - Innova Tecnolog\u00eda M\u00e9dica\" \/>\n<meta property=\"og:description\" content=\"\u201cLa chispa y el puente\u00bb&nbsp; Un d\u00eda, un grupo de estudiantes comparti\u00f3 una&nbsp;idea: quer\u00edan desarrollar un proyecto que&nbsp;impactara su entorno. La energ\u00eda era contagiosa,&nbsp;pero a\u00fan faltaba direcci\u00f3n. Como docentes,&nbsp;entendimos que no deb\u00edamos imponer, sino guiar.&nbsp;Nos convertimos en puentes, no en muros. Ellos&nbsp;ten\u00edan la chispa, nosotros la experiencia. Y juntos,&nbsp;transformamos esa idea en realidad.&nbsp; Cultura:&nbsp; Nuestro [&hellip;]\" \/>\n<meta property=\"og:url\" content=\"https:\/\/medicina.udd.cl\/innovatm\/historia-y-proposito\/\" \/>\n<meta property=\"og:site_name\" content=\"Innova Tecnolog\u00eda M\u00e9dica\" \/>\n<meta property=\"article:modified_time\" content=\"2025-09-05T18:33:20+00:00\" \/>\n<meta name=\"twitter:card\" content=\"summary_large_image\" \/>\n<meta name=\"twitter:label1\" content=\"Tiempo de lectura\" \/>\n\t<meta name=\"twitter:data1\" content=\"1 minuto\" \/>\n<script type=\"application\/ld+json\" class=\"yoast-schema-graph\">{\"@context\":\"https:\/\/schema.org\",\"@graph\":[{\"@type\":\"WebPage\",\"@id\":\"https:\/\/medicina.udd.cl\/innovatm\/historia-y-proposito\/\",\"url\":\"https:\/\/medicina.udd.cl\/innovatm\/historia-y-proposito\/\",\"name\":\"Historia y prop\u00f3sito - Innova Tecnolog\u00eda M\u00e9dica\",\"isPartOf\":{\"@id\":\"https:\/\/medicina.udd.cl\/innovatm\/#website\"},\"datePublished\":\"2025-09-04T18:39:03+00:00\",\"dateModified\":\"2025-09-05T18:33:20+00:00\",\"inLanguage\":\"es\",\"potentialAction\":[{\"@type\":\"ReadAction\",\"target\":[\"https:\/\/medicina.udd.cl\/innovatm\/historia-y-proposito\/\"]}]},{\"@type\":\"WebSite\",\"@id\":\"https:\/\/medicina.udd.cl\/innovatm\/#website\",\"url\":\"https:\/\/medicina.udd.cl\/innovatm\/\",\"name\":\"Innova Tecnolog\u00eda M\u00e9dica\",\"description\":\"\",\"inLanguage\":\"es\"}]}<\/script>\n<!-- \/ Yoast SEO plugin. -->","yoast_head_json":{"title":"Historia y prop\u00f3sito - Innova Tecnolog\u00eda M\u00e9dica","robots":{"index":"index","follow":"follow","max-snippet":"max-snippet:-1","max-image-preview":"max-image-preview:large","max-video-preview":"max-video-preview:-1"},"canonical":"https:\/\/medicina.udd.cl\/innovatm\/historia-y-proposito\/","og_locale":"es_ES","og_type":"article","og_title":"Historia y prop\u00f3sito - Innova Tecnolog\u00eda M\u00e9dica","og_description":"\u201cLa chispa y el puente\u00bb&nbsp; Un d\u00eda, un grupo de estudiantes comparti\u00f3 una&nbsp;idea: quer\u00edan desarrollar un proyecto que&nbsp;impactara su entorno. La energ\u00eda era contagiosa,&nbsp;pero a\u00fan faltaba direcci\u00f3n. Como docentes,&nbsp;entendimos que no deb\u00edamos imponer, sino guiar.&nbsp;Nos convertimos en puentes, no en muros. Ellos&nbsp;ten\u00edan la chispa, nosotros la experiencia. Y juntos,&nbsp;transformamos esa idea en realidad.&nbsp; Cultura:&nbsp; Nuestro [&hellip;]","og_url":"https:\/\/medicina.udd.cl\/innovatm\/historia-y-proposito\/","og_site_name":"Innova Tecnolog\u00eda M\u00e9dica","article_modified_time":"2025-09-05T18:33:20+00:00","twitter_card":"summary_large_image","twitter_misc":{"Tiempo de lectura":"1 minuto"},"schema":{"@context":"https:\/\/schema.org","@graph":[{"@type":"WebPage","@id":"https:\/\/medicina.udd.cl\/innovatm\/historia-y-proposito\/","url":"https:\/\/medicina.udd.cl\/innovatm\/historia-y-proposito\/","name":"Historia y prop\u00f3sito - Innova Tecnolog\u00eda M\u00e9dica","isPartOf":{"@id":"https:\/\/medicina.udd.cl\/innovatm\/#website"},"datePublished":"2025-09-04T18:39:03+00:00","dateModified":"2025-09-05T18:33:20+00:00","inLanguage":"es","potentialAction":[{"@type":"ReadAction","target":["https:\/\/medicina.udd.cl\/innovatm\/historia-y-proposito\/"]}]},{"@type":"WebSite","@id":"https:\/\/medicina.udd.cl\/innovatm\/#website","url":"https:\/\/medicina.udd.cl\/innovatm\/","name":"Innova Tecnolog\u00eda M\u00e9dica","description":"","inLanguage":"es"}]}},"_links":{"self":[{"href":"https:\/\/medicina.udd.cl\/innovatm\/wp-json\/wp\/v2\/pages\/29","targetHints":{"allow":["GET"]}}],"collection":[{"href":"https:\/\/medicina.udd.cl\/innovatm\/wp-json\/wp\/v2\/pages"}],"about":[{"href":"https:\/\/medicina.udd.cl\/innovatm\/wp-json\/wp\/v2\/types\/page"}],"author":[{"embeddable":true,"href":"https:\/\/medicina.udd.cl\/innovatm\/wp-json\/wp\/v2\/users\/9192254"}],"replies":[{"embeddable":true,"href":"https:\/\/medicina.udd.cl\/innovatm\/wp-json\/wp\/v2\/comments?post=29"}],"version-history":[{"count":6,"href":"https:\/\/medicina.udd.cl\/innovatm\/wp-json\/wp\/v2\/pages\/29\/revisions"}],"predecessor-version":[{"id":123,"href":"https:\/\/medicina.udd.cl\/innovatm\/wp-json\/wp\/v2\/pages\/29\/revisions\/123"}],"wp:attachment":[{"href":"https:\/\/medicina.udd.cl\/innovatm\/wp-json\/wp\/v2\/media?parent=29"}],"curies":[{"name":"wp","href":"https:\/\/api.w.org\/{rel}","templated":true}]}}