{"id":310,"date":"2026-01-08T15:35:02","date_gmt":"2026-01-08T18:35:02","guid":{"rendered":"https:\/\/medicina.udd.cl\/innovatm\/?page_id=310"},"modified":"2026-01-08T15:36:04","modified_gmt":"2026-01-08T18:36:04","slug":"como-dejar-la-app-en-tu-celular","status":"publish","type":"page","link":"https:\/\/medicina.udd.cl\/innovatm\/como-dejar-la-app-en-tu-celular\/","title":{"rendered":"C\u00f3mo dejar la App en tu celular"},"content":{"rendered":"\n<figure class=\"wp-block-image size-large\"><img loading=\"lazy\" decoding=\"async\" width=\"1024\" height=\"589\" src=\"https:\/\/medicina.udd.cl\/innovatm\/files\/2026\/01\/aplicacion-a-telefono-celular-1-1024x589.jpg\" alt=\"\" class=\"wp-image-311\" srcset=\"https:\/\/medicina.udd.cl\/innovatm\/files\/2026\/01\/aplicacion-a-telefono-celular-1-1024x589.jpg 1024w, https:\/\/medicina.udd.cl\/innovatm\/files\/2026\/01\/aplicacion-a-telefono-celular-1-300x173.jpg 300w, https:\/\/medicina.udd.cl\/innovatm\/files\/2026\/01\/aplicacion-a-telefono-celular-1-768x442.jpg 768w, https:\/\/medicina.udd.cl\/innovatm\/files\/2026\/01\/aplicacion-a-telefono-celular-1.jpg 1243w\" sizes=\"auto, (max-width: 1024px) 100vw, 1024px\" \/><\/figure>\n\n\n\n<figure class=\"wp-block-image size-large\"><img loading=\"lazy\" decoding=\"async\" width=\"1024\" height=\"553\" src=\"https:\/\/medicina.udd.cl\/innovatm\/files\/2026\/01\/aplicacion-a-telefono-celular-2-1-1024x553.jpg\" alt=\"\" class=\"wp-image-314\" srcset=\"https:\/\/medicina.udd.cl\/innovatm\/files\/2026\/01\/aplicacion-a-telefono-celular-2-1-1024x553.jpg 1024w, https:\/\/medicina.udd.cl\/innovatm\/files\/2026\/01\/aplicacion-a-telefono-celular-2-1-300x162.jpg 300w, https:\/\/medicina.udd.cl\/innovatm\/files\/2026\/01\/aplicacion-a-telefono-celular-2-1-768x415.jpg 768w, https:\/\/medicina.udd.cl\/innovatm\/files\/2026\/01\/aplicacion-a-telefono-celular-2-1.jpg 1215w\" sizes=\"auto, (max-width: 1024px) 100vw, 1024px\" \/><\/figure>\n","protected":false},"excerpt":{"rendered":"","protected":false},"author":9192219,"featured_media":0,"parent":0,"menu_order":0,"comment_status":"closed","ping_status":"closed","template":"","meta":{"footnotes":""},"class_list":["post-310","page","type-page","status-publish","hentry"],"yoast_head":"<!-- This site is optimized with the Yoast SEO plugin v26.9 - https:\/\/yoast.com\/product\/yoast-seo-wordpress\/ -->\n<title>C\u00f3mo dejar la App en tu celular - Innova Tecnolog\u00eda M\u00e9dica<\/title>\n<meta name=\"robots\" content=\"index, follow, max-snippet:-1, max-image-preview:large, max-video-preview:-1\" \/>\n<link rel=\"canonical\" href=\"https:\/\/medicina.udd.cl\/innovatm\/como-dejar-la-app-en-tu-celular\/\" \/>\n<meta property=\"og:locale\" content=\"es_ES\" \/>\n<meta property=\"og:type\" content=\"article\" \/>\n<meta property=\"og:title\" content=\"C\u00f3mo dejar la App en tu celular - Innova Tecnolog\u00eda M\u00e9dica\" \/>\n<meta property=\"og:url\" content=\"https:\/\/medicina.udd.cl\/innovatm\/como-dejar-la-app-en-tu-celular\/\" \/>\n<meta property=\"og:site_name\" content=\"Innova Tecnolog\u00eda M\u00e9dica\" \/>\n<meta property=\"article:modified_time\" content=\"2026-01-08T18:36:04+00:00\" \/>\n<meta property=\"og:image\" content=\"https:\/\/medicina.udd.cl\/innovatm\/files\/2026\/01\/aplicacion-a-telefono-celular-1.jpg\" \/>\n\t<meta property=\"og:image:width\" content=\"1243\" \/>\n\t<meta property=\"og:image:height\" content=\"715\" \/>\n\t<meta property=\"og:image:type\" content=\"image\/jpeg\" \/>\n<meta name=\"twitter:card\" content=\"summary_large_image\" \/>\n<meta name=\"twitter:label1\" content=\"Tiempo de lectura\" \/>\n\t<meta name=\"twitter:data1\" content=\"1 minuto\" \/>\n<script type=\"application\/ld+json\" class=\"yoast-schema-graph\">{\"@context\":\"https:\/\/schema.org\",\"@graph\":[{\"@type\":\"WebPage\",\"@id\":\"https:\/\/medicina.udd.cl\/innovatm\/como-dejar-la-app-en-tu-celular\/\",\"url\":\"https:\/\/medicina.udd.cl\/innovatm\/como-dejar-la-app-en-tu-celular\/\",\"name\":\"C\u00f3mo dejar la App en tu celular - Innova Tecnolog\u00eda M\u00e9dica\",\"isPartOf\":{\"@id\":\"https:\/\/medicina.udd.cl\/innovatm\/#website\"},\"primaryImageOfPage\":{\"@id\":\"https:\/\/medicina.udd.cl\/innovatm\/como-dejar-la-app-en-tu-celular\/#primaryimage\"},\"image\":{\"@id\":\"https:\/\/medicina.udd.cl\/innovatm\/como-dejar-la-app-en-tu-celular\/#primaryimage\"},\"thumbnailUrl\":\"https:\/\/medicina.udd.cl\/innovatm\/files\/2026\/01\/aplicacion-a-telefono-celular-1-1024x589.jpg\",\"datePublished\":\"2026-01-08T18:35:02+00:00\",\"dateModified\":\"2026-01-08T18:36:04+00:00\",\"inLanguage\":\"es\",\"potentialAction\":[{\"@type\":\"ReadAction\",\"target\":[\"https:\/\/medicina.udd.cl\/innovatm\/como-dejar-la-app-en-tu-celular\/\"]}]},{\"@type\":\"ImageObject\",\"inLanguage\":\"es\",\"@id\":\"https:\/\/medicina.udd.cl\/innovatm\/como-dejar-la-app-en-tu-celular\/#primaryimage\",\"url\":\"https:\/\/medicina.udd.cl\/innovatm\/files\/2026\/01\/aplicacion-a-telefono-celular-1.jpg\",\"contentUrl\":\"https:\/\/medicina.udd.cl\/innovatm\/files\/2026\/01\/aplicacion-a-telefono-celular-1.jpg\",\"width\":1243,\"height\":715},{\"@type\":\"WebSite\",\"@id\":\"https:\/\/medicina.udd.cl\/innovatm\/#website\",\"url\":\"https:\/\/medicina.udd.cl\/innovatm\/\",\"name\":\"Innova Tecnolog\u00eda M\u00e9dica\",\"description\":\"\",\"inLanguage\":\"es\"}]}<\/script>\n<!-- \/ Yoast SEO plugin. -->","yoast_head_json":{"title":"C\u00f3mo dejar la App en tu celular - Innova Tecnolog\u00eda M\u00e9dica","robots":{"index":"index","follow":"follow","max-snippet":"max-snippet:-1","max-image-preview":"max-image-preview:large","max-video-preview":"max-video-preview:-1"},"canonical":"https:\/\/medicina.udd.cl\/innovatm\/como-dejar-la-app-en-tu-celular\/","og_locale":"es_ES","og_type":"article","og_title":"C\u00f3mo dejar la App en tu celular - Innova Tecnolog\u00eda M\u00e9dica","og_url":"https:\/\/medicina.udd.cl\/innovatm\/como-dejar-la-app-en-tu-celular\/","og_site_name":"Innova Tecnolog\u00eda M\u00e9dica","article_modified_time":"2026-01-08T18:36:04+00:00","og_image":[{"width":1243,"height":715,"url":"https:\/\/medicina.udd.cl\/innovatm\/files\/2026\/01\/aplicacion-a-telefono-celular-1.jpg","type":"image\/jpeg"}],"twitter_card":"summary_large_image","twitter_misc":{"Tiempo de lectura":"1 minuto"},"schema":{"@context":"https:\/\/schema.org","@graph":[{"@type":"WebPage","@id":"https:\/\/medicina.udd.cl\/innovatm\/como-dejar-la-app-en-tu-celular\/","url":"https:\/\/medicina.udd.cl\/innovatm\/como-dejar-la-app-en-tu-celular\/","name":"C\u00f3mo dejar la App en tu celular - Innova Tecnolog\u00eda M\u00e9dica","isPartOf":{"@id":"https:\/\/medicina.udd.cl\/innovatm\/#website"},"primaryImageOfPage":{"@id":"https:\/\/medicina.udd.cl\/innovatm\/como-dejar-la-app-en-tu-celular\/#primaryimage"},"image":{"@id":"https:\/\/medicina.udd.cl\/innovatm\/como-dejar-la-app-en-tu-celular\/#primaryimage"},"thumbnailUrl":"https:\/\/medicina.udd.cl\/innovatm\/files\/2026\/01\/aplicacion-a-telefono-celular-1-1024x589.jpg","datePublished":"2026-01-08T18:35:02+00:00","dateModified":"2026-01-08T18:36:04+00:00","inLanguage":"es","potentialAction":[{"@type":"ReadAction","target":["https:\/\/medicina.udd.cl\/innovatm\/como-dejar-la-app-en-tu-celular\/"]}]},{"@type":"ImageObject","inLanguage":"es","@id":"https:\/\/medicina.udd.cl\/innovatm\/como-dejar-la-app-en-tu-celular\/#primaryimage","url":"https:\/\/medicina.udd.cl\/innovatm\/files\/2026\/01\/aplicacion-a-telefono-celular-1.jpg","contentUrl":"https:\/\/medicina.udd.cl\/innovatm\/files\/2026\/01\/aplicacion-a-telefono-celular-1.jpg","width":1243,"height":715},{"@type":"WebSite","@id":"https:\/\/medicina.udd.cl\/innovatm\/#website","url":"https:\/\/medicina.udd.cl\/innovatm\/","name":"Innova Tecnolog\u00eda M\u00e9dica","description":"","inLanguage":"es"}]}},"_links":{"self":[{"href":"https:\/\/medicina.udd.cl\/innovatm\/wp-json\/wp\/v2\/pages\/310","targetHints":{"allow":["GET"]}}],"collection":[{"href":"https:\/\/medicina.udd.cl\/innovatm\/wp-json\/wp\/v2\/pages"}],"about":[{"href":"https:\/\/medicina.udd.cl\/innovatm\/wp-json\/wp\/v2\/types\/page"}],"author":[{"embeddable":true,"href":"https:\/\/medicina.udd.cl\/innovatm\/wp-json\/wp\/v2\/users\/9192219"}],"replies":[{"embeddable":true,"href":"https:\/\/medicina.udd.cl\/innovatm\/wp-json\/wp\/v2\/comments?post=310"}],"version-history":[{"count":2,"href":"https:\/\/medicina.udd.cl\/innovatm\/wp-json\/wp\/v2\/pages\/310\/revisions"}],"predecessor-version":[{"id":315,"href":"https:\/\/medicina.udd.cl\/innovatm\/wp-json\/wp\/v2\/pages\/310\/revisions\/315"}],"wp:attachment":[{"href":"https:\/\/medicina.udd.cl\/innovatm\/wp-json\/wp\/v2\/media?parent=310"}],"curies":[{"name":"wp","href":"https:\/\/api.w.org\/{rel}","templated":true}]}}