{"id":59,"date":"2025-09-05T14:13:51","date_gmt":"2025-09-05T18:13:51","guid":{"rendered":"https:\/\/medicina.udd.cl\/innovatm\/?page_id=59"},"modified":"2025-09-16T11:19:04","modified_gmt":"2025-09-16T14:19:04","slug":"proyectos-de-innovacion","status":"publish","type":"page","link":"https:\/\/medicina.udd.cl\/innovatm\/proyectos-de-innovacion\/","title":{"rendered":"Proyectos de Innovaci\u00f3n"},"content":{"rendered":"\n<p>En la carrera de Tecnolog\u00eda M\u00e9dica UDD entendemos la innovaci\u00f3n como un motor de cambio y crecimiento. Nuestros proyectos surgen de la colaboraci\u00f3n entre estudiantes, docentes y aliados estrat\u00e9gicos, con el prop\u00f3sito de transformar la ense\u00f1anza, la pr\u00e1ctica profesional y la gesti\u00f3n de la salud.<\/p>\n\n\n\n<p>Cada iniciativa busca <strong>resolver desaf\u00edos reales<\/strong> mediante el uso de tecnolog\u00edas emergentes, inteligencia artificial, simulaci\u00f3n cl\u00ednica, realidad aumentada y estrategias digitales aplicadas a la docencia y al quehacer sanitario. Estos proyectos no solo generan nuevos recursos educativos y herramientas de apoyo cl\u00ednico, sino que tambi\u00e9n fomentan una <strong>cultura de investigaci\u00f3n, creatividad y emprendimiento<\/strong> en nuestros estudiantes.<\/p>\n\n\n\n<p>Con ello, consolidamos una <strong>comunidad acad\u00e9mica que innova para impactar<\/strong>, anticip\u00e1ndose a las necesidades del sistema de salud y contribuyendo al desarrollo de profesionales preparados para liderar el futuro.<\/p>\n\n\n\n<h2 class=\"wp-block-heading\"><strong>Compartimos algunas herramientas IA:<\/strong><\/h2>\n\n\n\n<p><strong>1)<\/strong><\/p>\n\n\n\n<figure class=\"wp-block-image aligncenter size-full\"><img loading=\"lazy\" decoding=\"async\" width=\"618\" height=\"200\" src=\"https:\/\/medicina.udd.cl\/innovatm\/files\/2025\/09\/qr-escala-notas.jpg\" alt=\"\" class=\"wp-image-209\" srcset=\"https:\/\/medicina.udd.cl\/innovatm\/files\/2025\/09\/qr-escala-notas.jpg 618w, https:\/\/medicina.udd.cl\/innovatm\/files\/2025\/09\/qr-escala-notas-300x97.jpg 300w\" sizes=\"auto, (max-width: 618px) 100vw, 618px\" \/><\/figure>\n\n\n<!-- WP Block: UDD - Disposable -->\n<section\n\tdata-sps-offset=\"100\"\n\tid=\"udd-disposable--1--59\"\n\tclass=\"wp-block-udd-disposable udd-notice disposable-block \"\n>\n\t<div class=\"container\">\n\t\t<div\n\t\t\tclass=\"udd-notice__header \"\n\t\t\tstyle=\"background-color: \"\n\t\t>\n\t\t\t\t\t\t<span class=\"udd-notice__header-label\"><\/span>\n\t\t<\/div>\n\t\t<div\n\t\t\tclass=\"udd-notice__content\"\n\t\t\tstyle=\"background-color: \"\n\t\t>\n\t\t\t<a href=\"https:\/\/chatgpt.com\/g\/g-686806b4c770819194497973d67e044a-generador-de-escala-de-notas\">Enlace de descarga: Generador de Escala de Notas<\/a>\t\t<\/div>\n\t\t\t<\/div>\n<\/section>\n\n\n\n<p><strong>2)<\/strong><\/p>\n\n\n\n<figure class=\"wp-block-image aligncenter size-full\"><img loading=\"lazy\" decoding=\"async\" width=\"618\" height=\"207\" src=\"https:\/\/medicina.udd.cl\/innovatm\/files\/2025\/09\/qr-calendarizacion-actividades-academicas.jpg\" alt=\"\" class=\"wp-image-213\" srcset=\"https:\/\/medicina.udd.cl\/innovatm\/files\/2025\/09\/qr-calendarizacion-actividades-academicas.jpg 618w, https:\/\/medicina.udd.cl\/innovatm\/files\/2025\/09\/qr-calendarizacion-actividades-academicas-300x100.jpg 300w\" sizes=\"auto, (max-width: 618px) 100vw, 618px\" \/><\/figure>\n\n\n<!-- WP Block: UDD - Disposable -->\n<section\n\tdata-sps-offset=\"100\"\n\tid=\"udd-disposable--2--59\"\n\tclass=\"wp-block-udd-disposable udd-notice disposable-block \"\n>\n\t<div class=\"container\">\n\t\t<div\n\t\t\tclass=\"udd-notice__header \"\n\t\t\tstyle=\"background-color: \"\n\t\t>\n\t\t\t\t\t\t<span class=\"udd-notice__header-label\"><\/span>\n\t\t<\/div>\n\t\t<div\n\t\t\tclass=\"udd-notice__content\"\n\t\t\tstyle=\"background-color: \"\n\t\t>\n\t\t\t<a href=\"https:\/\/chatgpt.com\/g\/g-68790a3f4ad88191ab78d219ddaec68f-calendarizacion-actividades\">Enlace de descarga: Calendarizaci\u00f3n Actividades<\/a>\t\t<\/div>\n\t\t\t<\/div>\n<\/section>\n\n\n\n<p><strong>Nota:<\/strong><\/p>\n\n\n\n<p><strong><em>Si deseas saber m\u00e1s de nuestra oferta de herramientas IA, <a href=\"https:\/\/medicina.udd.cl\/innovatm\/contacto\/\">cont\u00e1ctanos.<\/a><\/em><\/strong><\/p>\n\n\n\n<p><\/p>\n","protected":false},"excerpt":{"rendered":"<p>En la carrera de Tecnolog\u00eda M\u00e9dica UDD entendemos la innovaci\u00f3n como un motor de cambio y crecimiento. Nuestros proyectos surgen de la colaboraci\u00f3n entre estudiantes, docentes y aliados estrat\u00e9gicos, con el prop\u00f3sito de transformar la ense\u00f1anza, la pr\u00e1ctica profesional y la gesti\u00f3n de la salud. Cada iniciativa busca resolver desaf\u00edos reales mediante el uso de [&hellip;]<\/p>\n","protected":false},"author":9192254,"featured_media":0,"parent":0,"menu_order":0,"comment_status":"closed","ping_status":"closed","template":"","meta":{"footnotes":""},"class_list":["post-59","page","type-page","status-publish","hentry"],"yoast_head":"<!-- This site is optimized with the Yoast SEO plugin v26.9 - https:\/\/yoast.com\/product\/yoast-seo-wordpress\/ -->\n<title>Proyectos de Innovaci\u00f3n - Innova Tecnolog\u00eda M\u00e9dica<\/title>\n<meta name=\"robots\" content=\"index, follow, max-snippet:-1, max-image-preview:large, max-video-preview:-1\" \/>\n<link rel=\"canonical\" href=\"https:\/\/medicina.udd.cl\/innovatm\/proyectos-de-innovacion\/\" \/>\n<meta property=\"og:locale\" content=\"es_ES\" \/>\n<meta property=\"og:type\" content=\"article\" \/>\n<meta property=\"og:title\" content=\"Proyectos de Innovaci\u00f3n - Innova Tecnolog\u00eda M\u00e9dica\" \/>\n<meta property=\"og:description\" content=\"En la carrera de Tecnolog\u00eda M\u00e9dica UDD entendemos la innovaci\u00f3n como un motor de cambio y crecimiento. Nuestros proyectos surgen de la colaboraci\u00f3n entre estudiantes, docentes y aliados estrat\u00e9gicos, con el prop\u00f3sito de transformar la ense\u00f1anza, la pr\u00e1ctica profesional y la gesti\u00f3n de la salud. Cada iniciativa busca resolver desaf\u00edos reales mediante el uso de [&hellip;]\" \/>\n<meta property=\"og:url\" content=\"https:\/\/medicina.udd.cl\/innovatm\/proyectos-de-innovacion\/\" \/>\n<meta property=\"og:site_name\" content=\"Innova Tecnolog\u00eda M\u00e9dica\" \/>\n<meta property=\"article:modified_time\" content=\"2025-09-16T14:19:04+00:00\" \/>\n<meta property=\"og:image\" content=\"https:\/\/medicina.udd.cl\/innovatm\/files\/2025\/09\/qr-escala-notas.jpg\" \/>\n\t<meta property=\"og:image:width\" content=\"618\" \/>\n\t<meta property=\"og:image:height\" content=\"200\" \/>\n\t<meta property=\"og:image:type\" content=\"image\/jpeg\" \/>\n<meta name=\"twitter:card\" content=\"summary_large_image\" \/>\n<meta name=\"twitter:label1\" content=\"Tiempo de lectura\" \/>\n\t<meta name=\"twitter:data1\" content=\"2 minutos\" \/>\n<script type=\"application\/ld+json\" class=\"yoast-schema-graph\">{\"@context\":\"https:\/\/schema.org\",\"@graph\":[{\"@type\":\"WebPage\",\"@id\":\"https:\/\/medicina.udd.cl\/innovatm\/proyectos-de-innovacion\/\",\"url\":\"https:\/\/medicina.udd.cl\/innovatm\/proyectos-de-innovacion\/\",\"name\":\"Proyectos de Innovaci\u00f3n - Innova Tecnolog\u00eda M\u00e9dica\",\"isPartOf\":{\"@id\":\"https:\/\/medicina.udd.cl\/innovatm\/#website\"},\"primaryImageOfPage\":{\"@id\":\"https:\/\/medicina.udd.cl\/innovatm\/proyectos-de-innovacion\/#primaryimage\"},\"image\":{\"@id\":\"https:\/\/medicina.udd.cl\/innovatm\/proyectos-de-innovacion\/#primaryimage\"},\"thumbnailUrl\":\"https:\/\/medicina.udd.cl\/innovatm\/files\/2025\/09\/qr-escala-notas.jpg\",\"datePublished\":\"2025-09-05T18:13:51+00:00\",\"dateModified\":\"2025-09-16T14:19:04+00:00\",\"inLanguage\":\"es\",\"potentialAction\":[{\"@type\":\"ReadAction\",\"target\":[\"https:\/\/medicina.udd.cl\/innovatm\/proyectos-de-innovacion\/\"]}]},{\"@type\":\"ImageObject\",\"inLanguage\":\"es\",\"@id\":\"https:\/\/medicina.udd.cl\/innovatm\/proyectos-de-innovacion\/#primaryimage\",\"url\":\"https:\/\/medicina.udd.cl\/innovatm\/files\/2025\/09\/qr-escala-notas.jpg\",\"contentUrl\":\"https:\/\/medicina.udd.cl\/innovatm\/files\/2025\/09\/qr-escala-notas.jpg\",\"width\":618,\"height\":200},{\"@type\":\"WebSite\",\"@id\":\"https:\/\/medicina.udd.cl\/innovatm\/#website\",\"url\":\"https:\/\/medicina.udd.cl\/innovatm\/\",\"name\":\"Innova Tecnolog\u00eda M\u00e9dica\",\"description\":\"\",\"inLanguage\":\"es\"}]}<\/script>\n<!-- \/ Yoast SEO plugin. -->","yoast_head_json":{"title":"Proyectos de Innovaci\u00f3n - Innova Tecnolog\u00eda M\u00e9dica","robots":{"index":"index","follow":"follow","max-snippet":"max-snippet:-1","max-image-preview":"max-image-preview:large","max-video-preview":"max-video-preview:-1"},"canonical":"https:\/\/medicina.udd.cl\/innovatm\/proyectos-de-innovacion\/","og_locale":"es_ES","og_type":"article","og_title":"Proyectos de Innovaci\u00f3n - Innova Tecnolog\u00eda M\u00e9dica","og_description":"En la carrera de Tecnolog\u00eda M\u00e9dica UDD entendemos la innovaci\u00f3n como un motor de cambio y crecimiento. Nuestros proyectos surgen de la colaboraci\u00f3n entre estudiantes, docentes y aliados estrat\u00e9gicos, con el prop\u00f3sito de transformar la ense\u00f1anza, la pr\u00e1ctica profesional y la gesti\u00f3n de la salud. Cada iniciativa busca resolver desaf\u00edos reales mediante el uso de [&hellip;]","og_url":"https:\/\/medicina.udd.cl\/innovatm\/proyectos-de-innovacion\/","og_site_name":"Innova Tecnolog\u00eda M\u00e9dica","article_modified_time":"2025-09-16T14:19:04+00:00","og_image":[{"width":618,"height":200,"url":"https:\/\/medicina.udd.cl\/innovatm\/files\/2025\/09\/qr-escala-notas.jpg","type":"image\/jpeg"}],"twitter_card":"summary_large_image","twitter_misc":{"Tiempo de lectura":"2 minutos"},"schema":{"@context":"https:\/\/schema.org","@graph":[{"@type":"WebPage","@id":"https:\/\/medicina.udd.cl\/innovatm\/proyectos-de-innovacion\/","url":"https:\/\/medicina.udd.cl\/innovatm\/proyectos-de-innovacion\/","name":"Proyectos de Innovaci\u00f3n - Innova Tecnolog\u00eda M\u00e9dica","isPartOf":{"@id":"https:\/\/medicina.udd.cl\/innovatm\/#website"},"primaryImageOfPage":{"@id":"https:\/\/medicina.udd.cl\/innovatm\/proyectos-de-innovacion\/#primaryimage"},"image":{"@id":"https:\/\/medicina.udd.cl\/innovatm\/proyectos-de-innovacion\/#primaryimage"},"thumbnailUrl":"https:\/\/medicina.udd.cl\/innovatm\/files\/2025\/09\/qr-escala-notas.jpg","datePublished":"2025-09-05T18:13:51+00:00","dateModified":"2025-09-16T14:19:04+00:00","inLanguage":"es","potentialAction":[{"@type":"ReadAction","target":["https:\/\/medicina.udd.cl\/innovatm\/proyectos-de-innovacion\/"]}]},{"@type":"ImageObject","inLanguage":"es","@id":"https:\/\/medicina.udd.cl\/innovatm\/proyectos-de-innovacion\/#primaryimage","url":"https:\/\/medicina.udd.cl\/innovatm\/files\/2025\/09\/qr-escala-notas.jpg","contentUrl":"https:\/\/medicina.udd.cl\/innovatm\/files\/2025\/09\/qr-escala-notas.jpg","width":618,"height":200},{"@type":"WebSite","@id":"https:\/\/medicina.udd.cl\/innovatm\/#website","url":"https:\/\/medicina.udd.cl\/innovatm\/","name":"Innova Tecnolog\u00eda M\u00e9dica","description":"","inLanguage":"es"}]}},"_links":{"self":[{"href":"https:\/\/medicina.udd.cl\/innovatm\/wp-json\/wp\/v2\/pages\/59","targetHints":{"allow":["GET"]}}],"collection":[{"href":"https:\/\/medicina.udd.cl\/innovatm\/wp-json\/wp\/v2\/pages"}],"about":[{"href":"https:\/\/medicina.udd.cl\/innovatm\/wp-json\/wp\/v2\/types\/page"}],"author":[{"embeddable":true,"href":"https:\/\/medicina.udd.cl\/innovatm\/wp-json\/wp\/v2\/users\/9192254"}],"replies":[{"embeddable":true,"href":"https:\/\/medicina.udd.cl\/innovatm\/wp-json\/wp\/v2\/comments?post=59"}],"version-history":[{"count":4,"href":"https:\/\/medicina.udd.cl\/innovatm\/wp-json\/wp\/v2\/pages\/59\/revisions"}],"predecessor-version":[{"id":214,"href":"https:\/\/medicina.udd.cl\/innovatm\/wp-json\/wp\/v2\/pages\/59\/revisions\/214"}],"wp:attachment":[{"href":"https:\/\/medicina.udd.cl\/innovatm\/wp-json\/wp\/v2\/media?parent=59"}],"curies":[{"name":"wp","href":"https:\/\/api.w.org\/{rel}","templated":true}]}}