{"id":63,"date":"2025-09-05T14:14:37","date_gmt":"2025-09-05T18:14:37","guid":{"rendered":"https:\/\/medicina.udd.cl\/innovatm\/?page_id=63"},"modified":"2025-09-16T11:10:32","modified_gmt":"2025-09-16T14:10:32","slug":"reconocimientos-y-premios","status":"publish","type":"page","link":"https:\/\/medicina.udd.cl\/innovatm\/reconocimientos-y-premios\/","title":{"rendered":"Iniciativas y Propuestas de Innovaci\u00f3n"},"content":{"rendered":"\n<p>En la UDD concebimos la innovaci\u00f3n como un proceso continuo de transformaci\u00f3n que impacta directamente en la docencia, la gesti\u00f3n y la vinculaci\u00f3n con el medio. Nuestras <strong>iniciativas y propuestas de innovaci\u00f3n<\/strong> nacen de la colaboraci\u00f3n entre docentes, estudiantes y redes externas, con el prop\u00f3sito de anticipar los desaf\u00edos de la salud y responder con soluciones creativas, efectivas y sostenibles.<\/p>\n\n\n\n<p>Estas iniciativas incluyen:<\/p>\n\n\n\n<ul class=\"wp-block-list\">\n<li><strong>Transformaci\u00f3n en docencia:<\/strong> incorporaci\u00f3n de metodolog\u00edas activas, simulaci\u00f3n cl\u00ednica, laboratorios virtuales e inteligencia artificial aplicada al aprendizaje.<\/li>\n\n\n\n<li><strong>Innovaci\u00f3n en gesti\u00f3n:<\/strong> desarrollo de modelos de gesti\u00f3n acad\u00e9mica basados en anal\u00edtica de datos, plataformas digitales de apoyo y procesos automatizados que fortalecen la calidad y eficiencia institucional.<\/li>\n\n\n\n<li><strong>Creaci\u00f3n de contenidos innovadores:<\/strong> dise\u00f1o de c\u00e1psulas interactivas, repositorios digitales, experiencias de realidad aumentada y recursos multimedia que enriquecen la formaci\u00f3n y la vinculaci\u00f3n con la sociedad.<\/li>\n<\/ul>\n\n\n\n<p>Cada propuesta es una invitaci\u00f3n a crear, experimentar, investigar y emprender, formando una comunidad acad\u00e9mica comprometida con <strong>liderar la innovaci\u00f3n en salud desde la carrera de Tecnolog\u00eda M\u00e9dica UDD<\/strong>.<\/p>\n","protected":false},"excerpt":{"rendered":"<p>En la UDD concebimos la innovaci\u00f3n como un proceso continuo de transformaci\u00f3n que impacta directamente en la docencia, la gesti\u00f3n y la vinculaci\u00f3n con el medio. Nuestras iniciativas y propuestas de innovaci\u00f3n nacen de la colaboraci\u00f3n entre docentes, estudiantes y redes externas, con el prop\u00f3sito de anticipar los desaf\u00edos de la salud y responder con [&hellip;]<\/p>\n","protected":false},"author":9192254,"featured_media":0,"parent":0,"menu_order":0,"comment_status":"closed","ping_status":"closed","template":"","meta":{"footnotes":""},"class_list":["post-63","page","type-page","status-publish","hentry"],"yoast_head":"<!-- This site is optimized with the Yoast SEO plugin v26.9 - https:\/\/yoast.com\/product\/yoast-seo-wordpress\/ -->\n<title>Iniciativas y Propuestas de Innovaci\u00f3n - Innova Tecnolog\u00eda M\u00e9dica<\/title>\n<meta name=\"robots\" content=\"index, follow, max-snippet:-1, max-image-preview:large, max-video-preview:-1\" \/>\n<link rel=\"canonical\" href=\"https:\/\/medicina.udd.cl\/innovatm\/reconocimientos-y-premios\/\" \/>\n<meta property=\"og:locale\" content=\"es_ES\" \/>\n<meta property=\"og:type\" content=\"article\" \/>\n<meta property=\"og:title\" content=\"Iniciativas y Propuestas de Innovaci\u00f3n - Innova Tecnolog\u00eda M\u00e9dica\" \/>\n<meta property=\"og:description\" content=\"En la UDD concebimos la innovaci\u00f3n como un proceso continuo de transformaci\u00f3n que impacta directamente en la docencia, la gesti\u00f3n y la vinculaci\u00f3n con el medio. Nuestras iniciativas y propuestas de innovaci\u00f3n nacen de la colaboraci\u00f3n entre docentes, estudiantes y redes externas, con el prop\u00f3sito de anticipar los desaf\u00edos de la salud y responder con [&hellip;]\" \/>\n<meta property=\"og:url\" content=\"https:\/\/medicina.udd.cl\/innovatm\/reconocimientos-y-premios\/\" \/>\n<meta property=\"og:site_name\" content=\"Innova Tecnolog\u00eda M\u00e9dica\" \/>\n<meta property=\"article:modified_time\" content=\"2025-09-16T14:10:32+00:00\" \/>\n<meta name=\"twitter:card\" content=\"summary_large_image\" \/>\n<meta name=\"twitter:label1\" content=\"Tiempo de lectura\" \/>\n\t<meta name=\"twitter:data1\" content=\"1 minuto\" \/>\n<script type=\"application\/ld+json\" class=\"yoast-schema-graph\">{\"@context\":\"https:\/\/schema.org\",\"@graph\":[{\"@type\":\"WebPage\",\"@id\":\"https:\/\/medicina.udd.cl\/innovatm\/reconocimientos-y-premios\/\",\"url\":\"https:\/\/medicina.udd.cl\/innovatm\/reconocimientos-y-premios\/\",\"name\":\"Iniciativas y Propuestas de Innovaci\u00f3n - Innova Tecnolog\u00eda M\u00e9dica\",\"isPartOf\":{\"@id\":\"https:\/\/medicina.udd.cl\/innovatm\/#website\"},\"datePublished\":\"2025-09-05T18:14:37+00:00\",\"dateModified\":\"2025-09-16T14:10:32+00:00\",\"inLanguage\":\"es\",\"potentialAction\":[{\"@type\":\"ReadAction\",\"target\":[\"https:\/\/medicina.udd.cl\/innovatm\/reconocimientos-y-premios\/\"]}]},{\"@type\":\"WebSite\",\"@id\":\"https:\/\/medicina.udd.cl\/innovatm\/#website\",\"url\":\"https:\/\/medicina.udd.cl\/innovatm\/\",\"name\":\"Innova Tecnolog\u00eda M\u00e9dica\",\"description\":\"\",\"inLanguage\":\"es\"}]}<\/script>\n<!-- \/ Yoast SEO plugin. -->","yoast_head_json":{"title":"Iniciativas y Propuestas de Innovaci\u00f3n - Innova Tecnolog\u00eda M\u00e9dica","robots":{"index":"index","follow":"follow","max-snippet":"max-snippet:-1","max-image-preview":"max-image-preview:large","max-video-preview":"max-video-preview:-1"},"canonical":"https:\/\/medicina.udd.cl\/innovatm\/reconocimientos-y-premios\/","og_locale":"es_ES","og_type":"article","og_title":"Iniciativas y Propuestas de Innovaci\u00f3n - Innova Tecnolog\u00eda M\u00e9dica","og_description":"En la UDD concebimos la innovaci\u00f3n como un proceso continuo de transformaci\u00f3n que impacta directamente en la docencia, la gesti\u00f3n y la vinculaci\u00f3n con el medio. Nuestras iniciativas y propuestas de innovaci\u00f3n nacen de la colaboraci\u00f3n entre docentes, estudiantes y redes externas, con el prop\u00f3sito de anticipar los desaf\u00edos de la salud y responder con [&hellip;]","og_url":"https:\/\/medicina.udd.cl\/innovatm\/reconocimientos-y-premios\/","og_site_name":"Innova Tecnolog\u00eda M\u00e9dica","article_modified_time":"2025-09-16T14:10:32+00:00","twitter_card":"summary_large_image","twitter_misc":{"Tiempo de lectura":"1 minuto"},"schema":{"@context":"https:\/\/schema.org","@graph":[{"@type":"WebPage","@id":"https:\/\/medicina.udd.cl\/innovatm\/reconocimientos-y-premios\/","url":"https:\/\/medicina.udd.cl\/innovatm\/reconocimientos-y-premios\/","name":"Iniciativas y Propuestas de Innovaci\u00f3n - Innova Tecnolog\u00eda M\u00e9dica","isPartOf":{"@id":"https:\/\/medicina.udd.cl\/innovatm\/#website"},"datePublished":"2025-09-05T18:14:37+00:00","dateModified":"2025-09-16T14:10:32+00:00","inLanguage":"es","potentialAction":[{"@type":"ReadAction","target":["https:\/\/medicina.udd.cl\/innovatm\/reconocimientos-y-premios\/"]}]},{"@type":"WebSite","@id":"https:\/\/medicina.udd.cl\/innovatm\/#website","url":"https:\/\/medicina.udd.cl\/innovatm\/","name":"Innova Tecnolog\u00eda M\u00e9dica","description":"","inLanguage":"es"}]}},"_links":{"self":[{"href":"https:\/\/medicina.udd.cl\/innovatm\/wp-json\/wp\/v2\/pages\/63","targetHints":{"allow":["GET"]}}],"collection":[{"href":"https:\/\/medicina.udd.cl\/innovatm\/wp-json\/wp\/v2\/pages"}],"about":[{"href":"https:\/\/medicina.udd.cl\/innovatm\/wp-json\/wp\/v2\/types\/page"}],"author":[{"embeddable":true,"href":"https:\/\/medicina.udd.cl\/innovatm\/wp-json\/wp\/v2\/users\/9192254"}],"replies":[{"embeddable":true,"href":"https:\/\/medicina.udd.cl\/innovatm\/wp-json\/wp\/v2\/comments?post=63"}],"version-history":[{"count":3,"href":"https:\/\/medicina.udd.cl\/innovatm\/wp-json\/wp\/v2\/pages\/63\/revisions"}],"predecessor-version":[{"id":208,"href":"https:\/\/medicina.udd.cl\/innovatm\/wp-json\/wp\/v2\/pages\/63\/revisions\/208"}],"wp:attachment":[{"href":"https:\/\/medicina.udd.cl\/innovatm\/wp-json\/wp\/v2\/media?parent=63"}],"curies":[{"name":"wp","href":"https:\/\/api.w.org\/{rel}","templated":true}]}}