{"id":67,"date":"2025-09-05T14:16:06","date_gmt":"2025-09-05T18:16:06","guid":{"rendered":"https:\/\/medicina.udd.cl\/innovatm\/?page_id=67"},"modified":"2025-12-23T13:30:48","modified_gmt":"2025-12-23T16:30:48","slug":"innovacion","status":"publish","type":"page","link":"https:\/\/medicina.udd.cl\/innovatm\/innovacion\/","title":{"rendered":"Innovaci\u00f3n"},"content":{"rendered":"\n<h2 class=\"wp-block-heading\"><strong>Innovaci\u00f3n en Docencia<\/strong><\/h2>\n\n\n\n<p>En la UDD impulsamos una docencia transformadora, que combina metodolog\u00edas activas, tecnolog\u00edas emergentes e inteligencia artificial para potenciar el aprendizaje de nuestros estudiantes. Promovemos la formaci\u00f3n basada en competencias, el desarrollo del pensamiento cr\u00edtico y la incorporaci\u00f3n de herramientas digitales que facilitan experiencias significativas, centradas en el estudiante como protagonista de su aprendizaje.<\/p>\n\n\n\n<h2 class=\"wp-block-heading\"><strong>Innovaci\u00f3n en Gesti\u00f3n<\/strong><\/h2>\n\n\n\n<p>La gesti\u00f3n acad\u00e9mica y administrativa de nuestra carrera se proyecta hacia la excelencia mediante la integraci\u00f3n de sistemas inteligentes, la anal\u00edtica de datos y procesos colaborativos que optimizan la toma de decisiones. Innovamos en la forma de organizar, evaluar y mejorar continuamente nuestras pr\u00e1cticas, garantizando eficiencia, transparencia y calidad en cada etapa del quehacer universitario.<\/p>\n\n\n\n<h2 class=\"wp-block-heading\"><strong>Innovaci\u00f3n en Creaci\u00f3n de Contenidos<\/strong><\/h2>\n\n\n\n<p>La generaci\u00f3n de contenidos se concibe como un espacio creativo y multidisciplinario, donde convergen la ciencia, la tecnolog\u00eda y la comunicaci\u00f3n digital. Dise\u00f1amos materiales did\u00e1cticos interactivos, c\u00e1psulas virtuales, simulaciones cl\u00ednicas y recursos multiformato que enriquecen el aprendizaje y fortalecen la vinculaci\u00f3n con la sociedad. Nuestros contenidos no solo informan, sino que tambi\u00e9n inspiran y proyectan la imagen de una carrera a la vanguardia en salud y educaci\u00f3n.<\/p>\n","protected":false},"excerpt":{"rendered":"<p>Innovaci\u00f3n en Docencia En la UDD impulsamos una docencia transformadora, que combina metodolog\u00edas activas, tecnolog\u00edas emergentes e inteligencia artificial para potenciar el aprendizaje de nuestros estudiantes. Promovemos la formaci\u00f3n basada en competencias, el desarrollo del pensamiento cr\u00edtico y la incorporaci\u00f3n de herramientas digitales que facilitan experiencias significativas, centradas en el estudiante como protagonista de su [&hellip;]<\/p>\n","protected":false},"author":9192254,"featured_media":0,"parent":0,"menu_order":0,"comment_status":"closed","ping_status":"closed","template":"","meta":{"footnotes":""},"class_list":["post-67","page","type-page","status-publish","hentry"],"yoast_head":"<!-- This site is optimized with the Yoast SEO plugin v26.9 - https:\/\/yoast.com\/product\/yoast-seo-wordpress\/ -->\n<title>Innovaci\u00f3n - Innova Tecnolog\u00eda M\u00e9dica<\/title>\n<meta name=\"robots\" content=\"index, follow, max-snippet:-1, max-image-preview:large, max-video-preview:-1\" \/>\n<link rel=\"canonical\" href=\"https:\/\/medicina.udd.cl\/innovatm\/innovacion\/\" \/>\n<meta property=\"og:locale\" content=\"es_ES\" \/>\n<meta property=\"og:type\" content=\"article\" \/>\n<meta property=\"og:title\" content=\"Innovaci\u00f3n - Innova Tecnolog\u00eda M\u00e9dica\" \/>\n<meta property=\"og:description\" content=\"Innovaci\u00f3n en Docencia En la UDD impulsamos una docencia transformadora, que combina metodolog\u00edas activas, tecnolog\u00edas emergentes e inteligencia artificial para potenciar el aprendizaje de nuestros estudiantes. Promovemos la formaci\u00f3n basada en competencias, el desarrollo del pensamiento cr\u00edtico y la incorporaci\u00f3n de herramientas digitales que facilitan experiencias significativas, centradas en el estudiante como protagonista de su [&hellip;]\" \/>\n<meta property=\"og:url\" content=\"https:\/\/medicina.udd.cl\/innovatm\/innovacion\/\" \/>\n<meta property=\"og:site_name\" content=\"Innova Tecnolog\u00eda M\u00e9dica\" \/>\n<meta property=\"article:modified_time\" content=\"2025-12-23T16:30:48+00:00\" \/>\n<meta name=\"twitter:card\" content=\"summary_large_image\" \/>\n<meta name=\"twitter:label1\" content=\"Tiempo de lectura\" \/>\n\t<meta name=\"twitter:data1\" content=\"1 minuto\" \/>\n<script type=\"application\/ld+json\" class=\"yoast-schema-graph\">{\"@context\":\"https:\/\/schema.org\",\"@graph\":[{\"@type\":\"WebPage\",\"@id\":\"https:\/\/medicina.udd.cl\/innovatm\/innovacion\/\",\"url\":\"https:\/\/medicina.udd.cl\/innovatm\/innovacion\/\",\"name\":\"Innovaci\u00f3n - Innova Tecnolog\u00eda M\u00e9dica\",\"isPartOf\":{\"@id\":\"https:\/\/medicina.udd.cl\/innovatm\/#website\"},\"datePublished\":\"2025-09-05T18:16:06+00:00\",\"dateModified\":\"2025-12-23T16:30:48+00:00\",\"inLanguage\":\"es\",\"potentialAction\":[{\"@type\":\"ReadAction\",\"target\":[\"https:\/\/medicina.udd.cl\/innovatm\/innovacion\/\"]}]},{\"@type\":\"WebSite\",\"@id\":\"https:\/\/medicina.udd.cl\/innovatm\/#website\",\"url\":\"https:\/\/medicina.udd.cl\/innovatm\/\",\"name\":\"Innova Tecnolog\u00eda M\u00e9dica\",\"description\":\"\",\"inLanguage\":\"es\"}]}<\/script>\n<!-- \/ Yoast SEO plugin. -->","yoast_head_json":{"title":"Innovaci\u00f3n - Innova Tecnolog\u00eda M\u00e9dica","robots":{"index":"index","follow":"follow","max-snippet":"max-snippet:-1","max-image-preview":"max-image-preview:large","max-video-preview":"max-video-preview:-1"},"canonical":"https:\/\/medicina.udd.cl\/innovatm\/innovacion\/","og_locale":"es_ES","og_type":"article","og_title":"Innovaci\u00f3n - Innova Tecnolog\u00eda M\u00e9dica","og_description":"Innovaci\u00f3n en Docencia En la UDD impulsamos una docencia transformadora, que combina metodolog\u00edas activas, tecnolog\u00edas emergentes e inteligencia artificial para potenciar el aprendizaje de nuestros estudiantes. Promovemos la formaci\u00f3n basada en competencias, el desarrollo del pensamiento cr\u00edtico y la incorporaci\u00f3n de herramientas digitales que facilitan experiencias significativas, centradas en el estudiante como protagonista de su [&hellip;]","og_url":"https:\/\/medicina.udd.cl\/innovatm\/innovacion\/","og_site_name":"Innova Tecnolog\u00eda M\u00e9dica","article_modified_time":"2025-12-23T16:30:48+00:00","twitter_card":"summary_large_image","twitter_misc":{"Tiempo de lectura":"1 minuto"},"schema":{"@context":"https:\/\/schema.org","@graph":[{"@type":"WebPage","@id":"https:\/\/medicina.udd.cl\/innovatm\/innovacion\/","url":"https:\/\/medicina.udd.cl\/innovatm\/innovacion\/","name":"Innovaci\u00f3n - Innova Tecnolog\u00eda M\u00e9dica","isPartOf":{"@id":"https:\/\/medicina.udd.cl\/innovatm\/#website"},"datePublished":"2025-09-05T18:16:06+00:00","dateModified":"2025-12-23T16:30:48+00:00","inLanguage":"es","potentialAction":[{"@type":"ReadAction","target":["https:\/\/medicina.udd.cl\/innovatm\/innovacion\/"]}]},{"@type":"WebSite","@id":"https:\/\/medicina.udd.cl\/innovatm\/#website","url":"https:\/\/medicina.udd.cl\/innovatm\/","name":"Innova Tecnolog\u00eda M\u00e9dica","description":"","inLanguage":"es"}]}},"_links":{"self":[{"href":"https:\/\/medicina.udd.cl\/innovatm\/wp-json\/wp\/v2\/pages\/67","targetHints":{"allow":["GET"]}}],"collection":[{"href":"https:\/\/medicina.udd.cl\/innovatm\/wp-json\/wp\/v2\/pages"}],"about":[{"href":"https:\/\/medicina.udd.cl\/innovatm\/wp-json\/wp\/v2\/types\/page"}],"author":[{"embeddable":true,"href":"https:\/\/medicina.udd.cl\/innovatm\/wp-json\/wp\/v2\/users\/9192254"}],"replies":[{"embeddable":true,"href":"https:\/\/medicina.udd.cl\/innovatm\/wp-json\/wp\/v2\/comments?post=67"}],"version-history":[{"count":4,"href":"https:\/\/medicina.udd.cl\/innovatm\/wp-json\/wp\/v2\/pages\/67\/revisions"}],"predecessor-version":[{"id":205,"href":"https:\/\/medicina.udd.cl\/innovatm\/wp-json\/wp\/v2\/pages\/67\/revisions\/205"}],"wp:attachment":[{"href":"https:\/\/medicina.udd.cl\/innovatm\/wp-json\/wp\/v2\/media?parent=67"}],"curies":[{"name":"wp","href":"https:\/\/api.w.org\/{rel}","templated":true}]}}