{"id":84,"date":"2025-09-05T14:21:24","date_gmt":"2025-09-05T18:21:24","guid":{"rendered":"https:\/\/medicina.udd.cl\/innovatm\/?page_id=84"},"modified":"2025-09-16T11:23:08","modified_gmt":"2025-09-16T14:23:08","slug":"lineas-de-investigacion","status":"publish","type":"page","link":"https:\/\/medicina.udd.cl\/innovatm\/lineas-de-investigacion\/","title":{"rendered":"L\u00edneas de investigaci\u00f3n"},"content":{"rendered":"\n<ul class=\"wp-block-list\">\n<li>Las l\u00edneas de investigaci\u00f3n de la carrera de Tecnolog\u00eda M\u00e9dica UDD articulan la docencia, la innovaci\u00f3n y la vinculaci\u00f3n con el medio, orientando los esfuerzos hacia la generaci\u00f3n de conocimiento con impacto real en la sociedad. Cada l\u00ednea busca integrar la ciencia, la tecnolog\u00eda y la pr\u00e1ctica cl\u00ednica, fortaleciendo tanto la formaci\u00f3n de nuestros estudiantes como la contribuci\u00f3n al desarrollo del sistema de salud.<\/li>\n<\/ul>\n\n\n\n<h2 class=\"wp-block-heading\"><strong>Principales l\u00edneas de investigaci\u00f3n<\/strong>:<\/h2>\n\n\n\n<p><strong>Imagenolog\u00eda y Diagn\u00f3stico Avanzado<\/strong><\/p>\n\n\n\n<ul class=\"wp-block-list\">\n<li>Desarrollo y validaci\u00f3n de protocolos radiol\u00f3gicos.<\/li>\n\n\n\n<li>Optimizaci\u00f3n de t\u00e9cnicas de imagen.<\/li>\n\n\n\n<li>Inteligencia artificial aplicada al an\u00e1lisis de im\u00e1genes m\u00e9dicas.<\/li>\n<\/ul>\n\n\n\n<p><\/p>\n\n\n\n<p><strong>F\u00edsica M\u00e9dica y Tecnolog\u00edas Emergentes<\/strong><\/p>\n\n\n\n<ul class=\"wp-block-list\">\n<li>Dosimetr\u00eda y radioprotecci\u00f3n en diagn\u00f3stico por im\u00e1genes.<\/li>\n\n\n\n<li>Evaluaci\u00f3n y control de calidad.<\/li>\n\n\n\n<li>Innovaci\u00f3n en tecnolog\u00edas digitales y telemedicina.<\/li>\n<\/ul>\n\n\n\n<p><\/p>\n\n\n\n<p><strong>Educaci\u00f3n en Ciencias de la Salud<\/strong><\/p>\n\n\n\n<ul class=\"wp-block-list\">\n<li>Innovaci\u00f3n docente y metodolog\u00edas activas en formaci\u00f3n universitaria.<\/li>\n\n\n\n<li>Simulaci\u00f3n cl\u00ednica y entornos virtuales de aprendizaje.<\/li>\n\n\n\n<li>Evaluaci\u00f3n por competencias y desarrollo de habilidades profesionales.<\/li>\n<\/ul>\n\n\n\n<p><\/p>\n\n\n\n<p><strong>Salud Digital y Ciencia de Datos<\/strong><\/p>\n\n\n\n<ul class=\"wp-block-list\">\n<li>Big data y anal\u00edtica aplicada a la salud.<\/li>\n\n\n\n<li>Desarrollo de algoritmos predictivos y sistemas de apoyo cl\u00ednico.<\/li>\n\n\n\n<li>\u00c9tica, gesti\u00f3n y uso responsable de la inteligencia artificial en salud.<\/li>\n<\/ul>\n\n\n\n<p><\/p>\n\n\n\n<p><strong>Vinculaci\u00f3n Cl\u00ednica y Comunitaria<\/strong><\/p>\n\n\n\n<ul class=\"wp-block-list\">\n<li>Estudios epidemiol\u00f3gicos en salud poblacional.<\/li>\n\n\n\n<li>Proyectos de impacto en comunidades y campos cl\u00ednicos.<\/li>\n\n\n\n<li>Transferencia tecnol\u00f3gica y validaci\u00f3n de nuevas pr\u00e1cticas en salud.<\/li>\n\n\n\n<li>Comunidad de Investigaci\u00f3n e Innovaci\u00f3n en Tecnolog\u00eda M\u00e9dica CIITEM.<\/li>\n<\/ul>\n","protected":false},"excerpt":{"rendered":"<p>Principales l\u00edneas de investigaci\u00f3n: Imagenolog\u00eda y Diagn\u00f3stico Avanzado F\u00edsica M\u00e9dica y Tecnolog\u00edas Emergentes Educaci\u00f3n en Ciencias de la Salud Salud Digital y Ciencia de Datos Vinculaci\u00f3n Cl\u00ednica y Comunitaria<\/p>\n","protected":false},"author":9192254,"featured_media":0,"parent":0,"menu_order":0,"comment_status":"closed","ping_status":"closed","template":"","meta":{"footnotes":""},"class_list":["post-84","page","type-page","status-publish","hentry"],"yoast_head":"<!-- This site is optimized with the Yoast SEO plugin v26.9 - https:\/\/yoast.com\/product\/yoast-seo-wordpress\/ -->\n<title>L\u00edneas de investigaci\u00f3n - Innova Tecnolog\u00eda M\u00e9dica<\/title>\n<meta name=\"robots\" content=\"index, follow, max-snippet:-1, max-image-preview:large, max-video-preview:-1\" \/>\n<link rel=\"canonical\" href=\"https:\/\/medicina.udd.cl\/innovatm\/lineas-de-investigacion\/\" \/>\n<meta property=\"og:locale\" content=\"es_ES\" \/>\n<meta property=\"og:type\" content=\"article\" \/>\n<meta property=\"og:title\" content=\"L\u00edneas de investigaci\u00f3n - Innova Tecnolog\u00eda M\u00e9dica\" \/>\n<meta property=\"og:description\" content=\"Principales l\u00edneas de investigaci\u00f3n: Imagenolog\u00eda y Diagn\u00f3stico Avanzado F\u00edsica M\u00e9dica y Tecnolog\u00edas Emergentes Educaci\u00f3n en Ciencias de la Salud Salud Digital y Ciencia de Datos Vinculaci\u00f3n Cl\u00ednica y Comunitaria\" \/>\n<meta property=\"og:url\" content=\"https:\/\/medicina.udd.cl\/innovatm\/lineas-de-investigacion\/\" \/>\n<meta property=\"og:site_name\" content=\"Innova Tecnolog\u00eda M\u00e9dica\" \/>\n<meta property=\"article:modified_time\" content=\"2025-09-16T14:23:08+00:00\" \/>\n<meta name=\"twitter:card\" content=\"summary_large_image\" \/>\n<meta name=\"twitter:label1\" content=\"Tiempo de lectura\" \/>\n\t<meta name=\"twitter:data1\" content=\"1 minuto\" \/>\n<script type=\"application\/ld+json\" class=\"yoast-schema-graph\">{\"@context\":\"https:\/\/schema.org\",\"@graph\":[{\"@type\":\"WebPage\",\"@id\":\"https:\/\/medicina.udd.cl\/innovatm\/lineas-de-investigacion\/\",\"url\":\"https:\/\/medicina.udd.cl\/innovatm\/lineas-de-investigacion\/\",\"name\":\"L\u00edneas de investigaci\u00f3n - Innova Tecnolog\u00eda M\u00e9dica\",\"isPartOf\":{\"@id\":\"https:\/\/medicina.udd.cl\/innovatm\/#website\"},\"datePublished\":\"2025-09-05T18:21:24+00:00\",\"dateModified\":\"2025-09-16T14:23:08+00:00\",\"inLanguage\":\"es\",\"potentialAction\":[{\"@type\":\"ReadAction\",\"target\":[\"https:\/\/medicina.udd.cl\/innovatm\/lineas-de-investigacion\/\"]}]},{\"@type\":\"WebSite\",\"@id\":\"https:\/\/medicina.udd.cl\/innovatm\/#website\",\"url\":\"https:\/\/medicina.udd.cl\/innovatm\/\",\"name\":\"Innova Tecnolog\u00eda M\u00e9dica\",\"description\":\"\",\"inLanguage\":\"es\"}]}<\/script>\n<!-- \/ Yoast SEO plugin. -->","yoast_head_json":{"title":"L\u00edneas de investigaci\u00f3n - Innova Tecnolog\u00eda M\u00e9dica","robots":{"index":"index","follow":"follow","max-snippet":"max-snippet:-1","max-image-preview":"max-image-preview:large","max-video-preview":"max-video-preview:-1"},"canonical":"https:\/\/medicina.udd.cl\/innovatm\/lineas-de-investigacion\/","og_locale":"es_ES","og_type":"article","og_title":"L\u00edneas de investigaci\u00f3n - Innova Tecnolog\u00eda M\u00e9dica","og_description":"Principales l\u00edneas de investigaci\u00f3n: Imagenolog\u00eda y Diagn\u00f3stico Avanzado F\u00edsica M\u00e9dica y Tecnolog\u00edas Emergentes Educaci\u00f3n en Ciencias de la Salud Salud Digital y Ciencia de Datos Vinculaci\u00f3n Cl\u00ednica y Comunitaria","og_url":"https:\/\/medicina.udd.cl\/innovatm\/lineas-de-investigacion\/","og_site_name":"Innova Tecnolog\u00eda M\u00e9dica","article_modified_time":"2025-09-16T14:23:08+00:00","twitter_card":"summary_large_image","twitter_misc":{"Tiempo de lectura":"1 minuto"},"schema":{"@context":"https:\/\/schema.org","@graph":[{"@type":"WebPage","@id":"https:\/\/medicina.udd.cl\/innovatm\/lineas-de-investigacion\/","url":"https:\/\/medicina.udd.cl\/innovatm\/lineas-de-investigacion\/","name":"L\u00edneas de investigaci\u00f3n - Innova Tecnolog\u00eda M\u00e9dica","isPartOf":{"@id":"https:\/\/medicina.udd.cl\/innovatm\/#website"},"datePublished":"2025-09-05T18:21:24+00:00","dateModified":"2025-09-16T14:23:08+00:00","inLanguage":"es","potentialAction":[{"@type":"ReadAction","target":["https:\/\/medicina.udd.cl\/innovatm\/lineas-de-investigacion\/"]}]},{"@type":"WebSite","@id":"https:\/\/medicina.udd.cl\/innovatm\/#website","url":"https:\/\/medicina.udd.cl\/innovatm\/","name":"Innova Tecnolog\u00eda M\u00e9dica","description":"","inLanguage":"es"}]}},"_links":{"self":[{"href":"https:\/\/medicina.udd.cl\/innovatm\/wp-json\/wp\/v2\/pages\/84","targetHints":{"allow":["GET"]}}],"collection":[{"href":"https:\/\/medicina.udd.cl\/innovatm\/wp-json\/wp\/v2\/pages"}],"about":[{"href":"https:\/\/medicina.udd.cl\/innovatm\/wp-json\/wp\/v2\/types\/page"}],"author":[{"embeddable":true,"href":"https:\/\/medicina.udd.cl\/innovatm\/wp-json\/wp\/v2\/users\/9192254"}],"replies":[{"embeddable":true,"href":"https:\/\/medicina.udd.cl\/innovatm\/wp-json\/wp\/v2\/comments?post=84"}],"version-history":[{"count":4,"href":"https:\/\/medicina.udd.cl\/innovatm\/wp-json\/wp\/v2\/pages\/84\/revisions"}],"predecessor-version":[{"id":218,"href":"https:\/\/medicina.udd.cl\/innovatm\/wp-json\/wp\/v2\/pages\/84\/revisions\/218"}],"wp:attachment":[{"href":"https:\/\/medicina.udd.cl\/innovatm\/wp-json\/wp\/v2\/media?parent=84"}],"curies":[{"name":"wp","href":"https:\/\/api.w.org\/{rel}","templated":true}]}}