{"id":90,"date":"2025-09-05T14:22:06","date_gmt":"2025-09-05T18:22:06","guid":{"rendered":"https:\/\/medicina.udd.cl\/innovatm\/?page_id=90"},"modified":"2025-09-16T11:26:35","modified_gmt":"2025-09-16T14:26:35","slug":"colaboraciones","status":"publish","type":"page","link":"https:\/\/medicina.udd.cl\/innovatm\/colaboraciones\/","title":{"rendered":"Publicaciones, manuales, infograf\u00edas y otros"},"content":{"rendered":"<!-- WP Block: UDD - Access Image -->\n<section class=\"wp-block-udd-access-image\n is-style-clear has-odd-elements has-3x-elements\">\n\t<div class=\"container\">\n\t\t\t\t<div class=\"block__content\">\n\t\t\t<div class=\"access-images\">\n\t\t\t\t\t\t\t<div class=\"access-image-wrapper\">\n\t\t\t\t\t<a href=\"http:\/\/medicina.udd.cl\/innovatm\/files\/2025\/09\/manual-pelvis_compressed.pdf\" data-url=\"http:\/\/medicina.udd.cl\/innovatm\/files\/2025\/09\/manual-pelvis_compressed.pdf\" class=\"access-image\">\n\t\t\t\t\t<img loading=\"lazy\" decoding=\"async\" width=\"680\" height=\"382\" src=\"https:\/\/medicina.udd.cl\/innovatm\/files\/2025\/09\/pelvis-para-tm-680x382.jpg\" class=\"access-image__image lazyload\" alt=\"\" sizes=\"auto, (max-width: 680px) 100vw, 680px\" data-src=\"https:\/\/medicina.udd.cl\/innovatm\/files\/2025\/09\/pelvis-para-tm-680x382.jpg\" data-srcset=\"https:\/\/medicina.udd.cl\/innovatm\/files\/2025\/09\/pelvis-para-tm-680x382.jpg 680w, https:\/\/medicina.udd.cl\/innovatm\/files\/2025\/09\/pelvis-para-tm-1920x1080.jpg 1920w, https:\/\/medicina.udd.cl\/innovatm\/files\/2025\/09\/pelvis-para-tm-1366x768.jpg 1366w, https:\/\/medicina.udd.cl\/innovatm\/files\/2025\/09\/pelvis-para-tm-952x534.jpg 952w\" \/>\t\t\t\t\t\t<div class=\"access-image__content\">\n\t\t\t\t\t\t\t<h3 class=\"access-image__title\">Manual pr\u00e1ctico de radiolog\u00eda de la pelvis<\/h3>\n\t\t\t\t\t\t\t<span class=\"access-image__action\">Conocer m\u00e1s<\/span>\n\t\t\t\t\t\t<\/div>\n\t\t\t\t\t<\/a>\n\t\t\t\t<\/div>\n\t\t\t\t\t\t\t<div class=\"access-image-wrapper\">\n\t\t\t\t\t<a href=\"http:\/\/medicina.udd.cl\/innovatm\/files\/2025\/09\/guia-para-revisiones-sistematicas-y-metaanalisis.pdf\" data-url=\"http:\/\/medicina.udd.cl\/innovatm\/files\/2025\/09\/guia-para-revisiones-sistematicas-y-metaanalisis.pdf\" class=\"access-image\">\n\t\t\t\t\t<img loading=\"lazy\" decoding=\"async\" width=\"680\" height=\"382\" src=\"https:\/\/medicina.udd.cl\/innovatm\/files\/2025\/09\/revisiones-gpg_-680x382.jpg\" class=\"access-image__image lazyload\" alt=\"\" data-src=\"https:\/\/medicina.udd.cl\/innovatm\/files\/2025\/09\/revisiones-gpg_-680x382.jpg\" \/>\t\t\t\t\t\t<div class=\"access-image__content\">\n\t\t\t\t\t\t\t<h3 class=\"access-image__title\">Gu\u00eda para la elaboraci\u00f3n de revisiones sistem\u00e1ticas y metaan\u00e1lisis de pruebas de diagn\u00f3sticos<\/h3>\n\t\t\t\t\t\t\t<span class=\"access-image__action\">Conocer m\u00e1s<\/span>\n\t\t\t\t\t\t<\/div>\n\t\t\t\t\t<\/a>\n\t\t\t\t<\/div>\n\t\t\t\t\t\t\t<div class=\"access-image-wrapper\">\n\t\t\t\t\t<a href=\"http:\/\/medicina.udd.cl\/innovatm\/files\/2025\/09\/validez-y-confiabilidad.pdf\" data-url=\"http:\/\/medicina.udd.cl\/innovatm\/files\/2025\/09\/validez-y-confiabilidad.pdf\" class=\"access-image\">\n\t\t\t\t\t<img loading=\"lazy\" decoding=\"async\" width=\"680\" height=\"382\" src=\"https:\/\/medicina.udd.cl\/innovatm\/files\/2025\/09\/validez-gpg-1-680x382.jpg\" class=\"access-image__image lazyload\" alt=\"\" data-src=\"https:\/\/medicina.udd.cl\/innovatm\/files\/2025\/09\/validez-gpg-1-680x382.jpg\" \/>\t\t\t\t\t\t<div class=\"access-image__content\">\n\t\t\t\t\t\t\t<h3 class=\"access-image__title\">Gu\u00eda pr\u00e1ctica de validez y confiabilidad de instrumentos de evaluaci\u00f3n para la investigaci\u00f3n en salud<\/h3>\n\t\t\t\t\t\t\t<span class=\"access-image__action\">Conocer m\u00e1s<\/span>\n\t\t\t\t\t\t<\/div>\n\t\t\t\t\t<\/a>\n\t\t\t\t<\/div>\n\t\t\t\t\t<\/div>\n\t<\/div>\n<\/section>\n\n\n\n<p><\/p>\n","protected":false},"excerpt":{"rendered":"","protected":false},"author":9192254,"featured_media":0,"parent":0,"menu_order":0,"comment_status":"closed","ping_status":"closed","template":"","meta":{"footnotes":""},"class_list":["post-90","page","type-page","status-publish","hentry"],"yoast_head":"<!-- This site is optimized with the Yoast SEO plugin v26.9 - https:\/\/yoast.com\/product\/yoast-seo-wordpress\/ -->\n<title>Publicaciones, manuales, infograf\u00edas y otros - Innova Tecnolog\u00eda M\u00e9dica<\/title>\n<meta name=\"robots\" content=\"index, follow, max-snippet:-1, max-image-preview:large, max-video-preview:-1\" \/>\n<link rel=\"canonical\" href=\"https:\/\/medicina.udd.cl\/innovatm\/colaboraciones\/\" \/>\n<meta property=\"og:locale\" content=\"es_ES\" \/>\n<meta property=\"og:type\" content=\"article\" \/>\n<meta property=\"og:title\" content=\"Publicaciones, manuales, infograf\u00edas y otros - Innova Tecnolog\u00eda M\u00e9dica\" \/>\n<meta property=\"og:url\" content=\"https:\/\/medicina.udd.cl\/innovatm\/colaboraciones\/\" \/>\n<meta property=\"og:site_name\" content=\"Innova Tecnolog\u00eda M\u00e9dica\" \/>\n<meta property=\"article:modified_time\" content=\"2025-09-16T14:26:35+00:00\" \/>\n<meta name=\"twitter:card\" content=\"summary_large_image\" \/>\n<script type=\"application\/ld+json\" class=\"yoast-schema-graph\">{\"@context\":\"https:\/\/schema.org\",\"@graph\":[{\"@type\":\"WebPage\",\"@id\":\"https:\/\/medicina.udd.cl\/innovatm\/colaboraciones\/\",\"url\":\"https:\/\/medicina.udd.cl\/innovatm\/colaboraciones\/\",\"name\":\"Publicaciones, manuales, infograf\u00edas y otros - Innova Tecnolog\u00eda M\u00e9dica\",\"isPartOf\":{\"@id\":\"https:\/\/medicina.udd.cl\/innovatm\/#website\"},\"datePublished\":\"2025-09-05T18:22:06+00:00\",\"dateModified\":\"2025-09-16T14:26:35+00:00\",\"inLanguage\":\"es\",\"potentialAction\":[{\"@type\":\"ReadAction\",\"target\":[\"https:\/\/medicina.udd.cl\/innovatm\/colaboraciones\/\"]}]},{\"@type\":\"WebSite\",\"@id\":\"https:\/\/medicina.udd.cl\/innovatm\/#website\",\"url\":\"https:\/\/medicina.udd.cl\/innovatm\/\",\"name\":\"Innova Tecnolog\u00eda M\u00e9dica\",\"description\":\"\",\"inLanguage\":\"es\"}]}<\/script>\n<!-- \/ Yoast SEO plugin. -->","yoast_head_json":{"title":"Publicaciones, manuales, infograf\u00edas y otros - Innova Tecnolog\u00eda M\u00e9dica","robots":{"index":"index","follow":"follow","max-snippet":"max-snippet:-1","max-image-preview":"max-image-preview:large","max-video-preview":"max-video-preview:-1"},"canonical":"https:\/\/medicina.udd.cl\/innovatm\/colaboraciones\/","og_locale":"es_ES","og_type":"article","og_title":"Publicaciones, manuales, infograf\u00edas y otros - Innova Tecnolog\u00eda M\u00e9dica","og_url":"https:\/\/medicina.udd.cl\/innovatm\/colaboraciones\/","og_site_name":"Innova Tecnolog\u00eda M\u00e9dica","article_modified_time":"2025-09-16T14:26:35+00:00","twitter_card":"summary_large_image","schema":{"@context":"https:\/\/schema.org","@graph":[{"@type":"WebPage","@id":"https:\/\/medicina.udd.cl\/innovatm\/colaboraciones\/","url":"https:\/\/medicina.udd.cl\/innovatm\/colaboraciones\/","name":"Publicaciones, manuales, infograf\u00edas y otros - Innova Tecnolog\u00eda M\u00e9dica","isPartOf":{"@id":"https:\/\/medicina.udd.cl\/innovatm\/#website"},"datePublished":"2025-09-05T18:22:06+00:00","dateModified":"2025-09-16T14:26:35+00:00","inLanguage":"es","potentialAction":[{"@type":"ReadAction","target":["https:\/\/medicina.udd.cl\/innovatm\/colaboraciones\/"]}]},{"@type":"WebSite","@id":"https:\/\/medicina.udd.cl\/innovatm\/#website","url":"https:\/\/medicina.udd.cl\/innovatm\/","name":"Innova Tecnolog\u00eda M\u00e9dica","description":"","inLanguage":"es"}]}},"_links":{"self":[{"href":"https:\/\/medicina.udd.cl\/innovatm\/wp-json\/wp\/v2\/pages\/90","targetHints":{"allow":["GET"]}}],"collection":[{"href":"https:\/\/medicina.udd.cl\/innovatm\/wp-json\/wp\/v2\/pages"}],"about":[{"href":"https:\/\/medicina.udd.cl\/innovatm\/wp-json\/wp\/v2\/types\/page"}],"author":[{"embeddable":true,"href":"https:\/\/medicina.udd.cl\/innovatm\/wp-json\/wp\/v2\/users\/9192254"}],"replies":[{"embeddable":true,"href":"https:\/\/medicina.udd.cl\/innovatm\/wp-json\/wp\/v2\/comments?post=90"}],"version-history":[{"count":4,"href":"https:\/\/medicina.udd.cl\/innovatm\/wp-json\/wp\/v2\/pages\/90\/revisions"}],"predecessor-version":[{"id":221,"href":"https:\/\/medicina.udd.cl\/innovatm\/wp-json\/wp\/v2\/pages\/90\/revisions\/221"}],"wp:attachment":[{"href":"https:\/\/medicina.udd.cl\/innovatm\/wp-json\/wp\/v2\/media?parent=90"}],"curies":[{"name":"wp","href":"https:\/\/api.w.org\/{rel}","templated":true}]}}