{"id":10,"date":"2010-03-31T19:26:34","date_gmt":"2010-03-31T22:26:34","guid":{"rendered":"http:\/\/medicina.udd.cl\/kinesiologia\/sobre-la-carrera\/malla-curricular\/"},"modified":"2025-07-09T13:08:45","modified_gmt":"2025-07-09T17:08:45","slug":"malla-curricular","status":"publish","type":"page","link":"https:\/\/medicina.udd.cl\/kinesiologia-santiago\/admision\/malla-curricular\/","title":{"rendered":"Malla Curricular"},"content":{"rendered":"\n<div class=\"wp-block-media-text alignfull is-stacked-on-mobile\" style=\"grid-template-columns:35% auto\"><figure class=\"wp-block-media-text__media\"><img loading=\"lazy\" decoding=\"async\" width=\"538\" height=\"390\" src=\"https:\/\/medicina.udd.cl\/kinesiologia-santiago\/files\/2025\/07\/kinesiologia.png\" alt=\"\" class=\"wp-image-7140 size-large\" srcset=\"https:\/\/medicina.udd.cl\/kinesiologia-santiago\/files\/2025\/07\/kinesiologia.png 538w, https:\/\/medicina.udd.cl\/kinesiologia-santiago\/files\/2025\/07\/kinesiologia-300x217.png 300w, https:\/\/medicina.udd.cl\/kinesiologia-santiago\/files\/2025\/07\/kinesiologia-87x62.png 87w\" sizes=\"auto, (max-width: 538px) 100vw, 538px\" \/><\/figure><div class=\"wp-block-media-text__content\">\n<p>Estudiar Kinesiolog\u00eda en la UDD es formarte con un plan integrador que desarrolla competencias en las \u00e1reas neuromuscular, musculoesquel\u00e9tica y cardiorrespiratoria, con \u00e9nfasis en la investigaci\u00f3n, la gesti\u00f3n y la educaci\u00f3n. Adem\u00e1s, contar\u00e1s con una s\u00f3lida red de campos cl\u00ednicos para aplicar tus conocimientos desde una perspectiva pr\u00e1ctica e innovadora.<\/p>\n<\/div><\/div>\n\n\n<p class=\"wp-block-udd-button text-center\"><a class=\"btn btn-primary btn-lg\" href=\"https:\/\/www.udd.cl\/mallas\/kinesiologia_scl.pdf\" data-url=\"https:\/\/www.udd.cl\/mallas\/kinesiologia_scl.pdf\" target=\"_blank\" rel=\"noreferrer noopener\"><svg class=\"svg-download-dims\"><use xlink:href='https:\/\/medicina.udd.cl\/kinesiologia-santiago\/wp-content\/themes\/facultades-2018\/assets\/img\/svg\/dist\/main.svg?version=1695853099#download'><\/use><\/svg> Descarga la malla en .PDF <\/a><\/p>\n","protected":false},"excerpt":{"rendered":"<p>Conoce la malla curricular de nuestra carrera.<\/p>\n","protected":false},"author":1,"featured_media":0,"parent":4,"menu_order":20,"comment_status":"open","ping_status":"closed","template":"","meta":{"footnotes":""},"class_list":["post-10","page","type-page","status-publish","hentry"],"yoast_head":"<!-- This site is optimized with the Yoast SEO plugin v26.9 - https:\/\/yoast.com\/product\/yoast-seo-wordpress\/ -->\n<title>Malla Curricular | Carrera de Kinesiolog\u00eda (Santiago) | UDD<\/title>\n<meta name=\"description\" content=\"Conoce la malla curricular de la carrera de Kinesiolog\u00eda UDD y se parte de esta gran carrera con un amplio campo laboral. Admisi\u00f3n 2025.\" \/>\n<meta name=\"robots\" content=\"index, follow, max-snippet:-1, max-image-preview:large, max-video-preview:-1\" \/>\n<link rel=\"canonical\" href=\"https:\/\/medicina.udd.cl\/kinesiologia-santiago\/admision\/malla-curricular\/\" \/>\n<meta property=\"og:locale\" content=\"es_ES\" \/>\n<meta property=\"og:type\" content=\"article\" \/>\n<meta property=\"og:title\" content=\"Malla Curricular | Carrera de Kinesiolog\u00eda (Santiago) | UDD\" \/>\n<meta property=\"og:description\" content=\"Conoce la malla curricular de la carrera de Kinesiolog\u00eda UDD y se parte de esta gran carrera con un amplio campo laboral. Admisi\u00f3n 2025.\" \/>\n<meta property=\"og:url\" content=\"https:\/\/medicina.udd.cl\/kinesiologia-santiago\/admision\/malla-curricular\/\" \/>\n<meta property=\"og:site_name\" content=\"Kinesiolog\u00eda\" \/>\n<meta property=\"article:modified_time\" content=\"2025-07-09T17:08:45+00:00\" \/>\n<meta property=\"og:image\" content=\"https:\/\/medicina.udd.cl\/kinesiologia-santiago\/files\/2025\/07\/kinesiologia.png\" \/>\n<meta name=\"twitter:label1\" content=\"Tiempo de lectura\" \/>\n\t<meta name=\"twitter:data1\" content=\"1 minuto\" \/>\n<script type=\"application\/ld+json\" class=\"yoast-schema-graph\">{\"@context\":\"https:\/\/schema.org\",\"@graph\":[{\"@type\":\"WebPage\",\"@id\":\"https:\/\/medicina.udd.cl\/kinesiologia-santiago\/admision\/malla-curricular\/\",\"url\":\"https:\/\/medicina.udd.cl\/kinesiologia-santiago\/admision\/malla-curricular\/\",\"name\":\"Malla Curricular | Carrera de Kinesiolog\u00eda (Santiago) | UDD\",\"isPartOf\":{\"@id\":\"https:\/\/medicina.udd.cl\/kinesiologia-santiago\/#website\"},\"primaryImageOfPage\":{\"@id\":\"https:\/\/medicina.udd.cl\/kinesiologia-santiago\/admision\/malla-curricular\/#primaryimage\"},\"image\":{\"@id\":\"https:\/\/medicina.udd.cl\/kinesiologia-santiago\/admision\/malla-curricular\/#primaryimage\"},\"thumbnailUrl\":\"https:\/\/medicina.udd.cl\/kinesiologia-santiago\/files\/2025\/07\/kinesiologia.png\",\"datePublished\":\"2010-03-31T22:26:34+00:00\",\"dateModified\":\"2025-07-09T17:08:45+00:00\",\"description\":\"Conoce la malla curricular de la carrera de Kinesiolog\u00eda UDD y se parte de esta gran carrera con un amplio campo laboral. Admisi\u00f3n 2025.\",\"breadcrumb\":{\"@id\":\"https:\/\/medicina.udd.cl\/kinesiologia-santiago\/admision\/malla-curricular\/#breadcrumb\"},\"inLanguage\":\"es\",\"potentialAction\":[{\"@type\":\"ReadAction\",\"target\":[\"https:\/\/medicina.udd.cl\/kinesiologia-santiago\/admision\/malla-curricular\/\"]}]},{\"@type\":\"ImageObject\",\"inLanguage\":\"es\",\"@id\":\"https:\/\/medicina.udd.cl\/kinesiologia-santiago\/admision\/malla-curricular\/#primaryimage\",\"url\":\"https:\/\/medicina.udd.cl\/kinesiologia-santiago\/files\/2025\/07\/kinesiologia.png\",\"contentUrl\":\"https:\/\/medicina.udd.cl\/kinesiologia-santiago\/files\/2025\/07\/kinesiologia.png\",\"width\":538,\"height\":390},{\"@type\":\"BreadcrumbList\",\"@id\":\"https:\/\/medicina.udd.cl\/kinesiologia-santiago\/admision\/malla-curricular\/#breadcrumb\",\"itemListElement\":[{\"@type\":\"ListItem\",\"position\":1,\"name\":\"Home\",\"item\":\"https:\/\/medicina.udd.cl\/kinesiologia-santiago\/\"},{\"@type\":\"ListItem\",\"position\":2,\"name\":\"Admisi\u00f3n\",\"item\":\"https:\/\/medicina.udd.cl\/kinesiologia-santiago\/admision\/\"},{\"@type\":\"ListItem\",\"position\":3,\"name\":\"Malla Curricular\"}]},{\"@type\":\"WebSite\",\"@id\":\"https:\/\/medicina.udd.cl\/kinesiologia-santiago\/#website\",\"url\":\"https:\/\/medicina.udd.cl\/kinesiologia-santiago\/\",\"name\":\"Kinesiolog\u00eda\",\"description\":\"Facultad de Medicina Cl\u00ednica Alemana Universidad del Desarrollo\",\"inLanguage\":\"es\"}]}<\/script>\n<!-- \/ Yoast SEO plugin. -->","yoast_head_json":{"title":"Malla Curricular | Carrera de Kinesiolog\u00eda (Santiago) | UDD","description":"Conoce la malla curricular de la carrera de Kinesiolog\u00eda UDD y se parte de esta gran carrera con un amplio campo laboral. Admisi\u00f3n 2025.","robots":{"index":"index","follow":"follow","max-snippet":"max-snippet:-1","max-image-preview":"max-image-preview:large","max-video-preview":"max-video-preview:-1"},"canonical":"https:\/\/medicina.udd.cl\/kinesiologia-santiago\/admision\/malla-curricular\/","og_locale":"es_ES","og_type":"article","og_title":"Malla Curricular | Carrera de Kinesiolog\u00eda (Santiago) | UDD","og_description":"Conoce la malla curricular de la carrera de Kinesiolog\u00eda UDD y se parte de esta gran carrera con un amplio campo laboral. Admisi\u00f3n 2025.","og_url":"https:\/\/medicina.udd.cl\/kinesiologia-santiago\/admision\/malla-curricular\/","og_site_name":"Kinesiolog\u00eda","article_modified_time":"2025-07-09T17:08:45+00:00","og_image":[{"url":"https:\/\/medicina.udd.cl\/kinesiologia-santiago\/files\/2025\/07\/kinesiologia.png","type":"","width":"","height":""}],"twitter_misc":{"Tiempo de lectura":"1 minuto"},"schema":{"@context":"https:\/\/schema.org","@graph":[{"@type":"WebPage","@id":"https:\/\/medicina.udd.cl\/kinesiologia-santiago\/admision\/malla-curricular\/","url":"https:\/\/medicina.udd.cl\/kinesiologia-santiago\/admision\/malla-curricular\/","name":"Malla Curricular | Carrera de Kinesiolog\u00eda (Santiago) | UDD","isPartOf":{"@id":"https:\/\/medicina.udd.cl\/kinesiologia-santiago\/#website"},"primaryImageOfPage":{"@id":"https:\/\/medicina.udd.cl\/kinesiologia-santiago\/admision\/malla-curricular\/#primaryimage"},"image":{"@id":"https:\/\/medicina.udd.cl\/kinesiologia-santiago\/admision\/malla-curricular\/#primaryimage"},"thumbnailUrl":"https:\/\/medicina.udd.cl\/kinesiologia-santiago\/files\/2025\/07\/kinesiologia.png","datePublished":"2010-03-31T22:26:34+00:00","dateModified":"2025-07-09T17:08:45+00:00","description":"Conoce la malla curricular de la carrera de Kinesiolog\u00eda UDD y se parte de esta gran carrera con un amplio campo laboral. Admisi\u00f3n 2025.","breadcrumb":{"@id":"https:\/\/medicina.udd.cl\/kinesiologia-santiago\/admision\/malla-curricular\/#breadcrumb"},"inLanguage":"es","potentialAction":[{"@type":"ReadAction","target":["https:\/\/medicina.udd.cl\/kinesiologia-santiago\/admision\/malla-curricular\/"]}]},{"@type":"ImageObject","inLanguage":"es","@id":"https:\/\/medicina.udd.cl\/kinesiologia-santiago\/admision\/malla-curricular\/#primaryimage","url":"https:\/\/medicina.udd.cl\/kinesiologia-santiago\/files\/2025\/07\/kinesiologia.png","contentUrl":"https:\/\/medicina.udd.cl\/kinesiologia-santiago\/files\/2025\/07\/kinesiologia.png","width":538,"height":390},{"@type":"BreadcrumbList","@id":"https:\/\/medicina.udd.cl\/kinesiologia-santiago\/admision\/malla-curricular\/#breadcrumb","itemListElement":[{"@type":"ListItem","position":1,"name":"Home","item":"https:\/\/medicina.udd.cl\/kinesiologia-santiago\/"},{"@type":"ListItem","position":2,"name":"Admisi\u00f3n","item":"https:\/\/medicina.udd.cl\/kinesiologia-santiago\/admision\/"},{"@type":"ListItem","position":3,"name":"Malla Curricular"}]},{"@type":"WebSite","@id":"https:\/\/medicina.udd.cl\/kinesiologia-santiago\/#website","url":"https:\/\/medicina.udd.cl\/kinesiologia-santiago\/","name":"Kinesiolog\u00eda","description":"Facultad de Medicina Cl\u00ednica Alemana Universidad del Desarrollo","inLanguage":"es"}]}},"_links":{"self":[{"href":"https:\/\/medicina.udd.cl\/kinesiologia-santiago\/wp-json\/wp\/v2\/pages\/10","targetHints":{"allow":["GET"]}}],"collection":[{"href":"https:\/\/medicina.udd.cl\/kinesiologia-santiago\/wp-json\/wp\/v2\/pages"}],"about":[{"href":"https:\/\/medicina.udd.cl\/kinesiologia-santiago\/wp-json\/wp\/v2\/types\/page"}],"author":[{"embeddable":true,"href":"https:\/\/medicina.udd.cl\/kinesiologia-santiago\/wp-json\/wp\/v2\/users\/1"}],"replies":[{"embeddable":true,"href":"https:\/\/medicina.udd.cl\/kinesiologia-santiago\/wp-json\/wp\/v2\/comments?post=10"}],"version-history":[{"count":47,"href":"https:\/\/medicina.udd.cl\/kinesiologia-santiago\/wp-json\/wp\/v2\/pages\/10\/revisions"}],"predecessor-version":[{"id":7141,"href":"https:\/\/medicina.udd.cl\/kinesiologia-santiago\/wp-json\/wp\/v2\/pages\/10\/revisions\/7141"}],"up":[{"embeddable":true,"href":"https:\/\/medicina.udd.cl\/kinesiologia-santiago\/wp-json\/wp\/v2\/pages\/4"}],"wp:attachment":[{"href":"https:\/\/medicina.udd.cl\/kinesiologia-santiago\/wp-json\/wp\/v2\/media?parent=10"}],"curies":[{"name":"wp","href":"https:\/\/api.w.org\/{rel}","templated":true}]}}