{"id":14,"date":"2010-03-31T19:26:34","date_gmt":"2010-03-31T23:26:34","guid":{"rendered":"http:\/\/medicina.udd.cl\/kinesiologia\/sobre-la-carrera\/infraestructura\/"},"modified":"2018-02-01T11:11:59","modified_gmt":"2018-02-01T14:11:59","slug":"campos-clinicos","status":"publish","type":"page","link":"https:\/\/medicina.udd.cl\/kinesiologia-santiago\/la-carrera\/campos-clinicos\/","title":{"rendered":"Campos Cl\u00ednicos"},"content":{"rendered":"<p style=\"text-align: justify\">En la Facultad de Medicina contamos con centros cl\u00ednicos exclusivos de pr\u00e1ctica profesional. Los alumnos realizan las visitas a centros cl\u00ednicos a partir del primer a\u00f1o, como estrategia de aproximaci\u00f3n a los pacientes, lo que les permite entablar un di\u00e1logo coherente y cercano con el objetivo de iniciarse en la entrevista cl\u00ednica para la obtenci\u00f3n de informaci\u00f3n relevante.<\/p>\n<p style=\"text-align: justify\">Ense\u00f1amos con un modelo docente asistencial, \u00fanico para la formaci\u00f3n de los profesionales del \u00e1rea, el que permite realizar actividades de formaci\u00f3n cl\u00ednica a cargo de profesionales destacados en su \u00e1rea, que se han formado como docentes cl\u00ednicos.<\/p>\n<p style=\"text-align: justify\">Nuestros centros exclusivos son:<\/p>\n<ul style=\"text-align: justify\">\n<li><strong>Cl\u00ednica Alemana de Santiago<\/strong>\u00a0con centros en Vitacura y La Dehesa.<\/li>\n<li><strong>Hospital Padre Hurtado<\/strong>\u00a0y su red de cinco consultorios de atenci\u00f3n primaria.<\/li>\n<li><strong>Cl\u00ednica UDD<\/strong>\u00a0en La Florida.<\/li>\n<\/ul>\n<p style=\"text-align: justify\">Te mostramos un v\u00eddeo para que puedas conocer en profundidad nuestros campos cl\u00ednicos:<\/p>\n<p><iframe loading=\"lazy\" title=\"Campos Cl\u00ednicos - Facultad Medicina Cl\u00ednica Alemana UDD\" width=\"500\" height=\"281\" src=\"https:\/\/www.youtube.com\/embed\/b1z8OhegBjw?feature=oembed&#038;rel=0&#038;modestbranding=1&#038;autohide=1&#038;autoplay=0&#038;enablejsapi=1&#038;showinfo=0\" allowautoplay=\"allowautoplay\" frameborder=\"0\" allow=\"accelerometer; autoplay; clipboard-write; encrypted-media; gyroscope; picture-in-picture; web-share\" referrerpolicy=\"strict-origin-when-cross-origin\" allowfullscreen><\/iframe><\/p>\n","protected":false},"excerpt":{"rendered":"<p>A lo largo de la carrera, los alumnos de Kinesiolog\u00eda de la Facultad de Medicina Cl\u00ednica Alemana Universidad del Desarrollo realizan sus pr\u00e1cticas cl\u00ednicas en Cl\u00ednica Alemana, Hospital Padre Hurtado y Cl\u00ednica UDD.<br \/>\n\u00a1Conoce nuestros centros de Internados!<\/p>\n","protected":false},"author":1,"featured_media":0,"parent":3,"menu_order":50,"comment_status":"open","ping_status":"open","template":"","meta":{"footnotes":""},"class_list":["post-14","page","type-page","status-publish","hentry"],"yoast_head":"<!-- This site is optimized with the Yoast SEO plugin v26.9 - https:\/\/yoast.com\/product\/yoast-seo-wordpress\/ -->\n<title>Campos Cl\u00ednicos | Carrera de Kinesiolog\u00eda (Santiago) | Admisi\u00f3n 2014 UDD<\/title>\n<meta name=\"description\" content=\"Kinesiolog\u00eda UDD cuenta con campos cl\u00ednicos tales como la Cl\u00ednica Alemana, el Hospital Padre Hurtado, la Cl\u00ednica UDD, entre otros.\" \/>\n<meta name=\"robots\" content=\"index, follow, max-snippet:-1, max-image-preview:large, max-video-preview:-1\" \/>\n<link rel=\"canonical\" href=\"https:\/\/medicina.udd.cl\/kinesiologia-santiago\/la-carrera\/campos-clinicos\/\" \/>\n<meta property=\"og:locale\" content=\"es_ES\" \/>\n<meta property=\"og:type\" content=\"article\" \/>\n<meta property=\"og:title\" content=\"Campos Cl\u00ednicos | Carrera de Kinesiolog\u00eda (Santiago) | Admisi\u00f3n 2014 UDD\" \/>\n<meta property=\"og:description\" content=\"Kinesiolog\u00eda UDD cuenta con campos cl\u00ednicos tales como la Cl\u00ednica Alemana, el Hospital Padre Hurtado, la Cl\u00ednica UDD, entre otros.\" \/>\n<meta property=\"og:url\" content=\"https:\/\/medicina.udd.cl\/kinesiologia-santiago\/la-carrera\/campos-clinicos\/\" \/>\n<meta property=\"og:site_name\" content=\"Kinesiolog\u00eda\" \/>\n<meta property=\"article:modified_time\" content=\"2018-02-01T14:11:59+00:00\" \/>\n<meta name=\"twitter:label1\" content=\"Tiempo de lectura\" \/>\n\t<meta name=\"twitter:data1\" content=\"1 minuto\" \/>\n<script type=\"application\/ld+json\" class=\"yoast-schema-graph\">{\"@context\":\"https:\/\/schema.org\",\"@graph\":[{\"@type\":\"WebPage\",\"@id\":\"https:\/\/medicina.udd.cl\/kinesiologia-santiago\/la-carrera\/campos-clinicos\/\",\"url\":\"https:\/\/medicina.udd.cl\/kinesiologia-santiago\/la-carrera\/campos-clinicos\/\",\"name\":\"Campos Cl\u00ednicos | Carrera de Kinesiolog\u00eda (Santiago) | Admisi\u00f3n 2014 UDD\",\"isPartOf\":{\"@id\":\"https:\/\/medicina.udd.cl\/kinesiologia-santiago\/#website\"},\"datePublished\":\"2010-03-31T23:26:34+00:00\",\"dateModified\":\"2018-02-01T14:11:59+00:00\",\"description\":\"Kinesiolog\u00eda UDD cuenta con campos cl\u00ednicos tales como la Cl\u00ednica Alemana, el Hospital Padre Hurtado, la Cl\u00ednica UDD, entre otros.\",\"breadcrumb\":{\"@id\":\"https:\/\/medicina.udd.cl\/kinesiologia-santiago\/la-carrera\/campos-clinicos\/#breadcrumb\"},\"inLanguage\":\"es\",\"potentialAction\":[{\"@type\":\"ReadAction\",\"target\":[\"https:\/\/medicina.udd.cl\/kinesiologia-santiago\/la-carrera\/campos-clinicos\/\"]}]},{\"@type\":\"BreadcrumbList\",\"@id\":\"https:\/\/medicina.udd.cl\/kinesiologia-santiago\/la-carrera\/campos-clinicos\/#breadcrumb\",\"itemListElement\":[{\"@type\":\"ListItem\",\"position\":1,\"name\":\"Home\",\"item\":\"https:\/\/medicina.udd.cl\/kinesiologia-santiago\/\"},{\"@type\":\"ListItem\",\"position\":2,\"name\":\"La Carrera\",\"item\":\"https:\/\/medicina.udd.cl\/kinesiologia-santiago\/la-carrera\/\"},{\"@type\":\"ListItem\",\"position\":3,\"name\":\"Campos Cl\u00ednicos\"}]},{\"@type\":\"WebSite\",\"@id\":\"https:\/\/medicina.udd.cl\/kinesiologia-santiago\/#website\",\"url\":\"https:\/\/medicina.udd.cl\/kinesiologia-santiago\/\",\"name\":\"Kinesiolog\u00eda\",\"description\":\"Facultad de Medicina Cl\u00ednica Alemana Universidad del Desarrollo\",\"inLanguage\":\"es\"}]}<\/script>\n<!-- \/ Yoast SEO plugin. -->","yoast_head_json":{"title":"Campos Cl\u00ednicos | Carrera de Kinesiolog\u00eda (Santiago) | Admisi\u00f3n 2014 UDD","description":"Kinesiolog\u00eda UDD cuenta con campos cl\u00ednicos tales como la Cl\u00ednica Alemana, el Hospital Padre Hurtado, la Cl\u00ednica UDD, entre otros.","robots":{"index":"index","follow":"follow","max-snippet":"max-snippet:-1","max-image-preview":"max-image-preview:large","max-video-preview":"max-video-preview:-1"},"canonical":"https:\/\/medicina.udd.cl\/kinesiologia-santiago\/la-carrera\/campos-clinicos\/","og_locale":"es_ES","og_type":"article","og_title":"Campos Cl\u00ednicos | Carrera de Kinesiolog\u00eda (Santiago) | Admisi\u00f3n 2014 UDD","og_description":"Kinesiolog\u00eda UDD cuenta con campos cl\u00ednicos tales como la Cl\u00ednica Alemana, el Hospital Padre Hurtado, la Cl\u00ednica UDD, entre otros.","og_url":"https:\/\/medicina.udd.cl\/kinesiologia-santiago\/la-carrera\/campos-clinicos\/","og_site_name":"Kinesiolog\u00eda","article_modified_time":"2018-02-01T14:11:59+00:00","twitter_misc":{"Tiempo de lectura":"1 minuto"},"schema":{"@context":"https:\/\/schema.org","@graph":[{"@type":"WebPage","@id":"https:\/\/medicina.udd.cl\/kinesiologia-santiago\/la-carrera\/campos-clinicos\/","url":"https:\/\/medicina.udd.cl\/kinesiologia-santiago\/la-carrera\/campos-clinicos\/","name":"Campos Cl\u00ednicos | Carrera de Kinesiolog\u00eda (Santiago) | Admisi\u00f3n 2014 UDD","isPartOf":{"@id":"https:\/\/medicina.udd.cl\/kinesiologia-santiago\/#website"},"datePublished":"2010-03-31T23:26:34+00:00","dateModified":"2018-02-01T14:11:59+00:00","description":"Kinesiolog\u00eda UDD cuenta con campos cl\u00ednicos tales como la Cl\u00ednica Alemana, el Hospital Padre Hurtado, la Cl\u00ednica UDD, entre otros.","breadcrumb":{"@id":"https:\/\/medicina.udd.cl\/kinesiologia-santiago\/la-carrera\/campos-clinicos\/#breadcrumb"},"inLanguage":"es","potentialAction":[{"@type":"ReadAction","target":["https:\/\/medicina.udd.cl\/kinesiologia-santiago\/la-carrera\/campos-clinicos\/"]}]},{"@type":"BreadcrumbList","@id":"https:\/\/medicina.udd.cl\/kinesiologia-santiago\/la-carrera\/campos-clinicos\/#breadcrumb","itemListElement":[{"@type":"ListItem","position":1,"name":"Home","item":"https:\/\/medicina.udd.cl\/kinesiologia-santiago\/"},{"@type":"ListItem","position":2,"name":"La Carrera","item":"https:\/\/medicina.udd.cl\/kinesiologia-santiago\/la-carrera\/"},{"@type":"ListItem","position":3,"name":"Campos Cl\u00ednicos"}]},{"@type":"WebSite","@id":"https:\/\/medicina.udd.cl\/kinesiologia-santiago\/#website","url":"https:\/\/medicina.udd.cl\/kinesiologia-santiago\/","name":"Kinesiolog\u00eda","description":"Facultad de Medicina Cl\u00ednica Alemana Universidad del Desarrollo","inLanguage":"es"}]}},"_links":{"self":[{"href":"https:\/\/medicina.udd.cl\/kinesiologia-santiago\/wp-json\/wp\/v2\/pages\/14","targetHints":{"allow":["GET"]}}],"collection":[{"href":"https:\/\/medicina.udd.cl\/kinesiologia-santiago\/wp-json\/wp\/v2\/pages"}],"about":[{"href":"https:\/\/medicina.udd.cl\/kinesiologia-santiago\/wp-json\/wp\/v2\/types\/page"}],"author":[{"embeddable":true,"href":"https:\/\/medicina.udd.cl\/kinesiologia-santiago\/wp-json\/wp\/v2\/users\/1"}],"replies":[{"embeddable":true,"href":"https:\/\/medicina.udd.cl\/kinesiologia-santiago\/wp-json\/wp\/v2\/comments?post=14"}],"version-history":[{"count":37,"href":"https:\/\/medicina.udd.cl\/kinesiologia-santiago\/wp-json\/wp\/v2\/pages\/14\/revisions"}],"predecessor-version":[{"id":3872,"href":"https:\/\/medicina.udd.cl\/kinesiologia-santiago\/wp-json\/wp\/v2\/pages\/14\/revisions\/3872"}],"up":[{"embeddable":true,"href":"https:\/\/medicina.udd.cl\/kinesiologia-santiago\/wp-json\/wp\/v2\/pages\/3"}],"wp:attachment":[{"href":"https:\/\/medicina.udd.cl\/kinesiologia-santiago\/wp-json\/wp\/v2\/media?parent=14"}],"curies":[{"name":"wp","href":"https:\/\/api.w.org\/{rel}","templated":true}]}}