{"id":3039,"date":"2016-07-12T17:08:53","date_gmt":"2016-07-12T21:08:53","guid":{"rendered":"http:\/\/medicina.udd.cl\/kinesiologia-santiago\/?page_id=3039"},"modified":"2016-07-13T12:17:44","modified_gmt":"2016-07-13T16:17:44","slug":"alumni","status":"publish","type":"page","link":"https:\/\/medicina.udd.cl\/kinesiologia-santiago\/alumni\/","title":{"rendered":"Alumni"},"content":{"rendered":"<p style=\"text-align: justify\">Con el objetivo de estrechar la relaci\u00f3n con nuestros ex alumnos, generar instancias de discusi\u00f3n y formaci\u00f3n profesional, y ser un canal activo de comunicaci\u00f3n, los invitamos a ser parte de nuestra <strong>red de egresados de Kinesiolog\u00eda UDD,<\/strong> completando sus datos en el siguiente formulario.<\/p>\n<p style=\"text-align: justify\">\u00a1B\u00fascanos en Facebook como <a href=\"https:\/\/www.facebook.com\/groups\/1124655300924185\/?fref=ts\">Egresados Kinesiolog\u00eda UDD<\/a>!<\/p>\n<iframe loading=\"lazy\" src=\"http:\/\/alumni.udd.cl\/exalumnos\/encuesta_alumno\/index.php\" width=\"100%\" height=\"1000\" frameborder=\"0\"><\/iframe>\n","protected":false},"excerpt":{"rendered":"<p>Con el objetivo de estrechar la relaci\u00f3n con nuestros ex alumnos, generar instancias de discusi\u00f3n y formaci\u00f3n profesional, y ser un canal activo de comunicaci\u00f3n, los invitamos a ser parte de nuestra red de egresados de Kinesiolog\u00eda UDD, completando sus datos en el siguiente formulario. \u00a1B\u00fascanos en Facebook como Egresados Kinesiolog\u00eda UDD!<\/p>\n","protected":false},"author":9192192,"featured_media":0,"parent":0,"menu_order":0,"comment_status":"closed","ping_status":"closed","template":"","meta":{"footnotes":""},"class_list":["post-3039","page","type-page","status-publish","hentry"],"yoast_head":"<!-- This site is optimized with the Yoast SEO plugin v26.9 - https:\/\/yoast.com\/product\/yoast-seo-wordpress\/ -->\n<title>Alumni - Kinesiolog\u00eda<\/title>\n<meta name=\"robots\" content=\"index, follow, max-snippet:-1, max-image-preview:large, max-video-preview:-1\" \/>\n<link rel=\"canonical\" href=\"https:\/\/medicina.udd.cl\/kinesiologia-santiago\/alumni\/\" \/>\n<meta property=\"og:locale\" content=\"es_ES\" \/>\n<meta property=\"og:type\" content=\"article\" \/>\n<meta property=\"og:title\" content=\"Alumni - Kinesiolog\u00eda\" \/>\n<meta property=\"og:description\" content=\"Con el objetivo de estrechar la relaci\u00f3n con nuestros ex alumnos, generar instancias de discusi\u00f3n y formaci\u00f3n profesional, y ser un canal activo de comunicaci\u00f3n, los invitamos a ser parte de nuestra red de egresados de Kinesiolog\u00eda UDD, completando sus datos en el siguiente formulario. \u00a1B\u00fascanos en Facebook como Egresados Kinesiolog\u00eda UDD!\" \/>\n<meta property=\"og:url\" content=\"https:\/\/medicina.udd.cl\/kinesiologia-santiago\/alumni\/\" \/>\n<meta property=\"og:site_name\" content=\"Kinesiolog\u00eda\" \/>\n<meta property=\"article:modified_time\" content=\"2016-07-13T16:17:44+00:00\" \/>\n<script type=\"application\/ld+json\" class=\"yoast-schema-graph\">{\"@context\":\"https:\/\/schema.org\",\"@graph\":[{\"@type\":\"WebPage\",\"@id\":\"https:\/\/medicina.udd.cl\/kinesiologia-santiago\/alumni\/\",\"url\":\"https:\/\/medicina.udd.cl\/kinesiologia-santiago\/alumni\/\",\"name\":\"Alumni - Kinesiolog\u00eda\",\"isPartOf\":{\"@id\":\"https:\/\/medicina.udd.cl\/kinesiologia-santiago\/#website\"},\"datePublished\":\"2016-07-12T21:08:53+00:00\",\"dateModified\":\"2016-07-13T16:17:44+00:00\",\"breadcrumb\":{\"@id\":\"https:\/\/medicina.udd.cl\/kinesiologia-santiago\/alumni\/#breadcrumb\"},\"inLanguage\":\"es\",\"potentialAction\":[{\"@type\":\"ReadAction\",\"target\":[\"https:\/\/medicina.udd.cl\/kinesiologia-santiago\/alumni\/\"]}]},{\"@type\":\"BreadcrumbList\",\"@id\":\"https:\/\/medicina.udd.cl\/kinesiologia-santiago\/alumni\/#breadcrumb\",\"itemListElement\":[{\"@type\":\"ListItem\",\"position\":1,\"name\":\"Home\",\"item\":\"https:\/\/medicina.udd.cl\/kinesiologia-santiago\/\"},{\"@type\":\"ListItem\",\"position\":2,\"name\":\"Alumni\"}]},{\"@type\":\"WebSite\",\"@id\":\"https:\/\/medicina.udd.cl\/kinesiologia-santiago\/#website\",\"url\":\"https:\/\/medicina.udd.cl\/kinesiologia-santiago\/\",\"name\":\"Kinesiolog\u00eda\",\"description\":\"Facultad de Medicina Cl\u00ednica Alemana Universidad del Desarrollo\",\"inLanguage\":\"es\"}]}<\/script>\n<!-- \/ Yoast SEO plugin. -->","yoast_head_json":{"title":"Alumni - Kinesiolog\u00eda","robots":{"index":"index","follow":"follow","max-snippet":"max-snippet:-1","max-image-preview":"max-image-preview:large","max-video-preview":"max-video-preview:-1"},"canonical":"https:\/\/medicina.udd.cl\/kinesiologia-santiago\/alumni\/","og_locale":"es_ES","og_type":"article","og_title":"Alumni - Kinesiolog\u00eda","og_description":"Con el objetivo de estrechar la relaci\u00f3n con nuestros ex alumnos, generar instancias de discusi\u00f3n y formaci\u00f3n profesional, y ser un canal activo de comunicaci\u00f3n, los invitamos a ser parte de nuestra red de egresados de Kinesiolog\u00eda UDD, completando sus datos en el siguiente formulario. \u00a1B\u00fascanos en Facebook como Egresados Kinesiolog\u00eda UDD!","og_url":"https:\/\/medicina.udd.cl\/kinesiologia-santiago\/alumni\/","og_site_name":"Kinesiolog\u00eda","article_modified_time":"2016-07-13T16:17:44+00:00","schema":{"@context":"https:\/\/schema.org","@graph":[{"@type":"WebPage","@id":"https:\/\/medicina.udd.cl\/kinesiologia-santiago\/alumni\/","url":"https:\/\/medicina.udd.cl\/kinesiologia-santiago\/alumni\/","name":"Alumni - Kinesiolog\u00eda","isPartOf":{"@id":"https:\/\/medicina.udd.cl\/kinesiologia-santiago\/#website"},"datePublished":"2016-07-12T21:08:53+00:00","dateModified":"2016-07-13T16:17:44+00:00","breadcrumb":{"@id":"https:\/\/medicina.udd.cl\/kinesiologia-santiago\/alumni\/#breadcrumb"},"inLanguage":"es","potentialAction":[{"@type":"ReadAction","target":["https:\/\/medicina.udd.cl\/kinesiologia-santiago\/alumni\/"]}]},{"@type":"BreadcrumbList","@id":"https:\/\/medicina.udd.cl\/kinesiologia-santiago\/alumni\/#breadcrumb","itemListElement":[{"@type":"ListItem","position":1,"name":"Home","item":"https:\/\/medicina.udd.cl\/kinesiologia-santiago\/"},{"@type":"ListItem","position":2,"name":"Alumni"}]},{"@type":"WebSite","@id":"https:\/\/medicina.udd.cl\/kinesiologia-santiago\/#website","url":"https:\/\/medicina.udd.cl\/kinesiologia-santiago\/","name":"Kinesiolog\u00eda","description":"Facultad de Medicina Cl\u00ednica Alemana Universidad del Desarrollo","inLanguage":"es"}]}},"_links":{"self":[{"href":"https:\/\/medicina.udd.cl\/kinesiologia-santiago\/wp-json\/wp\/v2\/pages\/3039","targetHints":{"allow":["GET"]}}],"collection":[{"href":"https:\/\/medicina.udd.cl\/kinesiologia-santiago\/wp-json\/wp\/v2\/pages"}],"about":[{"href":"https:\/\/medicina.udd.cl\/kinesiologia-santiago\/wp-json\/wp\/v2\/types\/page"}],"author":[{"embeddable":true,"href":"https:\/\/medicina.udd.cl\/kinesiologia-santiago\/wp-json\/wp\/v2\/users\/9192192"}],"replies":[{"embeddable":true,"href":"https:\/\/medicina.udd.cl\/kinesiologia-santiago\/wp-json\/wp\/v2\/comments?post=3039"}],"version-history":[{"count":7,"href":"https:\/\/medicina.udd.cl\/kinesiologia-santiago\/wp-json\/wp\/v2\/pages\/3039\/revisions"}],"predecessor-version":[{"id":3048,"href":"https:\/\/medicina.udd.cl\/kinesiologia-santiago\/wp-json\/wp\/v2\/pages\/3039\/revisions\/3048"}],"wp:attachment":[{"href":"https:\/\/medicina.udd.cl\/kinesiologia-santiago\/wp-json\/wp\/v2\/media?parent=3039"}],"curies":[{"name":"wp","href":"https:\/\/api.w.org\/{rel}","templated":true}]}}