{"id":3097,"date":"2016-08-02T13:04:20","date_gmt":"2016-08-02T17:04:20","guid":{"rendered":"http:\/\/medicina.udd.cl\/kinesiologia-santiago\/?page_id=3097"},"modified":"2016-08-02T16:49:28","modified_gmt":"2016-08-02T20:49:28","slug":"traslacion-del-conocimiento","status":"publish","type":"page","link":"https:\/\/medicina.udd.cl\/kinesiologia-santiago\/investigacion\/traslacion-del-conocimiento\/","title":{"rendered":"Traslaci\u00f3n del Conocimiento"},"content":{"rendered":"<h4><span style=\"color: #008080\">Comunicaci\u00f3n de Investigaciones<\/span><\/h4>\n<h5 style=\"text-align: justify\">Curso de Investigaci\u00f3n en Kinesiolog\u00eda y Salud<\/h5>\n<p style=\"text-align: justify\">Durante dos d\u00edas se realiz\u00f3 el curso te\u00f3rico-pr\u00e1ctico de Investigaci\u00f3n en Kinesiolog\u00eda y Salud, realizado en la Facultad de Ciencias de la Salud de la UDD, en Concepci\u00f3n. El taller estuvo a cargo del coordinador de Investigaci\u00f3n de carrera Jaime Leppe, y fue dirigido para kinesi\u00f3logos, tutores cl\u00ednicos de alumnos internos con funciones en hospitales p\u00fablicos, kinesi\u00f3logos de Cesfam, Comisi\u00f3n Clasificadora de Riesgo de escuelas especiales y ex alumnos.<\/p>\n<p style=\"text-align: justify\">El prop\u00f3sito del curso-taller es compartir una metodolog\u00eda de trabajo que pueda orientar a los interesados en investigaci\u00f3n en la etapa de formulaci\u00f3n de un estudio.<\/p>\n<p style=\"text-align: justify\">El curso nace en el contexto de la postulaci\u00f3n a fondos concursables que requiere competencias tanto espec\u00edficas de la disciplina como metodol\u00f3gicas. Tambi\u00e9n que puedan desarrollar destrezas en la presentaci\u00f3n de un documento consistente y atractivo para los evaluadores, cumpliendo con objetivos estrat\u00e9gicos de la instituci\u00f3n de origen como con los prop\u00f3sitos del fondo a postular.<\/p>\n<p style=\"text-align: justify\">En Santiago la carrera de Kinesiolog\u00eda ha ejecutado un plan de desarrollo en los \u00faltimos a\u00f1os para implementar estudios independientes de las tesis de pregrado.<\/p>\n<p style=\"text-align: justify\"><a href=\"http:\/\/medicina.udd.cl\/kinesiologia-santiago\/files\/2015\/03\/Investigacion2.jpg\"><img loading=\"lazy\" decoding=\"async\" class=\"aligncenter size-medium wp-image-2509\" src=\"http:\/\/medicina.udd.cl\/kinesiologia-santiago\/files\/2015\/03\/Investigacion2-300x199.jpg\" alt=\"Investigacion2\" width=\"300\" height=\"199\" \/><\/a><\/p>\n<h5 style=\"text-align: justify\"><\/h5>\n<h5 style=\"text-align: justify\">Jornada sobre investigaci\u00f3n en Centros Educacionales<\/h5>\n<p style=\"text-align: justify\">Abrir un espacio de discusi\u00f3n para analizar el marco legal vigente en torno a los estudios con seres humanos en establecimientos educativos, fue el objetivo de la \u201cJornada sobre investigaci\u00f3n en centros educacionales\u201d, organizada por la carrera de Kinesiolog\u00eda y el Observatorio de Bio\u00e9tica y Derecho de la Universidad del Desarrollo.<\/p>\n<p style=\"text-align: justify\">La actividad, que se constituy\u00f3 como una instancia in\u00e9dita en nuestro pa\u00eds para discutir esta tem\u00e1tica, nace como respuesta al importante desconocimiento que existe en Chile sobre los est\u00e1ndares \u00e9ticos y jur\u00eddicos que son exigidos para la investigaci\u00f3n con ni\u00f1os, tanto de parte de los investigadores, como de los directores de centros educacionales, los padres y los ni\u00f1os.<\/p>\n<p style=\"text-align: justify\"><a href=\"http:\/\/medicina.udd.cl\/kinesiologia-santiago\/files\/2015\/07\/IMG_0537.jpg\"><img loading=\"lazy\" decoding=\"async\" class=\"wp-image-2314 aligncenter\" src=\"http:\/\/medicina.udd.cl\/kinesiologia-santiago\/files\/2015\/07\/IMG_0537.jpg\" alt=\"IMG_0537\" width=\"336\" height=\"153\" srcset=\"https:\/\/medicina.udd.cl\/kinesiologia-santiago\/files\/2015\/07\/IMG_0537.jpg 846w, https:\/\/medicina.udd.cl\/kinesiologia-santiago\/files\/2015\/07\/IMG_0537-300x137.jpg 300w, https:\/\/medicina.udd.cl\/kinesiologia-santiago\/files\/2015\/07\/IMG_0537-768x350.jpg 768w\" sizes=\"auto, (max-width: 336px) 100vw, 336px\" \/><\/a><\/p>\n<h5 style=\"text-align: justify\"><\/h5>\n<h5 style=\"text-align: justify\"><span style=\"font-size: 1em\">Docentes de Kinesiolog\u00eda participaron en destacada conferencia internacional<\/span><\/h5>\n<p style=\"text-align: justify\">Cuatro docentes del equipo de investigaci\u00f3n de la carrera de Kinesiolog\u00eda UDD asistieron al Congreso 2015 de la Confederaci\u00f3n Mundial de Fisioterapia, realizado durante el mes de mayo en Singapur.<\/p>\n<p style=\"text-align: justify\">Los docentes, cuyos trabajos fueron seleccionados para presentarse en el encuentro, fueron Sonia Roa, Jaime Leppe, Mar\u00eda Jes\u00fas Mena y Ana Cristina Castro, quienes realizaron exposiciones sobre sus trabajos de investigaci\u00f3n.<\/p>\n<p style=\"text-align: justify\">Si quieres ver los res\u00famenes de los posters presentados en el Congreso de la WCPT 2015, ingresa <a href=\"http:\/\/www.abstractstosubmit.com\/wpt2015\/abstracts\/\" target=\"_blank\">aqu\u00ed<\/a><\/p>\n<p style=\"text-align: justify\"><a href=\"http:\/\/medicina.udd.cl\/kinesiologia-santiago\/files\/2015\/06\/Equipo-de-Investigaci\u00f3n-de-Kinesiolog\u00eda-UDD.jpg\"><img loading=\"lazy\" decoding=\"async\" class=\"size-medium wp-image-2233 aligncenter\" src=\"http:\/\/medicina.udd.cl\/kinesiologia-santiago\/files\/2015\/06\/Equipo-de-Investigaci\u00f3n-de-Kinesiolog\u00eda-UDD-300x200.jpg\" alt=\"Equipo de Investigaci\u00f3n de Kinesiolog\u00eda UDD\" width=\"300\" height=\"200\" srcset=\"https:\/\/medicina.udd.cl\/kinesiologia-santiago\/files\/2015\/06\/Equipo-de-Investigaci\u00f3n-de-Kinesiolog\u00eda-UDD-300x200.jpg 300w, https:\/\/medicina.udd.cl\/kinesiologia-santiago\/files\/2015\/06\/Equipo-de-Investigaci\u00f3n-de-Kinesiolog\u00eda-UDD.jpg 675w\" sizes=\"auto, (max-width: 300px) 100vw, 300px\" \/><\/a><\/p>\n<h5 style=\"text-align: justify\"><\/h5>\n<h5 style=\"text-align: justify\">XXV Jornada de Kinesiolog\u00eda en Cardiolog\u00eda y Cirug\u00eda Cardiovascular<\/h5>\n<p style=\"text-align: justify\">La acad\u00e9mica Paz Bahamondes gan\u00f3 el primer lugar al Mejor Trabajo Libre en las Jornadas de Kinesiolog\u00eda del Congreso de la Sociedad Chilena de Cardiolog\u00eda y Cirug\u00eda Cardiovascular, realizado entre el 29 de noviembre y 2 de diciembre en Vi\u00f1a del Mar.<\/p>\n<p style=\"text-align: justify\">\u201cAsociaci\u00f3n de la conducta sedentaria en el riesgo cardiovascular en la poblaci\u00f3n chilena seg\u00fan la Encuesta Nacional de Salud 2009-2010\u201d es la investigaci\u00f3n UDD es el estudio que\u00a0fue presentado por la docente \u00a0y que corresponde a la tesis de pregrado de los alumnos Tom\u00e1s Barros y Rosario Rencoret, junto con el coordinador de Investigaci\u00f3n Jaime Leppe.<\/p>\n<h4 style=\"text-align: justify\"><a href=\"http:\/\/medicina.udd.cl\/kinesiologia-santiago\/files\/2014\/12\/Paz-Bahamondes-XXV-Jornada-de-Kinesiolog\u00eda-en-Cardiolog\u00eda-y-Cirug\u00eda-Cardiovascular-2014.jpg\"><img loading=\"lazy\" decoding=\"async\" class=\"aligncenter size-medium wp-image-1941\" src=\"http:\/\/medicina.udd.cl\/kinesiologia-santiago\/files\/2014\/12\/Paz-Bahamondes-XXV-Jornada-de-Kinesiolog\u00eda-en-Cardiolog\u00eda-y-Cirug\u00eda-Cardiovascular-2014-300x151.jpg\" alt=\"Paz Bahamondes - XXV Jornada de Kinesiolog\u00eda en Cardiolog\u00eda y Cirug\u00eda Cardiovascular 2014\" width=\"300\" height=\"151\" \/><br \/>\n<\/a>XXXII Congreso Chileno de Medicina Intensiva<\/h4>\n<p style=\"text-align: justify\">Los alumnos de Kinesiolog\u00eda Mar\u00eda Luisa Squella y Raimundo Brucher presentaron el estudio \u201cComparaci\u00f3n de presi\u00f3n y flujo en la entrega final de ox\u00edgeno, entre mangueras cortas y largas, evaluado en balones, concentradores y red central de ox\u00edgeno\u201d, realizado junto a los docentes Jorge Molina, Juan Eduardo Keymer y Catalina Merino. En dicha ocasi\u00f3n, ganaron el 2do lugar al mejor trabajo cient\u00edfico del V Congreso de Kinesiolog\u00eda Intensiva, realizado en Vi\u00f1a del Mar entre el 5 y 8 noviembre de 2014.<\/p>\n<p style=\"text-align: justify\"><a href=\"http:\/\/medicina.udd.cl\/kinesiologia-santiago\/files\/2015\/03\/CONGRESO-MEDICINA-INTENSIVA-2014.png\"><img loading=\"lazy\" decoding=\"async\" class=\"aligncenter size-medium wp-image-2098\" src=\"http:\/\/medicina.udd.cl\/kinesiologia-santiago\/files\/2015\/03\/CONGRESO-MEDICINA-INTENSIVA-2014-300x194.png\" alt=\"CONGRESO MEDICINA INTENSIVA 2014\" width=\"300\" height=\"194\" srcset=\"https:\/\/medicina.udd.cl\/kinesiologia-santiago\/files\/2015\/03\/CONGRESO-MEDICINA-INTENSIVA-2014-300x194.png 300w, https:\/\/medicina.udd.cl\/kinesiologia-santiago\/files\/2015\/03\/CONGRESO-MEDICINA-INTENSIVA-2014-768x498.png 768w, https:\/\/medicina.udd.cl\/kinesiologia-santiago\/files\/2015\/03\/CONGRESO-MEDICINA-INTENSIVA-2014-1024x664.png 1024w, https:\/\/medicina.udd.cl\/kinesiologia-santiago\/files\/2015\/03\/CONGRESO-MEDICINA-INTENSIVA-2014-660x430.png 660w, https:\/\/medicina.udd.cl\/kinesiologia-santiago\/files\/2015\/03\/CONGRESO-MEDICINA-INTENSIVA-2014-125x80.png 125w, https:\/\/medicina.udd.cl\/kinesiologia-santiago\/files\/2015\/03\/CONGRESO-MEDICINA-INTENSIVA-2014-340x220.png 340w, https:\/\/medicina.udd.cl\/kinesiologia-santiago\/files\/2015\/03\/CONGRESO-MEDICINA-INTENSIVA-2014-960x622.png 960w, https:\/\/medicina.udd.cl\/kinesiologia-santiago\/files\/2015\/03\/CONGRESO-MEDICINA-INTENSIVA-2014.png 1213w\" sizes=\"auto, (max-width: 300px) 100vw, 300px\" \/><\/a><\/p>\n<h4 style=\"text-align: justify\"><\/h4>\n<h4 style=\"text-align: justify\">XIX Congreso Latinoamericano de Fisioterapia y Kinesiolog\u00eda, Sao Paulo<\/h4>\n<p style=\"text-align: justify\">En este encuentro cient\u00edfico, que se realiz\u00f3 entre el 25 y 27 de octubre, participaron los acad\u00e9micos y kinesi\u00f3logos Sonia Roa, Mar\u00eda Jes\u00fas Mena y Jaime Leppe con presentaciones de p\u00f3ster y presentaci\u00f3n oral de las respectivas investigaciones que se encuentran realizando. Previo al congreso tambi\u00e9n participaron del Encuentro Latinoamericano de Acad\u00e9micos (ELA).<\/p>\n<p style=\"text-align: justify\"><a href=\"http:\/\/medicina.udd.cl\/kinesiologia-santiago\/files\/2015\/03\/CLAKF.jpg\"><img loading=\"lazy\" decoding=\"async\" class=\"size-medium wp-image-2097 aligncenter\" src=\"http:\/\/medicina.udd.cl\/kinesiologia-santiago\/files\/2015\/03\/CLAKF-300x153.jpg\" alt=\"CLAKF 2014\" width=\"300\" height=\"153\" \/><\/a><\/p>\n<h4 style=\"text-align: justify\"><\/h4>\n<h4 style=\"text-align: justify\"><span style=\"color: #008080\">Internado Electivo en Investigaci\u00f3n<\/span><\/h4>\n<p style=\"text-align: justify\">El Internado Electivo de Investigaci\u00f3n tiene por objetivo desarrollar competencias de investigaci\u00f3n de alumnos de pregrado participando en investigaciones de car\u00e1cter complejo, mediante la planificaci\u00f3n de proceso de toma de datos, implementaci\u00f3n de terreno (reclutamiento de participantes) y manejo de base de datos y an\u00e1lisis b\u00e1sico utilizando software estad\u00edstico. As\u00ed como tambi\u00e9n desarrollar competencias de comunicaci\u00f3n de una investigaci\u00f3n y desarrollo de trabajo en equipo.<\/p>\n<p style=\"text-align: justify\">Los estudiantes pueden optar a este internado en el \u00faltimo semestre de su carrera.<\/p>\n<p>Conoce el testimonio de nuestras estudiantes <a href=\"http:\/\/medicina.udd.cl\/kinesiologia-santiago\/noticias\/2014\/12\/30\/estudiantes-de-kinesiologia-udd-la-investigacion-da-una-manera-distinta-de-pensar-tu-profesion\/\">aqu\u00ed<\/a>.<\/p>\n<p><a href=\"http:\/\/medicina.udd.cl\/kinesiologia-santiago\/files\/2014\/12\/IMG_2892.jpg\"><img loading=\"lazy\" decoding=\"async\" class=\"aligncenter size-medium wp-image-1961\" src=\"http:\/\/medicina.udd.cl\/kinesiologia-santiago\/files\/2014\/12\/IMG_2892-300x244.jpg\" alt=\"IMG_2892\" width=\"300\" height=\"244\" \/><\/a><\/p>\n","protected":false},"excerpt":{"rendered":"<p>Comunicaci\u00f3n de Investigaciones Curso de Investigaci\u00f3n en Kinesiolog\u00eda y Salud Durante dos d\u00edas se realiz\u00f3 el curso te\u00f3rico-pr\u00e1ctico de Investigaci\u00f3n en Kinesiolog\u00eda y Salud, realizado en la Facultad de Ciencias de la Salud de la UDD, en Concepci\u00f3n. El taller estuvo a cargo del coordinador de Investigaci\u00f3n de carrera Jaime Leppe, y fue dirigido para [&hellip;]<\/p>\n","protected":false},"author":9192192,"featured_media":0,"parent":2002,"menu_order":0,"comment_status":"closed","ping_status":"closed","template":"","meta":{"footnotes":""},"class_list":["post-3097","page","type-page","status-publish","hentry"],"yoast_head":"<!-- This site is optimized with the Yoast SEO plugin v26.9 - https:\/\/yoast.com\/product\/yoast-seo-wordpress\/ -->\n<title>Traslaci\u00f3n del Conocimiento - Kinesiolog\u00eda<\/title>\n<meta name=\"robots\" content=\"index, follow, max-snippet:-1, max-image-preview:large, max-video-preview:-1\" \/>\n<link rel=\"canonical\" href=\"https:\/\/medicina.udd.cl\/kinesiologia-santiago\/investigacion\/traslacion-del-conocimiento\/\" \/>\n<meta property=\"og:locale\" content=\"es_ES\" \/>\n<meta property=\"og:type\" content=\"article\" \/>\n<meta property=\"og:title\" content=\"Traslaci\u00f3n del Conocimiento - Kinesiolog\u00eda\" \/>\n<meta property=\"og:description\" content=\"Comunicaci\u00f3n de Investigaciones Curso de Investigaci\u00f3n en Kinesiolog\u00eda y Salud Durante dos d\u00edas se realiz\u00f3 el curso te\u00f3rico-pr\u00e1ctico de Investigaci\u00f3n en Kinesiolog\u00eda y Salud, realizado en la Facultad de Ciencias de la Salud de la UDD, en Concepci\u00f3n. El taller estuvo a cargo del coordinador de Investigaci\u00f3n de carrera Jaime Leppe, y fue dirigido para [&hellip;]\" \/>\n<meta property=\"og:url\" content=\"https:\/\/medicina.udd.cl\/kinesiologia-santiago\/investigacion\/traslacion-del-conocimiento\/\" \/>\n<meta property=\"og:site_name\" content=\"Kinesiolog\u00eda\" \/>\n<meta property=\"article:modified_time\" content=\"2016-08-02T20:49:28+00:00\" \/>\n<meta property=\"og:image\" content=\"http:\/\/medicina.udd.cl\/kinesiologia-santiago\/files\/2015\/03\/Investigacion2-300x199.jpg\" \/>\n<meta name=\"twitter:label1\" content=\"Tiempo de lectura\" \/>\n\t<meta name=\"twitter:data1\" content=\"4 minutos\" \/>\n<script type=\"application\/ld+json\" class=\"yoast-schema-graph\">{\"@context\":\"https:\/\/schema.org\",\"@graph\":[{\"@type\":\"WebPage\",\"@id\":\"https:\/\/medicina.udd.cl\/kinesiologia-santiago\/investigacion\/traslacion-del-conocimiento\/\",\"url\":\"https:\/\/medicina.udd.cl\/kinesiologia-santiago\/investigacion\/traslacion-del-conocimiento\/\",\"name\":\"Traslaci\u00f3n del Conocimiento - Kinesiolog\u00eda\",\"isPartOf\":{\"@id\":\"https:\/\/medicina.udd.cl\/kinesiologia-santiago\/#website\"},\"primaryImageOfPage\":{\"@id\":\"https:\/\/medicina.udd.cl\/kinesiologia-santiago\/investigacion\/traslacion-del-conocimiento\/#primaryimage\"},\"image\":{\"@id\":\"https:\/\/medicina.udd.cl\/kinesiologia-santiago\/investigacion\/traslacion-del-conocimiento\/#primaryimage\"},\"thumbnailUrl\":\"http:\/\/medicina.udd.cl\/kinesiologia-santiago\/files\/2015\/03\/Investigacion2-300x199.jpg\",\"datePublished\":\"2016-08-02T17:04:20+00:00\",\"dateModified\":\"2016-08-02T20:49:28+00:00\",\"breadcrumb\":{\"@id\":\"https:\/\/medicina.udd.cl\/kinesiologia-santiago\/investigacion\/traslacion-del-conocimiento\/#breadcrumb\"},\"inLanguage\":\"es\",\"potentialAction\":[{\"@type\":\"ReadAction\",\"target\":[\"https:\/\/medicina.udd.cl\/kinesiologia-santiago\/investigacion\/traslacion-del-conocimiento\/\"]}]},{\"@type\":\"ImageObject\",\"inLanguage\":\"es\",\"@id\":\"https:\/\/medicina.udd.cl\/kinesiologia-santiago\/investigacion\/traslacion-del-conocimiento\/#primaryimage\",\"url\":\"http:\/\/medicina.udd.cl\/kinesiologia-santiago\/files\/2015\/03\/Investigacion2-300x199.jpg\",\"contentUrl\":\"http:\/\/medicina.udd.cl\/kinesiologia-santiago\/files\/2015\/03\/Investigacion2-300x199.jpg\"},{\"@type\":\"BreadcrumbList\",\"@id\":\"https:\/\/medicina.udd.cl\/kinesiologia-santiago\/investigacion\/traslacion-del-conocimiento\/#breadcrumb\",\"itemListElement\":[{\"@type\":\"ListItem\",\"position\":1,\"name\":\"Home\",\"item\":\"https:\/\/medicina.udd.cl\/kinesiologia-santiago\/\"},{\"@type\":\"ListItem\",\"position\":2,\"name\":\"Investigaci\u00f3n\",\"item\":\"https:\/\/medicina.udd.cl\/kinesiologia-santiago\/investigacion\/\"},{\"@type\":\"ListItem\",\"position\":3,\"name\":\"Traslaci\u00f3n del Conocimiento\"}]},{\"@type\":\"WebSite\",\"@id\":\"https:\/\/medicina.udd.cl\/kinesiologia-santiago\/#website\",\"url\":\"https:\/\/medicina.udd.cl\/kinesiologia-santiago\/\",\"name\":\"Kinesiolog\u00eda\",\"description\":\"Facultad de Medicina Cl\u00ednica Alemana Universidad del Desarrollo\",\"inLanguage\":\"es\"}]}<\/script>\n<!-- \/ Yoast SEO plugin. -->","yoast_head_json":{"title":"Traslaci\u00f3n del Conocimiento - Kinesiolog\u00eda","robots":{"index":"index","follow":"follow","max-snippet":"max-snippet:-1","max-image-preview":"max-image-preview:large","max-video-preview":"max-video-preview:-1"},"canonical":"https:\/\/medicina.udd.cl\/kinesiologia-santiago\/investigacion\/traslacion-del-conocimiento\/","og_locale":"es_ES","og_type":"article","og_title":"Traslaci\u00f3n del Conocimiento - Kinesiolog\u00eda","og_description":"Comunicaci\u00f3n de Investigaciones Curso de Investigaci\u00f3n en Kinesiolog\u00eda y Salud Durante dos d\u00edas se realiz\u00f3 el curso te\u00f3rico-pr\u00e1ctico de Investigaci\u00f3n en Kinesiolog\u00eda y Salud, realizado en la Facultad de Ciencias de la Salud de la UDD, en Concepci\u00f3n. El taller estuvo a cargo del coordinador de Investigaci\u00f3n de carrera Jaime Leppe, y fue dirigido para [&hellip;]","og_url":"https:\/\/medicina.udd.cl\/kinesiologia-santiago\/investigacion\/traslacion-del-conocimiento\/","og_site_name":"Kinesiolog\u00eda","article_modified_time":"2016-08-02T20:49:28+00:00","og_image":[{"url":"http:\/\/medicina.udd.cl\/kinesiologia-santiago\/files\/2015\/03\/Investigacion2-300x199.jpg","type":"","width":"","height":""}],"twitter_misc":{"Tiempo de lectura":"4 minutos"},"schema":{"@context":"https:\/\/schema.org","@graph":[{"@type":"WebPage","@id":"https:\/\/medicina.udd.cl\/kinesiologia-santiago\/investigacion\/traslacion-del-conocimiento\/","url":"https:\/\/medicina.udd.cl\/kinesiologia-santiago\/investigacion\/traslacion-del-conocimiento\/","name":"Traslaci\u00f3n del Conocimiento - Kinesiolog\u00eda","isPartOf":{"@id":"https:\/\/medicina.udd.cl\/kinesiologia-santiago\/#website"},"primaryImageOfPage":{"@id":"https:\/\/medicina.udd.cl\/kinesiologia-santiago\/investigacion\/traslacion-del-conocimiento\/#primaryimage"},"image":{"@id":"https:\/\/medicina.udd.cl\/kinesiologia-santiago\/investigacion\/traslacion-del-conocimiento\/#primaryimage"},"thumbnailUrl":"http:\/\/medicina.udd.cl\/kinesiologia-santiago\/files\/2015\/03\/Investigacion2-300x199.jpg","datePublished":"2016-08-02T17:04:20+00:00","dateModified":"2016-08-02T20:49:28+00:00","breadcrumb":{"@id":"https:\/\/medicina.udd.cl\/kinesiologia-santiago\/investigacion\/traslacion-del-conocimiento\/#breadcrumb"},"inLanguage":"es","potentialAction":[{"@type":"ReadAction","target":["https:\/\/medicina.udd.cl\/kinesiologia-santiago\/investigacion\/traslacion-del-conocimiento\/"]}]},{"@type":"ImageObject","inLanguage":"es","@id":"https:\/\/medicina.udd.cl\/kinesiologia-santiago\/investigacion\/traslacion-del-conocimiento\/#primaryimage","url":"http:\/\/medicina.udd.cl\/kinesiologia-santiago\/files\/2015\/03\/Investigacion2-300x199.jpg","contentUrl":"http:\/\/medicina.udd.cl\/kinesiologia-santiago\/files\/2015\/03\/Investigacion2-300x199.jpg"},{"@type":"BreadcrumbList","@id":"https:\/\/medicina.udd.cl\/kinesiologia-santiago\/investigacion\/traslacion-del-conocimiento\/#breadcrumb","itemListElement":[{"@type":"ListItem","position":1,"name":"Home","item":"https:\/\/medicina.udd.cl\/kinesiologia-santiago\/"},{"@type":"ListItem","position":2,"name":"Investigaci\u00f3n","item":"https:\/\/medicina.udd.cl\/kinesiologia-santiago\/investigacion\/"},{"@type":"ListItem","position":3,"name":"Traslaci\u00f3n del Conocimiento"}]},{"@type":"WebSite","@id":"https:\/\/medicina.udd.cl\/kinesiologia-santiago\/#website","url":"https:\/\/medicina.udd.cl\/kinesiologia-santiago\/","name":"Kinesiolog\u00eda","description":"Facultad de Medicina Cl\u00ednica Alemana Universidad del Desarrollo","inLanguage":"es"}]}},"_links":{"self":[{"href":"https:\/\/medicina.udd.cl\/kinesiologia-santiago\/wp-json\/wp\/v2\/pages\/3097","targetHints":{"allow":["GET"]}}],"collection":[{"href":"https:\/\/medicina.udd.cl\/kinesiologia-santiago\/wp-json\/wp\/v2\/pages"}],"about":[{"href":"https:\/\/medicina.udd.cl\/kinesiologia-santiago\/wp-json\/wp\/v2\/types\/page"}],"author":[{"embeddable":true,"href":"https:\/\/medicina.udd.cl\/kinesiologia-santiago\/wp-json\/wp\/v2\/users\/9192192"}],"replies":[{"embeddable":true,"href":"https:\/\/medicina.udd.cl\/kinesiologia-santiago\/wp-json\/wp\/v2\/comments?post=3097"}],"version-history":[{"count":9,"href":"https:\/\/medicina.udd.cl\/kinesiologia-santiago\/wp-json\/wp\/v2\/pages\/3097\/revisions"}],"predecessor-version":[{"id":3158,"href":"https:\/\/medicina.udd.cl\/kinesiologia-santiago\/wp-json\/wp\/v2\/pages\/3097\/revisions\/3158"}],"up":[{"embeddable":true,"href":"https:\/\/medicina.udd.cl\/kinesiologia-santiago\/wp-json\/wp\/v2\/pages\/2002"}],"wp:attachment":[{"href":"https:\/\/medicina.udd.cl\/kinesiologia-santiago\/wp-json\/wp\/v2\/media?parent=3097"}],"curies":[{"name":"wp","href":"https:\/\/api.w.org\/{rel}","templated":true}]}}