{"id":3821,"date":"2017-12-01T16:23:48","date_gmt":"2017-12-01T19:23:48","guid":{"rendered":"http:\/\/medicina.udd.cl\/kinesiologia-santiago\/?page_id=3821"},"modified":"2018-02-22T11:22:57","modified_gmt":"2018-02-22T14:22:57","slug":"programa-de-admision-carreras-de-la-salud","status":"publish","type":"page","link":"https:\/\/medicina.udd.cl\/kinesiologia-santiago\/programa-de-admision-carreras-de-la-salud\/","title":{"rendered":"PROGRAMA DE ADMISI\u00d3N CARRERAS DE LA SALUD"},"content":{"rendered":"<h2 style=\"text-align: center;\">PROGRAMA DE ADMISI\u00d3N CARRERAS DE LA SALUD<\/h2>\n<div id=\"gallery-1\" class=\"carousel slide carousel-gallery\" data-ride=\"false\" data-interval=\"false\"><div class=\"carousel-inner\" role=\"listbox\"><figure class=\"carousel-item active\"><img loading=\"lazy\" decoding=\"async\" width=\"801\" height=\"534\" src=\"https:\/\/medicina.udd.cl\/kinesiologia-santiago\/files\/2017\/12\/Nivelaci\u00f3n-CDE-10.jpg\" class=\"attachment-landscape_952 size-landscape_952\" alt=\"\" \/><\/figure><figure class=\"carousel-item\"><img loading=\"lazy\" decoding=\"async\" width=\"801\" height=\"534\" src=\"https:\/\/medicina.udd.cl\/kinesiologia-santiago\/files\/2017\/12\/Nivelaci\u00f3n-CDE-11.jpg\" class=\"attachment-landscape_952 size-landscape_952\" alt=\"\" \/><\/figure><figure class=\"carousel-item\"><img loading=\"lazy\" decoding=\"async\" width=\"801\" height=\"534\" src=\"https:\/\/medicina.udd.cl\/kinesiologia-santiago\/files\/2017\/12\/Nivelaci\u00f3n-CDE-14.jpg\" class=\"attachment-landscape_952 size-landscape_952\" alt=\"\" \/><\/figure><figure class=\"carousel-item\"><img loading=\"lazy\" decoding=\"async\" width=\"801\" height=\"534\" src=\"https:\/\/medicina.udd.cl\/kinesiologia-santiago\/files\/2017\/12\/Nivelaci\u00f3n-CDE-15.jpg\" class=\"attachment-landscape_952 size-landscape_952\" alt=\"\" \/><\/figure><figure class=\"carousel-item\"><img loading=\"lazy\" decoding=\"async\" width=\"801\" height=\"534\" src=\"https:\/\/medicina.udd.cl\/kinesiologia-santiago\/files\/2017\/12\/Nivelaci\u00f3n-CDE-18.jpg\" class=\"attachment-landscape_952 size-landscape_952\" alt=\"\" \/><\/figure><\/div><footer class=\"carousel-footer\"><div class=\"carousel-counter\"><span class=\"carousel-counter-current\"><\/span> \/ <span class=\"carousel-counter-total\"><\/span><\/div><a class=\"carousel-control-prev\" href=\"#gallery-1\" role=\"button\" data-slide=\"prev\"><svg aria-hidden=\"true\" class=\"svg-chevron-left-dims\"><use xlink:href='https:\/\/medicina.udd.cl\/kinesiologia-santiago\/wp-content\/themes\/facultades-2018\/assets\/img\/svg\/dist\/main.svg?version=1695853099#chevron-left'><\/use><\/svg><span class=\"sr-only\">Anterior<\/span><\/a><a class=\"carousel-control-next\" href=\"#gallery-1\" role=\"button\" data-slide=\"next\"><svg aria-hidden=\"true\" class=\"svg-chevron-right-dims\"><use xlink:href='https:\/\/medicina.udd.cl\/kinesiologia-santiago\/wp-content\/themes\/facultades-2018\/assets\/img\/svg\/dist\/main.svg?version=1695853099#chevron-right'><\/use><\/svg><span class=\"sr-only\">Siguiente<\/span><\/a><\/footer><\/div>\n<p>&nbsp;<\/p>\n<p><span style=\"font-weight: 400;\">En la Facultad de Medicina Cl\u00ednica Alemana \u2013 Universidad del Desarrollo potenciamos el desarrollo integral de nuestros estudiantes desde su ingreso a la Universidad. \u00a0El Programa de Admisi\u00f3n para las carreras de Enfermer\u00eda, Fonoaudiolog\u00eda, Kinesiolog\u00eda, Nutrici\u00f3n y Diet\u00e9tica y Tecnolog\u00eda M\u00e9dica los <strong>ayuda a iniciar mejor su vida universitaria<\/strong>.<\/span><\/p>\n<p><span style=\"font-weight: 400;\">Todos los matriculados en estas carreras rendir\u00e1n una prueba de Diagn\u00f3stico en las \u00e1reas de Biolog\u00eda, Matem\u00e1tica y Qu\u00edmica.<\/span><\/p>\n<p><span style=\"font-weight: 400;\">Los alumnos que no aprueben asistir\u00e1n obligatoriamente a un Curso de Nivelaci\u00f3n y a talleres de Aprendizaje Estrat\u00e9gico. Es una oportunidad para reforzar conocimientos y habilidades y tener un buen desempe\u00f1o en el primer a\u00f1o.<\/span><\/p>\n<table style=\"height: 277px;\" border=\"1\" width=\"793\">\n<tbody>\n<tr>\n<td style=\"text-align: center;\">\n<h3><\/h3>\n<h3><span style=\"color: #299e62;\"><strong>Prueba de diagn\u00f3stico<\/strong><\/span><\/h3>\n<\/td>\n<td>\n<ul>\n<li><span style=\"color: #2d6e4d;\"><strong>Fechas: 19, 20, 21 de enero, de 9:00 a 18:00 horas<\/strong><\/span><\/li>\n<li><span style=\"color: #2d6e4d;\"><strong>Fechas: 22, 23 y 24 de enero, de 9:00 a 13:00 horas<\/strong><\/span><\/li>\n<li><span style=\"color: #2d6e4d;\"><strong>Lugar: Laboratorios de computaci\u00f3n campus RESB<\/strong><\/span><\/li>\n<\/ul>\n<\/td>\n<\/tr>\n<tr>\n<td style=\"text-align: center;\">\n<h3><\/h3>\n<h3><\/h3>\n<h3><span style=\"color: #299e62;\"><strong>Curso de nivelaci\u00f3n<\/strong><\/span><\/h3>\n<\/td>\n<td>\n<ul>\n<li><span style=\"color: #2d6e4d;\"><strong>Fechas:<\/strong><\/span>\n<ul>\n<li><span style=\"color: #2d6e4d;\"><strong>26, 27 y 28 de febrero<\/strong><\/span><\/li>\n<li><span style=\"color: #2d6e4d;\"><strong>10 y 17 de marzo<\/strong><\/span><\/li>\n<\/ul>\n<\/li>\n<li><span style=\"color: #2d6e4d;\"><strong>Lugar: Campus RESB<\/strong><\/span><\/li>\n<\/ul>\n<\/td>\n<\/tr>\n<\/tbody>\n<\/table>\n<p><span style=\"font-weight: 400;\">Este programa ha permitido a nuestros estudiantes insertarse exitosamente en la vida universitaria, experimentando el apoyo de la Facultad en esta importante etapa de sus vidas.<\/span><\/p>\n<h5><span style=\"text-decoration: underline;\"><a href=\"http:\/\/medicina.udd.cl\/kinesiologia-santiago\/files\/2018\/02\/PROGRAMA-CURSO-DE-NIVELACIO\u0301N-CARRERAS-DE-LA-SALUD-2018-1.pdf\">DESCARGA EL PROGRAMA DEL CURSO DE NIVELACI\u00d3N CARRERAS DE LA\u00a0SALUD<\/a><\/span><\/h5>\n<h3><b>Testimonios de la promoci\u00f3n 2017<\/b><\/h3>\n<p><iframe loading=\"lazy\" title=\"Nivelaci\u00f3n Ciencia de la salud UDD - Giovana Monichi\" width=\"500\" height=\"281\" src=\"https:\/\/www.youtube.com\/embed\/K-JI9zhXC5c?feature=oembed&#038;rel=0&#038;modestbranding=1&#038;autohide=1&#038;autoplay=0&#038;enablejsapi=1&#038;showinfo=0\" allowautoplay=\"allowautoplay\" frameborder=\"0\" allow=\"accelerometer; autoplay; clipboard-write; encrypted-media; gyroscope; picture-in-picture; web-share\" referrerpolicy=\"strict-origin-when-cross-origin\" allowfullscreen><\/iframe><\/p>\n<p><iframe loading=\"lazy\" title=\"Nivelacion Ciencias de la salud UDD - Lukas Potocnjnak\" width=\"500\" height=\"281\" src=\"https:\/\/www.youtube.com\/embed\/AclzpSDEs1g?feature=oembed&#038;rel=0&#038;modestbranding=1&#038;autohide=1&#038;autoplay=0&#038;enablejsapi=1&#038;showinfo=0\" allowautoplay=\"allowautoplay\" frameborder=\"0\" allow=\"accelerometer; autoplay; clipboard-write; encrypted-media; gyroscope; picture-in-picture; web-share\" referrerpolicy=\"strict-origin-when-cross-origin\" allowfullscreen><\/iframe><\/p>\n<ul>\n<li style=\"font-weight: 400;\"><span style=\"color: #299e62;\"><em><span style=\"font-weight: 400;\">\u201cEl taller de aprendizaje estrat\u00e9gico lo considero esencial para aclimatarse al cambio de colegio a universidad.\u201d<\/span><\/em><\/span><\/li>\n<li style=\"font-weight: 400;\"><span style=\"color: #299e62;\"><em><span style=\"font-weight: 400;\">\u201cMe ayud\u00f3 a reforzar las materias que m\u00e1s me costaban y pude conocer antes a mis compa\u00f1eros\u201d<\/span><\/em><\/span><\/li>\n<li style=\"font-weight: 400;\"><span style=\"color: #299e62;\"><em><span style=\"font-weight: 400;\">\u201cLas materias de los cursos eran muy bien explicadas y me ayud\u00f3 a entrar con confianza a mi primer semestre de universidad.\u201d<\/span><\/em><\/span><\/li>\n<li style=\"font-weight: 400;\"><span style=\"color: #299e62;\"><em><span style=\"font-weight: 400;\">\u201cLas materias fueron bien seleccionadas para cada ramo; eran desde lo m\u00e1s b\u00e1sico hasta lo m\u00e1s complejo que necesitar\u00edamos para comenzar correctamente el a\u00f1o.\u201d<\/span><\/em><\/span><\/li>\n<\/ul>\n","protected":false},"excerpt":{"rendered":"<p>PROGRAMA DE ADMISI\u00d3N CARRERAS DE LA SALUD &nbsp; En la Facultad de Medicina Cl\u00ednica Alemana \u2013 Universidad del Desarrollo potenciamos el desarrollo integral de nuestros estudiantes desde su ingreso a la Universidad. \u00a0El Programa de Admisi\u00f3n para las carreras de Enfermer\u00eda, Fonoaudiolog\u00eda, Kinesiolog\u00eda, Nutrici\u00f3n y Diet\u00e9tica y Tecnolog\u00eda M\u00e9dica los ayuda a iniciar mejor su [&hellip;]<\/p>\n","protected":false},"author":1,"featured_media":0,"parent":0,"menu_order":0,"comment_status":"closed","ping_status":"closed","template":"template-wide-no-sidebar.php","meta":{"footnotes":""},"class_list":["post-3821","page","type-page","status-publish","hentry"],"yoast_head":"<!-- This site is optimized with the Yoast SEO plugin v26.9 - https:\/\/yoast.com\/product\/yoast-seo-wordpress\/ -->\n<title>PROGRAMA DE ADMISI\u00d3N CARRERAS DE LA SALUD - Kinesiolog\u00eda<\/title>\n<meta name=\"robots\" content=\"index, follow, max-snippet:-1, max-image-preview:large, max-video-preview:-1\" \/>\n<link rel=\"canonical\" href=\"https:\/\/medicina.udd.cl\/kinesiologia-santiago\/programa-de-admision-carreras-de-la-salud\/\" \/>\n<meta property=\"og:locale\" content=\"es_ES\" \/>\n<meta property=\"og:type\" content=\"article\" \/>\n<meta property=\"og:title\" content=\"PROGRAMA DE ADMISI\u00d3N CARRERAS DE LA SALUD - Kinesiolog\u00eda\" \/>\n<meta property=\"og:description\" content=\"PROGRAMA DE ADMISI\u00d3N CARRERAS DE LA SALUD &nbsp; En la Facultad de Medicina Cl\u00ednica Alemana \u2013 Universidad del Desarrollo potenciamos el desarrollo integral de nuestros estudiantes desde su ingreso a la Universidad. \u00a0El Programa de Admisi\u00f3n para las carreras de Enfermer\u00eda, Fonoaudiolog\u00eda, Kinesiolog\u00eda, Nutrici\u00f3n y Diet\u00e9tica y Tecnolog\u00eda M\u00e9dica los ayuda a iniciar mejor su [&hellip;]\" \/>\n<meta property=\"og:url\" content=\"https:\/\/medicina.udd.cl\/kinesiologia-santiago\/programa-de-admision-carreras-de-la-salud\/\" \/>\n<meta property=\"og:site_name\" content=\"Kinesiolog\u00eda\" \/>\n<meta property=\"article:modified_time\" content=\"2018-02-22T14:22:57+00:00\" \/>\n<meta property=\"og:image\" content=\"https:\/\/medicina.udd.cl\/kinesiologia-santiago\/files\/2017\/12\/Nivelaci\u00f3n-CDE-10.jpg\" \/>\n<meta name=\"twitter:label1\" content=\"Tiempo de lectura\" \/>\n\t<meta name=\"twitter:data1\" content=\"2 minutos\" \/>\n<script type=\"application\/ld+json\" class=\"yoast-schema-graph\">{\"@context\":\"https:\/\/schema.org\",\"@graph\":[{\"@type\":\"WebPage\",\"@id\":\"https:\/\/medicina.udd.cl\/kinesiologia-santiago\/programa-de-admision-carreras-de-la-salud\/\",\"url\":\"https:\/\/medicina.udd.cl\/kinesiologia-santiago\/programa-de-admision-carreras-de-la-salud\/\",\"name\":\"PROGRAMA DE ADMISI\u00d3N CARRERAS DE LA SALUD - Kinesiolog\u00eda\",\"isPartOf\":{\"@id\":\"https:\/\/medicina.udd.cl\/kinesiologia-santiago\/#website\"},\"datePublished\":\"2017-12-01T19:23:48+00:00\",\"dateModified\":\"2018-02-22T14:22:57+00:00\",\"breadcrumb\":{\"@id\":\"https:\/\/medicina.udd.cl\/kinesiologia-santiago\/programa-de-admision-carreras-de-la-salud\/#breadcrumb\"},\"inLanguage\":\"es\",\"potentialAction\":[{\"@type\":\"ReadAction\",\"target\":[\"https:\/\/medicina.udd.cl\/kinesiologia-santiago\/programa-de-admision-carreras-de-la-salud\/\"]}]},{\"@type\":\"BreadcrumbList\",\"@id\":\"https:\/\/medicina.udd.cl\/kinesiologia-santiago\/programa-de-admision-carreras-de-la-salud\/#breadcrumb\",\"itemListElement\":[{\"@type\":\"ListItem\",\"position\":1,\"name\":\"Home\",\"item\":\"https:\/\/medicina.udd.cl\/kinesiologia-santiago\/\"},{\"@type\":\"ListItem\",\"position\":2,\"name\":\"PROGRAMA DE ADMISI\u00d3N CARRERAS DE LA SALUD\"}]},{\"@type\":\"WebSite\",\"@id\":\"https:\/\/medicina.udd.cl\/kinesiologia-santiago\/#website\",\"url\":\"https:\/\/medicina.udd.cl\/kinesiologia-santiago\/\",\"name\":\"Kinesiolog\u00eda\",\"description\":\"Facultad de Medicina Cl\u00ednica Alemana Universidad del Desarrollo\",\"inLanguage\":\"es\"}]}<\/script>\n<!-- \/ Yoast SEO plugin. -->","yoast_head_json":{"title":"PROGRAMA DE ADMISI\u00d3N CARRERAS DE LA SALUD - Kinesiolog\u00eda","robots":{"index":"index","follow":"follow","max-snippet":"max-snippet:-1","max-image-preview":"max-image-preview:large","max-video-preview":"max-video-preview:-1"},"canonical":"https:\/\/medicina.udd.cl\/kinesiologia-santiago\/programa-de-admision-carreras-de-la-salud\/","og_locale":"es_ES","og_type":"article","og_title":"PROGRAMA DE ADMISI\u00d3N CARRERAS DE LA SALUD - Kinesiolog\u00eda","og_description":"PROGRAMA DE ADMISI\u00d3N CARRERAS DE LA SALUD &nbsp; En la Facultad de Medicina Cl\u00ednica Alemana \u2013 Universidad del Desarrollo potenciamos el desarrollo integral de nuestros estudiantes desde su ingreso a la Universidad. \u00a0El Programa de Admisi\u00f3n para las carreras de Enfermer\u00eda, Fonoaudiolog\u00eda, Kinesiolog\u00eda, Nutrici\u00f3n y Diet\u00e9tica y Tecnolog\u00eda M\u00e9dica los ayuda a iniciar mejor su [&hellip;]","og_url":"https:\/\/medicina.udd.cl\/kinesiologia-santiago\/programa-de-admision-carreras-de-la-salud\/","og_site_name":"Kinesiolog\u00eda","article_modified_time":"2018-02-22T14:22:57+00:00","og_image":[{"url":"https:\/\/medicina.udd.cl\/kinesiologia-santiago\/files\/2017\/12\/Nivelaci\u00f3n-CDE-10.jpg","type":"","width":"","height":""}],"twitter_misc":{"Tiempo de lectura":"2 minutos"},"schema":{"@context":"https:\/\/schema.org","@graph":[{"@type":"WebPage","@id":"https:\/\/medicina.udd.cl\/kinesiologia-santiago\/programa-de-admision-carreras-de-la-salud\/","url":"https:\/\/medicina.udd.cl\/kinesiologia-santiago\/programa-de-admision-carreras-de-la-salud\/","name":"PROGRAMA DE ADMISI\u00d3N CARRERAS DE LA SALUD - Kinesiolog\u00eda","isPartOf":{"@id":"https:\/\/medicina.udd.cl\/kinesiologia-santiago\/#website"},"datePublished":"2017-12-01T19:23:48+00:00","dateModified":"2018-02-22T14:22:57+00:00","breadcrumb":{"@id":"https:\/\/medicina.udd.cl\/kinesiologia-santiago\/programa-de-admision-carreras-de-la-salud\/#breadcrumb"},"inLanguage":"es","potentialAction":[{"@type":"ReadAction","target":["https:\/\/medicina.udd.cl\/kinesiologia-santiago\/programa-de-admision-carreras-de-la-salud\/"]}]},{"@type":"BreadcrumbList","@id":"https:\/\/medicina.udd.cl\/kinesiologia-santiago\/programa-de-admision-carreras-de-la-salud\/#breadcrumb","itemListElement":[{"@type":"ListItem","position":1,"name":"Home","item":"https:\/\/medicina.udd.cl\/kinesiologia-santiago\/"},{"@type":"ListItem","position":2,"name":"PROGRAMA DE ADMISI\u00d3N CARRERAS DE LA SALUD"}]},{"@type":"WebSite","@id":"https:\/\/medicina.udd.cl\/kinesiologia-santiago\/#website","url":"https:\/\/medicina.udd.cl\/kinesiologia-santiago\/","name":"Kinesiolog\u00eda","description":"Facultad de Medicina Cl\u00ednica Alemana Universidad del Desarrollo","inLanguage":"es"}]}},"_links":{"self":[{"href":"https:\/\/medicina.udd.cl\/kinesiologia-santiago\/wp-json\/wp\/v2\/pages\/3821","targetHints":{"allow":["GET"]}}],"collection":[{"href":"https:\/\/medicina.udd.cl\/kinesiologia-santiago\/wp-json\/wp\/v2\/pages"}],"about":[{"href":"https:\/\/medicina.udd.cl\/kinesiologia-santiago\/wp-json\/wp\/v2\/types\/page"}],"author":[{"embeddable":true,"href":"https:\/\/medicina.udd.cl\/kinesiologia-santiago\/wp-json\/wp\/v2\/users\/1"}],"replies":[{"embeddable":true,"href":"https:\/\/medicina.udd.cl\/kinesiologia-santiago\/wp-json\/wp\/v2\/comments?post=3821"}],"version-history":[{"count":5,"href":"https:\/\/medicina.udd.cl\/kinesiologia-santiago\/wp-json\/wp\/v2\/pages\/3821\/revisions"}],"predecessor-version":[{"id":3880,"href":"https:\/\/medicina.udd.cl\/kinesiologia-santiago\/wp-json\/wp\/v2\/pages\/3821\/revisions\/3880"}],"wp:attachment":[{"href":"https:\/\/medicina.udd.cl\/kinesiologia-santiago\/wp-json\/wp\/v2\/media?parent=3821"}],"curies":[{"name":"wp","href":"https:\/\/api.w.org\/{rel}","templated":true}]}}