{"id":4134,"date":"2019-07-29T16:11:09","date_gmt":"2019-07-29T20:11:09","guid":{"rendered":"http:\/\/medicina.udd.cl\/kinesiologia-santiago\/?page_id=4134"},"modified":"2024-12-11T17:55:21","modified_gmt":"2024-12-11T20:55:21","slug":"la-carrera-2","status":"publish","type":"page","link":"https:\/\/medicina.udd.cl\/kinesiologia-santiago\/la-carrera-2\/","title":{"rendered":"La Carrera"},"content":{"rendered":"\n<p>En la Facultad de Medicina CAS-UDD formamos profesionales integrales capaces de desempe\u00f1arse con excelencia en la atenci\u00f3n cl\u00ednica kin\u00e9sica y aptos para realizar promoci\u00f3n e investigaci\u00f3n en salud y gesti\u00f3n de servicios cl\u00ednicos.<\/p>\n\n\n\n<p>Contamos con exitosos programas de post\u00edtulo y formaci\u00f3n continua en las \u00e1reas m\u00e1s importantes y emergentes de la Kinesiolog\u00eda, con modalidad e-learning a trav\u00e9s de nuestra plataforma virtual y con un reconocido cuerpo docente.<\/p>\n\n\n\n<p>Nuestros centros cl\u00ednicos funcionan con un modelo docente asistencial que logra continuidad y coherencia entre las aulas y la pr\u00e1ctica profesional desde los primeros a\u00f1os.<\/p>\n\n\n<!-- WP Block: UDD - Cards Alternate -->\n<section class=\"wp-block-udd-access-cards\">\n\t<div class=\"container\">\n\t\t\t\t<div class=\"block__content\">\n\t\t\t<div class=\"access-cards\">\n\t\t\t\t\t\t\t<div class=\"access-card-wrapper\">\n\t\t\t\t\t\t\t\t\t\t<div class=\"access-card\">\n\t\t\t\t\t\t<h3 class=\"access-card__title\">MISI\u00d3N DE LA CARRERA DE KINESIOLOG\u00cdA UDD: NUESTRA RAZ\u00d3N DE SER<\/h3>\n\t\t\t\t\t\t<p class=\"access-card__description\">\n\t\t\t\t\t\t\tContribuir al desarrollo de la sociedad y al bienestar de las personas, mediante la formaci\u00f3n en pre y postgrado de Kinesi\u00f3logos de excelencia, con un marcado sentido \u00e9tico y de responsabilidad p\u00fablica, emprendedores, con una s\u00f3lida base cient\u00edfica y capaces de desempe\u00f1arse en las diversas \u00e1reas de la kinesiolog\u00eda: asistencial, investigaci\u00f3n, gesti\u00f3n y educaci\u00f3n, con el m\u00e1s alto nivel de eficiencia, rigurosidad e idoneidad.\t\t\t\t\t\t<\/p>\n\t\t\t\t\t\t\t\t\t\t\t\t\t\t\t\t<\/div>\n\t\t\t\t<\/div>\n\t\t\t\t\t\t\t<div class=\"access-card-wrapper\">\n\t\t\t\t\t\t\t\t\t\t<div class=\"access-card\">\n\t\t\t\t\t\t<h3 class=\"access-card__title\">VISI\u00d3N DE LA CARRERA DE KINESIOLOG\u00cdA UDD: EL CAMINO QUE QUEREMOS RECORRER<\/h3>\n\t\t\t\t\t\t<p class=\"access-card__description\">\n\t\t\t\t\t\t\tLa carrera de Kinesiolog\u00eda ser\u00e1 reconocida por su compromiso con la formaci\u00f3n de profesionales\u00a0 \u00edntegros,\u00a0 cuyo\u00a0 profesionalismo\u00a0 y\u00a0 esp\u00edritu\u00a0 de servicio se refleje en un \u00f3ptimo cuidado de la salud de las personas. Referente en investigaci\u00f3n y educaci\u00f3n, basado en el nivel de sus acad\u00e9micos, sus innovaciones metodol\u00f3gicas, la aplicaci\u00f3n de tecnolog\u00eda y el emprendimiento al servicio de la sociedad. \t\t\t\t\t\t<\/p>\n\t\t\t\t\t\t\t\t\t\t\t\t\t\t\t\t<\/div>\n\t\t\t\t<\/div>\n\t\t\t\t\t\t\t<div class=\"access-card-wrapper\">\n\t\t\t\t\t\t\t\t\t\t<div class=\"access-card\">\n\t\t\t\t\t\t<h3 class=\"access-card__title\">OBJETIVOS DE LA CARRERA DE KINESIOLOG\u00cdA UDD<\/h3>\n\t\t\t\t\t\t<p class=\"access-card__description\">\n\t\t\t\t\t\t\t \u00b7 \u00a0Formar Kinesi\u00f3logos de excelencia, emprendedores, con marcado sentido \u00e9tico y de responsabilidad p\u00fablica, que contribuyan al desarrollo de la sociedad y bienestar de las personas, y que sean capaces de desempe\u00f1arse en el \u00e1rea asistencial, de investigaci\u00f3n, gesti\u00f3n y educaci\u00f3n.<br>\u00b7\u00a0 Promover la investigaci\u00f3n como estrategia de aprendizaje y de creaci\u00f3n de nuevo conocimiento en Kinesiolog\u00eda.<br>\u00b7\u00a0 Promover el desarrollo de actividades acad\u00e9micas y de vinculaci\u00f3n con la comunidad, fomentando la alianza entre la sociedad y la Carrera \t\t\t\t\t\t<\/p>\n\t\t\t\t\t\t\t\t\t\t\t\t\t\t\t\t<\/div>\n\t\t\t\t<\/div>\n\t\t\t\t\t\t<\/div>\n\t\t<\/div>\n\t<\/div>\n<\/section>\n\n\n<!-- WP Block: UDD - Content Gallery -->\n<section class=\"wp-block-udd-content-gallery\">\n\t<div class=\"content-gallery\">\n\t\t<main class=\"content-gallery__content\">\n\t\t\t<div class=\"content-gallery__content-inner\">\n\t\t\t\t<h2 class=\"block__title content-gallery__title\">Perfil de Egreso<\/h2>\n\t\t\t\t<div class=\"text\">\n\t\t\t\t\t\n<p>El Kinesi\u00f3logo egresado de la Universidad del Desarrollo es un profesional de la Salud cuyo actuar se inspira en el ser humano, en la conservaci\u00f3n y recuperaci\u00f3n de sistemas involucrados en el movimiento, con el prop\u00f3sito de preservar y restablecer la funcionalidad de la persona en la sociedad. Es capaz de desempe\u00f1arse en los \u00e1mbitos de investigaci\u00f3n, gesti\u00f3n, promoci\u00f3n, prevenci\u00f3n y rehabilitaci\u00f3n de la salud. Producto de su formaci\u00f3n cient\u00edfico humanista y del sello institucional, se espera que su trabajo se caracterice por su compromiso con la responsabilidad p\u00fablica, su actuar \u00e9tico y su actitud emprendedora al servicio del bienestar de personas y comunidades.<\/p>\n\t\t\t\t<\/div>\n\t\t\t<\/div>\n\t\t<\/main>\n\t\t<aside class=\"content-gallery__media\">\n\t\t\t<div id=\"gallery-carousel-fb1e58173d\" class=\"carousel slide carousel-gallery\" data-ride=\"carousel\" data-interval=\"false\">\n\t\t\t\t<div class=\"carousel-inner\" role=\"listbox\">\n\t\t\t\t\t\t\t\t\t\t\t<div class=\"carousel-item active\">\n\t\t\t\t\t\t\t<img loading=\"lazy\" decoding=\"async\" width=\"1366\" height=\"768\" src=\"https:\/\/medicina.udd.cl\/kinesiologia-santiago\/files\/2019\/08\/Kinesiolog\u00eda-1-1366x768.jpg\" class=\"content-gallery__media-image\" alt=\"\" srcset=\"https:\/\/medicina.udd.cl\/kinesiologia-santiago\/files\/2019\/08\/Kinesiolog\u00eda-1-1366x768.jpg 1366w, https:\/\/medicina.udd.cl\/kinesiologia-santiago\/files\/2019\/08\/Kinesiolog\u00eda-1-1920x1080.jpg 1920w, https:\/\/medicina.udd.cl\/kinesiologia-santiago\/files\/2019\/08\/Kinesiolog\u00eda-1-952x534.jpg 952w, https:\/\/medicina.udd.cl\/kinesiologia-santiago\/files\/2019\/08\/Kinesiolog\u00eda-1-680x382.jpg 680w\" sizes=\"auto, (max-width: 1366px) 100vw, 1366px\" \/>\t\t\t\t\t\t\t\t\t\t\t\t\t<\/div>\n\t\t\t\t\t\t\t\t\t\t\t<div class=\"carousel-item\">\n\t\t\t\t\t\t\t<img loading=\"lazy\" decoding=\"async\" width=\"1366\" height=\"768\" src=\"https:\/\/medicina.udd.cl\/kinesiologia-santiago\/files\/2019\/08\/Kinesiolog\u00eda-2-1366x768.jpg\" class=\"content-gallery__media-image\" alt=\"\" srcset=\"https:\/\/medicina.udd.cl\/kinesiologia-santiago\/files\/2019\/08\/Kinesiolog\u00eda-2-1366x768.jpg 1366w, https:\/\/medicina.udd.cl\/kinesiologia-santiago\/files\/2019\/08\/Kinesiolog\u00eda-2-1920x1080.jpg 1920w, https:\/\/medicina.udd.cl\/kinesiologia-santiago\/files\/2019\/08\/Kinesiolog\u00eda-2-952x534.jpg 952w, https:\/\/medicina.udd.cl\/kinesiologia-santiago\/files\/2019\/08\/Kinesiolog\u00eda-2-680x382.jpg 680w\" sizes=\"auto, (max-width: 1366px) 100vw, 1366px\" \/>\t\t\t\t\t\t\t\t\t\t\t\t\t<\/div>\n\t\t\t\t\t\t\t\t\t<\/div>\n\t\t\t\t\t\t\t<footer class=\"carousel-footer\">\n\t\t\t\t\t<div class=\"carousel-counter\">\n\t\t\t\t\t\t<span class=\"carousel-counter-current\"><\/span> \/ <span class=\"carousel-counter-total\"><\/span>\n\t\t\t\t\t<\/div>\n\t\t\t\t\t<a class=\"carousel-control-prev\" href=\"#gallery-carousel-fb1e58173d\" role=\"button\" data-slide=\"prev\">\n\t\t\t\t\t\t<svg class=\"svg-chevron-left-dims\"><use xlink:href='https:\/\/medicina.udd.cl\/kinesiologia-santiago\/wp-content\/themes\/facultades-2018\/assets\/img\/svg\/dist\/main.svg?version=1695853099#chevron-left'><\/use><\/svg>\t\t\t\t\t\t<span class=\"sr-only\">Anterior<\/span>\n\t\t\t\t\t<\/a>\n\t\t\t\t\t<a class=\"carousel-control-next\" href=\"#gallery-carousel-fb1e58173d\" role=\"button\" data-slide=\"next\">\n\t\t\t\t\t\t<svg class=\"svg-chevron-right-dims\"><use xlink:href='https:\/\/medicina.udd.cl\/kinesiologia-santiago\/wp-content\/themes\/facultades-2018\/assets\/img\/svg\/dist\/main.svg?version=1695853099#chevron-right'><\/use><\/svg>\t\t\t\t\t\t<span class=\"sr-only\">Siguiente<\/span>\n\t\t\t\t\t<\/a>\n\t\t\t\t<\/footer>\n\t\t\t\t\t\t<\/div>\n\t\t<\/aside>\n\t<\/div>\n<\/section>\n","protected":false},"excerpt":{"rendered":"<p>En la Facultad de Medicina CAS-UDD formamos profesionales integrales capaces de desempe\u00f1arse con excelencia en la atenci\u00f3n cl\u00ednica kin\u00e9sica y aptos para realizar promoci\u00f3n e investigaci\u00f3n en salud y gesti\u00f3n de servicios cl\u00ednicos. Contamos con exitosos programas de post\u00edtulo y formaci\u00f3n continua en las \u00e1reas m\u00e1s importantes y emergentes de la Kinesiolog\u00eda, con modalidad e-learning [&hellip;]<\/p>\n","protected":false},"author":9192218,"featured_media":0,"parent":0,"menu_order":0,"comment_status":"closed","ping_status":"closed","template":"","meta":{"footnotes":""},"class_list":["post-4134","page","type-page","status-publish","hentry"],"yoast_head":"<!-- This site is optimized with the Yoast SEO plugin v26.9 - https:\/\/yoast.com\/product\/yoast-seo-wordpress\/ -->\n<title>La Carrera - Kinesiolog\u00eda UDD<\/title>\n<meta name=\"robots\" content=\"index, follow, max-snippet:-1, max-image-preview:large, max-video-preview:-1\" \/>\n<link rel=\"canonical\" href=\"https:\/\/medicina.udd.cl\/kinesiologia-santiago\/la-carrera-2\/\" \/>\n<meta property=\"og:locale\" content=\"es_ES\" \/>\n<meta property=\"og:type\" content=\"article\" \/>\n<meta property=\"og:title\" content=\"La Carrera - Kinesiolog\u00eda UDD\" \/>\n<meta property=\"og:description\" content=\"En la Facultad de Medicina CAS-UDD formamos profesionales integrales capaces de desempe\u00f1arse con excelencia en la atenci\u00f3n cl\u00ednica kin\u00e9sica y aptos para realizar promoci\u00f3n e investigaci\u00f3n en salud y gesti\u00f3n de servicios cl\u00ednicos. Contamos con exitosos programas de post\u00edtulo y formaci\u00f3n continua en las \u00e1reas m\u00e1s importantes y emergentes de la Kinesiolog\u00eda, con modalidad e-learning [&hellip;]\" \/>\n<meta property=\"og:url\" content=\"https:\/\/medicina.udd.cl\/kinesiologia-santiago\/la-carrera-2\/\" \/>\n<meta property=\"og:site_name\" content=\"Kinesiolog\u00eda\" \/>\n<meta property=\"article:modified_time\" content=\"2024-12-11T20:55:21+00:00\" \/>\n<meta name=\"twitter:label1\" content=\"Tiempo de lectura\" \/>\n\t<meta name=\"twitter:data1\" content=\"1 minuto\" \/>\n<script type=\"application\/ld+json\" class=\"yoast-schema-graph\">{\"@context\":\"https:\/\/schema.org\",\"@graph\":[{\"@type\":\"WebPage\",\"@id\":\"https:\/\/medicina.udd.cl\/kinesiologia-santiago\/la-carrera-2\/\",\"url\":\"https:\/\/medicina.udd.cl\/kinesiologia-santiago\/la-carrera-2\/\",\"name\":\"La Carrera - Kinesiolog\u00eda UDD\",\"isPartOf\":{\"@id\":\"https:\/\/medicina.udd.cl\/kinesiologia-santiago\/#website\"},\"datePublished\":\"2019-07-29T20:11:09+00:00\",\"dateModified\":\"2024-12-11T20:55:21+00:00\",\"breadcrumb\":{\"@id\":\"https:\/\/medicina.udd.cl\/kinesiologia-santiago\/la-carrera-2\/#breadcrumb\"},\"inLanguage\":\"es\",\"potentialAction\":[{\"@type\":\"ReadAction\",\"target\":[\"https:\/\/medicina.udd.cl\/kinesiologia-santiago\/la-carrera-2\/\"]}]},{\"@type\":\"BreadcrumbList\",\"@id\":\"https:\/\/medicina.udd.cl\/kinesiologia-santiago\/la-carrera-2\/#breadcrumb\",\"itemListElement\":[{\"@type\":\"ListItem\",\"position\":1,\"name\":\"Home\",\"item\":\"https:\/\/medicina.udd.cl\/kinesiologia-santiago\/\"},{\"@type\":\"ListItem\",\"position\":2,\"name\":\"La Carrera\"}]},{\"@type\":\"WebSite\",\"@id\":\"https:\/\/medicina.udd.cl\/kinesiologia-santiago\/#website\",\"url\":\"https:\/\/medicina.udd.cl\/kinesiologia-santiago\/\",\"name\":\"Kinesiolog\u00eda\",\"description\":\"Facultad de Medicina Cl\u00ednica Alemana Universidad del Desarrollo\",\"inLanguage\":\"es\"}]}<\/script>\n<!-- \/ Yoast SEO plugin. -->","yoast_head_json":{"title":"La Carrera - Kinesiolog\u00eda UDD","robots":{"index":"index","follow":"follow","max-snippet":"max-snippet:-1","max-image-preview":"max-image-preview:large","max-video-preview":"max-video-preview:-1"},"canonical":"https:\/\/medicina.udd.cl\/kinesiologia-santiago\/la-carrera-2\/","og_locale":"es_ES","og_type":"article","og_title":"La Carrera - Kinesiolog\u00eda UDD","og_description":"En la Facultad de Medicina CAS-UDD formamos profesionales integrales capaces de desempe\u00f1arse con excelencia en la atenci\u00f3n cl\u00ednica kin\u00e9sica y aptos para realizar promoci\u00f3n e investigaci\u00f3n en salud y gesti\u00f3n de servicios cl\u00ednicos. Contamos con exitosos programas de post\u00edtulo y formaci\u00f3n continua en las \u00e1reas m\u00e1s importantes y emergentes de la Kinesiolog\u00eda, con modalidad e-learning [&hellip;]","og_url":"https:\/\/medicina.udd.cl\/kinesiologia-santiago\/la-carrera-2\/","og_site_name":"Kinesiolog\u00eda","article_modified_time":"2024-12-11T20:55:21+00:00","twitter_misc":{"Tiempo de lectura":"1 minuto"},"schema":{"@context":"https:\/\/schema.org","@graph":[{"@type":"WebPage","@id":"https:\/\/medicina.udd.cl\/kinesiologia-santiago\/la-carrera-2\/","url":"https:\/\/medicina.udd.cl\/kinesiologia-santiago\/la-carrera-2\/","name":"La Carrera - Kinesiolog\u00eda UDD","isPartOf":{"@id":"https:\/\/medicina.udd.cl\/kinesiologia-santiago\/#website"},"datePublished":"2019-07-29T20:11:09+00:00","dateModified":"2024-12-11T20:55:21+00:00","breadcrumb":{"@id":"https:\/\/medicina.udd.cl\/kinesiologia-santiago\/la-carrera-2\/#breadcrumb"},"inLanguage":"es","potentialAction":[{"@type":"ReadAction","target":["https:\/\/medicina.udd.cl\/kinesiologia-santiago\/la-carrera-2\/"]}]},{"@type":"BreadcrumbList","@id":"https:\/\/medicina.udd.cl\/kinesiologia-santiago\/la-carrera-2\/#breadcrumb","itemListElement":[{"@type":"ListItem","position":1,"name":"Home","item":"https:\/\/medicina.udd.cl\/kinesiologia-santiago\/"},{"@type":"ListItem","position":2,"name":"La Carrera"}]},{"@type":"WebSite","@id":"https:\/\/medicina.udd.cl\/kinesiologia-santiago\/#website","url":"https:\/\/medicina.udd.cl\/kinesiologia-santiago\/","name":"Kinesiolog\u00eda","description":"Facultad de Medicina Cl\u00ednica Alemana Universidad del Desarrollo","inLanguage":"es"}]}},"_links":{"self":[{"href":"https:\/\/medicina.udd.cl\/kinesiologia-santiago\/wp-json\/wp\/v2\/pages\/4134","targetHints":{"allow":["GET"]}}],"collection":[{"href":"https:\/\/medicina.udd.cl\/kinesiologia-santiago\/wp-json\/wp\/v2\/pages"}],"about":[{"href":"https:\/\/medicina.udd.cl\/kinesiologia-santiago\/wp-json\/wp\/v2\/types\/page"}],"author":[{"embeddable":true,"href":"https:\/\/medicina.udd.cl\/kinesiologia-santiago\/wp-json\/wp\/v2\/users\/9192218"}],"replies":[{"embeddable":true,"href":"https:\/\/medicina.udd.cl\/kinesiologia-santiago\/wp-json\/wp\/v2\/comments?post=4134"}],"version-history":[{"count":22,"href":"https:\/\/medicina.udd.cl\/kinesiologia-santiago\/wp-json\/wp\/v2\/pages\/4134\/revisions"}],"predecessor-version":[{"id":5760,"href":"https:\/\/medicina.udd.cl\/kinesiologia-santiago\/wp-json\/wp\/v2\/pages\/4134\/revisions\/5760"}],"wp:attachment":[{"href":"https:\/\/medicina.udd.cl\/kinesiologia-santiago\/wp-json\/wp\/v2\/media?parent=4134"}],"curies":[{"name":"wp","href":"https:\/\/api.w.org\/{rel}","templated":true}]}}