{"id":4136,"date":"2019-07-29T15:49:40","date_gmt":"2019-07-29T19:49:40","guid":{"rendered":"http:\/\/medicina.udd.cl\/kinesiologia-santiago\/?page_id=4136"},"modified":"2019-07-29T15:50:48","modified_gmt":"2019-07-29T19:50:48","slug":"descripcion-kinesiologia","status":"publish","type":"page","link":"https:\/\/medicina.udd.cl\/kinesiologia-santiago\/descripcion-kinesiologia\/","title":{"rendered":"Descripci\u00f3n"},"content":{"rendered":"\n<figure class=\"wp-block-image is-resized\"><img loading=\"lazy\" decoding=\"async\" src=\"https:\/\/medicina.udd.cl\/kinesiologia-santiago\/files\/2019\/07\/Kinesiologia-150x150.jpg\" alt=\"\" class=\"wp-image-4137\" width=\"38\" height=\"38\" srcset=\"https:\/\/medicina.udd.cl\/kinesiologia-santiago\/files\/2019\/07\/Kinesiologia-150x150.jpg 150w, https:\/\/medicina.udd.cl\/kinesiologia-santiago\/files\/2019\/07\/Kinesiologia-300x300.jpg 300w, https:\/\/medicina.udd.cl\/kinesiologia-santiago\/files\/2019\/07\/Kinesiologia-62x62.jpg 62w, https:\/\/medicina.udd.cl\/kinesiologia-santiago\/files\/2019\/07\/Kinesiologia-500x500.jpg 500w, https:\/\/medicina.udd.cl\/kinesiologia-santiago\/files\/2019\/07\/Kinesiologia-250x250.jpg 250w, https:\/\/medicina.udd.cl\/kinesiologia-santiago\/files\/2019\/07\/Kinesiologia-126x126.jpg 126w, https:\/\/medicina.udd.cl\/kinesiologia-santiago\/files\/2019\/07\/Kinesiologia.jpg 617w\" sizes=\"auto, (max-width: 38px) 100vw, 38px\" \/><\/figure>\n\n\n\n<p>En la Facultad de Medicina CAS-UDD formamos profesionales integrales capaces de desempe\u00f1arse con excelencia en la atenci\u00f3n cl\u00ednica kin\u00e9sica y aptos para realizar promoci\u00f3n e investigaci\u00f3n en salud y gesti\u00f3n de servicios cl\u00ednicos.<\/p>\n\n\n\n<p>Contamos con exitosos programas de post\u00edtulo y formaci\u00f3n continua en las \u00e1reas m\u00e1s importantes y emergentes de la Kinesiolog\u00eda, con modalidad e-learning a trav\u00e9s de nuestra plataforma virtual y con un reconocido cuerpo docente.<\/p>\n\n\n\n<p>Nuestros centros cl\u00ednicos funcionan con un modelo docente asistencial que logra continuidad y coherencia entre las aulas y la pr\u00e1ctica profesional desde los primeros a\u00f1os.<\/p>\n","protected":false},"excerpt":{"rendered":"<p>En la Facultad de Medicina CAS-UDD formamos profesionales integrales capaces de desempe\u00f1arse con excelencia en la atenci\u00f3n cl\u00ednica kin\u00e9sica y aptos para realizar promoci\u00f3n e investigaci\u00f3n en salud y gesti\u00f3n de servicios cl\u00ednicos. Contamos con exitosos programas de post\u00edtulo y formaci\u00f3n continua en las \u00e1reas m\u00e1s importantes y emergentes de la Kinesiolog\u00eda, con modalidad e-learning [&hellip;]<\/p>\n","protected":false},"author":9192218,"featured_media":0,"parent":0,"menu_order":0,"comment_status":"closed","ping_status":"closed","template":"","meta":{"footnotes":""},"class_list":["post-4136","page","type-page","status-publish","hentry"],"yoast_head":"<!-- This site is optimized with the Yoast SEO plugin v26.9 - https:\/\/yoast.com\/product\/yoast-seo-wordpress\/ -->\n<title>Descripci\u00f3n - Kinesiolog\u00eda<\/title>\n<meta name=\"robots\" content=\"index, follow, max-snippet:-1, max-image-preview:large, max-video-preview:-1\" \/>\n<link rel=\"canonical\" href=\"https:\/\/medicina.udd.cl\/kinesiologia-santiago\/descripcion-kinesiologia\/\" \/>\n<meta property=\"og:locale\" content=\"es_ES\" \/>\n<meta property=\"og:type\" content=\"article\" \/>\n<meta property=\"og:title\" content=\"Descripci\u00f3n - Kinesiolog\u00eda\" \/>\n<meta property=\"og:description\" content=\"En la Facultad de Medicina CAS-UDD formamos profesionales integrales capaces de desempe\u00f1arse con excelencia en la atenci\u00f3n cl\u00ednica kin\u00e9sica y aptos para realizar promoci\u00f3n e investigaci\u00f3n en salud y gesti\u00f3n de servicios cl\u00ednicos. Contamos con exitosos programas de post\u00edtulo y formaci\u00f3n continua en las \u00e1reas m\u00e1s importantes y emergentes de la Kinesiolog\u00eda, con modalidad e-learning [&hellip;]\" \/>\n<meta property=\"og:url\" content=\"https:\/\/medicina.udd.cl\/kinesiologia-santiago\/descripcion-kinesiologia\/\" \/>\n<meta property=\"og:site_name\" content=\"Kinesiolog\u00eda\" \/>\n<meta property=\"article:modified_time\" content=\"2019-07-29T19:50:48+00:00\" \/>\n<meta property=\"og:image\" content=\"https:\/\/medicina.udd.cl\/kinesiologia-santiago\/files\/2019\/07\/Kinesiologia-150x150.jpg\" \/>\n<meta name=\"twitter:label1\" content=\"Tiempo de lectura\" \/>\n\t<meta name=\"twitter:data1\" content=\"1 minuto\" \/>\n<script type=\"application\/ld+json\" class=\"yoast-schema-graph\">{\"@context\":\"https:\/\/schema.org\",\"@graph\":[{\"@type\":\"WebPage\",\"@id\":\"https:\/\/medicina.udd.cl\/kinesiologia-santiago\/descripcion-kinesiologia\/\",\"url\":\"https:\/\/medicina.udd.cl\/kinesiologia-santiago\/descripcion-kinesiologia\/\",\"name\":\"Descripci\u00f3n - Kinesiolog\u00eda\",\"isPartOf\":{\"@id\":\"https:\/\/medicina.udd.cl\/kinesiologia-santiago\/#website\"},\"primaryImageOfPage\":{\"@id\":\"https:\/\/medicina.udd.cl\/kinesiologia-santiago\/descripcion-kinesiologia\/#primaryimage\"},\"image\":{\"@id\":\"https:\/\/medicina.udd.cl\/kinesiologia-santiago\/descripcion-kinesiologia\/#primaryimage\"},\"thumbnailUrl\":\"https:\/\/medicina.udd.cl\/kinesiologia-santiago\/files\/2019\/07\/Kinesiologia-150x150.jpg\",\"datePublished\":\"2019-07-29T19:49:40+00:00\",\"dateModified\":\"2019-07-29T19:50:48+00:00\",\"breadcrumb\":{\"@id\":\"https:\/\/medicina.udd.cl\/kinesiologia-santiago\/descripcion-kinesiologia\/#breadcrumb\"},\"inLanguage\":\"es\",\"potentialAction\":[{\"@type\":\"ReadAction\",\"target\":[\"https:\/\/medicina.udd.cl\/kinesiologia-santiago\/descripcion-kinesiologia\/\"]}]},{\"@type\":\"ImageObject\",\"inLanguage\":\"es\",\"@id\":\"https:\/\/medicina.udd.cl\/kinesiologia-santiago\/descripcion-kinesiologia\/#primaryimage\",\"url\":\"https:\/\/medicina.udd.cl\/kinesiologia-santiago\/files\/2019\/07\/Kinesiologia.jpg\",\"contentUrl\":\"https:\/\/medicina.udd.cl\/kinesiologia-santiago\/files\/2019\/07\/Kinesiologia.jpg\",\"width\":617,\"height\":617},{\"@type\":\"BreadcrumbList\",\"@id\":\"https:\/\/medicina.udd.cl\/kinesiologia-santiago\/descripcion-kinesiologia\/#breadcrumb\",\"itemListElement\":[{\"@type\":\"ListItem\",\"position\":1,\"name\":\"Home\",\"item\":\"https:\/\/medicina.udd.cl\/kinesiologia-santiago\/\"},{\"@type\":\"ListItem\",\"position\":2,\"name\":\"Descripci\u00f3n\"}]},{\"@type\":\"WebSite\",\"@id\":\"https:\/\/medicina.udd.cl\/kinesiologia-santiago\/#website\",\"url\":\"https:\/\/medicina.udd.cl\/kinesiologia-santiago\/\",\"name\":\"Kinesiolog\u00eda\",\"description\":\"Facultad de Medicina Cl\u00ednica Alemana Universidad del Desarrollo\",\"inLanguage\":\"es\"}]}<\/script>\n<!-- \/ Yoast SEO plugin. -->","yoast_head_json":{"title":"Descripci\u00f3n - Kinesiolog\u00eda","robots":{"index":"index","follow":"follow","max-snippet":"max-snippet:-1","max-image-preview":"max-image-preview:large","max-video-preview":"max-video-preview:-1"},"canonical":"https:\/\/medicina.udd.cl\/kinesiologia-santiago\/descripcion-kinesiologia\/","og_locale":"es_ES","og_type":"article","og_title":"Descripci\u00f3n - Kinesiolog\u00eda","og_description":"En la Facultad de Medicina CAS-UDD formamos profesionales integrales capaces de desempe\u00f1arse con excelencia en la atenci\u00f3n cl\u00ednica kin\u00e9sica y aptos para realizar promoci\u00f3n e investigaci\u00f3n en salud y gesti\u00f3n de servicios cl\u00ednicos. Contamos con exitosos programas de post\u00edtulo y formaci\u00f3n continua en las \u00e1reas m\u00e1s importantes y emergentes de la Kinesiolog\u00eda, con modalidad e-learning [&hellip;]","og_url":"https:\/\/medicina.udd.cl\/kinesiologia-santiago\/descripcion-kinesiologia\/","og_site_name":"Kinesiolog\u00eda","article_modified_time":"2019-07-29T19:50:48+00:00","og_image":[{"url":"https:\/\/medicina.udd.cl\/kinesiologia-santiago\/files\/2019\/07\/Kinesiologia-150x150.jpg","type":"","width":"","height":""}],"twitter_misc":{"Tiempo de lectura":"1 minuto"},"schema":{"@context":"https:\/\/schema.org","@graph":[{"@type":"WebPage","@id":"https:\/\/medicina.udd.cl\/kinesiologia-santiago\/descripcion-kinesiologia\/","url":"https:\/\/medicina.udd.cl\/kinesiologia-santiago\/descripcion-kinesiologia\/","name":"Descripci\u00f3n - Kinesiolog\u00eda","isPartOf":{"@id":"https:\/\/medicina.udd.cl\/kinesiologia-santiago\/#website"},"primaryImageOfPage":{"@id":"https:\/\/medicina.udd.cl\/kinesiologia-santiago\/descripcion-kinesiologia\/#primaryimage"},"image":{"@id":"https:\/\/medicina.udd.cl\/kinesiologia-santiago\/descripcion-kinesiologia\/#primaryimage"},"thumbnailUrl":"https:\/\/medicina.udd.cl\/kinesiologia-santiago\/files\/2019\/07\/Kinesiologia-150x150.jpg","datePublished":"2019-07-29T19:49:40+00:00","dateModified":"2019-07-29T19:50:48+00:00","breadcrumb":{"@id":"https:\/\/medicina.udd.cl\/kinesiologia-santiago\/descripcion-kinesiologia\/#breadcrumb"},"inLanguage":"es","potentialAction":[{"@type":"ReadAction","target":["https:\/\/medicina.udd.cl\/kinesiologia-santiago\/descripcion-kinesiologia\/"]}]},{"@type":"ImageObject","inLanguage":"es","@id":"https:\/\/medicina.udd.cl\/kinesiologia-santiago\/descripcion-kinesiologia\/#primaryimage","url":"https:\/\/medicina.udd.cl\/kinesiologia-santiago\/files\/2019\/07\/Kinesiologia.jpg","contentUrl":"https:\/\/medicina.udd.cl\/kinesiologia-santiago\/files\/2019\/07\/Kinesiologia.jpg","width":617,"height":617},{"@type":"BreadcrumbList","@id":"https:\/\/medicina.udd.cl\/kinesiologia-santiago\/descripcion-kinesiologia\/#breadcrumb","itemListElement":[{"@type":"ListItem","position":1,"name":"Home","item":"https:\/\/medicina.udd.cl\/kinesiologia-santiago\/"},{"@type":"ListItem","position":2,"name":"Descripci\u00f3n"}]},{"@type":"WebSite","@id":"https:\/\/medicina.udd.cl\/kinesiologia-santiago\/#website","url":"https:\/\/medicina.udd.cl\/kinesiologia-santiago\/","name":"Kinesiolog\u00eda","description":"Facultad de Medicina Cl\u00ednica Alemana Universidad del Desarrollo","inLanguage":"es"}]}},"_links":{"self":[{"href":"https:\/\/medicina.udd.cl\/kinesiologia-santiago\/wp-json\/wp\/v2\/pages\/4136","targetHints":{"allow":["GET"]}}],"collection":[{"href":"https:\/\/medicina.udd.cl\/kinesiologia-santiago\/wp-json\/wp\/v2\/pages"}],"about":[{"href":"https:\/\/medicina.udd.cl\/kinesiologia-santiago\/wp-json\/wp\/v2\/types\/page"}],"author":[{"embeddable":true,"href":"https:\/\/medicina.udd.cl\/kinesiologia-santiago\/wp-json\/wp\/v2\/users\/9192218"}],"replies":[{"embeddable":true,"href":"https:\/\/medicina.udd.cl\/kinesiologia-santiago\/wp-json\/wp\/v2\/comments?post=4136"}],"version-history":[{"count":2,"href":"https:\/\/medicina.udd.cl\/kinesiologia-santiago\/wp-json\/wp\/v2\/pages\/4136\/revisions"}],"predecessor-version":[{"id":4139,"href":"https:\/\/medicina.udd.cl\/kinesiologia-santiago\/wp-json\/wp\/v2\/pages\/4136\/revisions\/4139"}],"wp:attachment":[{"href":"https:\/\/medicina.udd.cl\/kinesiologia-santiago\/wp-json\/wp\/v2\/media?parent=4136"}],"curies":[{"name":"wp","href":"https:\/\/api.w.org\/{rel}","templated":true}]}}