{"id":4597,"date":"2020-05-07T22:56:40","date_gmt":"2020-05-08T02:56:40","guid":{"rendered":"http:\/\/medicina.udd.cl\/kinesiologia-santiago\/?page_id=4597"},"modified":"2024-12-11T17:55:33","modified_gmt":"2024-12-11T20:55:33","slug":"mision-vision-y-objetivos","status":"publish","type":"page","link":"https:\/\/medicina.udd.cl\/kinesiologia-santiago\/mision-vision-y-objetivos\/","title":{"rendered":"Misi\u00f3n, Visi\u00f3n y Objetivos"},"content":{"rendered":"<!-- WP Block: UDD - Cards Alternate -->\n<section class=\"wp-block-udd-cards\" style=\"--udd-blocks-has-columns-number: 3\">\n\t<div class=\"container\">\n\t\t\t\t<div class=\"block__content\">\n\t\t\t<div class=\"cards\">\n\t\t\t\t\t\t\t\t\t\t\t\t\t\t\t\t\t<div class=\"card-wrapper\">\n\t\t\t\t\t\t<div class=\"card\">\n\t\t\t\t\t\t\t<h3 class=\"card__title\">Misi\u00f3n de la carrera de Kinesiolog\u00eda UDD: Nuestra raz\u00f3n de ser<\/h3>\n\t\t\t\t\t\t\t\t\t\t\t\t\t\t<div class=\"card__description\">\n\t\t\t\t\t\t\t\t<p>Contribuir al desarrollo de la sociedad y al bienestar de las personas, mediante la formaci\u00f3n en pre y postgrado de Kinesi\u00f3logos de excelencia, con un marcado sentido \u00e9tico y de responsabilidad p\u00fablica, emprendedores, con una s\u00f3lida base cient\u00edfica y capaces de desempe\u00f1arse en las diversas \u00e1reas de la kinesiolog\u00eda: asistencial, investigaci\u00f3n, gesti\u00f3n y educaci\u00f3n, con el m\u00e1s alto nivel de eficiencia, rigurosidad e idoneidad.<\/p>\n\t\t\t\t\t\t\t<\/div>\n\t\t\t\t\t\t\t\t\t\t\t\t\t<\/div>\n\t\t\t\t\t<\/div>\n\t\t\t\t\t\t\t\t\t\t\t\t\t\t\t\t\t\t\t\t\t<div class=\"card-wrapper\">\n\t\t\t\t\t\t<div class=\"card\">\n\t\t\t\t\t\t\t<h3 class=\"card__title\">Visi\u00f3n de la carrera de Kinesiolog\u00eda UDD: El camino que queremos recorrer<\/h3>\n\t\t\t\t\t\t\t\t\t\t\t\t\t\t<div class=\"card__description\">\n\t\t\t\t\t\t\t\t<p>La carrera de Kinesiolog\u00eda ser\u00e1 reconocida por su compromiso con la formaci\u00f3n de profesionales\u00a0 \u00edntegros,\u00a0 cuyo\u00a0 profesionalismo\u00a0 y\u00a0 esp\u00edritu\u00a0 de servicio se refleje en un \u00f3ptimo cuidado de la salud de las personas. Referente en investigaci\u00f3n y educaci\u00f3n, basado en el nivel de sus acad\u00e9micos, sus innovaciones metodol\u00f3gicas, la aplicaci\u00f3n de tecnolog\u00eda y el emprendimiento al servicio de la sociedad.<\/p>\n\t\t\t\t\t\t\t<\/div>\n\t\t\t\t\t\t\t\t\t\t\t\t\t<\/div>\n\t\t\t\t\t<\/div>\n\t\t\t\t\t\t\t\t\t\t\t\t\t\t\t\t\t\t\t\t\t<div class=\"card-wrapper\">\n\t\t\t\t\t\t<div class=\"card\">\n\t\t\t\t\t\t\t<h3 class=\"card__title\">Prop\u00f3sitos de la carrera de Kinesiolog\u00eda UDD: El camino que queremos recorrer<\/h3>\n\t\t\t\t\t\t\t\t\t\t\t\t\t\t<div class=\"card__description\">\n\t\t\t\t\t\t\t\t<p>\u2022 Contribuir a la formaci\u00f3n de kinesi\u00f3logos de excelencia, emprendedores, con marcado sentido \u00e9tico y de responsabilidad p\u00fablica, que contribuyan al desarrollo de la sociedad y bienestar de las personas, y que sean capaces de desempe\u00f1arse en el \u00e1rea asistencial, de investigaci\u00f3n, gesti\u00f3n y educaci\u00f3n.<\/p>\n<p>\u2022 Implementar un modelo educativo con 3 ciclos de formaci\u00f3n acad\u00e9mica: bachillerato, licenciatura y habilitaci\u00f3n profesional, que integre ciencias b\u00e1sicas y disciplinares, y que permita adquirir a trav\u00e9s de actividades te\u00f3ricas y pr\u00e1cticas los objetivos y las competencias requeridas para el desempe\u00f1o profesional bajo el sello UDD.<\/p>\n<p>\u2022 Promover la investigaci\u00f3n como estrategia de aprendizaje y de creaci\u00f3n de nuevo conocimiento en Kinesiolog\u00eda.<\/p>\n<p>\u2022 Promover el desarrollo de actividades acad\u00e9micas y de vinculaci\u00f3n con la comunidad, fomentando la alianza entre la sociedad y la Carrera.\u00a0<\/p>\n<p>\u2022 Mantener y fortalecer un cuerpo acad\u00e9mico alineado con la Carrera, facultades y Universidad, comprometido con la formaci\u00f3n de los futuros kinesi\u00f3logos.<\/p>\n\t\t\t\t\t\t\t<\/div>\n\t\t\t\t\t\t\t\t\t\t\t\t\t<\/div>\n\t\t\t\t\t<\/div>\n\t\t\t\t\t\t\t\t\t\t<\/div>\n\t\t<\/div>\n\t<\/div>\n<\/section>\n\n\n\n<p><\/p>\n","protected":false},"excerpt":{"rendered":"","protected":false},"author":9192194,"featured_media":0,"parent":0,"menu_order":0,"comment_status":"closed","ping_status":"closed","template":"","meta":{"footnotes":""},"class_list":["post-4597","page","type-page","status-publish","hentry"],"yoast_head":"<!-- This site is optimized with the Yoast SEO plugin v26.9 - https:\/\/yoast.com\/product\/yoast-seo-wordpress\/ -->\n<title>Misi\u00f3n, Visi\u00f3n y Objetivos - Kinesiolog\u00eda UDD<\/title>\n<meta name=\"robots\" content=\"index, follow, max-snippet:-1, max-image-preview:large, max-video-preview:-1\" \/>\n<link rel=\"canonical\" href=\"https:\/\/medicina.udd.cl\/kinesiologia-santiago\/mision-vision-y-objetivos\/\" \/>\n<meta property=\"og:locale\" content=\"es_ES\" \/>\n<meta property=\"og:type\" content=\"article\" \/>\n<meta property=\"og:title\" content=\"Misi\u00f3n, Visi\u00f3n y Objetivos - Kinesiolog\u00eda UDD\" \/>\n<meta property=\"og:url\" content=\"https:\/\/medicina.udd.cl\/kinesiologia-santiago\/mision-vision-y-objetivos\/\" \/>\n<meta property=\"og:site_name\" content=\"Kinesiolog\u00eda\" \/>\n<meta property=\"article:modified_time\" content=\"2024-12-11T20:55:33+00:00\" \/>\n<script type=\"application\/ld+json\" class=\"yoast-schema-graph\">{\"@context\":\"https:\/\/schema.org\",\"@graph\":[{\"@type\":\"WebPage\",\"@id\":\"https:\/\/medicina.udd.cl\/kinesiologia-santiago\/mision-vision-y-objetivos\/\",\"url\":\"https:\/\/medicina.udd.cl\/kinesiologia-santiago\/mision-vision-y-objetivos\/\",\"name\":\"Misi\u00f3n, Visi\u00f3n y Objetivos - Kinesiolog\u00eda UDD\",\"isPartOf\":{\"@id\":\"https:\/\/medicina.udd.cl\/kinesiologia-santiago\/#website\"},\"datePublished\":\"2020-05-08T02:56:40+00:00\",\"dateModified\":\"2024-12-11T20:55:33+00:00\",\"breadcrumb\":{\"@id\":\"https:\/\/medicina.udd.cl\/kinesiologia-santiago\/mision-vision-y-objetivos\/#breadcrumb\"},\"inLanguage\":\"es\",\"potentialAction\":[{\"@type\":\"ReadAction\",\"target\":[\"https:\/\/medicina.udd.cl\/kinesiologia-santiago\/mision-vision-y-objetivos\/\"]}]},{\"@type\":\"BreadcrumbList\",\"@id\":\"https:\/\/medicina.udd.cl\/kinesiologia-santiago\/mision-vision-y-objetivos\/#breadcrumb\",\"itemListElement\":[{\"@type\":\"ListItem\",\"position\":1,\"name\":\"Home\",\"item\":\"https:\/\/medicina.udd.cl\/kinesiologia-santiago\/\"},{\"@type\":\"ListItem\",\"position\":2,\"name\":\"Misi\u00f3n, Visi\u00f3n y Objetivos\"}]},{\"@type\":\"WebSite\",\"@id\":\"https:\/\/medicina.udd.cl\/kinesiologia-santiago\/#website\",\"url\":\"https:\/\/medicina.udd.cl\/kinesiologia-santiago\/\",\"name\":\"Kinesiolog\u00eda\",\"description\":\"Facultad de Medicina Cl\u00ednica Alemana Universidad del Desarrollo\",\"inLanguage\":\"es\"}]}<\/script>\n<!-- \/ Yoast SEO plugin. -->","yoast_head_json":{"title":"Misi\u00f3n, Visi\u00f3n y Objetivos - Kinesiolog\u00eda UDD","robots":{"index":"index","follow":"follow","max-snippet":"max-snippet:-1","max-image-preview":"max-image-preview:large","max-video-preview":"max-video-preview:-1"},"canonical":"https:\/\/medicina.udd.cl\/kinesiologia-santiago\/mision-vision-y-objetivos\/","og_locale":"es_ES","og_type":"article","og_title":"Misi\u00f3n, Visi\u00f3n y Objetivos - Kinesiolog\u00eda UDD","og_url":"https:\/\/medicina.udd.cl\/kinesiologia-santiago\/mision-vision-y-objetivos\/","og_site_name":"Kinesiolog\u00eda","article_modified_time":"2024-12-11T20:55:33+00:00","schema":{"@context":"https:\/\/schema.org","@graph":[{"@type":"WebPage","@id":"https:\/\/medicina.udd.cl\/kinesiologia-santiago\/mision-vision-y-objetivos\/","url":"https:\/\/medicina.udd.cl\/kinesiologia-santiago\/mision-vision-y-objetivos\/","name":"Misi\u00f3n, Visi\u00f3n y Objetivos - Kinesiolog\u00eda UDD","isPartOf":{"@id":"https:\/\/medicina.udd.cl\/kinesiologia-santiago\/#website"},"datePublished":"2020-05-08T02:56:40+00:00","dateModified":"2024-12-11T20:55:33+00:00","breadcrumb":{"@id":"https:\/\/medicina.udd.cl\/kinesiologia-santiago\/mision-vision-y-objetivos\/#breadcrumb"},"inLanguage":"es","potentialAction":[{"@type":"ReadAction","target":["https:\/\/medicina.udd.cl\/kinesiologia-santiago\/mision-vision-y-objetivos\/"]}]},{"@type":"BreadcrumbList","@id":"https:\/\/medicina.udd.cl\/kinesiologia-santiago\/mision-vision-y-objetivos\/#breadcrumb","itemListElement":[{"@type":"ListItem","position":1,"name":"Home","item":"https:\/\/medicina.udd.cl\/kinesiologia-santiago\/"},{"@type":"ListItem","position":2,"name":"Misi\u00f3n, Visi\u00f3n y Objetivos"}]},{"@type":"WebSite","@id":"https:\/\/medicina.udd.cl\/kinesiologia-santiago\/#website","url":"https:\/\/medicina.udd.cl\/kinesiologia-santiago\/","name":"Kinesiolog\u00eda","description":"Facultad de Medicina Cl\u00ednica Alemana Universidad del Desarrollo","inLanguage":"es"}]}},"_links":{"self":[{"href":"https:\/\/medicina.udd.cl\/kinesiologia-santiago\/wp-json\/wp\/v2\/pages\/4597","targetHints":{"allow":["GET"]}}],"collection":[{"href":"https:\/\/medicina.udd.cl\/kinesiologia-santiago\/wp-json\/wp\/v2\/pages"}],"about":[{"href":"https:\/\/medicina.udd.cl\/kinesiologia-santiago\/wp-json\/wp\/v2\/types\/page"}],"author":[{"embeddable":true,"href":"https:\/\/medicina.udd.cl\/kinesiologia-santiago\/wp-json\/wp\/v2\/users\/9192194"}],"replies":[{"embeddable":true,"href":"https:\/\/medicina.udd.cl\/kinesiologia-santiago\/wp-json\/wp\/v2\/comments?post=4597"}],"version-history":[{"count":6,"href":"https:\/\/medicina.udd.cl\/kinesiologia-santiago\/wp-json\/wp\/v2\/pages\/4597\/revisions"}],"predecessor-version":[{"id":5860,"href":"https:\/\/medicina.udd.cl\/kinesiologia-santiago\/wp-json\/wp\/v2\/pages\/4597\/revisions\/5860"}],"wp:attachment":[{"href":"https:\/\/medicina.udd.cl\/kinesiologia-santiago\/wp-json\/wp\/v2\/media?parent=4597"}],"curies":[{"name":"wp","href":"https:\/\/api.w.org\/{rel}","templated":true}]}}