{"id":4920,"date":"2020-12-18T11:56:37","date_gmt":"2020-12-18T14:56:37","guid":{"rendered":"http:\/\/medicina.udd.cl\/kinesiologia-santiago\/?page_id=4920"},"modified":"2021-04-21T16:02:08","modified_gmt":"2021-04-21T20:02:08","slug":"testimonios-maki-2","status":"publish","type":"page","link":"https:\/\/medicina.udd.cl\/kinesiologia-santiago\/testimonios-maki-2\/","title":{"rendered":"Testimonios MAKI"},"content":{"rendered":"\n<h2 class=\"wp-block-heading\"> Juan Ram\u00f3n G\u00f3mez Maldonado, cohorte 2017:<\/h2>\n\n\n\n<h2 class=\"wp-block-heading\">\u00abMAKI me ha dejado ver que existen horizontes m\u00e1s all\u00e1\u00bb <\/h2>\n\n\n\n<div class=\"wp-block-image\"><figure class=\"alignright size-large is-resized\"><img loading=\"lazy\" decoding=\"async\" src=\"https:\/\/medicina.udd.cl\/kinesiologia-santiago\/files\/2020\/12\/20201213_174229-933x1024.jpg\" alt=\"\" class=\"wp-image-4922\" width=\"467\" height=\"512\" srcset=\"https:\/\/medicina.udd.cl\/kinesiologia-santiago\/files\/2020\/12\/20201213_174229-933x1024.jpg 933w, https:\/\/medicina.udd.cl\/kinesiologia-santiago\/files\/2020\/12\/20201213_174229-273x300.jpg 273w, https:\/\/medicina.udd.cl\/kinesiologia-santiago\/files\/2020\/12\/20201213_174229-768x843.jpg 768w, https:\/\/medicina.udd.cl\/kinesiologia-santiago\/files\/2020\/12\/20201213_174229-1399x1536.jpg 1399w, https:\/\/medicina.udd.cl\/kinesiologia-santiago\/files\/2020\/12\/20201213_174229-1866x2048.jpg 1866w\" sizes=\"auto, (max-width: 467px) 100vw, 467px\" \/><\/figure><\/div>\n\n\n\n<p>La experiencia MAKI la resumir\u00eda en adaptaci\u00f3n. MAKI me hizo vivir la experiencia en donde me obligaban a buscar estrategias nuevas, o bien a cambiar las estrategias que com\u00fanmente utilizaba para lograr el objetivo solicitado. Con MAKI aprend\u00ed que algo tan simple como la cr\u00edtica, que muchas veces es algo mal visto, o no deseado, es una excelente herramienta con la cual se puede lograr mejorar sustanciosamente la realizaci\u00f3n de tareas. Esta nos ayuda a ver nuestro propio trabajo con otros ojos, desde otros puntos de vista o bajo el alelo de otras experiencias, las cuales enriquecen el producto final. Adem\u00e1s, ideales que, si bien uno los ha escuchado miles de veces en la pr\u00e1ctica profesional pero que no siempre funcionan, se ven aplicados, uno de estos es el trabajo en equipo, ya que uno est\u00e1 constantemente bajo estr\u00e9s, lo cual obliga, tal como mencion\u00e9 anteriormente, a buscar nuevas estrategias pero tambi\u00e9n a ver en otros, el apoyo necesario con lo cual todos logramos el objetivo. MAKI m\u00e1s que un magister tradicional en donde se entrega informaci\u00f3n y uno \u201caprende\u201d, es un compilado de experiencia que enriquecen m\u00e1s all\u00e1 del que hacer profesional, ya que estas son aplicables a \u00e1reas de la vida fuera del trabajo.<\/p>\n\n\n\n<p>El hecho de tener una gran diversidad de puntos de vista (publicidad, derecho, kinesiolog\u00eda, psicolog\u00eda, dise\u00f1o, entre otros), le entrega un gran valor a todo el proceso. Ayuda a poder relacionar formas de trabajo, y puntos de vista que generan la capacidad de ver las cosas de una forma mas clara, ya no solo dentro del sesgo profesional, si no que ampl\u00eda la mirada.<\/p>\n\n\n\n<p>Dentro de mi experiencia MAKI, mis compa\u00f1eros fueron un pilar esencial dentro de todo. Ellos al igual que yo, vivimos experiencias que nos dejaron totalmente en un panorama de frustraci\u00f3n. Que luego nos enteramos que estaban planeados, con el fin de lograr un aprendizaje. Pero gracias a mis compa\u00f1eros logr\u00e9 sobrepasar estas situaciones y seguir adelante. El grupo de compa\u00f1eros que se forma dentro de MAKI, termina siendo un grupo que genera ra\u00edces m\u00e1s all\u00e1 del aula. Son amigos en los cuales uno puede confiar y apoyarse en diversas situaciones. Generando grandes experiencias que muchas veces son m\u00e1s enriquecedoras por s\u00ed solas, que por la raz\u00f3n que nacieron. <\/p>\n\n\n\n<p>Una experiencia \u00fanica que viv\u00ed dentro de este proceso, fue la asistencia al Congreso Mundial de Kinesiolog\u00eda, organizado por la World Confederation for Physical Therapy (WCPT). Esta fue una oportunidad que no hubiera logrado si no fuese por el apoyo de los docentes y mis compa\u00f1eros, los cuales me ayudaron a redactar y presentar mi \u201cScoping Review\u201d, y tambi\u00e9n a adquirir el valor necesario para hacerlo. Durante esta experiencia, conoc\u00ed diferentes realidades de la kinesiolog\u00eda a nivel mundial y pude ver otras experiencias de mi misma \u00e1rea (musculo esquel\u00e9tica y atenci\u00f3n primaria de salud), y c\u00f3mo se desarrollan en condiciones similares y tambi\u00e9n muy diferentes a la m\u00eda. Todo fue muy enriquecedor desde el punto de vista personal como profesional. Recuerdo que fui a presentar en modalidad \u201cSTATE OF THE ART\u201d, sin saber hablar ingl\u00e9s, aprend\u00ed de memoria mi presentaci\u00f3n, y el d\u00eda de mi exposici\u00f3n, me preocupaba el equivocarme, pero conoc\u00ed a Peter O&#8217;Sullivan, (moderador del conjunto de presentaciones), con quien tuve una an\u00e9cdota que me ayud\u00f3 mucho a relajarme, lo que se sum\u00f3, al hecho de darme cuenta que solo los anglo parlantes hablan bien este idioma y el resto del mundo lo hacemos a un nivel suficientemente entendible, lo que se tradujo para mi en una excelente experiencia de presentaci\u00f3n. Y todo se coron\u00f3 con el premio de \u201cPlatform Presentation Award\u201d, para la regi\u00f3n de Sudam\u00e9rica que me otorgaron.<\/p>\n\n\n\n<p>En cuanto a lo laboral, MAKI me entreg\u00f3 herramientas que me han ayudado a ser m\u00e1s eficiente dentro de mi trabajo. Yo trabajo en atenci\u00f3n primaria de salud, espec\u00edficamente en las salas de rehabilitaci\u00f3n f\u00edsica, en donde he podido aplicar todo lo aprendido para generar mejores procesos de rehabilitaci\u00f3n en conjunto con los usuarios, adem\u00e1s de mejores procesos de trabajo con los dem\u00e1s profesionales de salud involucrados. Actualmente debido a la pandemia mundial, he tenido que adaptarme aunque me mantengo en la atenci\u00f3n primaria de salud. Trabajo actualmente con los usuarios COVID 19+, directamente en sus hogares realizando controles de salud, asistencias y ayudas necesarias para superar esta enfermedad.<\/p>\n\n\n\n<p>MAKI me ha ayudado a mi pr\u00e1ctica laboral, pero tambi\u00e9n me ha dejado ver que existen horizontes m\u00e1s all\u00e1, donde antes no los ve\u00eda y que ahora me encuentro en busca de esas nuevas oportunidades. <\/p>\n","protected":false},"excerpt":{"rendered":"<p>Juan Ram\u00f3n G\u00f3mez Maldonado, cohorte 2017: \u00abMAKI me ha dejado ver que existen horizontes m\u00e1s all\u00e1\u00bb La experiencia MAKI la resumir\u00eda en adaptaci\u00f3n. MAKI me hizo vivir la experiencia en donde me obligaban a buscar estrategias nuevas, o bien a cambiar las estrategias que com\u00fanmente utilizaba para lograr el objetivo solicitado. Con MAKI aprend\u00ed que [&hellip;]<\/p>\n","protected":false},"author":9192219,"featured_media":0,"parent":0,"menu_order":0,"comment_status":"closed","ping_status":"closed","template":"","meta":{"footnotes":""},"class_list":["post-4920","page","type-page","status-publish","hentry"],"yoast_head":"<!-- This site is optimized with the Yoast SEO plugin v26.9 - https:\/\/yoast.com\/product\/yoast-seo-wordpress\/ -->\n<title>Testimonios MAKI - Kinesiolog\u00eda<\/title>\n<meta name=\"robots\" content=\"index, follow, max-snippet:-1, max-image-preview:large, max-video-preview:-1\" \/>\n<link rel=\"canonical\" href=\"https:\/\/medicina.udd.cl\/kinesiologia-santiago\/testimonios-maki-2\/\" \/>\n<meta property=\"og:locale\" content=\"es_ES\" \/>\n<meta property=\"og:type\" content=\"article\" \/>\n<meta property=\"og:title\" content=\"Testimonios MAKI - Kinesiolog\u00eda\" \/>\n<meta property=\"og:description\" content=\"Juan Ram\u00f3n G\u00f3mez Maldonado, cohorte 2017: \u00abMAKI me ha dejado ver que existen horizontes m\u00e1s all\u00e1\u00bb La experiencia MAKI la resumir\u00eda en adaptaci\u00f3n. MAKI me hizo vivir la experiencia en donde me obligaban a buscar estrategias nuevas, o bien a cambiar las estrategias que com\u00fanmente utilizaba para lograr el objetivo solicitado. Con MAKI aprend\u00ed que [&hellip;]\" \/>\n<meta property=\"og:url\" content=\"https:\/\/medicina.udd.cl\/kinesiologia-santiago\/testimonios-maki-2\/\" \/>\n<meta property=\"og:site_name\" content=\"Kinesiolog\u00eda\" \/>\n<meta property=\"article:modified_time\" content=\"2021-04-21T20:02:08+00:00\" \/>\n<meta property=\"og:image\" content=\"https:\/\/medicina.udd.cl\/kinesiologia-santiago\/files\/2020\/12\/20201213_174229-933x1024.jpg\" \/>\n<meta name=\"twitter:label1\" content=\"Tiempo de lectura\" \/>\n\t<meta name=\"twitter:data1\" content=\"4 minutos\" \/>\n<script type=\"application\/ld+json\" class=\"yoast-schema-graph\">{\"@context\":\"https:\/\/schema.org\",\"@graph\":[{\"@type\":\"WebPage\",\"@id\":\"https:\/\/medicina.udd.cl\/kinesiologia-santiago\/testimonios-maki-2\/\",\"url\":\"https:\/\/medicina.udd.cl\/kinesiologia-santiago\/testimonios-maki-2\/\",\"name\":\"Testimonios MAKI - Kinesiolog\u00eda\",\"isPartOf\":{\"@id\":\"https:\/\/medicina.udd.cl\/kinesiologia-santiago\/#website\"},\"primaryImageOfPage\":{\"@id\":\"https:\/\/medicina.udd.cl\/kinesiologia-santiago\/testimonios-maki-2\/#primaryimage\"},\"image\":{\"@id\":\"https:\/\/medicina.udd.cl\/kinesiologia-santiago\/testimonios-maki-2\/#primaryimage\"},\"thumbnailUrl\":\"https:\/\/medicina.udd.cl\/kinesiologia-santiago\/files\/2020\/12\/20201213_174229-933x1024.jpg\",\"datePublished\":\"2020-12-18T14:56:37+00:00\",\"dateModified\":\"2021-04-21T20:02:08+00:00\",\"breadcrumb\":{\"@id\":\"https:\/\/medicina.udd.cl\/kinesiologia-santiago\/testimonios-maki-2\/#breadcrumb\"},\"inLanguage\":\"es\",\"potentialAction\":[{\"@type\":\"ReadAction\",\"target\":[\"https:\/\/medicina.udd.cl\/kinesiologia-santiago\/testimonios-maki-2\/\"]}]},{\"@type\":\"ImageObject\",\"inLanguage\":\"es\",\"@id\":\"https:\/\/medicina.udd.cl\/kinesiologia-santiago\/testimonios-maki-2\/#primaryimage\",\"url\":\"https:\/\/medicina.udd.cl\/kinesiologia-santiago\/files\/2020\/12\/20201213_174229-scaled.jpg\",\"contentUrl\":\"https:\/\/medicina.udd.cl\/kinesiologia-santiago\/files\/2020\/12\/20201213_174229-scaled.jpg\",\"width\":2332,\"height\":2560},{\"@type\":\"BreadcrumbList\",\"@id\":\"https:\/\/medicina.udd.cl\/kinesiologia-santiago\/testimonios-maki-2\/#breadcrumb\",\"itemListElement\":[{\"@type\":\"ListItem\",\"position\":1,\"name\":\"Home\",\"item\":\"https:\/\/medicina.udd.cl\/kinesiologia-santiago\/\"},{\"@type\":\"ListItem\",\"position\":2,\"name\":\"Testimonios MAKI\"}]},{\"@type\":\"WebSite\",\"@id\":\"https:\/\/medicina.udd.cl\/kinesiologia-santiago\/#website\",\"url\":\"https:\/\/medicina.udd.cl\/kinesiologia-santiago\/\",\"name\":\"Kinesiolog\u00eda\",\"description\":\"Facultad de Medicina Cl\u00ednica Alemana Universidad del Desarrollo\",\"inLanguage\":\"es\"}]}<\/script>\n<!-- \/ Yoast SEO plugin. -->","yoast_head_json":{"title":"Testimonios MAKI - Kinesiolog\u00eda","robots":{"index":"index","follow":"follow","max-snippet":"max-snippet:-1","max-image-preview":"max-image-preview:large","max-video-preview":"max-video-preview:-1"},"canonical":"https:\/\/medicina.udd.cl\/kinesiologia-santiago\/testimonios-maki-2\/","og_locale":"es_ES","og_type":"article","og_title":"Testimonios MAKI - Kinesiolog\u00eda","og_description":"Juan Ram\u00f3n G\u00f3mez Maldonado, cohorte 2017: \u00abMAKI me ha dejado ver que existen horizontes m\u00e1s all\u00e1\u00bb La experiencia MAKI la resumir\u00eda en adaptaci\u00f3n. MAKI me hizo vivir la experiencia en donde me obligaban a buscar estrategias nuevas, o bien a cambiar las estrategias que com\u00fanmente utilizaba para lograr el objetivo solicitado. Con MAKI aprend\u00ed que [&hellip;]","og_url":"https:\/\/medicina.udd.cl\/kinesiologia-santiago\/testimonios-maki-2\/","og_site_name":"Kinesiolog\u00eda","article_modified_time":"2021-04-21T20:02:08+00:00","og_image":[{"url":"https:\/\/medicina.udd.cl\/kinesiologia-santiago\/files\/2020\/12\/20201213_174229-933x1024.jpg","type":"","width":"","height":""}],"twitter_misc":{"Tiempo de lectura":"4 minutos"},"schema":{"@context":"https:\/\/schema.org","@graph":[{"@type":"WebPage","@id":"https:\/\/medicina.udd.cl\/kinesiologia-santiago\/testimonios-maki-2\/","url":"https:\/\/medicina.udd.cl\/kinesiologia-santiago\/testimonios-maki-2\/","name":"Testimonios MAKI - Kinesiolog\u00eda","isPartOf":{"@id":"https:\/\/medicina.udd.cl\/kinesiologia-santiago\/#website"},"primaryImageOfPage":{"@id":"https:\/\/medicina.udd.cl\/kinesiologia-santiago\/testimonios-maki-2\/#primaryimage"},"image":{"@id":"https:\/\/medicina.udd.cl\/kinesiologia-santiago\/testimonios-maki-2\/#primaryimage"},"thumbnailUrl":"https:\/\/medicina.udd.cl\/kinesiologia-santiago\/files\/2020\/12\/20201213_174229-933x1024.jpg","datePublished":"2020-12-18T14:56:37+00:00","dateModified":"2021-04-21T20:02:08+00:00","breadcrumb":{"@id":"https:\/\/medicina.udd.cl\/kinesiologia-santiago\/testimonios-maki-2\/#breadcrumb"},"inLanguage":"es","potentialAction":[{"@type":"ReadAction","target":["https:\/\/medicina.udd.cl\/kinesiologia-santiago\/testimonios-maki-2\/"]}]},{"@type":"ImageObject","inLanguage":"es","@id":"https:\/\/medicina.udd.cl\/kinesiologia-santiago\/testimonios-maki-2\/#primaryimage","url":"https:\/\/medicina.udd.cl\/kinesiologia-santiago\/files\/2020\/12\/20201213_174229-scaled.jpg","contentUrl":"https:\/\/medicina.udd.cl\/kinesiologia-santiago\/files\/2020\/12\/20201213_174229-scaled.jpg","width":2332,"height":2560},{"@type":"BreadcrumbList","@id":"https:\/\/medicina.udd.cl\/kinesiologia-santiago\/testimonios-maki-2\/#breadcrumb","itemListElement":[{"@type":"ListItem","position":1,"name":"Home","item":"https:\/\/medicina.udd.cl\/kinesiologia-santiago\/"},{"@type":"ListItem","position":2,"name":"Testimonios MAKI"}]},{"@type":"WebSite","@id":"https:\/\/medicina.udd.cl\/kinesiologia-santiago\/#website","url":"https:\/\/medicina.udd.cl\/kinesiologia-santiago\/","name":"Kinesiolog\u00eda","description":"Facultad de Medicina Cl\u00ednica Alemana Universidad del Desarrollo","inLanguage":"es"}]}},"_links":{"self":[{"href":"https:\/\/medicina.udd.cl\/kinesiologia-santiago\/wp-json\/wp\/v2\/pages\/4920","targetHints":{"allow":["GET"]}}],"collection":[{"href":"https:\/\/medicina.udd.cl\/kinesiologia-santiago\/wp-json\/wp\/v2\/pages"}],"about":[{"href":"https:\/\/medicina.udd.cl\/kinesiologia-santiago\/wp-json\/wp\/v2\/types\/page"}],"author":[{"embeddable":true,"href":"https:\/\/medicina.udd.cl\/kinesiologia-santiago\/wp-json\/wp\/v2\/users\/9192219"}],"replies":[{"embeddable":true,"href":"https:\/\/medicina.udd.cl\/kinesiologia-santiago\/wp-json\/wp\/v2\/comments?post=4920"}],"version-history":[{"count":10,"href":"https:\/\/medicina.udd.cl\/kinesiologia-santiago\/wp-json\/wp\/v2\/pages\/4920\/revisions"}],"predecessor-version":[{"id":5116,"href":"https:\/\/medicina.udd.cl\/kinesiologia-santiago\/wp-json\/wp\/v2\/pages\/4920\/revisions\/5116"}],"wp:attachment":[{"href":"https:\/\/medicina.udd.cl\/kinesiologia-santiago\/wp-json\/wp\/v2\/media?parent=4920"}],"curies":[{"name":"wp","href":"https:\/\/api.w.org\/{rel}","templated":true}]}}