{"id":4943,"date":"2021-01-15T16:40:58","date_gmt":"2021-01-15T19:40:58","guid":{"rendered":"http:\/\/medicina.udd.cl\/kinesiologia-santiago\/?page_id=4943"},"modified":"2021-01-18T15:41:30","modified_gmt":"2021-01-18T18:41:30","slug":"pacientes-impacct-covid-19-udd","status":"publish","type":"page","link":"https:\/\/medicina.udd.cl\/kinesiologia-santiago\/pacientes-impacct-covid-19-udd\/","title":{"rendered":"[Pacientes]  IMPACCT-COVID-19-UDD"},"content":{"rendered":"\n<p>El estudio IMPACCT-COVID-19-UDD, busca determinar el efecto a largo plazo en la salud f\u00edsica y mental de pacientes que han tenido una estad\u00eda en cuidados intensivos (o cuidados cr\u00edticos) durante la pandemia.<\/p>\n\n\n\n<p>Una estancia en\ncuidados intensivos puede producir una variedad de deficiencias f\u00edsicas, como,\npor ejemplo, p\u00e9rdida de fuerza muscular, rigidez articular, dolor y fatiga.\nTambi\u00e9n se han descrito problemas para dormir, pesadillas recurrentes, lentitud\nmental, s\u00edntomas de ansiedad y depresi\u00f3n, y hasta s\u00edntomas de trastorno post\ntraum\u00e1tico. Algunos pacientes se demoran varios a\u00f1os en sentirse mejor,\nmientras otros no presentan estos problemas.<\/p>\n\n\n\n<p>La pandemia de\nCOVID-19 ha puesto a los sistemas y a los profesionales de la salud bajo\nestr\u00e9s. Es una enfermedad nueva de la cual no se conoce mucho y produjo una\ngran cantidad de pacientes afectados en un espacio de tiempo reducido. Estos\nfactores combinados podr\u00edan producir un n\u00famero mayor de secuelas o que m\u00e1s\npacientes presenten estas secuelas.<\/p>\n\n\n\n<p>Al recopilar informaci\u00f3n sobre la salud f\u00edsica, emocional, y cognitiva de pacientes que han pasado por cuidados intensivos, el estudio IMPACCT COVID-19 le ayudar\u00e1 a los profesionales de salud a identificar qu\u00e9 personas se encuentran en mayor riesgo de sufrir secuelas y cu\u00e1les de estas secuelas se deben a estar gravemente enfermo y cu\u00e1les se deben a la enfermedad por coronavirus.<\/p>\n\n\n\n<ul class=\"wp-block-list\"><li><strong><a href=\"https:\/\/medicina.udd.cl\/kinesiologia-santiago\/sobre-el-estudio-impacct-covid-19-udd\/\">Sobre el estudio<\/a><\/strong><\/li><li><strong><a href=\"https:\/\/medicina.udd.cl\/kinesiologia-santiago\/protocolo-impacct-covid-19-udd\/\">Protocolo<\/a><\/strong><\/li><li><strong><a href=\"https:\/\/medicina.udd.cl\/kinesiologia-santiago\/equipo-a-cargo-impacct-covid-19-udd\/\">Equipo a cargo<\/a><\/strong><\/li><li><strong><a href=\"https:\/\/medicina.udd.cl\/kinesiologia-santiago\/files\/2021\/01\/Folleto-v5_2.pdf\">Folleto informativo<\/a><\/strong><\/li><li><strong><a href=\"https:\/\/medicina.udd.cl\/kinesiologia-santiago\/centros-participantes-impacct-covid-19-udd\/\">Centros participantes<\/a><\/strong><\/li><\/ul>\n\n\n\n<p><\/p>\n\n\n\n<p> <a href=\"https:\/\/medicina.udd.cl\/kinesiologia-santiago\/impacct\/\"><strong>Ir a inicio<\/strong><\/a> <\/p>\n","protected":false},"excerpt":{"rendered":"<p>El estudio IMPACCT-COVID-19-UDD, busca determinar el efecto a largo plazo en la salud f\u00edsica y mental de pacientes que han tenido una estad\u00eda en cuidados intensivos (o cuidados cr\u00edticos) durante la pandemia. Una estancia en cuidados intensivos puede producir una variedad de deficiencias f\u00edsicas, como, por ejemplo, p\u00e9rdida de fuerza muscular, rigidez articular, dolor y [&hellip;]<\/p>\n","protected":false},"author":9192219,"featured_media":0,"parent":0,"menu_order":0,"comment_status":"closed","ping_status":"closed","template":"","meta":{"footnotes":""},"class_list":["post-4943","page","type-page","status-publish","hentry"],"yoast_head":"<!-- This site is optimized with the Yoast SEO plugin v26.9 - https:\/\/yoast.com\/product\/yoast-seo-wordpress\/ -->\n<title>[Pacientes] IMPACCT-COVID-19-UDD - Kinesiolog\u00eda<\/title>\n<meta name=\"robots\" content=\"index, follow, max-snippet:-1, max-image-preview:large, max-video-preview:-1\" \/>\n<link rel=\"canonical\" href=\"https:\/\/medicina.udd.cl\/kinesiologia-santiago\/pacientes-impacct-covid-19-udd\/\" \/>\n<meta property=\"og:locale\" content=\"es_ES\" \/>\n<meta property=\"og:type\" content=\"article\" \/>\n<meta property=\"og:title\" content=\"[Pacientes] IMPACCT-COVID-19-UDD - Kinesiolog\u00eda\" \/>\n<meta property=\"og:description\" content=\"El estudio IMPACCT-COVID-19-UDD, busca determinar el efecto a largo plazo en la salud f\u00edsica y mental de pacientes que han tenido una estad\u00eda en cuidados intensivos (o cuidados cr\u00edticos) durante la pandemia. Una estancia en cuidados intensivos puede producir una variedad de deficiencias f\u00edsicas, como, por ejemplo, p\u00e9rdida de fuerza muscular, rigidez articular, dolor y [&hellip;]\" \/>\n<meta property=\"og:url\" content=\"https:\/\/medicina.udd.cl\/kinesiologia-santiago\/pacientes-impacct-covid-19-udd\/\" \/>\n<meta property=\"og:site_name\" content=\"Kinesiolog\u00eda\" \/>\n<meta property=\"article:modified_time\" content=\"2021-01-18T18:41:30+00:00\" \/>\n<meta name=\"twitter:label1\" content=\"Tiempo de lectura\" \/>\n\t<meta name=\"twitter:data1\" content=\"1 minuto\" \/>\n<script type=\"application\/ld+json\" class=\"yoast-schema-graph\">{\"@context\":\"https:\/\/schema.org\",\"@graph\":[{\"@type\":\"WebPage\",\"@id\":\"https:\/\/medicina.udd.cl\/kinesiologia-santiago\/pacientes-impacct-covid-19-udd\/\",\"url\":\"https:\/\/medicina.udd.cl\/kinesiologia-santiago\/pacientes-impacct-covid-19-udd\/\",\"name\":\"[Pacientes] IMPACCT-COVID-19-UDD - Kinesiolog\u00eda\",\"isPartOf\":{\"@id\":\"https:\/\/medicina.udd.cl\/kinesiologia-santiago\/#website\"},\"datePublished\":\"2021-01-15T19:40:58+00:00\",\"dateModified\":\"2021-01-18T18:41:30+00:00\",\"breadcrumb\":{\"@id\":\"https:\/\/medicina.udd.cl\/kinesiologia-santiago\/pacientes-impacct-covid-19-udd\/#breadcrumb\"},\"inLanguage\":\"es\",\"potentialAction\":[{\"@type\":\"ReadAction\",\"target\":[\"https:\/\/medicina.udd.cl\/kinesiologia-santiago\/pacientes-impacct-covid-19-udd\/\"]}]},{\"@type\":\"BreadcrumbList\",\"@id\":\"https:\/\/medicina.udd.cl\/kinesiologia-santiago\/pacientes-impacct-covid-19-udd\/#breadcrumb\",\"itemListElement\":[{\"@type\":\"ListItem\",\"position\":1,\"name\":\"Home\",\"item\":\"https:\/\/medicina.udd.cl\/kinesiologia-santiago\/\"},{\"@type\":\"ListItem\",\"position\":2,\"name\":\"[Pacientes] IMPACCT-COVID-19-UDD\"}]},{\"@type\":\"WebSite\",\"@id\":\"https:\/\/medicina.udd.cl\/kinesiologia-santiago\/#website\",\"url\":\"https:\/\/medicina.udd.cl\/kinesiologia-santiago\/\",\"name\":\"Kinesiolog\u00eda\",\"description\":\"Facultad de Medicina Cl\u00ednica Alemana Universidad del Desarrollo\",\"inLanguage\":\"es\"}]}<\/script>\n<!-- \/ Yoast SEO plugin. -->","yoast_head_json":{"title":"[Pacientes] IMPACCT-COVID-19-UDD - Kinesiolog\u00eda","robots":{"index":"index","follow":"follow","max-snippet":"max-snippet:-1","max-image-preview":"max-image-preview:large","max-video-preview":"max-video-preview:-1"},"canonical":"https:\/\/medicina.udd.cl\/kinesiologia-santiago\/pacientes-impacct-covid-19-udd\/","og_locale":"es_ES","og_type":"article","og_title":"[Pacientes] IMPACCT-COVID-19-UDD - Kinesiolog\u00eda","og_description":"El estudio IMPACCT-COVID-19-UDD, busca determinar el efecto a largo plazo en la salud f\u00edsica y mental de pacientes que han tenido una estad\u00eda en cuidados intensivos (o cuidados cr\u00edticos) durante la pandemia. Una estancia en cuidados intensivos puede producir una variedad de deficiencias f\u00edsicas, como, por ejemplo, p\u00e9rdida de fuerza muscular, rigidez articular, dolor y [&hellip;]","og_url":"https:\/\/medicina.udd.cl\/kinesiologia-santiago\/pacientes-impacct-covid-19-udd\/","og_site_name":"Kinesiolog\u00eda","article_modified_time":"2021-01-18T18:41:30+00:00","twitter_misc":{"Tiempo de lectura":"1 minuto"},"schema":{"@context":"https:\/\/schema.org","@graph":[{"@type":"WebPage","@id":"https:\/\/medicina.udd.cl\/kinesiologia-santiago\/pacientes-impacct-covid-19-udd\/","url":"https:\/\/medicina.udd.cl\/kinesiologia-santiago\/pacientes-impacct-covid-19-udd\/","name":"[Pacientes] IMPACCT-COVID-19-UDD - Kinesiolog\u00eda","isPartOf":{"@id":"https:\/\/medicina.udd.cl\/kinesiologia-santiago\/#website"},"datePublished":"2021-01-15T19:40:58+00:00","dateModified":"2021-01-18T18:41:30+00:00","breadcrumb":{"@id":"https:\/\/medicina.udd.cl\/kinesiologia-santiago\/pacientes-impacct-covid-19-udd\/#breadcrumb"},"inLanguage":"es","potentialAction":[{"@type":"ReadAction","target":["https:\/\/medicina.udd.cl\/kinesiologia-santiago\/pacientes-impacct-covid-19-udd\/"]}]},{"@type":"BreadcrumbList","@id":"https:\/\/medicina.udd.cl\/kinesiologia-santiago\/pacientes-impacct-covid-19-udd\/#breadcrumb","itemListElement":[{"@type":"ListItem","position":1,"name":"Home","item":"https:\/\/medicina.udd.cl\/kinesiologia-santiago\/"},{"@type":"ListItem","position":2,"name":"[Pacientes] IMPACCT-COVID-19-UDD"}]},{"@type":"WebSite","@id":"https:\/\/medicina.udd.cl\/kinesiologia-santiago\/#website","url":"https:\/\/medicina.udd.cl\/kinesiologia-santiago\/","name":"Kinesiolog\u00eda","description":"Facultad de Medicina Cl\u00ednica Alemana Universidad del Desarrollo","inLanguage":"es"}]}},"_links":{"self":[{"href":"https:\/\/medicina.udd.cl\/kinesiologia-santiago\/wp-json\/wp\/v2\/pages\/4943","targetHints":{"allow":["GET"]}}],"collection":[{"href":"https:\/\/medicina.udd.cl\/kinesiologia-santiago\/wp-json\/wp\/v2\/pages"}],"about":[{"href":"https:\/\/medicina.udd.cl\/kinesiologia-santiago\/wp-json\/wp\/v2\/types\/page"}],"author":[{"embeddable":true,"href":"https:\/\/medicina.udd.cl\/kinesiologia-santiago\/wp-json\/wp\/v2\/users\/9192219"}],"replies":[{"embeddable":true,"href":"https:\/\/medicina.udd.cl\/kinesiologia-santiago\/wp-json\/wp\/v2\/comments?post=4943"}],"version-history":[{"count":33,"href":"https:\/\/medicina.udd.cl\/kinesiologia-santiago\/wp-json\/wp\/v2\/pages\/4943\/revisions"}],"predecessor-version":[{"id":5025,"href":"https:\/\/medicina.udd.cl\/kinesiologia-santiago\/wp-json\/wp\/v2\/pages\/4943\/revisions\/5025"}],"wp:attachment":[{"href":"https:\/\/medicina.udd.cl\/kinesiologia-santiago\/wp-json\/wp\/v2\/media?parent=4943"}],"curies":[{"name":"wp","href":"https:\/\/api.w.org\/{rel}","templated":true}]}}