{"id":4996,"date":"2021-01-18T09:58:10","date_gmt":"2021-01-18T12:58:10","guid":{"rendered":"http:\/\/medicina.udd.cl\/kinesiologia-santiago\/?page_id=4996"},"modified":"2021-01-18T15:40:51","modified_gmt":"2021-01-18T18:40:51","slug":"sitios-participantes-impacct-covid-19-udd","status":"publish","type":"page","link":"https:\/\/medicina.udd.cl\/kinesiologia-santiago\/sitios-participantes-impacct-covid-19-udd\/","title":{"rendered":"[Sitios participantes] IMPACCT-COVID-19-UDD"},"content":{"rendered":"\n<h2 class=\"wp-block-heading\"><strong>Listado de evaluadores por centro<\/strong><\/h2>\n\n\n\n<figure class=\"wp-block-table\"><table class=\"\"><tbody><tr><td>\n  Centro participante:\n  <\/td><td>\n  Evaluadores en terreno\n  habilitados\n  <\/td><\/tr><tr><td>\n  Hospital Regional de\n  Antofagasta\n  <\/td><td>\n  Mar\u00eda \u00c1ngel Cristina Su\u00e1rez\n  Silva,\n  Constanza Bel\u00e9n Morales\n  Delgado,\n  Yerko Andr\u00e9s Villagra\n  Jofr\u00e9,\n  Arturo Andr\u00e9 Loyola\n  Maturana,\n  Pilar Lorena Castro Gait\u00e1n,\n  Michelle Greetchen Maraboli\n  Contreras,\n  Alejandra Paulina Rojas\n  \u00c1lvarez.\n  <\/td><\/tr><tr><td>\n  Hospital San Pablo de\n  Coquimbo\n  <\/td><td>\n  Mar\u00eda Jos\u00e9 Vega Astudillo,\n  Sergio Ortiz G\u00f3mez,\n  Eduardo Gonz\u00e1lez Tapia,\n  Diego Nicol\u00e1s Melo\n  Villagr\u00e1n,\n  \u00c1lvaro Felipe Wilson\n  Espinoza,\n  Carlos Morales Flores,\n  Karen Alejandra Gonz\u00e1lez\n  V\u00e1squez,\n  Magdalena Sof\u00eda Contardo\n  Cisternas.\n  <\/td><\/tr><tr><td>\n  Hospital del Salvador\n  <\/td><td>\n  Millaray Cantillano Matus,\n  Bernardita Larra\u00edn,\n  Camilo Alonso C\u00e1ceres\n  Parra,\n  Davor Milenko Cibilic\n  Rojas,\n  Natalie Cherie Jaques\n  Vargas,\n  Sofia Kupfer,\n  Diego L\u00f3pez Arnello,\n  Macarena Leiva Corval\u00e1n,\n  Lissette Esmeralda Cabezas\n  Osorio,\n  Christopher Duff,\n  Constanza Victoria Romero\n  Medina,\n  Mart\u00edn Andr\u00e9s P\u00e9rez Rossi,\n  Annemarie Vargas Kerber.\n  <\/td><\/tr><tr><td>\n  Cl\u00ednica BUPA\n  <\/td><td>\n  Javiera Aguilera Scarpati,\n  Joshua Alexis Duran\n  Carre\u00f1o,\n  Diego Jos\u00e9 Orellana\n  Navarro,\n  Rodrigo Javier Flores\n  Cartes,\n  Catherine Verdugo Achurra.\n  <\/td><\/tr><tr><td>\n  Cl\u00ednica Indisa\n  <\/td><td>\n  Felipe Ignacio Mu\u00f1oz Mu\u00f1oz,\n  Juan Jos\u00e9 Pinto Concha,\n  Mar\u00eda Jes\u00fas Larrondo\n  Ossand\u00f3n,\n  Benito Jes\u00fas Ar\u00e9valo\n  Pereda,\n  Mar\u00eda Paz Fuster Veszpremy,\n  Natalia Paz Miranda\n  Villegas,\n  Nicole Alexandra Pe\u00f1a Le\u00f3n.\n  <\/td><\/tr><tr><td>\n  Cl\u00ednica Alemana de Santiago\n  <\/td><td>\n  Crist\u00f3bal Nicol\u00e1s Enr\u00edquez\n  Selaive,\n  Renato Aceituno Diaz,\n  Josefina Le\u00f3n Urcelay.\n  Nadine Alejandra Aranis\n  Seguic,\n  Agust\u00edn Camus Molina,\n  Felipe Gonz\u00e1lez Seguel\n  <\/td><\/tr><\/tbody><\/table><\/figure>\n\n\n\n<h2 class=\"wp-block-heading\">Materiales de evaluaci\u00f3n<\/h2>\n\n\n\n<ul class=\"wp-block-list\"><li><a href=\"https:\/\/medicina.udd.cl\/kinesiologia-santiago\/files\/2021\/01\/Material-Evaluaci\u00f3n-Pacientes-al-egreso-UCI_IMPACCT-COVID_v6.pdf\">Material Evaluaci\u00f3n Pacientes al egreso UCI_IMPACCT COVID_v6<\/a><\/li><li><a href=\"https:\/\/drive.google.com\/file\/d\/1Sc65-VXvYruucRzh5RJlOc1lJ2YynaCz\/view?usp=sharing\">Manual entrenamiento Ev Terreno egreso UCI_IMPACCT COVID_v4<\/a><\/li><\/ul>\n\n\n\n<h2 class=\"wp-block-heading\">Preguntas frecuentes<\/h2>\n\n\n\n<ul class=\"wp-block-list\"><li><a href=\"https:\/\/drive.google.com\/file\/d\/12g6iy-t1BUO_Qj_XH-kP9vBut7uaacLF\/view?usp=sharing\">FAQ IMPACCT COVID_V7(difusi\u00f3n)<\/a><\/li><\/ul>\n\n\n\n<p><\/p>\n\n\n\n<p> <a href=\"https:\/\/medicina.udd.cl\/kinesiologia-santiago\/impacct\/\"><strong>Ir a inicio<\/strong><\/a> <\/p>\n","protected":false},"excerpt":{"rendered":"<p>Listado de evaluadores por centro Centro participante: Evaluadores en terreno habilitados Hospital Regional de Antofagasta Mar\u00eda \u00c1ngel Cristina Su\u00e1rez Silva, Constanza Bel\u00e9n Morales Delgado, Yerko Andr\u00e9s Villagra Jofr\u00e9, Arturo Andr\u00e9 Loyola Maturana, Pilar Lorena Castro Gait\u00e1n, Michelle Greetchen Maraboli Contreras, Alejandra Paulina Rojas \u00c1lvarez. Hospital San Pablo de Coquimbo Mar\u00eda Jos\u00e9 Vega Astudillo, Sergio Ortiz [&hellip;]<\/p>\n","protected":false},"author":9192219,"featured_media":0,"parent":0,"menu_order":0,"comment_status":"closed","ping_status":"closed","template":"","meta":{"footnotes":""},"class_list":["post-4996","page","type-page","status-publish","hentry"],"yoast_head":"<!-- This site is optimized with the Yoast SEO plugin v26.9 - https:\/\/yoast.com\/product\/yoast-seo-wordpress\/ -->\n<title>[Sitios participantes] IMPACCT-COVID-19-UDD - Kinesiolog\u00eda<\/title>\n<meta name=\"robots\" content=\"index, follow, max-snippet:-1, max-image-preview:large, max-video-preview:-1\" \/>\n<link rel=\"canonical\" href=\"https:\/\/medicina.udd.cl\/kinesiologia-santiago\/sitios-participantes-impacct-covid-19-udd\/\" \/>\n<meta property=\"og:locale\" content=\"es_ES\" \/>\n<meta property=\"og:type\" content=\"article\" \/>\n<meta property=\"og:title\" content=\"[Sitios participantes] IMPACCT-COVID-19-UDD - Kinesiolog\u00eda\" \/>\n<meta property=\"og:description\" content=\"Listado de evaluadores por centro Centro participante: Evaluadores en terreno habilitados Hospital Regional de Antofagasta Mar\u00eda \u00c1ngel Cristina Su\u00e1rez Silva, Constanza Bel\u00e9n Morales Delgado, Yerko Andr\u00e9s Villagra Jofr\u00e9, Arturo Andr\u00e9 Loyola Maturana, Pilar Lorena Castro Gait\u00e1n, Michelle Greetchen Maraboli Contreras, Alejandra Paulina Rojas \u00c1lvarez. Hospital San Pablo de Coquimbo Mar\u00eda Jos\u00e9 Vega Astudillo, Sergio Ortiz [&hellip;]\" \/>\n<meta property=\"og:url\" content=\"https:\/\/medicina.udd.cl\/kinesiologia-santiago\/sitios-participantes-impacct-covid-19-udd\/\" \/>\n<meta property=\"og:site_name\" content=\"Kinesiolog\u00eda\" \/>\n<meta property=\"article:modified_time\" content=\"2021-01-18T18:40:51+00:00\" \/>\n<meta name=\"twitter:label1\" content=\"Tiempo de lectura\" \/>\n\t<meta name=\"twitter:data1\" content=\"1 minuto\" \/>\n<script type=\"application\/ld+json\" class=\"yoast-schema-graph\">{\"@context\":\"https:\/\/schema.org\",\"@graph\":[{\"@type\":\"WebPage\",\"@id\":\"https:\/\/medicina.udd.cl\/kinesiologia-santiago\/sitios-participantes-impacct-covid-19-udd\/\",\"url\":\"https:\/\/medicina.udd.cl\/kinesiologia-santiago\/sitios-participantes-impacct-covid-19-udd\/\",\"name\":\"[Sitios participantes] IMPACCT-COVID-19-UDD - Kinesiolog\u00eda\",\"isPartOf\":{\"@id\":\"https:\/\/medicina.udd.cl\/kinesiologia-santiago\/#website\"},\"datePublished\":\"2021-01-18T12:58:10+00:00\",\"dateModified\":\"2021-01-18T18:40:51+00:00\",\"breadcrumb\":{\"@id\":\"https:\/\/medicina.udd.cl\/kinesiologia-santiago\/sitios-participantes-impacct-covid-19-udd\/#breadcrumb\"},\"inLanguage\":\"es\",\"potentialAction\":[{\"@type\":\"ReadAction\",\"target\":[\"https:\/\/medicina.udd.cl\/kinesiologia-santiago\/sitios-participantes-impacct-covid-19-udd\/\"]}]},{\"@type\":\"BreadcrumbList\",\"@id\":\"https:\/\/medicina.udd.cl\/kinesiologia-santiago\/sitios-participantes-impacct-covid-19-udd\/#breadcrumb\",\"itemListElement\":[{\"@type\":\"ListItem\",\"position\":1,\"name\":\"Home\",\"item\":\"https:\/\/medicina.udd.cl\/kinesiologia-santiago\/\"},{\"@type\":\"ListItem\",\"position\":2,\"name\":\"[Sitios participantes] IMPACCT-COVID-19-UDD\"}]},{\"@type\":\"WebSite\",\"@id\":\"https:\/\/medicina.udd.cl\/kinesiologia-santiago\/#website\",\"url\":\"https:\/\/medicina.udd.cl\/kinesiologia-santiago\/\",\"name\":\"Kinesiolog\u00eda\",\"description\":\"Facultad de Medicina Cl\u00ednica Alemana Universidad del Desarrollo\",\"inLanguage\":\"es\"}]}<\/script>\n<!-- \/ Yoast SEO plugin. -->","yoast_head_json":{"title":"[Sitios participantes] IMPACCT-COVID-19-UDD - Kinesiolog\u00eda","robots":{"index":"index","follow":"follow","max-snippet":"max-snippet:-1","max-image-preview":"max-image-preview:large","max-video-preview":"max-video-preview:-1"},"canonical":"https:\/\/medicina.udd.cl\/kinesiologia-santiago\/sitios-participantes-impacct-covid-19-udd\/","og_locale":"es_ES","og_type":"article","og_title":"[Sitios participantes] IMPACCT-COVID-19-UDD - Kinesiolog\u00eda","og_description":"Listado de evaluadores por centro Centro participante: Evaluadores en terreno habilitados Hospital Regional de Antofagasta Mar\u00eda \u00c1ngel Cristina Su\u00e1rez Silva, Constanza Bel\u00e9n Morales Delgado, Yerko Andr\u00e9s Villagra Jofr\u00e9, Arturo Andr\u00e9 Loyola Maturana, Pilar Lorena Castro Gait\u00e1n, Michelle Greetchen Maraboli Contreras, Alejandra Paulina Rojas \u00c1lvarez. Hospital San Pablo de Coquimbo Mar\u00eda Jos\u00e9 Vega Astudillo, Sergio Ortiz [&hellip;]","og_url":"https:\/\/medicina.udd.cl\/kinesiologia-santiago\/sitios-participantes-impacct-covid-19-udd\/","og_site_name":"Kinesiolog\u00eda","article_modified_time":"2021-01-18T18:40:51+00:00","twitter_misc":{"Tiempo de lectura":"1 minuto"},"schema":{"@context":"https:\/\/schema.org","@graph":[{"@type":"WebPage","@id":"https:\/\/medicina.udd.cl\/kinesiologia-santiago\/sitios-participantes-impacct-covid-19-udd\/","url":"https:\/\/medicina.udd.cl\/kinesiologia-santiago\/sitios-participantes-impacct-covid-19-udd\/","name":"[Sitios participantes] IMPACCT-COVID-19-UDD - Kinesiolog\u00eda","isPartOf":{"@id":"https:\/\/medicina.udd.cl\/kinesiologia-santiago\/#website"},"datePublished":"2021-01-18T12:58:10+00:00","dateModified":"2021-01-18T18:40:51+00:00","breadcrumb":{"@id":"https:\/\/medicina.udd.cl\/kinesiologia-santiago\/sitios-participantes-impacct-covid-19-udd\/#breadcrumb"},"inLanguage":"es","potentialAction":[{"@type":"ReadAction","target":["https:\/\/medicina.udd.cl\/kinesiologia-santiago\/sitios-participantes-impacct-covid-19-udd\/"]}]},{"@type":"BreadcrumbList","@id":"https:\/\/medicina.udd.cl\/kinesiologia-santiago\/sitios-participantes-impacct-covid-19-udd\/#breadcrumb","itemListElement":[{"@type":"ListItem","position":1,"name":"Home","item":"https:\/\/medicina.udd.cl\/kinesiologia-santiago\/"},{"@type":"ListItem","position":2,"name":"[Sitios participantes] IMPACCT-COVID-19-UDD"}]},{"@type":"WebSite","@id":"https:\/\/medicina.udd.cl\/kinesiologia-santiago\/#website","url":"https:\/\/medicina.udd.cl\/kinesiologia-santiago\/","name":"Kinesiolog\u00eda","description":"Facultad de Medicina Cl\u00ednica Alemana Universidad del Desarrollo","inLanguage":"es"}]}},"_links":{"self":[{"href":"https:\/\/medicina.udd.cl\/kinesiologia-santiago\/wp-json\/wp\/v2\/pages\/4996","targetHints":{"allow":["GET"]}}],"collection":[{"href":"https:\/\/medicina.udd.cl\/kinesiologia-santiago\/wp-json\/wp\/v2\/pages"}],"about":[{"href":"https:\/\/medicina.udd.cl\/kinesiologia-santiago\/wp-json\/wp\/v2\/types\/page"}],"author":[{"embeddable":true,"href":"https:\/\/medicina.udd.cl\/kinesiologia-santiago\/wp-json\/wp\/v2\/users\/9192219"}],"replies":[{"embeddable":true,"href":"https:\/\/medicina.udd.cl\/kinesiologia-santiago\/wp-json\/wp\/v2\/comments?post=4996"}],"version-history":[{"count":3,"href":"https:\/\/medicina.udd.cl\/kinesiologia-santiago\/wp-json\/wp\/v2\/pages\/4996\/revisions"}],"predecessor-version":[{"id":5024,"href":"https:\/\/medicina.udd.cl\/kinesiologia-santiago\/wp-json\/wp\/v2\/pages\/4996\/revisions\/5024"}],"wp:attachment":[{"href":"https:\/\/medicina.udd.cl\/kinesiologia-santiago\/wp-json\/wp\/v2\/media?parent=4996"}],"curies":[{"name":"wp","href":"https:\/\/api.w.org\/{rel}","templated":true}]}}