{"id":5006,"date":"2021-01-18T14:04:24","date_gmt":"2021-01-18T17:04:24","guid":{"rendered":"http:\/\/medicina.udd.cl\/kinesiologia-santiago\/?page_id=5006"},"modified":"2021-01-18T16:49:19","modified_gmt":"2021-01-18T19:49:19","slug":"sobre-el-estudio-impacct-covid-19-udd","status":"publish","type":"page","link":"https:\/\/medicina.udd.cl\/kinesiologia-santiago\/sobre-el-estudio-impacct-covid-19-udd\/","title":{"rendered":"[Sobre el estudio] IMPACCT-COVID-19-UDD"},"content":{"rendered":"\n<p>El estudio IMPACCT-COVID-19-UDD, es un estudio de seguimiento de pacientes que han estado en cuidados intensivos recibiendo ventilaci\u00f3n mec\u00e1nica por al menos 48 horas en alguno de los centros participantes. A los pacientes que acceden participar se les pide que completen una serie de cuestionarios al alta de la unidad de cuidados intensivos, a los 3 y a los 12 meses. Los cuestionarios exploran el estado de salud de los participantes antes del ingreso a cuidados intensivos y en la actualidad.<\/p>\n\n\n\n<h2 class=\"wp-block-heading\"><strong>OBJETIVOS DEL ESTUDIO<\/strong><\/h2>\n\n\n\n<ul class=\"wp-block-list\"><li>Describir las secuelas f\u00edsicas, mentales y cognitivas, calidad de vida, actividad f\u00edsica, sobrevida y empleabilidad que presentan los sobrevivientes al COVID-19 ingresados a UCI durante la pandemia y pacientes ingresados por otras causas al egreso de la UCI, y a los 3 y 6 meses del egreso UCI.<\/li><li>Comparar las deficiencias f\u00edsicas, mentales y cognitivas, calidad de vida, actividad f\u00edsica, sobrevida y empleabilidad que presentan los sobrevivientes al COVID-19 ingresados a UCI durante la pandemia y pacientes ingresados por otras causas durante y despu\u00e9s de la pandemia, al alta de UCI, y a los 3 y 6 meses del egreso UCI.<\/li><li>Comparar las trayectorias de las secuelas f\u00edsicas, mentales y cognitivas, calidad de vida, actividad f\u00edsica, sobrevida y empleabilidad que presentan los sobrevivientes al COVID-19 ingresados a UCI durante la pandemia y pacientes ingresados por otras causas durante y despu\u00e9s de la pandemia hasta 6 meses despu\u00e9s del egreso UCI.<\/li><\/ul>\n\n\n\n<h2 class=\"wp-block-heading\"><strong>PROP\u00d3SITO DEL ESTUDIO<\/strong><\/h2>\n\n\n\n<p>Determinar cu\u00e1n frecuentes son las secuelas post cuidados intensivos permitir\u00e1 tener datos concretos que ayuden a crear estrategias que permitan prevenir dichas secuelas y proveer rehabilitaci\u00f3n durante la estad\u00eda en el hospital y en la comunidad, de manera que los pacientes que pasan por cuidados intensivos pueden retornar a sus vidas habituales. Tambi\u00e9n permitir\u00e1 proveer informaci\u00f3n sobre los requerimientos de las unidades de cuidados intensivos en periodos de alta y extraordinaria carga asistencial, de forma que si hay otra epidemia los esfuerzos se enfoquen no s\u00f3lo en salvar sus vidas, sino darles posibilidades de volver a ser la persona que eran antes de sufrir una enfermedad cr\u00edtica.<\/p>\n\n\n\n<ul class=\"wp-block-list\"><li><strong><a href=\"https:\/\/medicina.udd.cl\/kinesiologia-santiago\/protocolo-impacct-covid-19-udd\/\">Protocolo<\/a><\/strong><\/li><li><strong><a href=\"https:\/\/medicina.udd.cl\/kinesiologia-santiago\/equipo-a-cargo-impacct-covid-19-udd\/\">Equipo a cargo<\/a><\/strong><\/li><li><strong><a href=\"https:\/\/medicina.udd.cl\/kinesiologia-santiago\/files\/2021\/01\/Folleto-v5_2.pdf\">Folleto informativo<\/a><\/strong><\/li><li><strong><a href=\"https:\/\/medicina.udd.cl\/kinesiologia-santiago\/centros-participantes-impacct-covid-19-udd\/\">Centros participantes<\/a><\/strong><\/li><\/ul>\n\n\n\n<p><a href=\"https:\/\/medicina.udd.cl\/kinesiologia-santiago\/impacct\/\"><strong>Ir a inicio<\/strong><\/a><\/p>\n","protected":false},"excerpt":{"rendered":"<p>El estudio IMPACCT-COVID-19-UDD, es un estudio de seguimiento de pacientes que han estado en cuidados intensivos recibiendo ventilaci\u00f3n mec\u00e1nica por al menos 48 horas en alguno de los centros participantes. A los pacientes que acceden participar se les pide que completen una serie de cuestionarios al alta de la unidad de cuidados intensivos, a los [&hellip;]<\/p>\n","protected":false},"author":9192219,"featured_media":0,"parent":0,"menu_order":0,"comment_status":"closed","ping_status":"closed","template":"","meta":{"footnotes":""},"class_list":["post-5006","page","type-page","status-publish","hentry"],"yoast_head":"<!-- This site is optimized with the Yoast SEO plugin v26.9 - https:\/\/yoast.com\/product\/yoast-seo-wordpress\/ -->\n<title>[Sobre el estudio] IMPACCT-COVID-19-UDD - Kinesiolog\u00eda<\/title>\n<meta name=\"robots\" content=\"index, follow, max-snippet:-1, max-image-preview:large, max-video-preview:-1\" \/>\n<link rel=\"canonical\" href=\"https:\/\/medicina.udd.cl\/kinesiologia-santiago\/sobre-el-estudio-impacct-covid-19-udd\/\" \/>\n<meta property=\"og:locale\" content=\"es_ES\" \/>\n<meta property=\"og:type\" content=\"article\" \/>\n<meta property=\"og:title\" content=\"[Sobre el estudio] IMPACCT-COVID-19-UDD - Kinesiolog\u00eda\" \/>\n<meta property=\"og:description\" content=\"El estudio IMPACCT-COVID-19-UDD, es un estudio de seguimiento de pacientes que han estado en cuidados intensivos recibiendo ventilaci\u00f3n mec\u00e1nica por al menos 48 horas en alguno de los centros participantes. A los pacientes que acceden participar se les pide que completen una serie de cuestionarios al alta de la unidad de cuidados intensivos, a los [&hellip;]\" \/>\n<meta property=\"og:url\" content=\"https:\/\/medicina.udd.cl\/kinesiologia-santiago\/sobre-el-estudio-impacct-covid-19-udd\/\" \/>\n<meta property=\"og:site_name\" content=\"Kinesiolog\u00eda\" \/>\n<meta property=\"article:modified_time\" content=\"2021-01-18T19:49:19+00:00\" \/>\n<meta name=\"twitter:label1\" content=\"Tiempo de lectura\" \/>\n\t<meta name=\"twitter:data1\" content=\"2 minutos\" \/>\n<script type=\"application\/ld+json\" class=\"yoast-schema-graph\">{\"@context\":\"https:\/\/schema.org\",\"@graph\":[{\"@type\":\"WebPage\",\"@id\":\"https:\/\/medicina.udd.cl\/kinesiologia-santiago\/sobre-el-estudio-impacct-covid-19-udd\/\",\"url\":\"https:\/\/medicina.udd.cl\/kinesiologia-santiago\/sobre-el-estudio-impacct-covid-19-udd\/\",\"name\":\"[Sobre el estudio] IMPACCT-COVID-19-UDD - Kinesiolog\u00eda\",\"isPartOf\":{\"@id\":\"https:\/\/medicina.udd.cl\/kinesiologia-santiago\/#website\"},\"datePublished\":\"2021-01-18T17:04:24+00:00\",\"dateModified\":\"2021-01-18T19:49:19+00:00\",\"breadcrumb\":{\"@id\":\"https:\/\/medicina.udd.cl\/kinesiologia-santiago\/sobre-el-estudio-impacct-covid-19-udd\/#breadcrumb\"},\"inLanguage\":\"es\",\"potentialAction\":[{\"@type\":\"ReadAction\",\"target\":[\"https:\/\/medicina.udd.cl\/kinesiologia-santiago\/sobre-el-estudio-impacct-covid-19-udd\/\"]}]},{\"@type\":\"BreadcrumbList\",\"@id\":\"https:\/\/medicina.udd.cl\/kinesiologia-santiago\/sobre-el-estudio-impacct-covid-19-udd\/#breadcrumb\",\"itemListElement\":[{\"@type\":\"ListItem\",\"position\":1,\"name\":\"Home\",\"item\":\"https:\/\/medicina.udd.cl\/kinesiologia-santiago\/\"},{\"@type\":\"ListItem\",\"position\":2,\"name\":\"[Sobre el estudio] IMPACCT-COVID-19-UDD\"}]},{\"@type\":\"WebSite\",\"@id\":\"https:\/\/medicina.udd.cl\/kinesiologia-santiago\/#website\",\"url\":\"https:\/\/medicina.udd.cl\/kinesiologia-santiago\/\",\"name\":\"Kinesiolog\u00eda\",\"description\":\"Facultad de Medicina Cl\u00ednica Alemana Universidad del Desarrollo\",\"inLanguage\":\"es\"}]}<\/script>\n<!-- \/ Yoast SEO plugin. -->","yoast_head_json":{"title":"[Sobre el estudio] IMPACCT-COVID-19-UDD - Kinesiolog\u00eda","robots":{"index":"index","follow":"follow","max-snippet":"max-snippet:-1","max-image-preview":"max-image-preview:large","max-video-preview":"max-video-preview:-1"},"canonical":"https:\/\/medicina.udd.cl\/kinesiologia-santiago\/sobre-el-estudio-impacct-covid-19-udd\/","og_locale":"es_ES","og_type":"article","og_title":"[Sobre el estudio] IMPACCT-COVID-19-UDD - Kinesiolog\u00eda","og_description":"El estudio IMPACCT-COVID-19-UDD, es un estudio de seguimiento de pacientes que han estado en cuidados intensivos recibiendo ventilaci\u00f3n mec\u00e1nica por al menos 48 horas en alguno de los centros participantes. A los pacientes que acceden participar se les pide que completen una serie de cuestionarios al alta de la unidad de cuidados intensivos, a los [&hellip;]","og_url":"https:\/\/medicina.udd.cl\/kinesiologia-santiago\/sobre-el-estudio-impacct-covid-19-udd\/","og_site_name":"Kinesiolog\u00eda","article_modified_time":"2021-01-18T19:49:19+00:00","twitter_misc":{"Tiempo de lectura":"2 minutos"},"schema":{"@context":"https:\/\/schema.org","@graph":[{"@type":"WebPage","@id":"https:\/\/medicina.udd.cl\/kinesiologia-santiago\/sobre-el-estudio-impacct-covid-19-udd\/","url":"https:\/\/medicina.udd.cl\/kinesiologia-santiago\/sobre-el-estudio-impacct-covid-19-udd\/","name":"[Sobre el estudio] IMPACCT-COVID-19-UDD - Kinesiolog\u00eda","isPartOf":{"@id":"https:\/\/medicina.udd.cl\/kinesiologia-santiago\/#website"},"datePublished":"2021-01-18T17:04:24+00:00","dateModified":"2021-01-18T19:49:19+00:00","breadcrumb":{"@id":"https:\/\/medicina.udd.cl\/kinesiologia-santiago\/sobre-el-estudio-impacct-covid-19-udd\/#breadcrumb"},"inLanguage":"es","potentialAction":[{"@type":"ReadAction","target":["https:\/\/medicina.udd.cl\/kinesiologia-santiago\/sobre-el-estudio-impacct-covid-19-udd\/"]}]},{"@type":"BreadcrumbList","@id":"https:\/\/medicina.udd.cl\/kinesiologia-santiago\/sobre-el-estudio-impacct-covid-19-udd\/#breadcrumb","itemListElement":[{"@type":"ListItem","position":1,"name":"Home","item":"https:\/\/medicina.udd.cl\/kinesiologia-santiago\/"},{"@type":"ListItem","position":2,"name":"[Sobre el estudio] IMPACCT-COVID-19-UDD"}]},{"@type":"WebSite","@id":"https:\/\/medicina.udd.cl\/kinesiologia-santiago\/#website","url":"https:\/\/medicina.udd.cl\/kinesiologia-santiago\/","name":"Kinesiolog\u00eda","description":"Facultad de Medicina Cl\u00ednica Alemana Universidad del Desarrollo","inLanguage":"es"}]}},"_links":{"self":[{"href":"https:\/\/medicina.udd.cl\/kinesiologia-santiago\/wp-json\/wp\/v2\/pages\/5006","targetHints":{"allow":["GET"]}}],"collection":[{"href":"https:\/\/medicina.udd.cl\/kinesiologia-santiago\/wp-json\/wp\/v2\/pages"}],"about":[{"href":"https:\/\/medicina.udd.cl\/kinesiologia-santiago\/wp-json\/wp\/v2\/types\/page"}],"author":[{"embeddable":true,"href":"https:\/\/medicina.udd.cl\/kinesiologia-santiago\/wp-json\/wp\/v2\/users\/9192219"}],"replies":[{"embeddable":true,"href":"https:\/\/medicina.udd.cl\/kinesiologia-santiago\/wp-json\/wp\/v2\/comments?post=5006"}],"version-history":[{"count":3,"href":"https:\/\/medicina.udd.cl\/kinesiologia-santiago\/wp-json\/wp\/v2\/pages\/5006\/revisions"}],"predecessor-version":[{"id":5026,"href":"https:\/\/medicina.udd.cl\/kinesiologia-santiago\/wp-json\/wp\/v2\/pages\/5006\/revisions\/5026"}],"wp:attachment":[{"href":"https:\/\/medicina.udd.cl\/kinesiologia-santiago\/wp-json\/wp\/v2\/media?parent=5006"}],"curies":[{"name":"wp","href":"https:\/\/api.w.org\/{rel}","templated":true}]}}