{"id":543,"date":"2011-12-29T16:45:13","date_gmt":"2011-12-29T19:45:13","guid":{"rendered":"http:\/\/medicina.udd.cl\/kinesiologia-santiago\/"},"modified":"2018-04-06T16:44:53","modified_gmt":"2018-04-06T19:44:53","slug":"por-que-estudiar-en-la-facultad-de-medicina-cas-udd","status":"publish","type":"page","link":"https:\/\/medicina.udd.cl\/kinesiologia-santiago\/admision\/por-que-estudiar-en-la-facultad-de-medicina-cas-udd\/","title":{"rendered":"\u00bfPor qu\u00e9 ser parte de la Facultad de Medicina CAS-UDD?"},"content":{"rendered":"<p style=\"font-weight: 400\"><strong><u>\u00bfPor qu\u00e9 estudiar en la Facultad de Medicina?<\/u><\/strong><\/p>\n<p style=\"font-weight: 400\">1.-Porque formamos profesionales, diferentes. Preparados para ser l\u00edderes en sus disciplinas, innovadores y con un fuerte sello de responsabilidad social de verdad.<\/p>\n<p style=\"font-weight: 400\">2.-Porque nuestros estudiantes se relacionan tempranamente con un significativo y variado n\u00famero de pacientes.<\/p>\n<p style=\"font-weight: 400\">3.-Porque nuestros profesores son cl\u00ednicos reconocidos con amplia experiencia docente.<\/p>\n<p style=\"font-weight: 400\">4.-Porque el descubrimiento y la investigaci\u00f3n son prioritarios en nuestra misi\u00f3n. Esto se plasma en el Instituto de Ciencias e Innovaci\u00f3n en Medicina (ICIM), con m\u00e1s de 50 PhD dedicados a buscar soluciones a los problemas de salud de los chilenos.<\/p>\n<p style=\"font-weight: 400\">5.-Contamos con campos cl\u00ednicos exclusivos, como la Cl\u00ednica Alemana, el Hospital Padre Hurtado y Cl\u00ednica UDD, a lo que se suma una amplia red de consultorios y el Instituto Nacional del C\u00e1ncer.<\/p>\n<p style=\"font-weight: 400\">6.-Como la continuidad en la educaci\u00f3n es esencial, contamos con una importante oferta de postgrados, 25 especialidades y subespecialidades m\u00e9dicas y siete especialidades odontol\u00f3gicas de excelencia.<\/p>\n<p style=\"font-weight: 400\">7.-Nuestro modelo educativo es innovador, riguroso y apoyado en lo experiencial; cuidando con atenci\u00f3n el desarrollo de destrezas en pensamiento y de comunicaci\u00f3n, requisitos en el ejercicio profesional de hoy.<\/p>\n<p style=\"font-weight: 400\">8.-Porque nuestros egresados tienen r\u00e1pida inserci\u00f3n laboral.<\/p>\n","protected":false},"excerpt":{"rendered":"<p>\u00bfPor qu\u00e9 estudiar en la Facultad de Medicina? 1.-Porque formamos profesionales, diferentes. Preparados para ser l\u00edderes en sus disciplinas, innovadores y con un fuerte sello de responsabilidad social de verdad. 2.-Porque nuestros estudiantes se relacionan tempranamente con un significativo y variado n\u00famero de pacientes. 3.-Porque nuestros profesores son cl\u00ednicos reconocidos con amplia experiencia docente. 4.-Porque [&hellip;]<\/p>\n","protected":false},"author":1,"featured_media":0,"parent":4,"menu_order":40,"comment_status":"open","ping_status":"open","template":"","meta":{"footnotes":""},"class_list":["post-543","page","type-page","status-publish","hentry"],"yoast_head":"<!-- This site is optimized with the Yoast SEO plugin v26.9 - https:\/\/yoast.com\/product\/yoast-seo-wordpress\/ -->\n<title>\u00bfPor qu\u00e9 ser parte de la Facultad de Medicina CAS-UDD?)| Admisi\u00f3n 2014 UDD<\/title>\n<meta name=\"description\" content=\"Kinesiolog\u00eda en la UDD forma profesionales \u00edntegros, imprimiendo el sello del esp\u00edritu emprendedor, capacidad de servicio, liderazgo y responsabilidad social.\" \/>\n<meta name=\"robots\" content=\"index, follow, max-snippet:-1, max-image-preview:large, max-video-preview:-1\" \/>\n<link rel=\"canonical\" href=\"https:\/\/medicina.udd.cl\/kinesiologia-santiago\/admision\/por-que-estudiar-en-la-facultad-de-medicina-cas-udd\/\" \/>\n<meta property=\"og:locale\" content=\"es_ES\" \/>\n<meta property=\"og:type\" content=\"article\" \/>\n<meta property=\"og:title\" content=\"\u00bfPor qu\u00e9 ser parte de la Facultad de Medicina CAS-UDD?)| Admisi\u00f3n 2014 UDD\" \/>\n<meta property=\"og:description\" content=\"Kinesiolog\u00eda en la UDD forma profesionales \u00edntegros, imprimiendo el sello del esp\u00edritu emprendedor, capacidad de servicio, liderazgo y responsabilidad social.\" \/>\n<meta property=\"og:url\" content=\"https:\/\/medicina.udd.cl\/kinesiologia-santiago\/admision\/por-que-estudiar-en-la-facultad-de-medicina-cas-udd\/\" \/>\n<meta property=\"og:site_name\" content=\"Kinesiolog\u00eda\" \/>\n<meta property=\"article:modified_time\" content=\"2018-04-06T19:44:53+00:00\" \/>\n<meta name=\"twitter:label1\" content=\"Tiempo de lectura\" \/>\n\t<meta name=\"twitter:data1\" content=\"1 minuto\" \/>\n<script type=\"application\/ld+json\" class=\"yoast-schema-graph\">{\"@context\":\"https:\/\/schema.org\",\"@graph\":[{\"@type\":\"WebPage\",\"@id\":\"https:\/\/medicina.udd.cl\/kinesiologia-santiago\/admision\/por-que-estudiar-en-la-facultad-de-medicina-cas-udd\/\",\"url\":\"https:\/\/medicina.udd.cl\/kinesiologia-santiago\/admision\/por-que-estudiar-en-la-facultad-de-medicina-cas-udd\/\",\"name\":\"\u00bfPor qu\u00e9 ser parte de la Facultad de Medicina CAS-UDD?)| Admisi\u00f3n 2014 UDD\",\"isPartOf\":{\"@id\":\"https:\/\/medicina.udd.cl\/kinesiologia-santiago\/#website\"},\"datePublished\":\"2011-12-29T19:45:13+00:00\",\"dateModified\":\"2018-04-06T19:44:53+00:00\",\"description\":\"Kinesiolog\u00eda en la UDD forma profesionales \u00edntegros, imprimiendo el sello del esp\u00edritu emprendedor, capacidad de servicio, liderazgo y responsabilidad social.\",\"breadcrumb\":{\"@id\":\"https:\/\/medicina.udd.cl\/kinesiologia-santiago\/admision\/por-que-estudiar-en-la-facultad-de-medicina-cas-udd\/#breadcrumb\"},\"inLanguage\":\"es\",\"potentialAction\":[{\"@type\":\"ReadAction\",\"target\":[\"https:\/\/medicina.udd.cl\/kinesiologia-santiago\/admision\/por-que-estudiar-en-la-facultad-de-medicina-cas-udd\/\"]}]},{\"@type\":\"BreadcrumbList\",\"@id\":\"https:\/\/medicina.udd.cl\/kinesiologia-santiago\/admision\/por-que-estudiar-en-la-facultad-de-medicina-cas-udd\/#breadcrumb\",\"itemListElement\":[{\"@type\":\"ListItem\",\"position\":1,\"name\":\"Home\",\"item\":\"https:\/\/medicina.udd.cl\/kinesiologia-santiago\/\"},{\"@type\":\"ListItem\",\"position\":2,\"name\":\"Admisi\u00f3n\",\"item\":\"https:\/\/medicina.udd.cl\/kinesiologia-santiago\/admision\/\"},{\"@type\":\"ListItem\",\"position\":3,\"name\":\"\u00bfPor qu\u00e9 ser parte de la Facultad de Medicina CAS-UDD?\"}]},{\"@type\":\"WebSite\",\"@id\":\"https:\/\/medicina.udd.cl\/kinesiologia-santiago\/#website\",\"url\":\"https:\/\/medicina.udd.cl\/kinesiologia-santiago\/\",\"name\":\"Kinesiolog\u00eda\",\"description\":\"Facultad de Medicina Cl\u00ednica Alemana Universidad del Desarrollo\",\"inLanguage\":\"es\"}]}<\/script>\n<!-- \/ Yoast SEO plugin. -->","yoast_head_json":{"title":"\u00bfPor qu\u00e9 ser parte de la Facultad de Medicina CAS-UDD?)| Admisi\u00f3n 2014 UDD","description":"Kinesiolog\u00eda en la UDD forma profesionales \u00edntegros, imprimiendo el sello del esp\u00edritu emprendedor, capacidad de servicio, liderazgo y responsabilidad social.","robots":{"index":"index","follow":"follow","max-snippet":"max-snippet:-1","max-image-preview":"max-image-preview:large","max-video-preview":"max-video-preview:-1"},"canonical":"https:\/\/medicina.udd.cl\/kinesiologia-santiago\/admision\/por-que-estudiar-en-la-facultad-de-medicina-cas-udd\/","og_locale":"es_ES","og_type":"article","og_title":"\u00bfPor qu\u00e9 ser parte de la Facultad de Medicina CAS-UDD?)| Admisi\u00f3n 2014 UDD","og_description":"Kinesiolog\u00eda en la UDD forma profesionales \u00edntegros, imprimiendo el sello del esp\u00edritu emprendedor, capacidad de servicio, liderazgo y responsabilidad social.","og_url":"https:\/\/medicina.udd.cl\/kinesiologia-santiago\/admision\/por-que-estudiar-en-la-facultad-de-medicina-cas-udd\/","og_site_name":"Kinesiolog\u00eda","article_modified_time":"2018-04-06T19:44:53+00:00","twitter_misc":{"Tiempo de lectura":"1 minuto"},"schema":{"@context":"https:\/\/schema.org","@graph":[{"@type":"WebPage","@id":"https:\/\/medicina.udd.cl\/kinesiologia-santiago\/admision\/por-que-estudiar-en-la-facultad-de-medicina-cas-udd\/","url":"https:\/\/medicina.udd.cl\/kinesiologia-santiago\/admision\/por-que-estudiar-en-la-facultad-de-medicina-cas-udd\/","name":"\u00bfPor qu\u00e9 ser parte de la Facultad de Medicina CAS-UDD?)| Admisi\u00f3n 2014 UDD","isPartOf":{"@id":"https:\/\/medicina.udd.cl\/kinesiologia-santiago\/#website"},"datePublished":"2011-12-29T19:45:13+00:00","dateModified":"2018-04-06T19:44:53+00:00","description":"Kinesiolog\u00eda en la UDD forma profesionales \u00edntegros, imprimiendo el sello del esp\u00edritu emprendedor, capacidad de servicio, liderazgo y responsabilidad social.","breadcrumb":{"@id":"https:\/\/medicina.udd.cl\/kinesiologia-santiago\/admision\/por-que-estudiar-en-la-facultad-de-medicina-cas-udd\/#breadcrumb"},"inLanguage":"es","potentialAction":[{"@type":"ReadAction","target":["https:\/\/medicina.udd.cl\/kinesiologia-santiago\/admision\/por-que-estudiar-en-la-facultad-de-medicina-cas-udd\/"]}]},{"@type":"BreadcrumbList","@id":"https:\/\/medicina.udd.cl\/kinesiologia-santiago\/admision\/por-que-estudiar-en-la-facultad-de-medicina-cas-udd\/#breadcrumb","itemListElement":[{"@type":"ListItem","position":1,"name":"Home","item":"https:\/\/medicina.udd.cl\/kinesiologia-santiago\/"},{"@type":"ListItem","position":2,"name":"Admisi\u00f3n","item":"https:\/\/medicina.udd.cl\/kinesiologia-santiago\/admision\/"},{"@type":"ListItem","position":3,"name":"\u00bfPor qu\u00e9 ser parte de la Facultad de Medicina CAS-UDD?"}]},{"@type":"WebSite","@id":"https:\/\/medicina.udd.cl\/kinesiologia-santiago\/#website","url":"https:\/\/medicina.udd.cl\/kinesiologia-santiago\/","name":"Kinesiolog\u00eda","description":"Facultad de Medicina Cl\u00ednica Alemana Universidad del Desarrollo","inLanguage":"es"}]}},"_links":{"self":[{"href":"https:\/\/medicina.udd.cl\/kinesiologia-santiago\/wp-json\/wp\/v2\/pages\/543","targetHints":{"allow":["GET"]}}],"collection":[{"href":"https:\/\/medicina.udd.cl\/kinesiologia-santiago\/wp-json\/wp\/v2\/pages"}],"about":[{"href":"https:\/\/medicina.udd.cl\/kinesiologia-santiago\/wp-json\/wp\/v2\/types\/page"}],"author":[{"embeddable":true,"href":"https:\/\/medicina.udd.cl\/kinesiologia-santiago\/wp-json\/wp\/v2\/users\/1"}],"replies":[{"embeddable":true,"href":"https:\/\/medicina.udd.cl\/kinesiologia-santiago\/wp-json\/wp\/v2\/comments?post=543"}],"version-history":[{"count":17,"href":"https:\/\/medicina.udd.cl\/kinesiologia-santiago\/wp-json\/wp\/v2\/pages\/543\/revisions"}],"predecessor-version":[{"id":3901,"href":"https:\/\/medicina.udd.cl\/kinesiologia-santiago\/wp-json\/wp\/v2\/pages\/543\/revisions\/3901"}],"up":[{"embeddable":true,"href":"https:\/\/medicina.udd.cl\/kinesiologia-santiago\/wp-json\/wp\/v2\/pages\/4"}],"wp:attachment":[{"href":"https:\/\/medicina.udd.cl\/kinesiologia-santiago\/wp-json\/wp\/v2\/media?parent=543"}],"curies":[{"name":"wp","href":"https:\/\/api.w.org\/{rel}","templated":true}]}}